{"id":5721,"date":"2022-08-08T20:49:43","date_gmt":"2022-08-08T20:49:43","guid":{"rendered":"https:\/\/www.sunkaraoke.hu\/index.php\/termek\/bodi-guszti-es-margo-a-tokalso-meg-a-tokfilko\/"},"modified":"2025-07-20T05:51:22","modified_gmt":"2025-07-20T03:51:22","slug":"bodi-guszti-es-margo-a-tokalso-meg-a-tokfilko","status":"publish","type":"product","link":"https:\/\/www.sunkaraoke.hu\/index.php\/termek\/bodi-guszti-es-margo-a-tokalso-meg-a-tokfilko\/","title":{"rendered":"<div class=\"wcmp-player-container product-5721\"><audio controlslist=\"nodownload\" data-product=\"5721\"  volume=\"1\"  preload=\"none\" data-lazyloading=\"none\" class=\"wcmp-player track mejs-classic\" data-duration=\"0:33\" data-estimated_duration=\"4\"><source src=\"https:\/\/www.sunkaraoke.hu\/wp-content\/uploads\/2022\/08\/A-tokalso-Bodi-G-SB_demo.mp3\" type=\"audio\/mp3\" \/><\/audio><\/div>B\u00f3di Guszti \u00e9s Marg\u00f3 &#8211; A t\u00f6kals\u00f3 meg a t\u00f6kfilk\u00f3 (Original)"},"content":{"rendered":"<p><strong>03:25<\/strong> | <strong><img loading=\"lazy\" decoding=\"async\" class=\"alignnone size-full wp-image-467\" src=\"https:\/\/www.sunkaraoke.hu\/wp-content\/uploads\/2022\/07\/choir_2-copy.webp\" alt=\"\" width=\"30\" height=\"30\" \/> <\/strong><\/p>\n","protected":false},"excerpt":{"rendered":"<h5>Bits\u0171r\u0171s\u00e9g: 320 kb\/s<br \/>\nHossz: 03:25<br \/>\nVok\u00e1lt tartalmaz: Nem <img loading=\"lazy\" decoding=\"async\" class=\"alignnone size-full wp-image-467\" src=\"http:\/\/www.sunkaraoke.hu\/wp-content\/uploads\/2022\/07\/choir_2-copy.png\" alt=\"\" width=\"30\" height=\"30\" \/><strong style=\"font-size: 16px;\"><br \/>\n<\/strong><\/h5>\n<p>Sunkaraoke mp3 st\u00fadi\u00f3 \/ www.sunkaraoke.hu \/ Inf: Tel: 06 20 4275001<\/p>\n<p>&#8212;Intr\u00f3&#8212;<br \/>\nA t\u00f6kals\u00f3, meg a t\u00f6kfilk\u00f3,<br \/>\nveled lenni nagyon, nagyon j\u00f3, j\u00f3, j\u00f3, j\u00f3.<br \/>\nK\u00e1n\u00e1k tusz\u00e1n p\u00e1s\u00e1m\u00e1n, moro jilo los\u00e1l \u00e1nd\u00e1 tu, \u00f3h, \u00f3h, \u00f3h&#8230;<br \/>\nHa velem vagy \u00e9n szeretlek,<br \/>\nadok neked gy\u00e9m\u00e1ntot.<br \/>\nEz is is j\u00f3 meg az is j\u00f3, mind a kett\u0151 cs\u00e1b\u00edt\u00f3,<br \/>\naz egyik nekem val\u00f3.<br \/>\nEz is j\u00f3 meg az is j\u00f3, az egyik nekem val\u00f3,<br \/>\naz egyik nekem val\u00f3.<br \/>\n&#8212;Bet\u00e9t&#8211;<br \/>\n\u00d6lelem mert kell nekem,<br \/>\ncs\u00f3kolom mert szeretem, nagyon, nagyon.<br \/>\nK\u00e1n\u00e1 p\u00e9tu gindin\u00e1v moro jilo sz\u00e1 los\u00e1l v\u00e1stu, \u00f3h,\u00f3h,\u00f3h&#8230;<br \/>\nHa velem vagy \u00e9n szeretlek,<br \/>\nadok neked gy\u00e9m\u00e1ntot.<br \/>\nEz is is j\u00f3 meg az is j\u00f3, mind a kett\u0151 cs\u00e1b\u00edt\u00f3,<br \/>\naz egyik nekem val\u00f3.<br \/>\nEz is j\u00f3 meg az is j\u00f3, az egyik nekem val\u00f3,<br \/>\naz egyik nekem val\u00f3.<br \/>\n&#8212;Sz\u00f3l\u00f3&#8212;<br \/>\nA t\u00f6kals\u00f3, meg a t\u00f6kfilk\u00f3,<br \/>\nvajon melyik nekem val\u00f3, \u00f3h,\u00f3h,\u00f3h,..<br \/>\nA t\u00f6kals\u00f3 meg a t\u00f6kfilk\u00f3,<br \/>\nte vagy a fogamra val\u00f3, \u00f3h,\u00f3h,\u00f3h,..<br \/>\nHa velem vagy \u00e9n szeretlek,<br \/>\nadok neked gy\u00e9m\u00e1ntot<br \/>\nEz is is j\u00f3 meg az is j\u00f3, mind a kett\u0151 cs\u00e1b\u00edt\u00f3,<br \/>\naz egyik nekem val\u00f3.<br \/>\nEz is j\u00f3 meg az is j\u00f3, az egyik nekem val\u00f3,<br \/>\naz egyik nekem val\u00f3.<br \/>\nV\u00e9gre r\u00e1tal\u00e1ltam v\u00e9gre megtal\u00e1ltam,<br \/>\nv\u00e9gre velem leszel h\u00e9ly&#8230;<br \/>\nV\u00e9gre megtal\u00e1ltam, v\u00e9gre r\u00e1tal\u00e1ltam,<br \/>\nv\u00e9gre eny\u00e9m leszel s\u00e9ly&#8230;<br \/>\nV\u00e9gre r\u00e1tal\u00e1ltam v\u00e9gre megtal\u00e1ltam,<br \/>\nv\u00e9gre velem leszel h\u00e9ly&#8230;<br \/>\nV\u00e9gre megtal\u00e1ltam, v\u00e9gre r\u00e1tal\u00e1ltam,<br \/>\nv\u00e9gre eny\u00e9m leszel s\u00e9ly&#8230;<br \/>\n&#8212;V\u00e9ge&#8212;<\/p>\n","protected":false},"featured_media":8719,"template":"","meta":{"site-sidebar-layout":"default","site-content-layout":"default","ast-site-content-layout":"default","site-content-style":"default","site-sidebar-style":"default","ast-global-header-display":"","ast-banner-title-visibility":"","ast-main-header-display":"","ast-hfb-above-header-display":"","ast-hfb-below-header-display":"","ast-hfb-mobile-header-display":"","site-post-title":"","ast-breadcrumbs-content":"","ast-featured-img":"","footer-sml-layout":"","theme-transparent-header-meta":"default","adv-header-id-meta":"","stick-header-meta":"","header-above-stick-meta":"","header-main-stick-meta":"","header-below-stick-meta":"","astra-migrate-meta-layouts":"set","ast-page-background-enabled":"default","ast-page-background-meta":{"desktop":{"background-color":"var(--ast-global-color-4)","background-image":"","background-repeat":"repeat","background-position":"center center","background-size":"auto","background-attachment":"scroll","background-type":"","background-media":"","overlay-type":"","overlay-color":"","overlay-opacity":"","overlay-gradient":""},"tablet":{"background-color":"","background-image":"","background-repeat":"repeat","background-position":"center center","background-size":"auto","background-attachment":"scroll","background-type":"","background-media":"","overlay-type":"","overlay-color":"","overlay-opacity":"","overlay-gradient":""},"mobile":{"background-color":"","background-image":"","background-repeat":"repeat","background-position":"center center","background-size":"auto","background-attachment":"scroll","background-type":"","background-media":"","overlay-type":"","overlay-color":"","overlay-opacity":"","overlay-gradient":""}},"ast-content-background-meta":{"desktop":{"background-color":"var(--ast-global-color-5)","background-image":"","background-repeat":"repeat","background-position":"center center","background-size":"auto","background-attachment":"scroll","background-type":"","background-media":"","overlay-type":"","overlay-color":"","overlay-opacity":"","overlay-gradient":""},"tablet":{"background-color":"var(--ast-global-color-5)","background-image":"","background-repeat":"repeat","background-position":"center center","background-size":"auto","background-attachment":"scroll","background-type":"","background-media":"","overlay-type":"","overlay-color":"","overlay-opacity":"","overlay-gradient":""},"mobile":{"background-color":"var(--ast-global-color-5)","background-image":"","background-repeat":"repeat","background-position":"center center","background-size":"auto","background-attachment":"scroll","background-type":"","background-media":"","overlay-type":"","overlay-color":"","overlay-opacity":"","overlay-gradient":""}}},"product_cat":[48],"product_tag":[],"class_list":["post-5721","product","type-product","status-publish","has-post-thumbnail","hentry","product_cat-sunkaraoke-dalok","desktop-align-left","tablet-align-left","mobile-align-left"],"_links":{"self":[{"href":"https:\/\/www.sunkaraoke.hu\/index.php\/wp-json\/wp\/v2\/product\/5721","targetHints":{"allow":["GET"]}}],"collection":[{"href":"https:\/\/www.sunkaraoke.hu\/index.php\/wp-json\/wp\/v2\/product"}],"about":[{"href":"https:\/\/www.sunkaraoke.hu\/index.php\/wp-json\/wp\/v2\/types\/product"}],"wp:featuredmedia":[{"embeddable":true,"href":"https:\/\/www.sunkaraoke.hu\/index.php\/wp-json\/wp\/v2\/media\/8719"}],"wp:attachment":[{"href":"https:\/\/www.sunkaraoke.hu\/index.php\/wp-json\/wp\/v2\/media?parent=5721"}],"wp:term":[{"taxonomy":"product_cat","embeddable":true,"href":"https:\/\/www.sunkaraoke.hu\/index.php\/wp-json\/wp\/v2\/product_cat?post=5721"},{"taxonomy":"product_tag","embeddable":true,"href":"https:\/\/www.sunkaraoke.hu\/index.php\/wp-json\/wp\/v2\/product_tag?post=5721"}],"curies":[{"name":"wp","href":"https:\/\/api.w.org\/{rel}","templated":true}]}}