{"id":5716,"date":"2022-08-08T20:49:42","date_gmt":"2022-08-08T20:49:42","guid":{"rendered":"https:\/\/www.sunkaraoke.hu\/index.php\/termek\/piros-bela-piros-bela-mulatos-mix-23-baka-mix-01\/"},"modified":"2025-12-01T14:47:04","modified_gmt":"2025-12-01T12:47:04","slug":"piros-bela-piros-bela-mulatos-mix-23-baka-mix-01","status":"publish","type":"product","link":"https:\/\/www.sunkaraoke.hu\/index.php\/termek\/piros-bela-piros-bela-mulatos-mix-23-baka-mix-01\/","title":{"rendered":"<div class=\"wcmp-player-container product-5716\"><audio controlslist=\"nodownload\" data-product=\"5716\"  volume=\"1\"  preload=\"none\" data-lazyloading=\"none\" class=\"wcmp-player track mejs-classic\" data-duration=\"0:32\" data-estimated_duration=\"4\"><source src=\"https:\/\/www.sunkaraoke.hu\/wp-content\/uploads\/2022\/08\/Piros-Bela-Mulatos-mix-25.-Baka-mix-02.-demooo.mp3\" type=\"audio\/mp3\" \/><\/audio><\/div>Piros B\u00e9la &#8211; Piros B\u00e9la mulat\u00f3s mix 23. (Baka mix 01.Original)"},"content":{"rendered":"<p><strong>14:38<\/strong> | <strong><img loading=\"lazy\" decoding=\"async\" class=\"alignnone size-full wp-image-467\" src=\"https:\/\/www.sunkaraoke.hu\/wp-content\/uploads\/2022\/07\/choir_2-copy.webp\" alt=\"\" width=\"30\" height=\"30\" \/> <\/strong><\/p>\n","protected":false},"excerpt":{"rendered":"<h6><strong>Bits\u0171r\u0171s\u00e9g: 320<\/strong>kb\/s<strong><br \/>\n<\/strong><strong>Hossz: <\/strong>14:308<strong><br \/>\n<\/strong><strong style=\"font-size: 16px;\">Vok\u00e1lt tartalmaz: <\/strong>Nem <img loading=\"lazy\" decoding=\"async\" class=\"alignnone size-full wp-image-467\" src=\"http:\/\/www.sunkaraoke.hu\/wp-content\/uploads\/2022\/07\/choir_2-copy.png\" alt=\"\" width=\"30\" height=\"30\" \/><strong style=\"font-size: 16px;\"><br \/>\n<\/strong><\/h6>\n<p>Sunkaraoke mp3 st\u00fadi\u00f3 \/ www.sunkaraoke.hu \/ Inf: Tel: 06 20 4275001<\/p>\n<p>&#8212;Intr\u00f3&#8212;\/\/00:51\/\/<br \/>\nAz Ardai h\u00faszas laktany\u00e1ban,<br \/>\nj\u00f3 sora van minden egyes bak\u00e1nak,<br \/>\nmeg\u00edrom \u00e9n, az \u00e9desany\u00e1mnak,<br \/>\ncsomagot ne k\u00fcldj\u00f6n az \u0151 fi\u00e1nak.<br \/>\nVan ott el\u00e9g, lencse, bors\u00f3, k\u00f6m\u00e9nymag,<br \/>\nkimen\u0151t is kapunk minden vas\u00e1rnap.<br \/>\nA v\u00e1rosban kedves \u00e9desany\u00e1m,<br \/>\nlegszebb szeret\u0151je van a fi\u00e1nak.<br \/>\nVan ott el\u00e9g, lencse, bors\u00f3, k\u00f6m\u00e9nymag,<br \/>\nkimen\u0151t is kapunk minden vas\u00e1rnap.<br \/>\nA v\u00e1rosban kedves \u00e9desany\u00e1m,<br \/>\nlegszebb szeret\u0151je van a fi\u00e1nak.<br \/>\n&#8212;Sz\u00f3l\u00f3&#8212;\/\/02:25\/\/<br \/>\nAz Ardai h\u00faszas laktany\u00e1ban,<br \/>\nj\u00f3 sora van minden egyes bak\u00e1nak,<br \/>\nmeg\u00edrom \u00e9n az \u00e9desany\u00e1mnak,<br \/>\ncsomagot ne k\u00fcldj\u00f6n az \u0151 fi\u00e1nak.<br \/>\nVan ott el\u00e9g, lencse bors\u00f3, k\u00f6m\u00e9nymag,<br \/>\nkimen\u0151t is kapunk minden vas\u00e1rnap.<br \/>\nA v\u00e1rosban kedves \u00e9desany\u00e1m,<br \/>\nlegszebb szeret\u0151je van a fi\u00e1nak.<br \/>\nVan ott el\u00e9g, lencse, bors\u00f3, k\u00f6m\u00e9nymag,<br \/>\nkimen\u0151t is kapunk minden vas\u00e1rnap.<br \/>\nA v\u00e1rosban kedves \u00e9desany\u00e1m,<br \/>\nlegszebb szeret\u0151je van a fi\u00e1nak.<br \/>\n&#8212;Sz\u00f3l\u00f3&#8212;\/\/03:51\/\/<br \/>\nMajd ha egyszer v\u00e9ge lesz a sok-sok szenved\u00e9snek,<br \/>\nn\u00e9zz\u00e9tek el a bak\u00e1t\u00f3l, ha egy kicsit r\u00e9szeg!<br \/>\nMert megszabadul a hal\u00e1lt\u00f3l, sej, hazavisz az \u00fatja,<br \/>\nkifel\u00e9 \u00e1ll a csat\u00e1b\u00f3l, a szekere r\u00fadja!<br \/>\nMert megszabadul a hal\u00e1lt\u00f3l, sej, hazavisz az \u00fatja,<br \/>\nkifel\u00e9 \u00e1ll a csat\u00e1b\u00f3l, a szekere r\u00fadja!<br \/>\nOdahaza sz\u00e1z \u00f6lel\u0151, sz\u00e1z \u00e9des cs\u00f3k v\u00e1rja.<br \/>\nS nem a hideg l\u00f6v\u00e9sz\u00e1rok, lesz majd a p\u00e1rn\u00e1ja!<br \/>\nNem f\u00fcty\u00fcl a f\u00fcle mellett, sej, csak az esti szell\u0151!<br \/>\nAzt f\u00fcty\u00fcli, a csat\u00e1ban \u0151 volt a legels\u0151!<br \/>\nNem f\u00fcty\u00fcl a f\u00fcle mellett, sej, csak az esti szell\u0151!<br \/>\nAzt f\u00fcty\u00fcli, a csat\u00e1ban \u0151 volt a legels\u0151.<br \/>\n&#8212;Sz\u00f3l\u00f3&#8212;\/\/05:39\/\/<br \/>\nF\u00fcty\u00fcl a masina, lassan ki az \u00e1llom\u00e1sr\u00f3l.<br \/>\nDe sok \u00e9desanya, s\u00edrva, s\u00edrva n\u00e9z ut\u00e1na.<br \/>\nNe s\u00edrj \u00e9desany\u00e1m, visszaj\u00f6v\u00f6k nemsok\u00e1ra,<br \/>\nhogyha meg nem halok, valahol a nagyvil\u00e1gba.<br \/>\nNe s\u00edrj \u00e9desany\u00e1m, visszaj\u00f6v\u00f6k nemsok\u00e1ra,<br \/>\nhogyha meg nem halok, valahol a nagyvil\u00e1gba.<\/p>\n<p>Fiatal koromban besoroztak katon\u00e1nak,<br \/>\nMegl\u00e1sd kisangyalom el is visznek nemsok\u00e1ra.<br \/>\nTe vagy tizenkilenc, \u00e9n meg a huszadikat j\u00e1rom,<br \/>\nMagyar gyerek vagyok, elb\u00edrom a h\u00e1tizs\u00e1kot.<br \/>\nTe vagy tizenkilenc, \u00e9n meg a huszadikat j\u00e1rom,<br \/>\nMagyar gyerek vagyok, elb\u00edrom a h\u00e1tizs\u00e1kot.<br \/>\n&#8212;Sz\u00f3l\u00f3&#8212;\/\/07:18\/\/<br \/>\nNyitva van a Sz\u00e1zados \u00dar ablaka,<br \/>\nbarna kisl\u00e1ny s\u00edrva s\u00e9t\u00e1l alatta.<br \/>\n\u00c1llj meg kisl\u00e1ny, \u00c9rted dobog a sz\u00edvem!<br \/>\nNem tagadom, hogy igaz\u00e1n szeretlek!<br \/>\n\u00c1llj meg kisl\u00e1ny, \u00c9rted dobog a sz\u00edvem!<br \/>\nNem tagadom, hogy igaz\u00e1n szeretlek!<\/p>\n<p>Nem \u00e1llok meg a Sz\u00e1zados \u00dar szav\u00e1ra,<br \/>\nnem vagyok a Sz\u00e1zados \u00dar bab\u00e1ja!<br \/>\nVan m\u00e1r n\u00e9kem a sz\u00e1zadj\u00e1ba\u2019 k\u00f6zleg\u00e9ny,<br \/>\nkit nem adn\u00e9k a Sz\u00e1zados \u00dar mag\u00e1\u00e9rt.<br \/>\nVan m\u00e1r n\u00e9kem a sz\u00e1zadj\u00e1ba\u2019 k\u00f6zleg\u00e9ny,<br \/>\nkit nem adn\u00e9k a Sz\u00e1zados \u00dar mag\u00e1\u00e9rt!<\/p>\n<p>Ha a k\u00f6zleg\u00e9ny elesik a csat\u00e1ba,<br \/>\nki borul a barna kisl\u00e1ny v\u00e1ll\u00e1ra?<br \/>\nHa elesik sz\u00e1lljon \u00e1ld\u00e1s por\u00e1ra,<br \/>\nde \u00fagysem leszek a Sz\u00e1zados \u00dar bab\u00e1ja!<br \/>\nHa elesik sz\u00e1lljon \u00e1ld\u00e1s por\u00e1ra,<br \/>\nde \u00fagysem leszek a Sz\u00e1zados \u00dar bab\u00e1ja!<br \/>\n&#8212;Sz\u00f3l\u00f3&#8212;\/\/09:27\/\/<br \/>\nA karcagi vigad\u00f3ban, sz\u00e9pen sz\u00f3l a magyar n\u00f3ta,<br \/>\nviszi a sz\u00e9l, f\u00fajja a sz\u00e9l, le az orosz frontra.<br \/>\nMagyar baka sz\u00edv\u00e9hez kap, goly\u00f3 sz\u00e1ll bel\u00e9je,<br \/>\n\u00e9s a lelk\u00e9t magyar n\u00f3ta viszi fel a magas \u00e9gbe.<br \/>\nMagyar baka sz\u00edv\u00e9hez kap, goly\u00f3 sz\u00e1ll bel\u00e9je,<br \/>\n\u00e9s a lelk\u00e9t magyar n\u00f3ta viszi fel a magas \u00e9gbe.<\/p>\n<p>\u0150rmester \u00far, \u0151rmester \u00far, csak az a k\u00e9r\u00e9sem,<br \/>\nh\u00e9tk\u00f6znapi szabads\u00e1gom adja ki a h\u00e9tre.<br \/>\nLevelem j\u00f6tt any\u00e1m \u00edrta, az van bele \u00edrva,<br \/>\nmeg sem l\u00e1tlak, \u00e9des fiam, letesznek a hideg s\u00edrba.<br \/>\nLevelem j\u00f6tt any\u00e1m \u00edrta, az van bele \u00edrva,<br \/>\nmeg sem l\u00e1tlak, \u00e9des fiam, letesznek a hideg s\u00edrba.<br \/>\n&#8212;Sz\u00f3l\u00f3&#8212;\/\/11:02\/\/<br \/>\nAz \u0151rmester szeme k\u00f6nnyes, arc\u00e1n \u00fcl a b\u00e1nat,<br \/>\nh\u00e1rom hete temett\u00e9k el az \u00e9desany\u00e1mat!<br \/>\nNem voltam a temet\u00e9s\u00e9n, k\u00f6nnyem nem hullt r\u00e1ja,<br \/>\nsz\u00fcks\u00e9ge van a haz\u00e1nak, minden j\u00f3 anya fi\u00e1ra.<br \/>\nNem voltam a temet\u00e9s\u00e9n, k\u00f6nnyem nem hullt r\u00e1ja,<br \/>\nsz\u00fcks\u00e9ge van a haz\u00e1nak, minden j\u00f3 anya fi\u00e1ra.<\/p>\n<p>Horthy Mikl\u00f3s bev\u00e1gtatott erd\u00e9lyorsz\u00e1g k\u00f6zep\u00e9be,<br \/>\nazt adta ki parancs\u00e1ba sz\u00e9kelyek el\u0151re.<br \/>\nErd\u00e9lyorsz\u00e1g t\u00f6bbi r\u00e9sz\u00e9t, mind vissza kell venni,<br \/>\nSzent Istv\u00e1nnak hat\u00e1r\u00e1ra, piros feh\u00e9r z\u00f6ldet tenni.<br \/>\nErd\u00e9lyorsz\u00e1g t\u00f6bbi r\u00e9sz\u00e9t, mind vissza kell venni,<br \/>\nSzent Istv\u00e1nnak hat\u00e1r\u00e1ra, piros feh\u00e9r z\u00f6ldet tenni.<br \/>\n&#8212;Sz\u00f3l\u00f3&#8212;\/\/12:12\/\/<br \/>\n\u00c1lmos vagyok, az \u00e9jjel nem aludtam,<br \/>\nkivil\u00e1gos virradatig mulattam.<br \/>\nJ\u00f3 bor mellett, sz\u0151ke kisl\u00e1ny \u00f6l\u00e9ben,<br \/>\nnem j\u00f6n \u00e1lom a mulat\u00f3 k\u00e9t szememre.<br \/>\nJ\u00f3 bor mellett, sz\u0151ke kisl\u00e1ny \u00f6l\u00e9ben,<br \/>\nnem j\u00f6n \u00e1lom a mulat\u00f3 k\u00e9t szememre.<\/p>\n<p>H\u00fazzad, cig\u00e1ny, szakadjon el a h\u00farod!<br \/>\nM\u00e1r \u00e9nn\u00e9kem \u00fagysem sok\u00e1ig h\u00fazod,<br \/>\nMajd elh\u00fazza Ferencz J\u00f3ska rezesband\u00e1ja,<br \/>\nsiralmas lesz annak a hallgat\u00e1sa.<br \/>\nMajd elh\u00fazza Ferencz J\u00f3ska rezesband\u00e1ja,<br \/>\nsiralmas lesz annak a hallgat\u00e1sa.<br \/>\n&#8212;V\u00e9ge&#8212;<\/p>\n","protected":false},"featured_media":12989,"template":"","meta":{"site-sidebar-layout":"default","site-content-layout":"default","ast-site-content-layout":"default","site-content-style":"default","site-sidebar-style":"default","ast-global-header-display":"","ast-banner-title-visibility":"","ast-main-header-display":"","ast-hfb-above-header-display":"","ast-hfb-below-header-display":"","ast-hfb-mobile-header-display":"","site-post-title":"","ast-breadcrumbs-content":"","ast-featured-img":"","footer-sml-layout":"","theme-transparent-header-meta":"default","adv-header-id-meta":"","stick-header-meta":"","header-above-stick-meta":"","header-main-stick-meta":"","header-below-stick-meta":"","astra-migrate-meta-layouts":"set","ast-page-background-enabled":"default","ast-page-background-meta":{"desktop":{"background-color":"var(--ast-global-color-4)","background-image":"","background-repeat":"repeat","background-position":"center center","background-size":"auto","background-attachment":"scroll","background-type":"","background-media":"","overlay-type":"","overlay-color":"","overlay-opacity":"","overlay-gradient":""},"tablet":{"background-color":"","background-image":"","background-repeat":"repeat","background-position":"center center","background-size":"auto","background-attachment":"scroll","background-type":"","background-media":"","overlay-type":"","overlay-color":"","overlay-opacity":"","overlay-gradient":""},"mobile":{"background-color":"","background-image":"","background-repeat":"repeat","background-position":"center center","background-size":"auto","background-attachment":"scroll","background-type":"","background-media":"","overlay-type":"","overlay-color":"","overlay-opacity":"","overlay-gradient":""}},"ast-content-background-meta":{"desktop":{"background-color":"var(--ast-global-color-5)","background-image":"","background-repeat":"repeat","background-position":"center center","background-size":"auto","background-attachment":"scroll","background-type":"","background-media":"","overlay-type":"","overlay-color":"","overlay-opacity":"","overlay-gradient":""},"tablet":{"background-color":"var(--ast-global-color-5)","background-image":"","background-repeat":"repeat","background-position":"center center","background-size":"auto","background-attachment":"scroll","background-type":"","background-media":"","overlay-type":"","overlay-color":"","overlay-opacity":"","overlay-gradient":""},"mobile":{"background-color":"var(--ast-global-color-5)","background-image":"","background-repeat":"repeat","background-position":"center center","background-size":"auto","background-attachment":"scroll","background-type":"","background-media":"","overlay-type":"","overlay-color":"","overlay-opacity":"","overlay-gradient":""}}},"product_cat":[48],"product_tag":[],"class_list":["post-5716","product","type-product","status-publish","has-post-thumbnail","hentry","product_cat-sunkaraoke-dalok","desktop-align-left","tablet-align-left","mobile-align-left"],"_links":{"self":[{"href":"https:\/\/www.sunkaraoke.hu\/index.php\/wp-json\/wp\/v2\/product\/5716","targetHints":{"allow":["GET"]}}],"collection":[{"href":"https:\/\/www.sunkaraoke.hu\/index.php\/wp-json\/wp\/v2\/product"}],"about":[{"href":"https:\/\/www.sunkaraoke.hu\/index.php\/wp-json\/wp\/v2\/types\/product"}],"wp:featuredmedia":[{"embeddable":true,"href":"https:\/\/www.sunkaraoke.hu\/index.php\/wp-json\/wp\/v2\/media\/12989"}],"wp:attachment":[{"href":"https:\/\/www.sunkaraoke.hu\/index.php\/wp-json\/wp\/v2\/media?parent=5716"}],"wp:term":[{"taxonomy":"product_cat","embeddable":true,"href":"https:\/\/www.sunkaraoke.hu\/index.php\/wp-json\/wp\/v2\/product_cat?post=5716"},{"taxonomy":"product_tag","embeddable":true,"href":"https:\/\/www.sunkaraoke.hu\/index.php\/wp-json\/wp\/v2\/product_tag?post=5716"}],"curies":[{"name":"wp","href":"https:\/\/api.w.org\/{rel}","templated":true}]}}