{"id":5709,"date":"2022-08-08T20:49:42","date_gmt":"2022-08-08T20:49:42","guid":{"rendered":"https:\/\/www.sunkaraoke.hu\/index.php\/termek\/jolly-tedd-a-szivedre-a-kezed\/"},"modified":"2026-03-05T08:58:56","modified_gmt":"2026-03-05T06:58:56","slug":"jolly-tedd-a-szivedre-a-kezed","status":"publish","type":"product","link":"https:\/\/www.sunkaraoke.hu\/index.php\/termek\/jolly-tedd-a-szivedre-a-kezed\/","title":{"rendered":"<div class=\"wcmp-player-container product-5709\"><audio controlslist=\"nodownload\" data-product=\"5709\"  volume=\"1\"  preload=\"none\" data-lazyloading=\"none\" class=\"wcmp-player track mejs-classic\" data-duration=\"0:31\" data-estimated_duration=\"4\"><source src=\"https:\/\/www.sunkaraoke.hu\/wp-content\/uploads\/2022\/08\/Tedd-a-szivedre-a-kezed-Jolly-_demo.mp3\" type=\"audio\/mp3\" \/><\/audio><\/div>Jolly &#8211; Tedd a sz\u00edvedre a kezed (Original Zoly Edition)"},"content":{"rendered":"<p><strong>04:21<\/strong> | <strong><img loading=\"lazy\" decoding=\"async\" class=\"alignnone size-full wp-image-467\" src=\"https:\/\/www.sunkaraoke.hu\/wp-content\/uploads\/2022\/07\/choir_2-copy.webp\" alt=\"\" width=\"30\" height=\"30\" \/> <\/strong><\/p>\n","protected":false},"excerpt":{"rendered":"<h5><strong>Bits\u0171r\u0171s\u00e9g: 196kb\/s<\/strong><br \/>\n<strong>Hossz: 04:21<\/strong><br \/>\n<strong>Vok\u00e1lt tartalmaz: Nem <img loading=\"lazy\" decoding=\"async\" class=\"alignnone size-full wp-image-467\" src=\"http:\/\/www.sunkaraoke.hu\/wp-content\/uploads\/2022\/07\/choir_2-copy.png\" alt=\"\" width=\"30\" height=\"30\" \/><\/strong><strong style=\"font-size: 16px;\"><br \/>\n<\/strong><\/h5>\n<p>Sunkaraoke mp3 st\u00fadi\u00f3 \/ www.sunkaraoke.hu \/ Inf: Tel: 06 20 4275001<\/p>\n<p>Tedd a sz\u00edvedre a kezed,<br \/>\nneked nem f\u00e1j ami nekem f\u00e1j nagyon.<br \/>\nTe sohasem szerett\u00e9l,<br \/>\nmindig csak \u00fagy bec\u00e9zt\u00e9l.<br \/>\n&#8212;Sz\u00f3l\u00f3&#8212;<br \/>\nAz utc\u00e1n r\u00fagok egy k\u00f6vet,<br \/>\na v\u00e1ros csendes \u00e1lma megvad\u00edt,<br \/>\negy taxis r\u00e1m vil\u00e1g\u00edt, r\u00e1m legyint,<br \/>\ncsak l\u0151d\u00f6rg\u00f6k mag\u00e1nyosan.<br \/>\nMagamnak r\u00fagom a k\u00f6vet,<br \/>\nballal a jobb l\u00e1bamnak passzolom,<br \/>\negy es\u0151csepp lepereg az arcomon,<br \/>\nnincs teher t\u00f6bb\u00e9 v\u00e1llaimon.<br \/>\nTedd a sz\u00edvedre a kezed,<br \/>\nneked nem f\u00e1j ami nekem f\u00e1j nagyon.<br \/>\nTe sohasem szerett\u00e9l,<br \/>\nmindig csak \u00fagy bec\u00e9zt\u00e9l.<br \/>\nTedd a sz\u00edvedre a kezed,<br \/>\nneked nem f\u00e1j ami nekem f\u00e1j nagyon.<br \/>\nTe sohasem szerett\u00e9l,<br \/>\nmindig csak \u00fagy bec\u00e9zt\u00e9l.<br \/>\n&#8212;Sz\u00f3l\u00f3&#8212;<br \/>\nF\u00fclemben hallom hangodat,<br \/>\negy bisztr\u00f3 nyitva \u00e1ll, \u00e9s h\u00edvogat,<br \/>\nforr\u00f3 k\u00e1v\u00e9b\u00f3l h\u00f6rpintve a kortyokat,<br \/>\nm\u00e9g most sem \u00e9rtem titkaidat.<br \/>\nAz\u00e9rt is megr\u00e1zom magam,<br \/>\na hajnal cinkos velem, r\u00e1m kacsint,<br \/>\n\u00f3h,\u00f3h a bor\u00fas \u00e9gnek b\u00facs\u00fat int,<br \/>\n\u00fajra eny\u00e9m az eg\u00e9sz vil\u00e1g.<br \/>\nTedd a sz\u00edvedre a kezed,<br \/>\nneked nem f\u00e1j ami nekem f\u00e1j nagyon.<br \/>\nTe sohasem szerett\u00e9l,<br \/>\nmindig csak \u00fagy bec\u00e9zt\u00e9l.<br \/>\nTedd a sz\u00edvedre a kezed,<br \/>\nneked nem f\u00e1j ami nekem f\u00e1j nagyon.<br \/>\nTe sohasem szerett\u00e9l,<br \/>\nmindig csak \u00fagy bec\u00e9zt\u00e9l.<br \/>\n&#8212;Sz\u00f3l\u00f3&#8212;<br \/>\nTedd a sz\u00edvedre a kezed,<br \/>\nneked nem f\u00e1j ami nekem f\u00e1j nagyon.<br \/>\nTe sohasem szerett\u00e9l,<br \/>\nmindig csak \u00fagy bec\u00e9zt\u00e9l.<br \/>\nTedd a sz\u00edvedre a kezed,<br \/>\nneked nem f\u00e1j ami nekem f\u00e1j nagyon.<br \/>\nTe sohasem szerett\u00e9l,<br \/>\nmindig csak \u00fagy bec\u00e9zt\u00e9l.<br \/>\nTedd a sz\u00edvedre a kezed,<br \/>\nneked nem f\u00e1j ami nekem f\u00e1j nagyon.<br \/>\nTe sohasem szerett\u00e9l,<br \/>\nmindig csak \u00fagy bec\u00e9zt\u00e9l.<br \/>\nTedd a sz\u00edvedre a kezed,<br \/>\n&#8212;V\u00e9ge&#8212;<\/p>\n","protected":false},"featured_media":6147,"template":"","meta":{"site-sidebar-layout":"default","site-content-layout":"default","ast-site-content-layout":"default","site-content-style":"default","site-sidebar-style":"default","ast-global-header-display":"","ast-banner-title-visibility":"","ast-main-header-display":"","ast-hfb-above-header-display":"","ast-hfb-below-header-display":"","ast-hfb-mobile-header-display":"","site-post-title":"","ast-breadcrumbs-content":"","ast-featured-img":"","footer-sml-layout":"","theme-transparent-header-meta":"default","adv-header-id-meta":"","stick-header-meta":"","header-above-stick-meta":"","header-main-stick-meta":"","header-below-stick-meta":"","astra-migrate-meta-layouts":"set","ast-page-background-enabled":"default","ast-page-background-meta":{"desktop":{"background-color":"var(--ast-global-color-4)","background-image":"","background-repeat":"repeat","background-position":"center center","background-size":"auto","background-attachment":"scroll","background-type":"","background-media":"","overlay-type":"","overlay-color":"","overlay-opacity":"","overlay-gradient":""},"tablet":{"background-color":"","background-image":"","background-repeat":"repeat","background-position":"center center","background-size":"auto","background-attachment":"scroll","background-type":"","background-media":"","overlay-type":"","overlay-color":"","overlay-opacity":"","overlay-gradient":""},"mobile":{"background-color":"","background-image":"","background-repeat":"repeat","background-position":"center center","background-size":"auto","background-attachment":"scroll","background-type":"","background-media":"","overlay-type":"","overlay-color":"","overlay-opacity":"","overlay-gradient":""}},"ast-content-background-meta":{"desktop":{"background-color":"var(--ast-global-color-5)","background-image":"","background-repeat":"repeat","background-position":"center center","background-size":"auto","background-attachment":"scroll","background-type":"","background-media":"","overlay-type":"","overlay-color":"","overlay-opacity":"","overlay-gradient":""},"tablet":{"background-color":"var(--ast-global-color-5)","background-image":"","background-repeat":"repeat","background-position":"center center","background-size":"auto","background-attachment":"scroll","background-type":"","background-media":"","overlay-type":"","overlay-color":"","overlay-opacity":"","overlay-gradient":""},"mobile":{"background-color":"var(--ast-global-color-5)","background-image":"","background-repeat":"repeat","background-position":"center center","background-size":"auto","background-attachment":"scroll","background-type":"","background-media":"","overlay-type":"","overlay-color":"","overlay-opacity":"","overlay-gradient":""}}},"product_cat":[58],"product_tag":[],"class_list":["post-5709","product","type-product","status-publish","has-post-thumbnail","hentry","product_cat-erdelyi-zoltan","desktop-align-left","tablet-align-left","mobile-align-left"],"_links":{"self":[{"href":"https:\/\/www.sunkaraoke.hu\/index.php\/wp-json\/wp\/v2\/product\/5709","targetHints":{"allow":["GET"]}}],"collection":[{"href":"https:\/\/www.sunkaraoke.hu\/index.php\/wp-json\/wp\/v2\/product"}],"about":[{"href":"https:\/\/www.sunkaraoke.hu\/index.php\/wp-json\/wp\/v2\/types\/product"}],"wp:featuredmedia":[{"embeddable":true,"href":"https:\/\/www.sunkaraoke.hu\/index.php\/wp-json\/wp\/v2\/media\/6147"}],"wp:attachment":[{"href":"https:\/\/www.sunkaraoke.hu\/index.php\/wp-json\/wp\/v2\/media?parent=5709"}],"wp:term":[{"taxonomy":"product_cat","embeddable":true,"href":"https:\/\/www.sunkaraoke.hu\/index.php\/wp-json\/wp\/v2\/product_cat?post=5709"},{"taxonomy":"product_tag","embeddable":true,"href":"https:\/\/www.sunkaraoke.hu\/index.php\/wp-json\/wp\/v2\/product_tag?post=5709"}],"curies":[{"name":"wp","href":"https:\/\/api.w.org\/{rel}","templated":true}]}}