{"id":5699,"date":"2022-08-08T20:49:41","date_gmt":"2022-08-08T20:49:41","guid":{"rendered":"https:\/\/www.sunkaraoke.hu\/index.php\/termek\/crazy-a-hegyekbe-fonn-2019\/"},"modified":"2025-08-03T07:44:54","modified_gmt":"2025-08-03T05:44:54","slug":"crazy-a-hegyekbe-fonn-2019","status":"publish","type":"product","link":"https:\/\/www.sunkaraoke.hu\/index.php\/termek\/crazy-a-hegyekbe-fonn-2019\/","title":{"rendered":"<div class=\"wcmp-player-container product-5699\"><audio controlslist=\"nodownload\" data-product=\"5699\"  volume=\"1\"  preload=\"none\" data-lazyloading=\"none\" class=\"wcmp-player track mejs-classic\" data-duration=\"0:34\" data-estimated_duration=\"4\"><source src=\"https:\/\/www.sunkaraoke.hu\/wp-content\/uploads\/2022\/08\/A-hegyekbe-fonn-Crazy-2019.-kdemooo.mp3\" type=\"audio\/mp3\" \/><\/audio><\/div>Crazy &#8211; A hegyekbe f\u00f6nn (Original)"},"content":{"rendered":"<p><strong>04:06<\/strong> | <strong><img loading=\"lazy\" decoding=\"async\" class=\"alignnone size-full wp-image-467\" src=\"https:\/\/www.sunkaraoke.hu\/wp-content\/uploads\/2022\/07\/choir_2-copy.webp\" alt=\"\" width=\"30\" height=\"30\" \/> <\/strong><\/p>\n","protected":false},"excerpt":{"rendered":"<h6><strong>Bits\u0171r\u0171s\u00e9g: 320<\/strong>kb\/s<strong><br \/>\n<\/strong><strong>Hossz: <\/strong>04:06<strong><br \/>\n<\/strong><strong style=\"font-size: 16px;\">Vok\u00e1lt tartalmaz: <\/strong>Nem <img loading=\"lazy\" decoding=\"async\" class=\"alignnone size-full wp-image-467\" src=\"http:\/\/www.sunkaraoke.hu\/wp-content\/uploads\/2022\/07\/choir_2-copy.png\" alt=\"\" width=\"30\" height=\"30\" \/><strong style=\"font-size: 16px;\"><br \/>\n<\/strong><\/h6>\n<p>Sunkaraoke mp3 st\u00fadi\u00f3 \/ www.sunkaraoke.hu \/ Inf: Tel: 06 20 4275001<\/p>\n<p>&#8212;Intr\u00f3&#8212;<br \/>\nA h\u00e9tv\u00e9g\u00e9n majd felmegy\u00fcnk a hegyekbe,<br \/>\nmert \u00e9rzem mindenf\u00e9le gond van most a fejembe.<br \/>\nAkkor ejt\u0151z\u00fcnk a kertben minden d\u00e9lel\u0151tt,<br \/>\naz a j\u00f3, ami j\u00f3, nem is kell m\u00e1r enn\u00e9l t\u00f6bb.<br \/>\n&#8212;Sz\u00f3l\u00f3&#8212;<br \/>\nRapp:K\u00e9sz k\u00e9sz h\u00e1t itt van az eg\u00e9sz,<br \/>\naz iroda m\u00e1r tele van a munka nincs k\u00e9sz,<br \/>\nhova tegyem magamat h\u00e1t eldobom az agyamat,<br \/>\nhogy legyek k\u00e9sz ha a f\u0151n\u00f6k\u00f6m nyaggat.<br \/>\nKiborul a bili mert az agyamban a dili,<br \/>\naz infarktusom kezd ki\u00fajulni.<br \/>\nTudom \u00e9n tudom \u00e9n a megold\u00e1st,<br \/>\nk\u00e9ne nekem egy kis kikapcsol\u00f3d\u00e1s.<br \/>\nEgy k\u00e9t napra elmenn\u00e9k, \u00e9s j\u00f3 p\u00e1r dolgot kipr\u00f3b\u00e1ln\u00e9k,<br \/>\nminden gondom elhagyn\u00e1m csak is,ezzel foglalkozn\u00e9k m\u00e1r.<br \/>\n\u00d6sszej\u00f6nn\u00e9nk egy n\u00e9h\u00e1nyan,haverokkal \u00e9s \u00f6t-hat l\u00e1nnyal,<br \/>\nnem baj nem baj elmegyek aki,j\u00f6n aki nem az elmehet.<\/p>\n<p>A h\u00e9tv\u00e9g\u00e9n majd felmegy\u00fcnk a hegyekbe,<br \/>\nmert \u00e9rzem mindenf\u00e9le gond van most a fejembe.<br \/>\nAkkor ejt\u0151z\u00fcnk a kertben minden d\u00e9lel\u0151tt,<br \/>\naz a j\u00f3, ami j\u00f3, nem is kell m\u00e1r enn\u00e9l t\u00f6bb.<br \/>\n&#8212;Sz\u00f3l\u00f3&#8212;<br \/>\nRap:De j\u00f3 de j\u00f3, nincsen mel\u00f3,\u00fcd\u00fcl\u00fcnk itt \u00e9s ott van az a cseh\u00f3,<br \/>\nhaza nem megyek nem ettem \u00e9n meszet,az iroda messzire elmehet.<br \/>\nItt j\u00f6n a D\u00f3ra a d\u00e1rid\u00f3ra, neki,mindegy lehet egy p\u00e1sztor\u00f3ra,<br \/>\nmindenki itt van a kavalk\u00e1dban hisz,buli van gyer\u00fcnk a f\u00fcrd\u0151k\u00e1dban.<br \/>\nGyorsan elsz\u00e1ll mind a k\u00e9t nap,haszn\u00e1ljuk ki nincs m\u00e9g holnap,<br \/>\nminden percet \u00e9lvezz\u00fcnk tudom,ezzel egyet \u00e9rtett\u00fcnk.<br \/>\nHolnap azt\u00e1n indulnunk kell,h\u00e9tf\u0151n kelni kell m\u00e1r reggel,<br \/>\nnem baj az \u00f6t nap elm\u00falik \u00e9s ism\u00e9t \u00fajra kezd\u0151dik.<\/p>\n<p>A h\u00e9tv\u00e9g\u00e9n majd felmegy\u00fcnk a hegyekbe,<br \/>\nmert \u00e9rzem mindenf\u00e9le gond van most a fejembe.<br \/>\nAkkor ejt\u0151z\u00fcnk a kertben minden d\u00e9lel\u0151tt,<br \/>\naz a j\u00f3, ami j\u00f3, nem is kell m\u00e1r enn\u00e9l t\u00f6bb.<br \/>\n&#8212;Sz\u00f3l\u00f3&#8212;<br \/>\nA h\u00e9tv\u00e9g\u00e9n majd felmegy\u00fcnk a hegyekbe,<br \/>\nmert \u00e9rzem mindenf\u00e9le gond van most a fejembe.<br \/>\nAkkor ejt\u0151z\u00fcnk a kertben minden d\u00e9lel\u0151tt,<br \/>\naz a j\u00f3, ami j\u00f3, nem is kell m\u00e1r enn\u00e9l t\u00f6bb.<br \/>\nA h\u00e9tv\u00e9g\u00e9n majd felmegy\u00fcnk a hegyekbe,<br \/>\nmert \u00e9rzem mindenf\u00e9le gond van most a fejembe.<br \/>\nAkkor ejt\u0151z\u00fcnk a kertben minden d\u00e9lel\u0151tt,<br \/>\naz a j\u00f3, ami j\u00f3, nem is kell m\u00e1r enn\u00e9l t\u00f6bb.<br \/>\n&#8212;V\u00e9ge&#8212;<\/p>\n","protected":false},"featured_media":10638,"template":"","meta":{"site-sidebar-layout":"default","site-content-layout":"default","ast-site-content-layout":"default","site-content-style":"default","site-sidebar-style":"default","ast-global-header-display":"","ast-banner-title-visibility":"","ast-main-header-display":"","ast-hfb-above-header-display":"","ast-hfb-below-header-display":"","ast-hfb-mobile-header-display":"","site-post-title":"","ast-breadcrumbs-content":"","ast-featured-img":"","footer-sml-layout":"","theme-transparent-header-meta":"default","adv-header-id-meta":"","stick-header-meta":"","header-above-stick-meta":"","header-main-stick-meta":"","header-below-stick-meta":"","astra-migrate-meta-layouts":"set","ast-page-background-enabled":"default","ast-page-background-meta":{"desktop":{"background-color":"var(--ast-global-color-4)","background-image":"","background-repeat":"repeat","background-position":"center center","background-size":"auto","background-attachment":"scroll","background-type":"","background-media":"","overlay-type":"","overlay-color":"","overlay-opacity":"","overlay-gradient":""},"tablet":{"background-color":"","background-image":"","background-repeat":"repeat","background-position":"center center","background-size":"auto","background-attachment":"scroll","background-type":"","background-media":"","overlay-type":"","overlay-color":"","overlay-opacity":"","overlay-gradient":""},"mobile":{"background-color":"","background-image":"","background-repeat":"repeat","background-position":"center center","background-size":"auto","background-attachment":"scroll","background-type":"","background-media":"","overlay-type":"","overlay-color":"","overlay-opacity":"","overlay-gradient":""}},"ast-content-background-meta":{"desktop":{"background-color":"var(--ast-global-color-5)","background-image":"","background-repeat":"repeat","background-position":"center center","background-size":"auto","background-attachment":"scroll","background-type":"","background-media":"","overlay-type":"","overlay-color":"","overlay-opacity":"","overlay-gradient":""},"tablet":{"background-color":"var(--ast-global-color-5)","background-image":"","background-repeat":"repeat","background-position":"center center","background-size":"auto","background-attachment":"scroll","background-type":"","background-media":"","overlay-type":"","overlay-color":"","overlay-opacity":"","overlay-gradient":""},"mobile":{"background-color":"var(--ast-global-color-5)","background-image":"","background-repeat":"repeat","background-position":"center center","background-size":"auto","background-attachment":"scroll","background-type":"","background-media":"","overlay-type":"","overlay-color":"","overlay-opacity":"","overlay-gradient":""}}},"product_cat":[46],"product_tag":[],"class_list":["post-5699","product","type-product","status-publish","has-post-thumbnail","hentry","product_cat-eredeti-karaoke-dalok","desktop-align-left","tablet-align-left","mobile-align-left"],"_links":{"self":[{"href":"https:\/\/www.sunkaraoke.hu\/index.php\/wp-json\/wp\/v2\/product\/5699","targetHints":{"allow":["GET"]}}],"collection":[{"href":"https:\/\/www.sunkaraoke.hu\/index.php\/wp-json\/wp\/v2\/product"}],"about":[{"href":"https:\/\/www.sunkaraoke.hu\/index.php\/wp-json\/wp\/v2\/types\/product"}],"wp:featuredmedia":[{"embeddable":true,"href":"https:\/\/www.sunkaraoke.hu\/index.php\/wp-json\/wp\/v2\/media\/10638"}],"wp:attachment":[{"href":"https:\/\/www.sunkaraoke.hu\/index.php\/wp-json\/wp\/v2\/media?parent=5699"}],"wp:term":[{"taxonomy":"product_cat","embeddable":true,"href":"https:\/\/www.sunkaraoke.hu\/index.php\/wp-json\/wp\/v2\/product_cat?post=5699"},{"taxonomy":"product_tag","embeddable":true,"href":"https:\/\/www.sunkaraoke.hu\/index.php\/wp-json\/wp\/v2\/product_tag?post=5699"}],"curies":[{"name":"wp","href":"https:\/\/api.w.org\/{rel}","templated":true}]}}