{"id":5698,"date":"2022-08-08T20:49:41","date_gmt":"2022-08-08T20:49:41","guid":{"rendered":"https:\/\/www.sunkaraoke.hu\/index.php\/termek\/crazy-koccintos-2019\/"},"modified":"2025-05-11T05:31:21","modified_gmt":"2025-05-11T05:31:21","slug":"crazy-koccintos-2019","status":"publish","type":"product","link":"https:\/\/www.sunkaraoke.hu\/index.php\/termek\/crazy-koccintos-2019\/","title":{"rendered":"<div class=\"wcmp-player-container product-5698\"><audio controlslist=\"nodownload\" data-product=\"5698\"  volume=\"1\"  preload=\"none\" data-lazyloading=\"none\" class=\"wcmp-player track mejs-classic\" data-duration=\"0:33\" data-estimated_duration=\"4\"><source src=\"https:\/\/www.sunkaraoke.hu\/wp-content\/uploads\/2022\/08\/Koccintos-2019.-Crazy.-demoo.mp3\" type=\"audio\/mp3\" \/><\/audio><\/div>Crazy &#8211; Koccint\u00f3s (Original)"},"content":{"rendered":"<p><strong>04:29<\/strong> | <strong><img loading=\"lazy\" decoding=\"async\" class=\"alignnone size-full wp-image-467\" src=\"https:\/\/www.sunkaraoke.hu\/wp-content\/uploads\/2022\/07\/choir_2-copy.webp\" alt=\"\" width=\"30\" height=\"30\" \/> <\/strong><\/p>\n","protected":false},"excerpt":{"rendered":"<h6><strong>Bits\u0171r\u0171s\u00e9g: 320<\/strong>kb\/s<strong><br \/>\n<\/strong><strong>Hossz: <\/strong>04:29<strong><br \/>\n<\/strong><strong style=\"font-size: 16px;\">Vok\u00e1lt tartalmaz: <\/strong>Nem <img loading=\"lazy\" decoding=\"async\" class=\"alignnone size-full wp-image-467\" src=\"http:\/\/www.sunkaraoke.hu\/wp-content\/uploads\/2022\/07\/choir_2-copy.png\" alt=\"\" width=\"30\" height=\"30\" \/><strong style=\"font-size: 16px;\"><br \/>\n<\/strong><\/h6>\n<p>Sunkaraoke mp3 st\u00fadi\u00f3 \/ www.sunkaraoke.hu \/ Inf: Tel: 06 20 4275001<\/p>\n<p>&#8212;Intr\u00f3&#8212;<br \/>\nH\u00e9tf\u0151 van, megint csak egy h\u00e9tf\u0151 van,<br \/>\nhova szalad a vil\u00e1g?!<br \/>\nPicit f\u00e1radtan, de valami felr\u00e1z,<br \/>\na szombat esti l\u00e1z.<br \/>\nEml\u00e9ke, \u00e9n eltettelek eml\u00e9kbe,<br \/>\nmint sz\u00edvem arany\u00e1t,<br \/>\ns benne \u00e9n meg te,<br \/>\nott fejtet\u0151re \u00e1llt, velem a vil\u00e1g.<br \/>\nCs\u00f3r\u00f3 gyerek vagyok d\u00e9lel\u0151tt,<br \/>\nde ma este felh\u00fazom neked a sz\u00e9p cip\u0151t.<br \/>\nPezsg\u0151 legyen, minden poh\u00e1rba,<br \/>\n\u00e9s akkor koccintsunk egyet a Bab\u00e1mra.<br \/>\n&#8212;Sz\u00f3l\u00f3&#8212;<br \/>\nH\u00e9tf\u0151 van, n\u00e9ha a szerelemben is h\u00e9tf\u0151 van,<br \/>\n\u00e9s h\u0171v\u00f6s lesz a ny\u00e1r,<br \/>\na sz\u00edvem E mollban,<br \/>\ncsak halkan muzsik\u00e1l, \u00f6ssze vissza kalap\u00e1l.<\/p>\n<p>De ha a t\u0171z bent \u00e9g, m\u00edg \u0151rz\u00f6d te, \u00e9s \u0151rz\u00f6m \u00e9n,<br \/>\na fene vigye el,<br \/>\naddig minden sz\u00e9p,<br \/>\n\u00fajra \u00e1t\u00f6lel a ny\u00e1r, most menjen ami f\u00e1j.<br \/>\nCs\u00f3r\u00f3 gyerek vagyok d\u00e9lel\u0151tt,<br \/>\nde ma este megt\u00e1ncoltatom a sz\u00e9p cip\u0151t.<br \/>\nPezsg\u0151 legyen minden poh\u00e1rba,<br \/>\n\u00e9s akkor koccintsunk egyet a Bab\u00e1mra,<br \/>\nCs\u00f3r\u00f3n \u00e9n nem j\u00e1tszom a nagymen\u0151t,<br \/>\nde az \u00e9let mell\u00e9m dobta ezt a bomban\u0151t.<br \/>\nA p\u00e9nz sem rossz dolog \u00e9n bel\u00e1tom,<br \/>\nde te vagy a legszebb kincs nekem a vil\u00e1gon.<br \/>\nEgy cs\u00f3r\u00f3 gyerek vagyok d\u00e9lel\u0151tt,<br \/>\nde ma este megt\u00e1ncoltatom a sz\u00e9p cip\u0151t.<br \/>\nM\u00e9g egy p\u00e1linka a poh\u00e1rba,<br \/>\n\u00e9s akkor h\u00faz\u00f3ra itt a sok bety\u00e1rra.<\/p>\n<p>Rap:Szombat este \u00fajra velem a banda.<br \/>\nMa kimarad\u00e1s lesz, ezt mindenki adja. T\u00f6ltsed, t\u00f6ltsed, t\u00f6ltsed, t\u00f6ltsed.<br \/>\nDe \u00fagy hogy nem menjen mell\u00e9 egy cs\u00f6pp sem.<br \/>\nMert ma nagyban vagyunk.<br \/>\nNagyban lesz\u00fcnk \u00e9s nagyban is maradunk.<br \/>\nMindenkire iszom egyet akire csak lehet.<br \/>\nMeg mindenre is, ami boldogg\u00e1 tehet.<br \/>\nAhogy a Charlie b\u00e1csi mondta:<br \/>\n\u201cEgy a rossz id\u0151kre kell\u201d\u201cEgy a t\u00e1rsas\u00e1g miatt\u201d Meg \u201cegy hogy j\u00f3l aludjak el\u201d<br \/>\nEgyet a j\u00f6v\u0151re, egyet a jelenre,\u00e9s egy dupl\u00e1t a kifizetett hitelre.<\/p>\n<p>Cs\u00f3r\u00f3n \u00e9n nem j\u00e1tszom a nagymen\u0151t,<br \/>\nde az \u00e9let mell\u00e9m dobta ezt a bomban\u0151t.<br \/>\nA p\u00e9nz sem rossz dolog \u00e9n bel\u00e1tom,<br \/>\nde te vagy a legszebb kincs nekem a vil\u00e1gon.<br \/>\nTe vagy a legszebb kincs nekem a vil\u00e1gon.<br \/>\n&#8212;V\u00e9ge&#8212;<\/p>\n","protected":false},"featured_media":10638,"template":"","meta":{"site-sidebar-layout":"default","site-content-layout":"default","ast-site-content-layout":"default","site-content-style":"default","site-sidebar-style":"default","ast-global-header-display":"","ast-banner-title-visibility":"","ast-main-header-display":"","ast-hfb-above-header-display":"","ast-hfb-below-header-display":"","ast-hfb-mobile-header-display":"","site-post-title":"","ast-breadcrumbs-content":"","ast-featured-img":"","footer-sml-layout":"","theme-transparent-header-meta":"default","adv-header-id-meta":"","stick-header-meta":"","header-above-stick-meta":"","header-main-stick-meta":"","header-below-stick-meta":"","astra-migrate-meta-layouts":"set","ast-page-background-enabled":"default","ast-page-background-meta":{"desktop":{"background-color":"var(--ast-global-color-4)","background-image":"","background-repeat":"repeat","background-position":"center center","background-size":"auto","background-attachment":"scroll","background-type":"","background-media":"","overlay-type":"","overlay-color":"","overlay-opacity":"","overlay-gradient":""},"tablet":{"background-color":"","background-image":"","background-repeat":"repeat","background-position":"center center","background-size":"auto","background-attachment":"scroll","background-type":"","background-media":"","overlay-type":"","overlay-color":"","overlay-opacity":"","overlay-gradient":""},"mobile":{"background-color":"","background-image":"","background-repeat":"repeat","background-position":"center center","background-size":"auto","background-attachment":"scroll","background-type":"","background-media":"","overlay-type":"","overlay-color":"","overlay-opacity":"","overlay-gradient":""}},"ast-content-background-meta":{"desktop":{"background-color":"var(--ast-global-color-5)","background-image":"","background-repeat":"repeat","background-position":"center center","background-size":"auto","background-attachment":"scroll","background-type":"","background-media":"","overlay-type":"","overlay-color":"","overlay-opacity":"","overlay-gradient":""},"tablet":{"background-color":"var(--ast-global-color-5)","background-image":"","background-repeat":"repeat","background-position":"center center","background-size":"auto","background-attachment":"scroll","background-type":"","background-media":"","overlay-type":"","overlay-color":"","overlay-opacity":"","overlay-gradient":""},"mobile":{"background-color":"var(--ast-global-color-5)","background-image":"","background-repeat":"repeat","background-position":"center center","background-size":"auto","background-attachment":"scroll","background-type":"","background-media":"","overlay-type":"","overlay-color":"","overlay-opacity":"","overlay-gradient":""}}},"product_cat":[46],"product_tag":[],"class_list":["post-5698","product","type-product","status-publish","has-post-thumbnail","hentry","product_cat-eredeti-karaoke-dalok","desktop-align-left","tablet-align-left","mobile-align-left"],"_links":{"self":[{"href":"https:\/\/www.sunkaraoke.hu\/index.php\/wp-json\/wp\/v2\/product\/5698","targetHints":{"allow":["GET"]}}],"collection":[{"href":"https:\/\/www.sunkaraoke.hu\/index.php\/wp-json\/wp\/v2\/product"}],"about":[{"href":"https:\/\/www.sunkaraoke.hu\/index.php\/wp-json\/wp\/v2\/types\/product"}],"wp:featuredmedia":[{"embeddable":true,"href":"https:\/\/www.sunkaraoke.hu\/index.php\/wp-json\/wp\/v2\/media\/10638"}],"wp:attachment":[{"href":"https:\/\/www.sunkaraoke.hu\/index.php\/wp-json\/wp\/v2\/media?parent=5698"}],"wp:term":[{"taxonomy":"product_cat","embeddable":true,"href":"https:\/\/www.sunkaraoke.hu\/index.php\/wp-json\/wp\/v2\/product_cat?post=5698"},{"taxonomy":"product_tag","embeddable":true,"href":"https:\/\/www.sunkaraoke.hu\/index.php\/wp-json\/wp\/v2\/product_tag?post=5698"}],"curies":[{"name":"wp","href":"https:\/\/api.w.org\/{rel}","templated":true}]}}