{"id":5696,"date":"2022-08-08T20:49:41","date_gmt":"2022-08-08T20:49:41","guid":{"rendered":"https:\/\/www.sunkaraoke.hu\/index.php\/termek\/akos-felemel\/"},"modified":"2025-12-01T14:47:04","modified_gmt":"2025-12-01T12:47:04","slug":"akos-felemel","status":"publish","type":"product","link":"https:\/\/www.sunkaraoke.hu\/index.php\/termek\/akos-felemel\/","title":{"rendered":"<div class=\"wcmp-player-container product-5696\"><audio controlslist=\"nodownload\" data-product=\"5696\"  volume=\"1\"  preload=\"none\" data-lazyloading=\"none\" class=\"wcmp-player track mejs-classic\" data-duration=\"0:32\" data-estimated_duration=\"4\"><source src=\"https:\/\/www.sunkaraoke.hu\/wp-content\/uploads\/2022\/08\/Felemel-Akos-E.-demooo.mp3\" type=\"audio\/mp3\" \/><\/audio><\/div>\u00c1kos &#8211; Felemel (Original)"},"content":{"rendered":"<p><strong>04:42<\/strong> | <strong><img loading=\"lazy\" decoding=\"async\" class=\"alignnone size-full wp-image-467\" src=\"https:\/\/www.sunkaraoke.hu\/wp-content\/uploads\/2022\/07\/choir_2-copy.webp\" alt=\"\" width=\"30\" height=\"30\" \/> <\/strong><\/p>\n","protected":false},"excerpt":{"rendered":"<h6><strong>Bits\u0171r\u0171s\u00e9g: 320<\/strong>kb\/s<strong><br \/>\n<\/strong><strong>Hossz: <\/strong>04:42<strong><br \/>\n<\/strong><strong style=\"font-size: 16px;\">Vok\u00e1lt tartalmaz: <\/strong>Nem <img loading=\"lazy\" decoding=\"async\" class=\"alignnone size-full wp-image-467\" src=\"http:\/\/www.sunkaraoke.hu\/wp-content\/uploads\/2022\/07\/choir_2-copy.png\" alt=\"\" width=\"30\" height=\"30\" \/><strong style=\"font-size: 16px;\"><br \/>\n<\/strong><\/h6>\n<p>Sunkaraoke mp3 st\u00fadi\u00f3 \/ www.sunkaraoke.hu \/ Inf: Tel: 06 20 4275001<\/p>\n<p>&#8212;Intr\u00f3&#8212;<br \/>\nEgy r\u00e9gi f\u00e9nyk\u00e9p \u00fagy d\u00f6nt\u00f6tt, hogy f\u00f6ldre hull,<br \/>\nap\u00e1m arc\u00e1n egyszer\u0171 der\u0171,<br \/>\nnem volt \u0150 se szent,egyszer fent \u00e9s egyszer lent,<br \/>\naz \u00e9let m\u00e9gis \u00fagy t\u0171nt gy\u00f6ny\u00f6r\u0171.<br \/>\nCsak \u00e9nekelt \u00e9s egy sz\u00f3t sem \u00e9rtett latinul,<br \/>\nde k\u00e9rt hogy higgyem el ha \u00e9rdekel.<br \/>\nHogy megh\u00edvja a bajt,aki t\u00e9rdet sose hajt,<br \/>\na sz\u00edv\u00e9t sem emelheti fel,<br \/>\ncsak az aki m\u00e1st is felemel.<\/p>\n<p>Apa l\u00e1tod, miv\u00e9 tessz\u00fck a vil\u00e1got,<br \/>\nnem hiszem el a hi\u00e1nyod,<br \/>\narra tan\u00edt legyek \u00e9n aki mer.<br \/>\nTe is l\u00e1tod, miv\u00e9 tessz\u00fck a vil\u00e1got,<br \/>\nnem hiszem el, a hi\u00e1nyod,<br \/>\narra tan\u00edt a teher engem is felemel.<\/p>\n<p>Az \u00e1lmaimban \u00e9jjelente visszat\u00e9r,<br \/>\nnem fogja m\u00e1r r\u00e9gen a kezem.<br \/>\nNem is sz\u00f3l csak int azt\u00e1n elt\u0171nik megint,<br \/>\nmikor azt k\u00edv\u00e1nn\u00e1m maradjon velem.<br \/>\nA s\u00f6t\u00e9t \u00e9g el\u0151tt az arca fal feh\u00e9r,<br \/>\na tenyer\u00e9ben parazsat hozott.<br \/>\n\u0150 el\u0151ttem j\u00e1r \u00e9s a t\u00faloldalon v\u00e1r,<br \/>\nhogy meg ne fagyjak \u00e9n ha \u00e1tjutok,<br \/>\na f\u00f6ldre hullnak a csillagok.<\/p>\n<p>Apa l\u00e1tod,miv\u00e9 tessz\u00fck a vil\u00e1got,<br \/>\nnem hiszem el a hi\u00e1nyod,<br \/>\narra tan\u00edt legyek \u00e9n aki mer.<br \/>\nTe is l\u00e1tod, miv\u00e9 tessz\u00fck a vil\u00e1got,<br \/>\nnem hiszem el a hi\u00e1nyod,<br \/>\narra tan\u00edt a teher engem is felemel.<\/p>\n<p>Ha az \u00e9l\u0151k alusznak \u00e9berek a halottak.<br \/>\nHa az \u00e9l\u0151k alusznak \u00e9berek a halottak.<br \/>\n&#8212;Sz\u00f3l\u00f3&#8212;<br \/>\nApa l\u00e1tod, miv\u00e9 tessz\u00fck a vil\u00e1got,<br \/>\nnem hiszem el a hi\u00e1nyod,<br \/>\narra tan\u00edt legyek \u00e9n aki mer.<br \/>\nTe is l\u00e1tod, miv\u00e9 tessz\u00fck a vil\u00e1got,<br \/>\nnem hiszem el a hi\u00e1nyod,<br \/>\narra tan\u00edt a teher engem is felemel.<br \/>\n&#8212;V\u00e9ge&#8212;<\/p>\n","protected":false},"featured_media":8999,"template":"","meta":{"site-sidebar-layout":"default","site-content-layout":"default","ast-site-content-layout":"default","site-content-style":"default","site-sidebar-style":"default","ast-global-header-display":"","ast-banner-title-visibility":"","ast-main-header-display":"","ast-hfb-above-header-display":"","ast-hfb-below-header-display":"","ast-hfb-mobile-header-display":"","site-post-title":"","ast-breadcrumbs-content":"","ast-featured-img":"","footer-sml-layout":"","theme-transparent-header-meta":"default","adv-header-id-meta":"","stick-header-meta":"","header-above-stick-meta":"","header-main-stick-meta":"","header-below-stick-meta":"","astra-migrate-meta-layouts":"set","ast-page-background-enabled":"default","ast-page-background-meta":{"desktop":{"background-color":"var(--ast-global-color-4)","background-image":"","background-repeat":"repeat","background-position":"center center","background-size":"auto","background-attachment":"scroll","background-type":"","background-media":"","overlay-type":"","overlay-color":"","overlay-opacity":"","overlay-gradient":""},"tablet":{"background-color":"","background-image":"","background-repeat":"repeat","background-position":"center center","background-size":"auto","background-attachment":"scroll","background-type":"","background-media":"","overlay-type":"","overlay-color":"","overlay-opacity":"","overlay-gradient":""},"mobile":{"background-color":"","background-image":"","background-repeat":"repeat","background-position":"center center","background-size":"auto","background-attachment":"scroll","background-type":"","background-media":"","overlay-type":"","overlay-color":"","overlay-opacity":"","overlay-gradient":""}},"ast-content-background-meta":{"desktop":{"background-color":"var(--ast-global-color-5)","background-image":"","background-repeat":"repeat","background-position":"center center","background-size":"auto","background-attachment":"scroll","background-type":"","background-media":"","overlay-type":"","overlay-color":"","overlay-opacity":"","overlay-gradient":""},"tablet":{"background-color":"var(--ast-global-color-5)","background-image":"","background-repeat":"repeat","background-position":"center center","background-size":"auto","background-attachment":"scroll","background-type":"","background-media":"","overlay-type":"","overlay-color":"","overlay-opacity":"","overlay-gradient":""},"mobile":{"background-color":"var(--ast-global-color-5)","background-image":"","background-repeat":"repeat","background-position":"center center","background-size":"auto","background-attachment":"scroll","background-type":"","background-media":"","overlay-type":"","overlay-color":"","overlay-opacity":"","overlay-gradient":""}}},"product_cat":[58],"product_tag":[],"class_list":["post-5696","product","type-product","status-publish","has-post-thumbnail","hentry","product_cat-erdelyi-zoltan","desktop-align-left","tablet-align-left","mobile-align-left"],"_links":{"self":[{"href":"https:\/\/www.sunkaraoke.hu\/index.php\/wp-json\/wp\/v2\/product\/5696","targetHints":{"allow":["GET"]}}],"collection":[{"href":"https:\/\/www.sunkaraoke.hu\/index.php\/wp-json\/wp\/v2\/product"}],"about":[{"href":"https:\/\/www.sunkaraoke.hu\/index.php\/wp-json\/wp\/v2\/types\/product"}],"wp:featuredmedia":[{"embeddable":true,"href":"https:\/\/www.sunkaraoke.hu\/index.php\/wp-json\/wp\/v2\/media\/8999"}],"wp:attachment":[{"href":"https:\/\/www.sunkaraoke.hu\/index.php\/wp-json\/wp\/v2\/media?parent=5696"}],"wp:term":[{"taxonomy":"product_cat","embeddable":true,"href":"https:\/\/www.sunkaraoke.hu\/index.php\/wp-json\/wp\/v2\/product_cat?post=5696"},{"taxonomy":"product_tag","embeddable":true,"href":"https:\/\/www.sunkaraoke.hu\/index.php\/wp-json\/wp\/v2\/product_tag?post=5696"}],"curies":[{"name":"wp","href":"https:\/\/api.w.org\/{rel}","templated":true}]}}