{"id":5688,"date":"2022-08-08T20:49:40","date_gmt":"2022-08-08T20:49:40","guid":{"rendered":"https:\/\/www.sunkaraoke.hu\/index.php\/termek\/dj-deka-ft-eniko-young-g-ebredj-nalam\/"},"modified":"2026-02-14T15:46:09","modified_gmt":"2026-02-14T13:46:09","slug":"dj-deka-ft-eniko-young-g-ebredj-nalam","status":"publish","type":"product","link":"https:\/\/www.sunkaraoke.hu\/index.php\/termek\/dj-deka-ft-eniko-young-g-ebredj-nalam\/","title":{"rendered":"<div class=\"wcmp-player-container product-5688\"><audio controlslist=\"nodownload\" data-product=\"5688\"  volume=\"1\"  preload=\"none\" data-lazyloading=\"none\" class=\"wcmp-player track mejs-classic\" data-duration=\"0:32\" data-estimated_duration=\"4\"><source src=\"https:\/\/www.sunkaraoke.hu\/wp-content\/uploads\/2022\/08\/Ebrdej-nalam-Dj-Deka.-demoo.mp3\" type=\"audio\/mp3\" \/><\/audio><\/div>Dj.Deka Ft. Enik\u00f5 &#038; Young G.  &#8211; \u00c9bredj n\u00e1lam (Original)"},"content":{"rendered":"<p><strong>03:42<\/strong> | <strong><img loading=\"lazy\" decoding=\"async\" class=\"alignnone size-full wp-image-467\" src=\"https:\/\/www.sunkaraoke.hu\/wp-content\/uploads\/2022\/07\/choir_2-copy.webp\" alt=\"\" width=\"30\" height=\"30\" \/> <\/strong><\/p>\n","protected":false},"excerpt":{"rendered":"<h6><strong>Bits\u0171r\u0171s\u00e9g: 320<\/strong>kb\/s<strong><br \/>\n<\/strong><strong>Hossz: <\/strong>03:42<strong><br \/>\n<\/strong><strong style=\"font-size: 16px;\">Vok\u00e1lt tartalmaz: <\/strong>Nem <img loading=\"lazy\" decoding=\"async\" class=\"alignnone size-full wp-image-467\" src=\"http:\/\/www.sunkaraoke.hu\/wp-content\/uploads\/2022\/07\/choir_2-copy.png\" alt=\"\" width=\"30\" height=\"30\" \/><strong style=\"font-size: 16px;\"><br \/>\n<\/strong><\/h6>\n<p>Sunkaraoke mp3 st\u00fadi\u00f3 \/ www.sunkaraoke.hu \/ Inf: Tel: 06 20 4275001<\/p>\n<p>&#8212;Intr\u00f3&#8212;<br \/>\n\u00d3h, \u00f3h, \u00f3h, \u00f3h, \u00f3h, \u00f3h, \u00f3h, \u00f3h,gyere szerelem most tal\u00e1lj r\u00e1m,<br \/>\n\u00d3h, \u00f3h, \u00f3h, \u00f3h, \u00f3h, \u00f3h, \u00f3h, \u00f3h, l\u00e9gy ma a t\u00e1rsam.<\/p>\n<p>V\u00e1rj m\u00e9g t\u0151lem nem menek\u00fclsz,<br \/>\nelkaplak ha egyszer messze rep\u00fclsz,<br \/>\n\u00f3h baby baby mondd h\u00e1t sz\u00e9p nevedet,<br \/>\nszor\u00edtan\u00e1m \u00e9jjel a k\u00e9t kezedet \u00e9n v\u00e1rlak.<\/p>\n<p>\u00c1lmodj, mindig velem \u00e9bredj,<br \/>\nreggel n\u00e1lam \u00e1lmodj, te vagy akit r\u00e9gen v\u00e1rtam.<br \/>\n\u00c1lmodj, mindig velem \u00e9bredj,<br \/>\nreggel n\u00e1lam \u00e1lmodj, \u00f6r\u00f6kre sz\u00edvembe z\u00e1rtalak.<br \/>\n&#8212;Sz\u00f3l\u00f3&#8212;<br \/>\nNy\u00e1ri \u00e9jjelen ha n\u00e9ha m\u00e9gis hi\u00e1nyzom,<br \/>\nt\u00fal l\u00e9phetn\u00e9l p\u00e1r r\u00e9gi buta hib\u00e1mon.<br \/>\n\u00c9rted v\u00e1ltozn\u00e9k ha igaz\u00e1n ezt akarn\u00e1d,<br \/>\n\u00e9rted \u00e9lek \u00e9n m\u00e1r nem \u00e9rdekel senki m\u00e1s.<br \/>\n\u00c9n mindent elhiszek \u00e9s mindent megteszek,<br \/>\nhogy elrabold a sz\u00edvem \u00fagy v\u00e1rom \u00e9n,<br \/>\nm\u00e9g nem mondtam el, ezt m\u00e9g tudnod kell,<br \/>\na v\u00e9gzetem szemedben l\u00e1tom \u00e9n.<\/p>\n<p>Rap: Le sem tagadhatn\u00e1d \u00e9n vagyok a v\u00e9gzeted,<br \/>\nelfogadn\u00e1m ha odaadn\u00e1d az \u00e9leted,<br \/>\n\u00fajra felkapcsoln\u00e1d fejemben a f\u00e9nyeket,<br \/>\negy\u00fctt t\u00f6lthetn\u00e9nk mi csod\u00e1latos \u00e9veket.<br \/>\n\u00c9n csak annyit akarok hogy \u00e1lmom val\u00f3ra v\u00e1ljon,<br \/>\nreggelente felkelek nem akarom hogy f\u00e1jjon,<br \/>\nhozz\u00e1m b\u00fajjon ha f\u00e1zom, egy ilyenre v\u00e1gyom,<br \/>\na sz\u00edvembe z\u00e1rjon \u00e9s cs\u00f3koljon sz\u00e1jon.<br \/>\n&#8212;Sz\u00f3l\u00f3&#8212;<\/p>\n<p>Mindig \u0151t keresem, utakon tereken,<br \/>\nszerelem most mondd csak merre j\u00e1rsz.<br \/>\nT\u0151lem nem menek\u00fclsz, \u00fagyis kezembe ker\u00fclsz,<br \/>\nsoha t\u00f6bb\u00e9 m\u00e1r nem lehetsz a m\u00e1s\u00e9.<\/p>\n<p>\u00c1lmodj, mindig velem \u00e9bredj,<br \/>\nreggel n\u00e1lam \u00e1lmodj, te vagy akit r\u00e9gen v\u00e1rtam.<br \/>\n\u00c1lmodj, mindig velem \u00e9bredj,<br \/>\nreggel n\u00e1lam \u00e1lmodj, \u00f6r\u00f6kre sz\u00edvembe z\u00e1rtalak.<\/p>\n<p>Ny\u00e1ri \u00e9jjelen ha n\u00e9ha m\u00e9gis hi\u00e1nyzom,<br \/>\nt\u00fal l\u00e9phetn\u00e9l p\u00e1r r\u00e9gi buta hib\u00e1mon.<br \/>\n\u00c9rted v\u00e1ltozn\u00e9k ha igaz\u00e1n ezt akarn\u00e1d,<br \/>\n\u00e9rted \u00e9lek \u00e9n m\u00e1r nem \u00e9rdekel senki m\u00e1s.<br \/>\n\u00c9n mindent elhiszek \u00e9s mindent megteszek,<br \/>\nhogy elrabold a sz\u00edvem \u00fagy v\u00e1rom \u00e9n,<br \/>\nm\u00e9g nem mondtam el, ezt m\u00e9g tudnod kell,<br \/>\na v\u00e9gzetem szemedben l\u00e1tom \u00e9n.<\/p>\n<p>Rap: Te m\u00e9g mindig keresel de m\u00e1r \u00e9n itt vagyok,<br \/>\naz utamat vezett\u00e9k id\u00e1ig fel a csillagok,<br \/>\nritk\u00e1n tal\u00e1lkozgatok azok csak a csajok,<br \/>\nde nekem csak te kellesz, teneked meg csak \u00e9n vagyok.<br \/>\nszeretn\u00e9lek m\u00e1r t\u00e9ged l\u00e1tni, nem akarok \u00e9n soha t\u00f6bb\u00e9 r\u00e1d v\u00e1rni,<br \/>\nsz\u00edvemb\u0151l ki akarok \u00e9n mindenkit m\u00e1r z\u00e1rni,<br \/>\nveled leszek \u00f6r\u00f6kre t\u00f6rt\u00e9njen m\u00e1r b\u00e1rmi.<br \/>\n&#8212;V\u00e9ge&#8212;<\/p>\n","protected":false},"featured_media":9293,"template":"","meta":{"site-sidebar-layout":"default","site-content-layout":"default","ast-site-content-layout":"default","site-content-style":"default","site-sidebar-style":"default","ast-global-header-display":"","ast-banner-title-visibility":"","ast-main-header-display":"","ast-hfb-above-header-display":"","ast-hfb-below-header-display":"","ast-hfb-mobile-header-display":"","site-post-title":"","ast-breadcrumbs-content":"","ast-featured-img":"","footer-sml-layout":"","theme-transparent-header-meta":"default","adv-header-id-meta":"","stick-header-meta":"","header-above-stick-meta":"","header-main-stick-meta":"","header-below-stick-meta":"","astra-migrate-meta-layouts":"set","ast-page-background-enabled":"default","ast-page-background-meta":{"desktop":{"background-color":"var(--ast-global-color-4)","background-image":"","background-repeat":"repeat","background-position":"center center","background-size":"auto","background-attachment":"scroll","background-type":"","background-media":"","overlay-type":"","overlay-color":"","overlay-opacity":"","overlay-gradient":""},"tablet":{"background-color":"","background-image":"","background-repeat":"repeat","background-position":"center center","background-size":"auto","background-attachment":"scroll","background-type":"","background-media":"","overlay-type":"","overlay-color":"","overlay-opacity":"","overlay-gradient":""},"mobile":{"background-color":"","background-image":"","background-repeat":"repeat","background-position":"center center","background-size":"auto","background-attachment":"scroll","background-type":"","background-media":"","overlay-type":"","overlay-color":"","overlay-opacity":"","overlay-gradient":""}},"ast-content-background-meta":{"desktop":{"background-color":"var(--ast-global-color-5)","background-image":"","background-repeat":"repeat","background-position":"center center","background-size":"auto","background-attachment":"scroll","background-type":"","background-media":"","overlay-type":"","overlay-color":"","overlay-opacity":"","overlay-gradient":""},"tablet":{"background-color":"var(--ast-global-color-5)","background-image":"","background-repeat":"repeat","background-position":"center center","background-size":"auto","background-attachment":"scroll","background-type":"","background-media":"","overlay-type":"","overlay-color":"","overlay-opacity":"","overlay-gradient":""},"mobile":{"background-color":"var(--ast-global-color-5)","background-image":"","background-repeat":"repeat","background-position":"center center","background-size":"auto","background-attachment":"scroll","background-type":"","background-media":"","overlay-type":"","overlay-color":"","overlay-opacity":"","overlay-gradient":""}}},"product_cat":[46],"product_tag":[],"class_list":["post-5688","product","type-product","status-publish","has-post-thumbnail","hentry","product_cat-eredeti-karaoke-dalok","desktop-align-left","tablet-align-left","mobile-align-left"],"_links":{"self":[{"href":"https:\/\/www.sunkaraoke.hu\/index.php\/wp-json\/wp\/v2\/product\/5688","targetHints":{"allow":["GET"]}}],"collection":[{"href":"https:\/\/www.sunkaraoke.hu\/index.php\/wp-json\/wp\/v2\/product"}],"about":[{"href":"https:\/\/www.sunkaraoke.hu\/index.php\/wp-json\/wp\/v2\/types\/product"}],"wp:featuredmedia":[{"embeddable":true,"href":"https:\/\/www.sunkaraoke.hu\/index.php\/wp-json\/wp\/v2\/media\/9293"}],"wp:attachment":[{"href":"https:\/\/www.sunkaraoke.hu\/index.php\/wp-json\/wp\/v2\/media?parent=5688"}],"wp:term":[{"taxonomy":"product_cat","embeddable":true,"href":"https:\/\/www.sunkaraoke.hu\/index.php\/wp-json\/wp\/v2\/product_cat?post=5688"},{"taxonomy":"product_tag","embeddable":true,"href":"https:\/\/www.sunkaraoke.hu\/index.php\/wp-json\/wp\/v2\/product_tag?post=5688"}],"curies":[{"name":"wp","href":"https:\/\/api.w.org\/{rel}","templated":true}]}}