{"id":5687,"date":"2022-08-08T20:49:40","date_gmt":"2022-08-08T20:49:40","guid":{"rendered":"https:\/\/www.sunkaraoke.hu\/index.php\/termek\/karpatia-karacsony\/"},"modified":"2025-04-13T05:18:39","modified_gmt":"2025-04-13T05:18:39","slug":"karpatia-karacsony","status":"publish","type":"product","link":"https:\/\/www.sunkaraoke.hu\/index.php\/termek\/karpatia-karacsony\/","title":{"rendered":"<div class=\"wcmp-player-container product-5687\"><audio controlslist=\"nodownload\" data-product=\"5687\"  volume=\"1\"  preload=\"none\" data-lazyloading=\"none\" class=\"wcmp-player track mejs-classic\" data-duration=\"0:35\" data-estimated_duration=\"4\"><source src=\"https:\/\/www.sunkaraoke.hu\/wp-content\/uploads\/2022\/08\/Karacsony-Karpatia-E.-kdemoo.mp3\" type=\"audio\/mp3\" \/><\/audio><\/div>K\u00e1rp\u00e1tia &#8211; Kar\u00e1csony (Original)"},"content":{"rendered":"<p><strong>04:26<\/strong> | <strong><img loading=\"lazy\" decoding=\"async\" class=\"alignnone size-full wp-image-467\" src=\"https:\/\/www.sunkaraoke.hu\/wp-content\/uploads\/2022\/07\/choir_2-copy.webp\" alt=\"\" width=\"30\" height=\"30\" \/> <\/strong><\/p>\n","protected":false},"excerpt":{"rendered":"<h6><strong>Bits\u0171r\u0171s\u00e9g: 320<\/strong>kb\/s<strong><br \/>\n<\/strong><strong>Hossz: <\/strong>04:26<strong><br \/>\n<\/strong><strong style=\"font-size: 16px;\">Vok\u00e1lt tartalmaz: <\/strong>Nem <img loading=\"lazy\" decoding=\"async\" class=\"alignnone size-full wp-image-467\" src=\"http:\/\/www.sunkaraoke.hu\/wp-content\/uploads\/2022\/07\/choir_2-copy.png\" alt=\"\" width=\"30\" height=\"30\" \/><strong style=\"font-size: 16px;\"><br \/>\n<\/strong><\/h6>\n<p>Sunkaraoke mp3 st\u00fadi\u00f3 \/ www.sunkaraoke.hu \/ Inf: Tel: 06 20 4275001<\/p>\n<p>&#8212;Intr\u00f3&#8212;<br \/>\nEgy csillag fent az \u00e9gen meg\u00e1ll, nem megy tov\u00e1bb.<br \/>\nIsten elk\u00fcldte hozz\u00e1nk megv\u00e1lt\u00f3, egy fi\u00e1t.<\/p>\n<p>Kedves angyalk\u00e1m!<br \/>\nNagyon sz\u00e9pen k\u00e9rlek,hogy hozz\u00e1l nekem kar\u00e1csonyf\u00e1t \u00e9s cukrot,<br \/>\n\u00e9s azokr\u00f3l is gondoskodj\u00e1l, akik \u00e1rv\u00e1k \u00e9s szeg\u00e9nyek,<br \/>\n\u00e9s akiknek nincs se anyjuk, se apjuk. Azokr\u00f3l is gondoskodj\u00e1l!<\/p>\n<p>Angyalka sz\u00e9pen k\u00e9rlek, hozz\u00e1l nekem egy nagykab\u00e1tot \u00e9s egy p\u00e1r bakancsot,<br \/>\nmert j\u00f6n a t\u00e9l \u00e9s nincs mibe&#8217; j\u00e1rnom az iskol\u00e1ba.<br \/>\nK\u00f6sz\u00f6n\u00f6m el\u0151re is az aj\u00e1nd\u00e9kot.<\/p>\n<p>Most n\u00e9zd mennyi gyertya vak\u00edt\u00f3 l\u00e1ngja \u00e9g.<br \/>\nIm\u00e1ra kulcsolt k\u00e9zzel v\u00e1rjuk Szent est\u00e9t.<\/p>\n<p>D\u00e1rga, j\u00f3 J\u00e9zusk\u00e1m!<br \/>\nNagy k\u00e9r\u00e9ssel fordulok hozz\u00e1d, hogyha meg\u00e9rdemlem,<br \/>\nakkor nagyon sz\u00e9pen k\u00e9rlek add nekem egy Bocskai juh\u00e1t meg egy kar\u00f3r\u00e1t,<br \/>\n\u00e9s a sz\u00fcleimnek, testv\u00e9reimnek eg\u00e9szs\u00e9get.<br \/>\nKezeit cs\u00f3kolom.<\/p>\n<p>\u00c9des angyalka!<br \/>\nHozz\u00e1l anyuk\u00e1nak egy meleg ruh\u00e1t, mert s\u00edr \u00e9s egy cip\u0151t.<br \/>\n\u00c9s nekem egy kab\u00e1tot \u00e9s egy t\u00e1bla csokol\u00e1d\u00e9t, mert azt \u00fagy szeretem \u00e9s itt nincs.<\/p>\n<p>\u00c9s j\u00e9gvir\u00e1gok ny\u00edlnak a templom ablak\u00e1n.<br \/>\nKoldusnak, szeg\u00e9nynek ma az ajt\u00f3 ny\u00edtva \u00e1ll.<\/p>\n<p>Dr\u00e1ga, j\u00f3 J\u00e9zuska!<br \/>\nTe, aki megl\u00e1togatsz minden j\u00f3 gyermeket ne feletkezz\u00e9l meg r\u00f3lam sem.<br \/>\nNagyon sz\u00e9pen k\u00e9rem t\u0151led, hogy add vissza eg\u00e9sz Erd\u00e9lyt a magyaroknak.<br \/>\n\u00c9s adj j\u00f3 eg\u00e9szs\u00e9get a sz\u00fcleimnek \u00e9s testv\u00e9reimnek.<br \/>\n\u00c9s m\u00e9g k\u00e9rek sz\u00e9pen egy bab\u00e1t, ridik\u00fclt, mes\u00e9sk\u00f6nyvet,<br \/>\nkocsit, cukrot \u00e9s a szeg\u00e9nyeknek ruh\u00e1t.<br \/>\nHallgasd meg h\u00e1l\u00e1s kisl\u00e1nyod k\u00e9r\u00e9s\u00e9t!<\/p>\n<p>Egy csillag fent az \u00e9gen meg\u00e1ll, nem megy tov\u00e1bb.<br \/>\nIsten elk\u00fcldte hozz\u00e1nk megv\u00e1lt\u00f3, egy fi\u00e1t.<br \/>\nMost n\u00e9zd mennyi gyertya vak\u00edt\u00f3 l\u00e1ngja \u00e9g.<br \/>\nIm\u00e1ra kulcsolt k\u00e9zzel v\u00e1rjuk Szent est\u00e9t.<br \/>\n&#8212;V\u00e9ge&#8212;.<\/p>\n","protected":false},"featured_media":10163,"template":"","meta":{"site-sidebar-layout":"default","site-content-layout":"default","ast-site-content-layout":"default","site-content-style":"default","site-sidebar-style":"default","ast-global-header-display":"","ast-banner-title-visibility":"","ast-main-header-display":"","ast-hfb-above-header-display":"","ast-hfb-below-header-display":"","ast-hfb-mobile-header-display":"","site-post-title":"","ast-breadcrumbs-content":"","ast-featured-img":"","footer-sml-layout":"","theme-transparent-header-meta":"default","adv-header-id-meta":"","stick-header-meta":"","header-above-stick-meta":"","header-main-stick-meta":"","header-below-stick-meta":"","astra-migrate-meta-layouts":"set","ast-page-background-enabled":"default","ast-page-background-meta":{"desktop":{"background-color":"var(--ast-global-color-4)","background-image":"","background-repeat":"repeat","background-position":"center center","background-size":"auto","background-attachment":"scroll","background-type":"","background-media":"","overlay-type":"","overlay-color":"","overlay-opacity":"","overlay-gradient":""},"tablet":{"background-color":"","background-image":"","background-repeat":"repeat","background-position":"center center","background-size":"auto","background-attachment":"scroll","background-type":"","background-media":"","overlay-type":"","overlay-color":"","overlay-opacity":"","overlay-gradient":""},"mobile":{"background-color":"","background-image":"","background-repeat":"repeat","background-position":"center center","background-size":"auto","background-attachment":"scroll","background-type":"","background-media":"","overlay-type":"","overlay-color":"","overlay-opacity":"","overlay-gradient":""}},"ast-content-background-meta":{"desktop":{"background-color":"var(--ast-global-color-5)","background-image":"","background-repeat":"repeat","background-position":"center center","background-size":"auto","background-attachment":"scroll","background-type":"","background-media":"","overlay-type":"","overlay-color":"","overlay-opacity":"","overlay-gradient":""},"tablet":{"background-color":"var(--ast-global-color-5)","background-image":"","background-repeat":"repeat","background-position":"center center","background-size":"auto","background-attachment":"scroll","background-type":"","background-media":"","overlay-type":"","overlay-color":"","overlay-opacity":"","overlay-gradient":""},"mobile":{"background-color":"var(--ast-global-color-5)","background-image":"","background-repeat":"repeat","background-position":"center center","background-size":"auto","background-attachment":"scroll","background-type":"","background-media":"","overlay-type":"","overlay-color":"","overlay-opacity":"","overlay-gradient":""}}},"product_cat":[58],"product_tag":[],"class_list":["post-5687","product","type-product","status-publish","has-post-thumbnail","hentry","product_cat-erdelyi-zoltan","desktop-align-left","tablet-align-left","mobile-align-left"],"_links":{"self":[{"href":"https:\/\/www.sunkaraoke.hu\/index.php\/wp-json\/wp\/v2\/product\/5687","targetHints":{"allow":["GET"]}}],"collection":[{"href":"https:\/\/www.sunkaraoke.hu\/index.php\/wp-json\/wp\/v2\/product"}],"about":[{"href":"https:\/\/www.sunkaraoke.hu\/index.php\/wp-json\/wp\/v2\/types\/product"}],"wp:featuredmedia":[{"embeddable":true,"href":"https:\/\/www.sunkaraoke.hu\/index.php\/wp-json\/wp\/v2\/media\/10163"}],"wp:attachment":[{"href":"https:\/\/www.sunkaraoke.hu\/index.php\/wp-json\/wp\/v2\/media?parent=5687"}],"wp:term":[{"taxonomy":"product_cat","embeddable":true,"href":"https:\/\/www.sunkaraoke.hu\/index.php\/wp-json\/wp\/v2\/product_cat?post=5687"},{"taxonomy":"product_tag","embeddable":true,"href":"https:\/\/www.sunkaraoke.hu\/index.php\/wp-json\/wp\/v2\/product_tag?post=5687"}],"curies":[{"name":"wp","href":"https:\/\/api.w.org\/{rel}","templated":true}]}}