{"id":5686,"date":"2022-08-08T20:49:39","date_gmt":"2022-08-08T20:49:39","guid":{"rendered":"https:\/\/www.sunkaraoke.hu\/index.php\/termek\/v-zoy-luxus-elet\/"},"modified":"2025-04-04T14:42:48","modified_gmt":"2025-04-04T14:42:48","slug":"v-zoy-luxus-elet","status":"publish","type":"product","link":"https:\/\/www.sunkaraoke.hu\/index.php\/termek\/v-zoy-luxus-elet\/","title":{"rendered":"<div class=\"wcmp-player-container product-5686\"><audio controlslist=\"nodownload\" data-product=\"5686\"  volume=\"1\"  preload=\"none\" data-lazyloading=\"none\" class=\"wcmp-player track mejs-classic\" data-duration=\"0:32\" data-estimated_duration=\"4\"><source src=\"https:\/\/www.sunkaraoke.hu\/wp-content\/uploads\/2022\/08\/Luxus_demooo.mp3\" type=\"audio\/mp3\" \/><\/audio><\/div>V-Zoy &#8211; Luxus \u00e9let (Original)"},"content":{"rendered":"<p><strong>03:47<\/strong> | <strong><img loading=\"lazy\" decoding=\"async\" class=\"alignnone size-full wp-image-467\" src=\"https:\/\/www.sunkaraoke.hu\/wp-content\/uploads\/2022\/07\/choir_2-copy.webp\" alt=\"\" width=\"30\" height=\"30\" \/> <\/strong><\/p>\n","protected":false},"excerpt":{"rendered":"<h6><strong>Bits\u0171r\u0171s\u00e9g: 320<\/strong>kb\/s<strong><br \/>\n<\/strong><strong>Hossz: <\/strong>03:47<strong><br \/>\n<\/strong><strong style=\"font-size: 16px;\">Vok\u00e1lt tartalmaz: <\/strong>Nem <img loading=\"lazy\" decoding=\"async\" class=\"alignnone size-full wp-image-467\" src=\"http:\/\/www.sunkaraoke.hu\/wp-content\/uploads\/2022\/07\/choir_2-copy.png\" alt=\"\" width=\"30\" height=\"30\" \/><strong style=\"font-size: 16px;\"><br \/>\n<\/strong><\/h6>\n<p>Sunkaraoke mp3 st\u00fadi\u00f3 \/ www.sunkaraoke.hu \/ Inf: Tel: 06 20 4275001<\/p>\n<p>&#8212;Intr\u00f3&#8212;<\/p>\n<p>Azt mondj\u00e1k r\u00e1m gizda vagyok,<br \/>\na luxus\u00e9rt \u00e9lek halok, l\u00e9j, l\u00e9j, l\u00e9j, l\u00e9j, l\u00e9j,<br \/>\nz\u00fcll\u00f6k \u00e9n az \u00e9jszak\u00e1ban,<br \/>\nwhyskit iszom liter sz\u00e1mra, l\u00e9j, l\u00e9j, l\u00e9j, l\u00e9j, l\u00e9j.<br \/>\nZene t\u00e1nc \u00e9s bomba l\u00e1nyok,<br \/>\nsorra j\u00f6nnek a vag\u00e1ny sr\u00e1cok,l\u00e9j, l\u00e9j, l\u00e9j, l\u00e9j, l\u00e9j,<br \/>\nez a frank\u00f3 van itt pezsg\u00e9s,<br \/>\na buliban nagy a rezg\u00e9s, l\u00e9j, l\u00e9j, l\u00e9j, l\u00e9j, l\u00e9j.<\/p>\n<p>Figyeljetek dr\u00e1ga testv\u00e9rek,<br \/>\nma este a le rajabb leszek,<br \/>\nluxus \u00e9let, luxus villa,<br \/>\nmegy a buli d\u0151l a della,<br \/>\nzsiv\u00e1ny lettem, a vil\u00e1g rossza.<br \/>\n&#8212;Sz\u00f3l\u00f3&#8212;<\/p>\n<p>Luxus verd\u00e1k, nagy zsiv\u00e1nyok,<br \/>\ndr\u00e1ga \u00f3r\u00e1k aranyl\u00e1ncok, l\u00e9j, l\u00e9j, l\u00e9j, l\u00e9j, l\u00e9j,<br \/>\nnagy k\u00f6r\u00f6kben ez m\u00e1r divat,<br \/>\neur\u00f3\u00e9rt n\u00f3t\u00e1t huzat, l\u00e9j, l\u00e9j, l\u00e9j, l\u00e9j, l\u00e9j.<br \/>\nJ\u00f3 a st\u00edlus, ez a trendi,<br \/>\nversace ing, \u00e9s armani, l\u00e9j, l\u00e9j, l\u00e9j, l\u00e9j, l\u00e9j,<br \/>\nzene t\u00e1ncok, bomba l\u00e1nyok,<br \/>\nj\u00f6nnek sorba a nagy szt\u00e1rok,l\u00e9j, l\u00e9j, l\u00e9j, l\u00e9j, l\u00e9j.<\/p>\n<p>Figyeljetek dr\u00e1ga testv\u00e9rek,<br \/>\nma este a legrajabb leszek,<br \/>\nluxus \u00e9let, luxus villa,<br \/>\nmegy a buli d\u0151l a della,<br \/>\nzsiv\u00e1ny lettem a vil\u00e1g rossza.<br \/>\n&#8212;Sz\u00f3l\u00f3&#8212;<br \/>\nFigyeljetek dr\u00e1ga testv\u00e9rek,<br \/>\nma este a legrajabb leszek,<br \/>\nluxus \u00e9let, luxus villa,<br \/>\nmegy a buli, d\u0151l a della,<br \/>\nzsiv\u00e1ny lettem, a vil\u00e1g rossza.<br \/>\nFigyeljetek dr\u00e1ga testv\u00e9rek,<br \/>\nma este a legrajabb leszek,<br \/>\nluxus \u00e9let, luxus villa,<br \/>\nmegy a buli, d\u0151l a della,<br \/>\nzsiv\u00e1ny lettem, a vil\u00e1g rossza.<br \/>\nLuxus \u00e9let, luxus villa,<br \/>\nmegy a buli, d\u0151l a della,<br \/>\nzsiv\u00e1ny lettem, a vil\u00e1g rossza.<\/p>\n<p>&#8212;V\u00e9ge&#8212;<\/p>\n","protected":false},"featured_media":9681,"template":"","meta":{"site-sidebar-layout":"default","site-content-layout":"default","ast-site-content-layout":"default","site-content-style":"default","site-sidebar-style":"default","ast-global-header-display":"","ast-banner-title-visibility":"","ast-main-header-display":"","ast-hfb-above-header-display":"","ast-hfb-below-header-display":"","ast-hfb-mobile-header-display":"","site-post-title":"","ast-breadcrumbs-content":"","ast-featured-img":"","footer-sml-layout":"","theme-transparent-header-meta":"default","adv-header-id-meta":"","stick-header-meta":"","header-above-stick-meta":"","header-main-stick-meta":"","header-below-stick-meta":"","astra-migrate-meta-layouts":"set","ast-page-background-enabled":"default","ast-page-background-meta":{"desktop":{"background-color":"var(--ast-global-color-4)","background-image":"","background-repeat":"repeat","background-position":"center center","background-size":"auto","background-attachment":"scroll","background-type":"","background-media":"","overlay-type":"","overlay-color":"","overlay-opacity":"","overlay-gradient":""},"tablet":{"background-color":"","background-image":"","background-repeat":"repeat","background-position":"center center","background-size":"auto","background-attachment":"scroll","background-type":"","background-media":"","overlay-type":"","overlay-color":"","overlay-opacity":"","overlay-gradient":""},"mobile":{"background-color":"","background-image":"","background-repeat":"repeat","background-position":"center center","background-size":"auto","background-attachment":"scroll","background-type":"","background-media":"","overlay-type":"","overlay-color":"","overlay-opacity":"","overlay-gradient":""}},"ast-content-background-meta":{"desktop":{"background-color":"var(--ast-global-color-5)","background-image":"","background-repeat":"repeat","background-position":"center center","background-size":"auto","background-attachment":"scroll","background-type":"","background-media":"","overlay-type":"","overlay-color":"","overlay-opacity":"","overlay-gradient":""},"tablet":{"background-color":"var(--ast-global-color-5)","background-image":"","background-repeat":"repeat","background-position":"center center","background-size":"auto","background-attachment":"scroll","background-type":"","background-media":"","overlay-type":"","overlay-color":"","overlay-opacity":"","overlay-gradient":""},"mobile":{"background-color":"var(--ast-global-color-5)","background-image":"","background-repeat":"repeat","background-position":"center center","background-size":"auto","background-attachment":"scroll","background-type":"","background-media":"","overlay-type":"","overlay-color":"","overlay-opacity":"","overlay-gradient":""}}},"product_cat":[48],"product_tag":[],"class_list":["post-5686","product","type-product","status-publish","has-post-thumbnail","hentry","product_cat-sunkaraoke-dalok","desktop-align-left","tablet-align-left","mobile-align-left"],"_links":{"self":[{"href":"https:\/\/www.sunkaraoke.hu\/index.php\/wp-json\/wp\/v2\/product\/5686","targetHints":{"allow":["GET"]}}],"collection":[{"href":"https:\/\/www.sunkaraoke.hu\/index.php\/wp-json\/wp\/v2\/product"}],"about":[{"href":"https:\/\/www.sunkaraoke.hu\/index.php\/wp-json\/wp\/v2\/types\/product"}],"wp:featuredmedia":[{"embeddable":true,"href":"https:\/\/www.sunkaraoke.hu\/index.php\/wp-json\/wp\/v2\/media\/9681"}],"wp:attachment":[{"href":"https:\/\/www.sunkaraoke.hu\/index.php\/wp-json\/wp\/v2\/media?parent=5686"}],"wp:term":[{"taxonomy":"product_cat","embeddable":true,"href":"https:\/\/www.sunkaraoke.hu\/index.php\/wp-json\/wp\/v2\/product_cat?post=5686"},{"taxonomy":"product_tag","embeddable":true,"href":"https:\/\/www.sunkaraoke.hu\/index.php\/wp-json\/wp\/v2\/product_tag?post=5686"}],"curies":[{"name":"wp","href":"https:\/\/api.w.org\/{rel}","templated":true}]}}