{"id":5683,"date":"2022-08-08T20:49:39","date_gmt":"2022-08-08T20:49:39","guid":{"rendered":"https:\/\/www.sunkaraoke.hu\/index.php\/termek\/bitto-duo-szerelmednek-zaloga\/"},"modified":"2025-04-27T04:38:27","modified_gmt":"2025-04-27T04:38:27","slug":"bitto-duo-szerelmednek-zaloga","status":"publish","type":"product","link":"https:\/\/www.sunkaraoke.hu\/index.php\/termek\/bitto-duo-szerelmednek-zaloga\/","title":{"rendered":"<div class=\"wcmp-player-container product-5683\"><audio controlslist=\"nodownload\" data-product=\"5683\"  volume=\"1\"  preload=\"none\" data-lazyloading=\"none\" class=\"wcmp-player track mejs-classic\" data-duration=\"0:36\" data-estimated_duration=\"4\"><source src=\"https:\/\/www.sunkaraoke.hu\/wp-content\/uploads\/2022\/08\/Szerelmednek-zaloga-Bitto-PB.-_demo.mp3\" type=\"audio\/mp3\" \/><\/audio><\/div>Bitt\u00f3 Du\u00f3 &#8211; Szerelmednek z\u00e1loga (Original)"},"content":{"rendered":"<p><strong>03:31<\/strong> | <strong><img loading=\"lazy\" decoding=\"async\" class=\"alignnone size-full wp-image-467\" src=\"https:\/\/www.sunkaraoke.hu\/wp-content\/uploads\/2022\/07\/choir_2-copy.webp\" alt=\"\" width=\"30\" height=\"30\" \/> <\/strong><\/p>\n","protected":false},"excerpt":{"rendered":"<h6><strong>Bits\u0171r\u0171s\u00e9g: 320<\/strong>kb\/s<strong><br \/>\n<\/strong><strong>Hossz: <\/strong>03:31<strong><br \/>\n<\/strong><strong style=\"font-size: 16px;\">Vok\u00e1lt tartalmaz: <\/strong>Nem <img loading=\"lazy\" decoding=\"async\" class=\"alignnone size-full wp-image-467\" src=\"http:\/\/www.sunkaraoke.hu\/wp-content\/uploads\/2022\/07\/choir_2-copy.png\" alt=\"\" width=\"30\" height=\"30\" \/><strong style=\"font-size: 16px;\"><br \/>\n<\/strong><\/h6>\n<p>Sunkaraoke mp3 st\u00fadi\u00f3 \/ www.sunkaraoke.hu \/ Inf: Tel: 06 20 4275001<\/p>\n<p>&#8212;Intr\u00f3&#8212;<br \/>\nMerre vagy, hova m\u00e9sz, mit csin\u00e1lsz,<br \/>\nmeggy\u00f6t\u00f6r engemet ez a l\u00e1z,<br \/>\ngy\u00f6t\u00f6r a l\u00e1z, amikor nem vagy velem,<br \/>\nha n\u00e9lk\u00fcled \u00e9lek, \u00e9n meg\u0151r\u00fcl\u00f6k \u00e9rted.<\/p>\n<p>Szerelmednek z\u00e1loga, sz\u00edvemben van bez\u00e1rva,<br \/>\nmert \u00e9n t\u00e9ged szeretlek, soha el nem engedlek,<br \/>\nhogyha nem vagy mellettem, csak rajtad j\u00e1r az eszem,<br \/>\nszeretlek nagyon nagyon, minden percben hi\u00e1nyzol,<br \/>\nmert te hozz\u00e1m tartozol, minden percben hi\u00e1nyzol!<\/p>\n<p>Ha j\u00f6n az est a szememre nem j\u00f6n \u00e1lom,<br \/>\na szememet lehunyom, \u00fagy hi\u00e1nyzol,<br \/>\ncs\u00f6nd \u00e9s mag\u00e1ny, az \u00e9n t\u00e1rsam ha nem vagy velem,<br \/>\nha megtehetn\u00e9m, soha nem engedn\u00e9lek el.<\/p>\n<p>Szerelmednek z\u00e1loga, sz\u00edvemben van bez\u00e1rva,<br \/>\nmert \u00e9n t\u00e9ged szeretlek, soha el nem engedlek,<br \/>\nhogyha nem vagy mellettem, csak rajtad j\u00e1r az eszem,<br \/>\nszeretlek nagyon nagyon, minden percben hi\u00e1nyzol,<br \/>\nmert te hozz\u00e1m tartozol, minden percben hi\u00e1nyzol!<br \/>\n&#8212;Sz\u00f3l\u00f3&#8212;<br \/>\nSzerelmednek z\u00e1loga, sz\u00edvemben van bez\u00e1rva,<br \/>\nmert \u00e9n t\u00e9ged szeretlek, soha el nem engedlek,<br \/>\nhogyha nem vagy mellettem, csak rajtad j\u00e1r az eszem,<br \/>\nszeretlek nagyon nagyon, minden percben hi\u00e1nyzol,<br \/>\nmert te hozz\u00e1m tartozol, minden percben hi\u00e1nyzol!<br \/>\nSzerelmednek z\u00e1loga, sz\u00edvemben van bez\u00e1rva,<br \/>\nmert \u00e9n t\u00e9ged szeretlek, soha el nem engedlek,<br \/>\nhogyha nem vagy mellettem, csak rajtad j\u00e1r az eszem,<br \/>\nszeretlek nagyon nagyon, minden percben hi\u00e1nyzol,<br \/>\nmert te hozz\u00e1m tartozol, minden percben hi\u00e1nyzol!<br \/>\n&#8212;V\u00e9ge&#8212;<\/p>\n","protected":false},"featured_media":8718,"template":"","meta":{"site-sidebar-layout":"default","site-content-layout":"default","ast-site-content-layout":"default","site-content-style":"default","site-sidebar-style":"default","ast-global-header-display":"","ast-banner-title-visibility":"","ast-main-header-display":"","ast-hfb-above-header-display":"","ast-hfb-below-header-display":"","ast-hfb-mobile-header-display":"","site-post-title":"","ast-breadcrumbs-content":"","ast-featured-img":"","footer-sml-layout":"","theme-transparent-header-meta":"default","adv-header-id-meta":"","stick-header-meta":"","header-above-stick-meta":"","header-main-stick-meta":"","header-below-stick-meta":"","astra-migrate-meta-layouts":"set","ast-page-background-enabled":"default","ast-page-background-meta":{"desktop":{"background-color":"var(--ast-global-color-4)","background-image":"","background-repeat":"repeat","background-position":"center center","background-size":"auto","background-attachment":"scroll","background-type":"","background-media":"","overlay-type":"","overlay-color":"","overlay-opacity":"","overlay-gradient":""},"tablet":{"background-color":"","background-image":"","background-repeat":"repeat","background-position":"center center","background-size":"auto","background-attachment":"scroll","background-type":"","background-media":"","overlay-type":"","overlay-color":"","overlay-opacity":"","overlay-gradient":""},"mobile":{"background-color":"","background-image":"","background-repeat":"repeat","background-position":"center center","background-size":"auto","background-attachment":"scroll","background-type":"","background-media":"","overlay-type":"","overlay-color":"","overlay-opacity":"","overlay-gradient":""}},"ast-content-background-meta":{"desktop":{"background-color":"var(--ast-global-color-5)","background-image":"","background-repeat":"repeat","background-position":"center center","background-size":"auto","background-attachment":"scroll","background-type":"","background-media":"","overlay-type":"","overlay-color":"","overlay-opacity":"","overlay-gradient":""},"tablet":{"background-color":"var(--ast-global-color-5)","background-image":"","background-repeat":"repeat","background-position":"center center","background-size":"auto","background-attachment":"scroll","background-type":"","background-media":"","overlay-type":"","overlay-color":"","overlay-opacity":"","overlay-gradient":""},"mobile":{"background-color":"var(--ast-global-color-5)","background-image":"","background-repeat":"repeat","background-position":"center center","background-size":"auto","background-attachment":"scroll","background-type":"","background-media":"","overlay-type":"","overlay-color":"","overlay-opacity":"","overlay-gradient":""}}},"product_cat":[48],"product_tag":[],"class_list":["post-5683","product","type-product","status-publish","has-post-thumbnail","hentry","product_cat-sunkaraoke-dalok","desktop-align-left","tablet-align-left","mobile-align-left"],"_links":{"self":[{"href":"https:\/\/www.sunkaraoke.hu\/index.php\/wp-json\/wp\/v2\/product\/5683","targetHints":{"allow":["GET"]}}],"collection":[{"href":"https:\/\/www.sunkaraoke.hu\/index.php\/wp-json\/wp\/v2\/product"}],"about":[{"href":"https:\/\/www.sunkaraoke.hu\/index.php\/wp-json\/wp\/v2\/types\/product"}],"wp:featuredmedia":[{"embeddable":true,"href":"https:\/\/www.sunkaraoke.hu\/index.php\/wp-json\/wp\/v2\/media\/8718"}],"wp:attachment":[{"href":"https:\/\/www.sunkaraoke.hu\/index.php\/wp-json\/wp\/v2\/media?parent=5683"}],"wp:term":[{"taxonomy":"product_cat","embeddable":true,"href":"https:\/\/www.sunkaraoke.hu\/index.php\/wp-json\/wp\/v2\/product_cat?post=5683"},{"taxonomy":"product_tag","embeddable":true,"href":"https:\/\/www.sunkaraoke.hu\/index.php\/wp-json\/wp\/v2\/product_tag?post=5683"}],"curies":[{"name":"wp","href":"https:\/\/api.w.org\/{rel}","templated":true}]}}