{"id":5682,"date":"2022-08-08T20:49:39","date_gmt":"2022-08-08T20:49:39","guid":{"rendered":"https:\/\/www.sunkaraoke.hu\/index.php\/termek\/sihell-ferry-henna-reggelre-szetesunk-transzp-v\/"},"modified":"2026-03-05T08:58:57","modified_gmt":"2026-03-05T06:58:57","slug":"sihell-ferry-henna-reggelre-szetesunk-transzp-v","status":"publish","type":"product","link":"https:\/\/www.sunkaraoke.hu\/index.php\/termek\/sihell-ferry-henna-reggelre-szetesunk-transzp-v\/","title":{"rendered":"<div class=\"wcmp-player-container product-5682\"><audio controlslist=\"nodownload\" data-product=\"5682\"  volume=\"1\"  preload=\"none\" data-lazyloading=\"none\" class=\"wcmp-player track mejs-classic\" data-duration=\"0:34\" data-estimated_duration=\"4\"><source src=\"https:\/\/www.sunkaraoke.hu\/wp-content\/uploads\/2022\/08\/Reggelre-szetesunk-transz-Henna.-SB.-demooo.mp3\" type=\"audio\/mp3\" \/><\/audio><\/div>Sihell Ferry &#038; Henna &#8211; Reggelre sz\u00e9tes\u00fcnk (SB. Edition)"},"content":{"rendered":"<p><strong>03:24<\/strong> | <strong><img loading=\"lazy\" decoding=\"async\" class=\"alignnone size-full wp-image-467\" src=\"https:\/\/www.sunkaraoke.hu\/wp-content\/uploads\/2022\/07\/choir_2-copy.webp\" alt=\"\" width=\"30\" height=\"30\" \/> <strong> | <img loading=\"lazy\" decoding=\"async\" class=\"alignnone size-full wp-image-613\" src=\"https:\/\/www.sunkaraoke.hu\/wp-content\/uploads\/2022\/07\/transzponalas.webp\" alt=\"\" width=\"30\" height=\"30\" \/> <\/strong><strong>-3<\/strong><\/strong><\/p>\n","protected":false},"excerpt":{"rendered":"<h6><strong>Bits\u0171r\u0171s\u00e9g: 320<\/strong>kb\/s<strong><br \/>\n<\/strong><strong>Hossz: <\/strong>03:24<strong><br \/>\n<\/strong><strong style=\"font-size: 16px;\">Vok\u00e1lt tartalmaz: <\/strong>Nem <img loading=\"lazy\" decoding=\"async\" class=\"alignnone size-full wp-image-467\" src=\"http:\/\/www.sunkaraoke.hu\/wp-content\/uploads\/2022\/07\/choir_2-copy.png\" alt=\"\" width=\"30\" height=\"30\" \/><strong style=\"font-size: 16px;\"><br \/>\n<\/strong><strong>Transzpon\u00e1l\u00e1s: <\/strong><img loading=\"lazy\" decoding=\"async\" class=\"alignnone size-full wp-image-613\" src=\"http:\/\/www.sunkaraoke.hu\/wp-content\/uploads\/2022\/07\/transzponalas.png\" alt=\"\" width=\"30\" height=\"30\" \/> -3<\/h6>\n<p>Sunkaraoke mp3 st\u00fadi\u00f3 \/ www.sunkaraoke.hu \/ Inf: Tel: 06 20 4275001<\/p>\n<p>&#8212;Intr\u00f3&#8212;<\/p>\n<p>Reggelre sz\u00e9tes\u00fcnk, \u00e9s tuti hogy v\u00e9tkez\u00fcnk,<br \/>\nelcsaljuk magunkkal a holdat,<br \/>\nmert nem \u00e9r v\u00e9get m\u00e9g a t\u00e1nc, j\u00e1rjuk m\u00e9g a figur\u00e1t,<br \/>\na l\u00e1bunkban tombol a szamba.<br \/>\nReggelre sz\u00e9tes\u00fcnk, \u00e9s tuti hogy v\u00e9tkez\u00fcnk,<br \/>\nelcsaljuk magunkkal a holdat,<br \/>\nmert nem \u00e9r v\u00e9get m\u00e9g a t\u00e1nc, j\u00e1rjuk m\u00e9g a figur\u00e1t,<br \/>\na l\u00e1bunkban tombol a szamba.<\/p>\n<p>Megbirk\u00f3ztam m\u00e1r n\u00e9h\u00e1ny korty itallal,<br \/>\n\u00edgy m\u00e1r jobban \u00e9rzem magamat,<br \/>\nez m\u00e1r eg\u00e9sz \u00e9jjel \u00edgy marad.<br \/>\nItt van a legjobb banda \u00e9s az \u00e9n zen\u00e9met h\u00fazza,<br \/>\n\u00edgy m\u00e1r jobban \u00e9rzem magamat,<br \/>\nez eg\u00e9sz \u00e9jjel \u00edgy marad.<\/p>\n<p>Reggelre sz\u00e9tes\u00fcnk, \u00e9s tuti hogy v\u00e9tkez\u00fcnk,<br \/>\nelcsaljuk magunkkal a holdat,<br \/>\nmert nem \u00e9r v\u00e9get m\u00e9g a t\u00e1nc, j\u00e1rjuk m\u00e9g a figur\u00e1t,<br \/>\na l\u00e1bunkban tombol a szamba.<br \/>\nReggelre sz\u00e9tes\u00fcnk, \u00e9s tuti hogy v\u00e9tkez\u00fcnk,<br \/>\nelcsaljuk magunkkal a holdat,<br \/>\nmert nem \u00e9r v\u00e9get m\u00e9g a t\u00e1nc, j\u00e1rjuk m\u00e9g a figur\u00e1t,<br \/>\na l\u00e1bunkban tombol a szamba.<br \/>\n&#8212;Sz\u00f3l\u00f3&#8212;<br \/>\nNekem pont el\u00e9g lesz a fels\u0151 polca a pultban,<br \/>\n\u00edgy m\u00e1r jobban \u00e9rzem magamat,<br \/>\nez m\u00e1r eg\u00e9sz \u00e9jjel \u00edgy marad.<br \/>\nCs\u00faszik a parkett, \u00edgy a t\u00e1nc is jobban h\u00faz majd,<br \/>\n\u00edgy m\u00e1r jobban \u00e9rzem magamat,<br \/>\nez eg\u00e9sz \u00e9jjel \u00edgy marad.<\/p>\n<p>Reggelre sz\u00e9tes\u00fcnk, \u00e9s tuti hogy v\u00e9tkez\u00fcnk,<br \/>\nelcsaljuk magunkkal a holdat,<br \/>\nmert nem \u00e9r v\u00e9get m\u00e9g a t\u00e1nc, j\u00e1rjuk m\u00e9g a figur\u00e1t,<br \/>\na l\u00e1bunkban tombol a szamba.<br \/>\nReggelre sz\u00e9tes\u00fcnk, \u00e9s tuti hogy v\u00e9tkez\u00fcnk,<br \/>\nelcsaljuk magunkkal a holdat,<br \/>\nmert nem \u00e9r v\u00e9get m\u00e9g a t\u00e1nc, j\u00e1rjuk m\u00e9g a figur\u00e1t,<br \/>\na l\u00e1bunkban tombol a szamba.<br \/>\n&#8212;Sz\u00f3l\u00f3&#8212;<br \/>\nReggelre sz\u00e9tes\u00fcnk, \u00e9s tuti hogy v\u00e9tkez\u00fcnk,<br \/>\nelcsaljuk magunkkal a holdat,<br \/>\nmert nem \u00e9r v\u00e9get m\u00e9g a t\u00e1nc, j\u00e1rjuk m\u00e9g a figur\u00e1t,<br \/>\na l\u00e1bunkban tombol a szamba.<br \/>\nReggelre sz\u00e9tes\u00fcnk, \u00e9s tuti hogy v\u00e9tkez\u00fcnk,<br \/>\nelcsaljuk magunkkal a holdat,<br \/>\nmert nem \u00e9r v\u00e9get m\u00e9g a t\u00e1nc, j\u00e1rjuk m\u00e9g a figur\u00e1t,<br \/>\na l\u00e1bunkban tombol a szamba.<br \/>\n&#8212;V\u00e9ge&#8211;<\/p>\n","protected":false},"featured_media":9302,"template":"","meta":{"site-sidebar-layout":"default","site-content-layout":"default","ast-site-content-layout":"default","site-content-style":"default","site-sidebar-style":"default","ast-global-header-display":"","ast-banner-title-visibility":"","ast-main-header-display":"","ast-hfb-above-header-display":"","ast-hfb-below-header-display":"","ast-hfb-mobile-header-display":"","site-post-title":"","ast-breadcrumbs-content":"","ast-featured-img":"","footer-sml-layout":"","theme-transparent-header-meta":"default","adv-header-id-meta":"","stick-header-meta":"","header-above-stick-meta":"","header-main-stick-meta":"","header-below-stick-meta":"","astra-migrate-meta-layouts":"set","ast-page-background-enabled":"default","ast-page-background-meta":{"desktop":{"background-color":"var(--ast-global-color-4)","background-image":"","background-repeat":"repeat","background-position":"center center","background-size":"auto","background-attachment":"scroll","background-type":"","background-media":"","overlay-type":"","overlay-color":"","overlay-opacity":"","overlay-gradient":""},"tablet":{"background-color":"","background-image":"","background-repeat":"repeat","background-position":"center center","background-size":"auto","background-attachment":"scroll","background-type":"","background-media":"","overlay-type":"","overlay-color":"","overlay-opacity":"","overlay-gradient":""},"mobile":{"background-color":"","background-image":"","background-repeat":"repeat","background-position":"center center","background-size":"auto","background-attachment":"scroll","background-type":"","background-media":"","overlay-type":"","overlay-color":"","overlay-opacity":"","overlay-gradient":""}},"ast-content-background-meta":{"desktop":{"background-color":"var(--ast-global-color-5)","background-image":"","background-repeat":"repeat","background-position":"center center","background-size":"auto","background-attachment":"scroll","background-type":"","background-media":"","overlay-type":"","overlay-color":"","overlay-opacity":"","overlay-gradient":""},"tablet":{"background-color":"var(--ast-global-color-5)","background-image":"","background-repeat":"repeat","background-position":"center center","background-size":"auto","background-attachment":"scroll","background-type":"","background-media":"","overlay-type":"","overlay-color":"","overlay-opacity":"","overlay-gradient":""},"mobile":{"background-color":"var(--ast-global-color-5)","background-image":"","background-repeat":"repeat","background-position":"center center","background-size":"auto","background-attachment":"scroll","background-type":"","background-media":"","overlay-type":"","overlay-color":"","overlay-opacity":"","overlay-gradient":""}}},"product_cat":[48],"product_tag":[],"class_list":["post-5682","product","type-product","status-publish","has-post-thumbnail","hentry","product_cat-sunkaraoke-dalok","desktop-align-left","tablet-align-left","mobile-align-left"],"_links":{"self":[{"href":"https:\/\/www.sunkaraoke.hu\/index.php\/wp-json\/wp\/v2\/product\/5682","targetHints":{"allow":["GET"]}}],"collection":[{"href":"https:\/\/www.sunkaraoke.hu\/index.php\/wp-json\/wp\/v2\/product"}],"about":[{"href":"https:\/\/www.sunkaraoke.hu\/index.php\/wp-json\/wp\/v2\/types\/product"}],"wp:featuredmedia":[{"embeddable":true,"href":"https:\/\/www.sunkaraoke.hu\/index.php\/wp-json\/wp\/v2\/media\/9302"}],"wp:attachment":[{"href":"https:\/\/www.sunkaraoke.hu\/index.php\/wp-json\/wp\/v2\/media?parent=5682"}],"wp:term":[{"taxonomy":"product_cat","embeddable":true,"href":"https:\/\/www.sunkaraoke.hu\/index.php\/wp-json\/wp\/v2\/product_cat?post=5682"},{"taxonomy":"product_tag","embeddable":true,"href":"https:\/\/www.sunkaraoke.hu\/index.php\/wp-json\/wp\/v2\/product_tag?post=5682"}],"curies":[{"name":"wp","href":"https:\/\/api.w.org\/{rel}","templated":true}]}}