{"id":5675,"date":"2022-08-08T20:49:38","date_gmt":"2022-08-08T20:49:38","guid":{"rendered":"https:\/\/www.sunkaraoke.hu\/index.php\/termek\/piros-bela-piros-bela-mulatos-mix-20\/"},"modified":"2025-04-07T07:52:06","modified_gmt":"2025-04-07T07:52:06","slug":"piros-bela-piros-bela-mulatos-mix-20","status":"publish","type":"product","link":"https:\/\/www.sunkaraoke.hu\/index.php\/termek\/piros-bela-piros-bela-mulatos-mix-20\/","title":{"rendered":"<div class=\"wcmp-player-container product-5675\"><audio controlslist=\"nodownload\" data-product=\"5675\"  volume=\"1\"  preload=\"none\" data-lazyloading=\"none\" class=\"wcmp-player track mejs-classic\" data-duration=\"0:31\" data-estimated_duration=\"4\"><source src=\"https:\/\/www.sunkaraoke.hu\/wp-content\/uploads\/2022\/08\/Piros-Bela-mulatos-mix-20.-kdemoo.mp3\" type=\"audio\/mp3\" \/><\/audio><\/div>Piros B\u00e9la &#8211; Piros B\u00e9la mulat\u00f3s mix 20. (Original)"},"content":{"rendered":"<p><strong>10:59<\/strong> | <strong><img loading=\"lazy\" decoding=\"async\" class=\"alignnone size-full wp-image-467\" src=\"https:\/\/www.sunkaraoke.hu\/wp-content\/uploads\/2022\/07\/choir_2-copy.webp\" alt=\"\" width=\"30\" height=\"30\" \/> <\/strong><\/p>\n","protected":false},"excerpt":{"rendered":"<h6><strong>Bits\u0171r\u0171s\u00e9g: 320<\/strong>kb\/s<strong><br \/>\n<\/strong><strong>Hossz: <\/strong>10:59<strong><br \/>\n<\/strong><strong style=\"font-size: 16px;\">Vok\u00e1lt tartalmaz: <\/strong>Nem <img loading=\"lazy\" decoding=\"async\" class=\"alignnone size-full wp-image-467\" src=\"http:\/\/www.sunkaraoke.hu\/wp-content\/uploads\/2022\/07\/choir_2-copy.png\" alt=\"\" width=\"30\" height=\"30\" \/><strong style=\"font-size: 16px;\"><br \/>\n<\/strong><\/h6>\n<p>Sunkaraoke mp3 st\u00fadi\u00f3 \/ www.sunkaraoke.hu \/ Inf: Tel: 06 20 4275001<\/p>\n<p>&#8212;Intr\u00f3&#8212;<br \/>\nM\u00e9g azt mondj\u00e1k ez se sz\u00e9p, az se sz\u00e9p,<br \/>\nolyan vagyok, mint a csillagos \u00e9g,<br \/>\nolyan vagyok, mint az engedelem,<br \/>\na k\u00e9t orc\u00e1mon kiv\u00edrit a szerelem a s\u00f6t\u00e9tbe.<br \/>\nOlyan vagyok, mint az engedelem,<br \/>\na k\u00e9t orc\u00e1mon k\u00edvirit a szerelem a s\u00f6t\u00e9tbe.<\/p>\n<p>\u00c9desany\u00e1m vett nekem kalapot,<br \/>\nf\u00fajja a sz\u00e9l rajta a szalagot,<br \/>\nha nem f\u00fajja magam is lobogtatom,<br \/>\nezt a sz\u0151k\u00e9t, ha lehet becsalom a s\u00f6t\u00e9tbe.<br \/>\nHa nem f\u00fajja magam is lobogtatom,<br \/>\nezt a sz\u0151k\u00e9t, ha lehet becsalom a s\u00f6t\u00e9tbe.<\/p>\n<p>&#8212;Sz\u00f3l\u00f3&#8212;<br \/>\nM\u00e9g azt mondj\u00e1k ez se sz\u00e9p, az se sz\u00e9p,<br \/>\nolyan vagyok, mint a csillagos \u00e9g,<br \/>\nolyan vagyok, mint az engedelem,<br \/>\na k\u00e9t orc\u00e1mon kiv\u00edrit a szerelem a s\u00f6t\u00e9tbe.<br \/>\nOlyan vagyok, mint az engedelem,<br \/>\na k\u00e9t orc\u00e1mon k\u00edvirit a szerelem a s\u00f6t\u00e9tbe.<\/p>\n<p>\u00c9desany\u00e1m vett nekem kalapot,<br \/>\nf\u00fajja a sz\u00e9l rajta a szalagot,<br \/>\nha nem f\u00fajja magam is lobogtatom,<br \/>\nezt a sz\u0151k\u00e9t, ha lehet becsalom a s\u00f6t\u00e9tbe.<br \/>\nHa nem f\u00fajja magam is lobogtatom,<br \/>\nezt a sz\u0151k\u00e9t, ha lehet becsalom a s\u00f6t\u00e9tbe.<br \/>\n&#8212;Sz\u00f3l\u00f3&#8212;<br \/>\n\u00c1rva vagyok \u00e1rva, a j\u00f3 isten is l\u00e1tja,<br \/>\nverje meg a szenth\u00e1roms\u00e1g, ki az \u00e1rv\u00e1t b\u00e1ntja,<br \/>\nverje meg a szenth\u00e1roms\u00e1g, ki az \u00e1rv\u00e1t b\u00e1ntja.<\/p>\n<p>S\u00edr, zokog a lelkem, hogy el kell t\u0151led mennem,<br \/>\nmegcsaltad az \u00e1rva sz\u00edvem, majd meg hasad \u00e9rted,<br \/>\nmegcsaltad az \u00e1rva sz\u00edvem, majd meg hasad \u00e9rted.<\/p>\n<p>Nem vagyok \u00e9n \u00e1rva a j\u00f3 istennek h\u00e1la,<br \/>\nvan m\u00e1r n\u00e9kem sz\u00e9p szeret\u0151m, ki a cs\u00f3kom v\u00e1rja,<br \/>\nvan m\u00e1r n\u00e9kem sz\u00e9p szeret\u0151m, ki a cs\u00f3kom v\u00e1rja.<br \/>\n&#8212;Sz\u00f3l\u00f3&#8212;<br \/>\n\u00c1rva vagyok \u00e1rva, a j\u00f3 isten is l\u00e1tja,<br \/>\nverje meg a szenth\u00e1roms\u00e1g, ki az \u00e1rv\u00e1t b\u00e1ntja,<br \/>\nverje meg a szenth\u00e1roms\u00e1g, ki az \u00e1rv\u00e1t b\u00e1ntja.<\/p>\n<p>S\u00edr, zokog a lelkem, hogy el kell t\u0151led mennem,<br \/>\nmegcsaltad az \u00e1rva sz\u00edvem, majd meg hasad \u00e9rted,<br \/>\nmegcsaltad az \u00e1rva sz\u00edvem, majd meg hasad \u00e9rted.<\/p>\n<p>Nem vagyok \u00e9n \u00e1rva a j\u00f3 istennek h\u00e1la,<br \/>\nvan m\u00e1r n\u00e9kem sz\u00e9p szeret\u0151m, ki a cs\u00f3kom v\u00e1rja,<br \/>\nvan m\u00e1r n\u00e9kem sz\u00e9p szeret\u0151m, ki a cs\u00f3kom v\u00e1rja.<br \/>\n&#8212;Sz\u00f3l\u00f3&#8212;<br \/>\nR\u00f3zsa,r\u00f3zsa,labdar\u00f3zsa levele.<br \/>\nCsak egy kisl\u00e1nyt, neveltek a kedvemre.<br \/>\nAzt is az\u00e9rt nevelt\u00e9k a kedvemre,<br \/>\nk\u00e9k a szeme,g\u00f6nd\u00f6r haja fekete.<br \/>\nAzt is az\u00e9rt nevelt\u00e9k a kedvemre,<br \/>\nk\u00e9k a szeme,g\u00f6nd\u00f6r haja fekete.<\/p>\n<p>Alig v\u00e1rom,hogy a Nap lenyugodjon,<br \/>\nhogy az \u00e9gen, p\u00e1ros csillag ragyogjon.<br \/>\nRagyogj,csillag,p\u00e1ros csillag,sok\u00e1ig,<br \/>\nk\u00eds\u00e9rj el a szeret\u0151m kapuj\u00e1ig!<br \/>\nRagyogj,csillag,p\u00e1ros csillag,sok\u00e1ig,<br \/>\nk\u00eds\u00e9rj el a szeret\u0151m kapuj\u00e1ig!<br \/>\n&#8212;Sz\u00f3l\u00f3&#8212;<br \/>\nElmegyek \u00e9n,elmegyek \u00e9n,elmegyek \u00e9n tihozz\u00e1tok a ny\u00e1ron.<br \/>\nR\u00e9zveret\u0171,r\u00e9zveret\u0171,r\u00e9zveret\u0171 h\u00e9tpejlovas bat\u00e1ron.<br \/>\nA kaputok sarkig nyitva \u00e1lljon,\u00e9desany\u00e1d a kapuban \u00e1lljon!<br \/>\nElmegyek \u00e9n,elmegyek \u00e9n,elmegyek \u00e9n tihozz\u00e1tok a ny\u00e1ron.<br \/>\nA kaputok sarkig nyitva \u00e1lljon,\u00e9desany\u00e1d a kapuban \u00e1lljon!<br \/>\nElmegyek \u00e9n,elmegyek \u00e9n,elmegyek \u00e9n tihozz\u00e1tok a ny\u00e1ron.<\/p>\n<p>B\u00fazavir\u00e1g,b\u00fazavir\u00e1g,b\u00fazavir\u00e1g terem kinn a hat\u00e1rban.<br \/>\nSz\u00e9p szeret\u0151,j\u00f3 szeret\u0151,h\u0171 szeret\u0151 leszek \u00e9n a tany\u00e1dban.<br \/>\nHa az \u00e9let n\u00e9kem adott,p\u00e1rom, elvihetsz a n\u00e9gylovas bat\u00e1ron!<br \/>\nB\u00fazavir\u00e1g,b\u00fazavir\u00e1g,b\u00fazavir\u00e1g terem kinn a hat\u00e1rban.<br \/>\nHa az \u00e9let n\u00e9kem adott,p\u00e1rom, elvihetsz a n\u00e9gylovas bat\u00e1ron!<br \/>\nB\u00fazavir\u00e1g,b\u00fazavir\u00e1g,b\u00fazavir\u00e1g terem kinn a hat\u00e1rban.<\/p>\n<p>Elmegyek \u00e9n,elmegyek \u00e9n,elmegyek \u00e9n tihozz\u00e1tok a ny\u00e1ron.<br \/>\nR\u00e9zveret\u0171,r\u00e9zveret\u0171,r\u00e9zveret\u0171 h\u00e9tpejlovas bat\u00e1ron.<br \/>\nA kaputok sarkig nyitva \u00e1lljon,\u00e9desany\u00e1d a kapuban \u00e1lljon!<br \/>\nElmegyek \u00e9n,elmegyek \u00e9n,elmegyek \u00e9n tihozz\u00e1tok a ny\u00e1ron.<br \/>\nA kaputok sarkig nyitva \u00e1lljon,\u00e9desany\u00e1d a kapuban \u00e1lljon!<br \/>\nElmegyek \u00e9n,elmegyek \u00e9n,elmegyek \u00e9n tihozz\u00e1tok a ny\u00e1ron.<br \/>\n&#8212;Sz\u00f3l\u00f3&#8212;-<br \/>\nA j\u00e1romsz\u00f6g,a j\u00e1romsz\u00f6g,<br \/>\na csizm\u00e1mban nincsen sz\u00f6g,de csuhaja.<br \/>\nHa nincs benne,majd lesz benne,<br \/>\nj\u00f6n a suszter,majd tesz bele,de csuhaja.<br \/>\nHa nincs benne,majd lesz benne,<br \/>\nj\u00f6n a suszter,majd tesz bele,de csuhaja.<\/p>\n<p>A p\u00e9nzt\u00e1rc\u00e1m,a p\u00e9nzt\u00e1rc\u00e1m,<br \/>\na p\u00e9nzt\u00e1rc\u00e1mban nincsen p\u00e9nz,de csuhaja.<br \/>\nHa nincs benne,majd lesz benne,<br \/>\nj\u00f6n a feles\u00e9gem,majd tesz bele,csuhaja.<br \/>\nHa nincs benne,majd lesz benne,<br \/>\nj\u00f6n a feles\u00e9gem,majd tesz bele,csuhaja.<\/p>\n<p>A cig\u00e1nyok, a cig\u00e1nyok,<br \/>\nj\u00f3 k\u00e1poszt\u00e1t f\u0151ztek n\u00e9kem a ny\u00e1ron.<br \/>\nJ\u00f3 k\u00e1poszt\u00e1t diszn\u00f3h\u00fassal,<br \/>\nhamuba s\u00fclt mogyor\u00f3val,csuhaja.<br \/>\nJ\u00f3 k\u00e1poszt\u00e1t diszn\u00f3h\u00fassal,<br \/>\nhamuba s\u00fclt mogyor\u00f3val,csuhaja.<br \/>\n&#8212;V\u00e9ge&#8212;<\/p>\n","protected":false},"featured_media":12989,"template":"","meta":{"site-sidebar-layout":"default","site-content-layout":"default","ast-site-content-layout":"default","site-content-style":"default","site-sidebar-style":"default","ast-global-header-display":"","ast-banner-title-visibility":"","ast-main-header-display":"","ast-hfb-above-header-display":"","ast-hfb-below-header-display":"","ast-hfb-mobile-header-display":"","site-post-title":"","ast-breadcrumbs-content":"","ast-featured-img":"","footer-sml-layout":"","theme-transparent-header-meta":"default","adv-header-id-meta":"","stick-header-meta":"","header-above-stick-meta":"","header-main-stick-meta":"","header-below-stick-meta":"","astra-migrate-meta-layouts":"set","ast-page-background-enabled":"default","ast-page-background-meta":{"desktop":{"background-color":"var(--ast-global-color-4)","background-image":"","background-repeat":"repeat","background-position":"center center","background-size":"auto","background-attachment":"scroll","background-type":"","background-media":"","overlay-type":"","overlay-color":"","overlay-opacity":"","overlay-gradient":""},"tablet":{"background-color":"","background-image":"","background-repeat":"repeat","background-position":"center center","background-size":"auto","background-attachment":"scroll","background-type":"","background-media":"","overlay-type":"","overlay-color":"","overlay-opacity":"","overlay-gradient":""},"mobile":{"background-color":"","background-image":"","background-repeat":"repeat","background-position":"center center","background-size":"auto","background-attachment":"scroll","background-type":"","background-media":"","overlay-type":"","overlay-color":"","overlay-opacity":"","overlay-gradient":""}},"ast-content-background-meta":{"desktop":{"background-color":"var(--ast-global-color-5)","background-image":"","background-repeat":"repeat","background-position":"center center","background-size":"auto","background-attachment":"scroll","background-type":"","background-media":"","overlay-type":"","overlay-color":"","overlay-opacity":"","overlay-gradient":""},"tablet":{"background-color":"var(--ast-global-color-5)","background-image":"","background-repeat":"repeat","background-position":"center center","background-size":"auto","background-attachment":"scroll","background-type":"","background-media":"","overlay-type":"","overlay-color":"","overlay-opacity":"","overlay-gradient":""},"mobile":{"background-color":"var(--ast-global-color-5)","background-image":"","background-repeat":"repeat","background-position":"center center","background-size":"auto","background-attachment":"scroll","background-type":"","background-media":"","overlay-type":"","overlay-color":"","overlay-opacity":"","overlay-gradient":""}}},"product_cat":[48],"product_tag":[],"class_list":["post-5675","product","type-product","status-publish","has-post-thumbnail","hentry","product_cat-sunkaraoke-dalok","desktop-align-left","tablet-align-left","mobile-align-left"],"_links":{"self":[{"href":"https:\/\/www.sunkaraoke.hu\/index.php\/wp-json\/wp\/v2\/product\/5675","targetHints":{"allow":["GET"]}}],"collection":[{"href":"https:\/\/www.sunkaraoke.hu\/index.php\/wp-json\/wp\/v2\/product"}],"about":[{"href":"https:\/\/www.sunkaraoke.hu\/index.php\/wp-json\/wp\/v2\/types\/product"}],"wp:featuredmedia":[{"embeddable":true,"href":"https:\/\/www.sunkaraoke.hu\/index.php\/wp-json\/wp\/v2\/media\/12989"}],"wp:attachment":[{"href":"https:\/\/www.sunkaraoke.hu\/index.php\/wp-json\/wp\/v2\/media?parent=5675"}],"wp:term":[{"taxonomy":"product_cat","embeddable":true,"href":"https:\/\/www.sunkaraoke.hu\/index.php\/wp-json\/wp\/v2\/product_cat?post=5675"},{"taxonomy":"product_tag","embeddable":true,"href":"https:\/\/www.sunkaraoke.hu\/index.php\/wp-json\/wp\/v2\/product_tag?post=5675"}],"curies":[{"name":"wp","href":"https:\/\/api.w.org\/{rel}","templated":true}]}}