{"id":5673,"date":"2022-08-08T20:49:38","date_gmt":"2022-08-08T20:49:38","guid":{"rendered":"https:\/\/www.sunkaraoke.hu\/index.php\/termek\/tesok-attila-nem-kell-hogy-sirassatok\/"},"modified":"2025-12-01T14:47:04","modified_gmt":"2025-12-01T12:47:04","slug":"tesok-attila-nem-kell-hogy-sirassatok","status":"publish","type":"product","link":"https:\/\/www.sunkaraoke.hu\/index.php\/termek\/tesok-attila-nem-kell-hogy-sirassatok\/","title":{"rendered":"<div class=\"wcmp-player-container product-5673\"><audio controlslist=\"nodownload\" data-product=\"5673\"  volume=\"1\"  preload=\"none\" data-lazyloading=\"none\" class=\"wcmp-player track mejs-classic\" data-duration=\"0:33\" data-estimated_duration=\"4\"><source src=\"https:\/\/www.sunkaraoke.hu\/wp-content\/uploads\/2022\/08\/Nem-kell-hogy-sirassatok-Tesok_demo.mp3\" type=\"audio\/mp3\" \/><\/audio><\/div>Tes\u00f3k Attila &#8211; Nem kell hogy sirassatok (Original)"},"content":{"rendered":"<p><strong>03:11<\/strong> | <strong><img loading=\"lazy\" decoding=\"async\" class=\"alignnone size-full wp-image-467\" src=\"https:\/\/www.sunkaraoke.hu\/wp-content\/uploads\/2022\/07\/choir_2-copy.webp\" alt=\"\" width=\"30\" height=\"30\" \/> <\/strong><\/p>\n","protected":false},"excerpt":{"rendered":"<h6><strong>Bits\u0171r\u0171s\u00e9g: 320 kb\/s<\/strong><br \/>\n<strong>Hossz: 03:11<\/strong><br \/>\n<strong>Vok\u00e1lt tartalmaz: Nem <img loading=\"lazy\" decoding=\"async\" class=\"alignnone size-full wp-image-467\" src=\"http:\/\/www.sunkaraoke.hu\/wp-content\/uploads\/2022\/07\/choir_2-copy.png\" alt=\"\" width=\"30\" height=\"30\" \/><\/strong><strong style=\"font-size: 16px;\"><br \/>\n<\/strong><\/h6>\n<p>Sunkaraoke mp3 st\u00fadi\u00f3 \/ www.sunkaraoke.hu \/ Inf: Tel: 06 20 4275001<\/p>\n<p>&#8212;Intr\u00f3&#8212;<\/p>\n<p>Holnapt\u00f3l esk\u00fcsz\u00f6m hogy megv\u00e1ltozok \u00e9n,<br \/>\nnem bizniszelek \u00e9n, m\u00e1r t\u00f6bb\u00e9 feket\u00e9n.<br \/>\nElvett\u00e9k a csik\u00f3mat \u00e9s a vagyonom,<br \/>\n\u00e9vekig b\u00f6rt\u00f6nbe lesz, az \u00e9n otthonom.<\/p>\n<p>De nem kell hogy sirassatok dr\u00e1ga cimbor\u00e1k,<br \/>\nn\u00e9ha m\u00e9g megisszuk, a j\u00f3 ap\u00e1m bor\u00e1t,<br \/>\n\u00e9s \u00e9nekelj\u00fck a sok r\u00e9gi \u00e9neket,<br \/>\n\u00edgy id\u00e9zz\u00fck fel majd, a legszebb \u00e9veket.<\/p>\n<p>Holnapt\u00f3l boldogg\u00e1 teszem az asszonyom,<br \/>\nb\u00e1rmit is k\u00edv\u00e1nhat \u00e9n dupl\u00e1n megadom.<br \/>\nElhalmozom a h\u00e9ten, mind az \u00f6t napon,<br \/>\nde h\u00e9tv\u00e9g\u00e9n azt a kett\u0151t, magamnak hagyom.<\/p>\n<p>De nem kell hogy sirassatok dr\u00e1ga cimbor\u00e1k,<br \/>\nn\u00e9ha m\u00e9g megisszuk, a j\u00f3 ap\u00e1m bor\u00e1t,<br \/>\n\u00e9s \u00e9nekelj\u00fck a sok r\u00e9gi \u00e9neket,<br \/>\n\u00edgy id\u00e9zz\u00fck fel majd, a legszebb \u00e9veket.<br \/>\n&#8212;Sz\u00f3l\u00f3&#8212;<\/p>\n<p>Holnapt\u00f3l esk\u00fcsz\u00f6m hogy megv\u00e1ltozok \u00e9n,<br \/>\nnem bizniszelek \u00e9n, m\u00e1r t\u00f6bb\u00e9 feket\u00e9n.<br \/>\nElvett\u00e9k a csik\u00f3mat \u00e9s a vagyonom,<br \/>\n\u00e9vekig b\u00f6rt\u00f6nbe lesz, az \u00e9n otthonom.<\/p>\n<p>De nem kell hogy sirassatok dr\u00e1ga cimbor\u00e1k,<br \/>\nn\u00e9ha m\u00e9g megisszuk, a j\u00f3 ap\u00e1m bor\u00e1t,<br \/>\n\u00e9s \u00e9nekelj\u00fck a sok r\u00e9gi \u00e9neket,<br \/>\n\u00edgy id\u00e9zz\u00fck fel majd, a legszebb \u00e9veket.<\/p>\n<p>Holnapt\u00f3l boldogg\u00e1 teszem az asszonyom,<br \/>\nb\u00e1rmit is k\u00edv\u00e1nhat \u00e9n dupl\u00e1n megadom.<br \/>\nElhalmozom a h\u00e9ten, mind az \u00f6t napon,<br \/>\nde h\u00e9tv\u00e9g\u00e9n azt a kett\u0151t, magamnak hagyom.<\/p>\n<p>De nem kell hogy sirassatok dr\u00e1ga cimbor\u00e1k,<br \/>\nn\u00e9ha m\u00e9g megisszuk, a j\u00f3 ap\u00e1m bor\u00e1t,<br \/>\n\u00e9s \u00e9nekelj\u00fck a sok r\u00e9gi \u00e9neket,<br \/>\n\u00edgy id\u00e9zz\u00fck fel majd, a legszebb \u00e9veket.<br \/>\n&#8212;Sz\u00f3l\u00f3&#8212;<br \/>\nDe nem kell hogy sirassatok dr\u00e1ga cimbor\u00e1k,<br \/>\nn\u00e9ha m\u00e9g megisszuk, a j\u00f3 ap\u00e1m bor\u00e1t,<br \/>\n\u00e9s \u00e9nekelj\u00fck a sok r\u00e9gi \u00e9neket,<br \/>\n\u00edgy id\u00e9zz\u00fck fel majd, a legszebb \u00e9veket.<br \/>\n\u00cdgy id\u00e9zz\u00fck fel majd, a legszebb \u00e9veket.<br \/>\n&#8212;V\u00e9ge&#8212;<\/p>\n","protected":false},"featured_media":8715,"template":"","meta":{"site-sidebar-layout":"default","site-content-layout":"default","ast-site-content-layout":"default","site-content-style":"default","site-sidebar-style":"default","ast-global-header-display":"","ast-banner-title-visibility":"","ast-main-header-display":"","ast-hfb-above-header-display":"","ast-hfb-below-header-display":"","ast-hfb-mobile-header-display":"","site-post-title":"","ast-breadcrumbs-content":"","ast-featured-img":"","footer-sml-layout":"","theme-transparent-header-meta":"default","adv-header-id-meta":"","stick-header-meta":"","header-above-stick-meta":"","header-main-stick-meta":"","header-below-stick-meta":"","astra-migrate-meta-layouts":"set","ast-page-background-enabled":"default","ast-page-background-meta":{"desktop":{"background-color":"var(--ast-global-color-4)","background-image":"","background-repeat":"repeat","background-position":"center center","background-size":"auto","background-attachment":"scroll","background-type":"","background-media":"","overlay-type":"","overlay-color":"","overlay-opacity":"","overlay-gradient":""},"tablet":{"background-color":"","background-image":"","background-repeat":"repeat","background-position":"center center","background-size":"auto","background-attachment":"scroll","background-type":"","background-media":"","overlay-type":"","overlay-color":"","overlay-opacity":"","overlay-gradient":""},"mobile":{"background-color":"","background-image":"","background-repeat":"repeat","background-position":"center center","background-size":"auto","background-attachment":"scroll","background-type":"","background-media":"","overlay-type":"","overlay-color":"","overlay-opacity":"","overlay-gradient":""}},"ast-content-background-meta":{"desktop":{"background-color":"var(--ast-global-color-5)","background-image":"","background-repeat":"repeat","background-position":"center center","background-size":"auto","background-attachment":"scroll","background-type":"","background-media":"","overlay-type":"","overlay-color":"","overlay-opacity":"","overlay-gradient":""},"tablet":{"background-color":"var(--ast-global-color-5)","background-image":"","background-repeat":"repeat","background-position":"center center","background-size":"auto","background-attachment":"scroll","background-type":"","background-media":"","overlay-type":"","overlay-color":"","overlay-opacity":"","overlay-gradient":""},"mobile":{"background-color":"var(--ast-global-color-5)","background-image":"","background-repeat":"repeat","background-position":"center center","background-size":"auto","background-attachment":"scroll","background-type":"","background-media":"","overlay-type":"","overlay-color":"","overlay-opacity":"","overlay-gradient":""}}},"product_cat":[48],"product_tag":[],"class_list":["post-5673","product","type-product","status-publish","has-post-thumbnail","hentry","product_cat-sunkaraoke-dalok","desktop-align-left","tablet-align-left","mobile-align-left"],"_links":{"self":[{"href":"https:\/\/www.sunkaraoke.hu\/index.php\/wp-json\/wp\/v2\/product\/5673","targetHints":{"allow":["GET"]}}],"collection":[{"href":"https:\/\/www.sunkaraoke.hu\/index.php\/wp-json\/wp\/v2\/product"}],"about":[{"href":"https:\/\/www.sunkaraoke.hu\/index.php\/wp-json\/wp\/v2\/types\/product"}],"wp:featuredmedia":[{"embeddable":true,"href":"https:\/\/www.sunkaraoke.hu\/index.php\/wp-json\/wp\/v2\/media\/8715"}],"wp:attachment":[{"href":"https:\/\/www.sunkaraoke.hu\/index.php\/wp-json\/wp\/v2\/media?parent=5673"}],"wp:term":[{"taxonomy":"product_cat","embeddable":true,"href":"https:\/\/www.sunkaraoke.hu\/index.php\/wp-json\/wp\/v2\/product_cat?post=5673"},{"taxonomy":"product_tag","embeddable":true,"href":"https:\/\/www.sunkaraoke.hu\/index.php\/wp-json\/wp\/v2\/product_tag?post=5673"}],"curies":[{"name":"wp","href":"https:\/\/api.w.org\/{rel}","templated":true}]}}