{"id":5671,"date":"2022-08-08T20:49:38","date_gmt":"2022-08-08T20:49:38","guid":{"rendered":"https:\/\/www.sunkaraoke.hu\/index.php\/termek\/bitto-duo-gondortol-2019-kerlek-orokke-szeress\/"},"modified":"2026-04-18T07:27:28","modified_gmt":"2026-04-18T05:27:28","slug":"bitto-duo-gondortol-2019-kerlek-orokke-szeress","status":"publish","type":"product","link":"https:\/\/www.sunkaraoke.hu\/index.php\/termek\/bitto-duo-gondortol-2019-kerlek-orokke-szeress\/","title":{"rendered":"<div class=\"wcmp-player-container product-5671\"><audio controlslist=\"nodownload\" data-product=\"5671\"  volume=\"1\"  preload=\"none\" data-lazyloading=\"none\" class=\"wcmp-player track mejs-classic\" data-duration=\"0:31\" data-estimated_duration=\"4\"><source src=\"https:\/\/www.sunkaraoke.hu\/wp-content\/uploads\/2022\/08\/Gondortol-Kerlek-orokke-Bitto-2019.-PB._demo.mp3\" type=\"audio\/mp3\" \/><\/audio><\/div>Bitt\u00f3 Du\u00f3 &#8211; G\u00f6nd\u00f6rt\u0151l (Original)"},"content":{"rendered":"<p><strong>04:41<\/strong> | <strong><img loading=\"lazy\" decoding=\"async\" class=\"alignnone size-full wp-image-467\" src=\"https:\/\/www.sunkaraoke.hu\/wp-content\/uploads\/2022\/07\/choir_2-copy.webp\" alt=\"\" width=\"30\" height=\"30\" \/> <\/strong><\/p>\n","protected":false},"excerpt":{"rendered":"<h6><strong>Bits\u0171r\u0171s\u00e9g: 320<\/strong>kb\/s<strong><br \/>\n<\/strong><strong>Hossz: <\/strong>04:41<strong><br \/>\n<\/strong><strong style=\"font-size: 16px;\">Vok\u00e1lt tartalmaz: <\/strong>Nem <img loading=\"lazy\" decoding=\"async\" class=\"alignnone size-full wp-image-467\" src=\"http:\/\/www.sunkaraoke.hu\/wp-content\/uploads\/2022\/07\/choir_2-copy.png\" alt=\"\" width=\"30\" height=\"30\" \/><strong style=\"font-size: 16px;\"><br \/>\n<\/strong><\/h6>\n<p>Sunkaraoke mp3 st\u00fadi\u00f3 \/ www.sunkaraoke.hu \/ Inf: Tel: 06 20 4275001<\/p>\n<p>&#8212;Intr\u00f3&#8212;<br \/>\nK\u00e9rlek \u00f6r\u00f6kk\u00e9 szeress,<br \/>\n\u00f3h egy percet se szeress tov\u00e1bb,<br \/>\ncs\u00f3kjaim sz\u00e1dat \u00e9geti,<br \/>\nha r\u00e1m n\u00e9zel az id\u0151 meg\u00e1ll.<br \/>\nP\u00e1ratlan p\u00e1ros alkot\u00e1s,<br \/>\ngyere \u00e9s j\u00e1tssz a sz\u00edvem h\u00farj\u00e1n,<br \/>\n\u00fagy kellesz mint \u00e9jnek a nappal,<br \/>\nveled a mennyekbe sz\u00e1rnyaln\u00e9k.<br \/>\nP\u00e1ratlan p\u00e1ros alkot\u00e1s,<br \/>\ngyere \u00e9s j\u00e1tssz a sz\u00edvem h\u00farj\u00e1n,<br \/>\n\u00fagy kellesz mint \u00e9jnek a nappal,<br \/>\nveled a mennyekbe sz\u00e1rnyaln\u00e9k.<\/p>\n<p>\u00d3h egy angyal a f\u00f6ldre sz\u00e1llt,<br \/>\nf\u00fclembe s\u00fagja ne adjam fel,<br \/>\nmert t\u00e9ged nekem sz\u00e1nt az Isten,<br \/>\nangyalom hallgasd az \u00e9n \u00e9nekem,<br \/>\n\u00e9s ha majd arr\u00f3l k\u00e9rdezn\u00e9l,<br \/>\nhogy ir\u00e1ntad \u00e9n mit \u00e9rzek,<br \/>\n\u00e9n csak p\u00e1r sz\u00f3val jellemezn\u00e9m,<br \/>\nnekem te vagy a l\u00e9tez\u00e9s.<br \/>\n\u00c9s ha majd arr\u00f3l k\u00e9rdezn\u00e9l,<br \/>\nhogy ir\u00e1ntad \u00e9n mit \u00e9rzek,<br \/>\n\u00e9n csak p\u00e1r sz\u00f3val jellemezn\u00e9m,<br \/>\nnekem te vagy a l\u00e9tez\u00e9s.<\/p>\n<p>K\u00e9rlek \u00f6r\u00f6kk\u00e9 szeress,<br \/>\n\u00f3h egy percet sem szeress tov\u00e1bb,<br \/>\ncs\u00f3kjaim sz\u00e1dat \u00e9geti,<br \/>\nha r\u00e1m n\u00e9zel az id\u0151 meg\u00e1ll.<br \/>\nP\u00e1ratlan p\u00e1ros alkot\u00e1s,<br \/>\ngyere \u00e9s j\u00e1tssz a sz\u00edvem h\u00farj\u00e1n,<br \/>\n\u00fagy kellesz mint \u00e9jnek a nappal,<br \/>\nveled a mennyekbe sz\u00e1rnyaln\u00e9k.<br \/>\nP\u00e1ratlan p\u00e1ros alkot\u00e1s,<br \/>\ngyere \u00e9s j\u00e1tssz a sz\u00edvem h\u00farj\u00e1n,<br \/>\n\u00fagy kellesz mint \u00e9jnek a nappal,<br \/>\nveled a mennyekbe sz\u00e1rnyaln\u00e9k.<br \/>\n&#8212;Sz\u00f3l\u00f3&#8212;<br \/>\n\u00d3h egy angyal a f\u00f6ldre sz\u00e1llt,<br \/>\nf\u00fclembe s\u00fagja ne adjam fel,<br \/>\nmert t\u00e9ged nekem sz\u00e1nt az Isten,<br \/>\nels\u0151 l\u00e1t\u00e1sra szerettelek,<br \/>\n\u00e9s ha majd arr\u00f3l k\u00e9rdezn\u00e9l,<br \/>\nhogy ir\u00e1ntad \u00e9n mit \u00e9rzek,<br \/>\n\u00e9n csak p\u00e1r sz\u00f3val jellemezn\u00e9m,<br \/>\nnekem te vagy a l\u00e9tez\u00e9s.<br \/>\n\u00c9s ha majd arr\u00f3l k\u00e9rdezn\u00e9l,<br \/>\nhogy ir\u00e1ntad \u00e9n mit \u00e9rzek,<br \/>\n\u00e9n csak p\u00e1r sz\u00f3val jellemezn\u00e9m,<br \/>\nnekem te vagy a l\u00e9tez\u00e9s.<\/p>\n<p>\u00d3h egy angyal a f\u00f6ldre sz\u00e1llt,<br \/>\nf\u00fclembe s\u00fagja ne adjam fel,<br \/>\nmert t\u00e9ged nekem sz\u00e1nt az Isten,<br \/>\na sz\u00edved f\u00e9nyesebb a napn\u00e1l,<br \/>\n\u00e9s ha majd arr\u00f3l k\u00e9rdezn\u00e9l,<br \/>\nhogy ir\u00e1ntad \u00e9n mit \u00e9rzek,<br \/>\n\u00e9n csak p\u00e1r sz\u00f3val jellemezn\u00e9m,<br \/>\nnekem te vagy a l\u00e9tez\u00e9s.<br \/>\n\u00c9s ha majd arr\u00f3l k\u00e9rdezn\u00e9l,<br \/>\nhogy ir\u00e1ntad \u00e9n mit \u00e9rzek,<br \/>\n\u00e9n csak p\u00e1r sz\u00f3val jellemezn\u00e9m,<br \/>\nnekem te vagy a l\u00e9tez\u00e9s.<\/p>\n<p>&#8212;V\u00e9ge&#8212;<\/p>\n","protected":false},"featured_media":8718,"template":"","meta":{"site-sidebar-layout":"default","site-content-layout":"default","ast-site-content-layout":"default","site-content-style":"default","site-sidebar-style":"default","ast-global-header-display":"","ast-banner-title-visibility":"","ast-main-header-display":"","ast-hfb-above-header-display":"","ast-hfb-below-header-display":"","ast-hfb-mobile-header-display":"","site-post-title":"","ast-breadcrumbs-content":"","ast-featured-img":"","footer-sml-layout":"","theme-transparent-header-meta":"default","adv-header-id-meta":"","stick-header-meta":"","header-above-stick-meta":"","header-main-stick-meta":"","header-below-stick-meta":"","astra-migrate-meta-layouts":"set","ast-page-background-enabled":"default","ast-page-background-meta":{"desktop":{"background-color":"var(--ast-global-color-4)","background-image":"","background-repeat":"repeat","background-position":"center center","background-size":"auto","background-attachment":"scroll","background-type":"","background-media":"","overlay-type":"","overlay-color":"","overlay-opacity":"","overlay-gradient":""},"tablet":{"background-color":"","background-image":"","background-repeat":"repeat","background-position":"center center","background-size":"auto","background-attachment":"scroll","background-type":"","background-media":"","overlay-type":"","overlay-color":"","overlay-opacity":"","overlay-gradient":""},"mobile":{"background-color":"","background-image":"","background-repeat":"repeat","background-position":"center center","background-size":"auto","background-attachment":"scroll","background-type":"","background-media":"","overlay-type":"","overlay-color":"","overlay-opacity":"","overlay-gradient":""}},"ast-content-background-meta":{"desktop":{"background-color":"var(--ast-global-color-5)","background-image":"","background-repeat":"repeat","background-position":"center center","background-size":"auto","background-attachment":"scroll","background-type":"","background-media":"","overlay-type":"","overlay-color":"","overlay-opacity":"","overlay-gradient":""},"tablet":{"background-color":"var(--ast-global-color-5)","background-image":"","background-repeat":"repeat","background-position":"center center","background-size":"auto","background-attachment":"scroll","background-type":"","background-media":"","overlay-type":"","overlay-color":"","overlay-opacity":"","overlay-gradient":""},"mobile":{"background-color":"var(--ast-global-color-5)","background-image":"","background-repeat":"repeat","background-position":"center center","background-size":"auto","background-attachment":"scroll","background-type":"","background-media":"","overlay-type":"","overlay-color":"","overlay-opacity":"","overlay-gradient":""}}},"product_cat":[48],"product_tag":[],"class_list":["post-5671","product","type-product","status-publish","has-post-thumbnail","hentry","product_cat-sunkaraoke-dalok","desktop-align-left","tablet-align-left","mobile-align-left"],"_links":{"self":[{"href":"https:\/\/www.sunkaraoke.hu\/index.php\/wp-json\/wp\/v2\/product\/5671","targetHints":{"allow":["GET"]}}],"collection":[{"href":"https:\/\/www.sunkaraoke.hu\/index.php\/wp-json\/wp\/v2\/product"}],"about":[{"href":"https:\/\/www.sunkaraoke.hu\/index.php\/wp-json\/wp\/v2\/types\/product"}],"wp:featuredmedia":[{"embeddable":true,"href":"https:\/\/www.sunkaraoke.hu\/index.php\/wp-json\/wp\/v2\/media\/8718"}],"wp:attachment":[{"href":"https:\/\/www.sunkaraoke.hu\/index.php\/wp-json\/wp\/v2\/media?parent=5671"}],"wp:term":[{"taxonomy":"product_cat","embeddable":true,"href":"https:\/\/www.sunkaraoke.hu\/index.php\/wp-json\/wp\/v2\/product_cat?post=5671"},{"taxonomy":"product_tag","embeddable":true,"href":"https:\/\/www.sunkaraoke.hu\/index.php\/wp-json\/wp\/v2\/product_tag?post=5671"}],"curies":[{"name":"wp","href":"https:\/\/api.w.org\/{rel}","templated":true}]}}