{"id":5670,"date":"2022-08-08T20:49:38","date_gmt":"2022-08-08T20:49:38","guid":{"rendered":"https:\/\/www.sunkaraoke.hu\/index.php\/termek\/galamb-jozsef-szurke-eniko-ne-sirj-szaxofonom\/"},"modified":"2026-04-18T07:27:28","modified_gmt":"2026-04-18T05:27:28","slug":"galamb-jozsef-szurke-eniko-ne-sirj-szaxofonom","status":"publish","type":"product","link":"https:\/\/www.sunkaraoke.hu\/index.php\/termek\/galamb-jozsef-szurke-eniko-ne-sirj-szaxofonom\/","title":{"rendered":"<div class=\"wcmp-player-container product-5670\"><audio controlslist=\"nodownload\" data-product=\"5670\"  volume=\"1\"  preload=\"none\" data-lazyloading=\"none\" class=\"wcmp-player track mejs-classic\" data-duration=\"0:34\" data-estimated_duration=\"4\"><source src=\"https:\/\/www.sunkaraoke.hu\/wp-content\/uploads\/2022\/08\/Ne-sirj-szaxofonom-vok-G.-demoo.mp3\" type=\"audio\/mp3\" \/><\/audio><\/div>Galamb J\u00f3zsef &#038; Sz\u00fcrke Enik\u00f5 &#8211; Ne s\u00edrj szaxofonom (Original)"},"content":{"rendered":"<p><strong>03:27<\/strong> | <strong><img loading=\"lazy\" decoding=\"async\" class=\"alignnone size-full wp-image-466\" src=\"https:\/\/www.sunkaraoke.hu\/wp-content\/uploads\/2022\/07\/choir_1-copy.webp\" alt=\"\" width=\"30\" height=\"30\" \/> <\/strong><\/p>\n","protected":false},"excerpt":{"rendered":"<h6><strong>Bits\u0171r\u0171s\u00e9g: 320<\/strong>kb\/s<strong><br \/>\n<\/strong><strong>Hossz: <\/strong>03:27<strong><br \/>\n<\/strong><strong style=\"font-size: 16px;\">Vok\u00e1lt tartalmaz: <\/strong>Igen <img loading=\"lazy\" decoding=\"async\" class=\"alignnone size-full wp-image-466\" src=\"http:\/\/www.sunkaraoke.hu\/wp-content\/uploads\/2022\/07\/choir_1-copy.png\" alt=\"\" width=\"30\" height=\"30\" \/><strong style=\"font-size: 16px;\"><br \/>\n<\/strong><\/h6>\n<p>Sunkaraoke mp3 st\u00fadi\u00f3 \/ www.sunkaraoke.hu \/ Inf: Tel: 06 20 4275001<\/p>\n<p>&#8212;Intr\u00f3&#8212;<br \/>\nA szerelem \u00e9s ny\u00e1r,<br \/>\nkarba \u00f6ltve h\u0171tlen\u00fcl t\u0171ntek el<br \/>\ncsak te vagy az a t\u00e1rs,<br \/>\nki megmaradt nekem.<br \/>\nA szerelem \u00e9s ny\u00e1r,<br \/>\na szob\u00e1m poros sark\u00e1ba \u0171ztek el,<br \/>\ntudom m\u00e1r hogy az \u00e9rz\u00e9keny szaxi lelked,<br \/>\nezt nehezen viselte el.<\/p>\n<p>Ne s\u00edrj ne s\u00edrj, j\u00f3 szaxofonom,<br \/>\nami kell csak te, vagy v\u00e9gre elmondhatom,<br \/>\nhisz a m\u00faltamat m\u00e1t\u00f3l \u00e9n megtagadom egy dalod\u00e9rt.<br \/>\nNe s\u00edrj ne s\u00edrj, j\u00f3 szaxofonom,<br \/>\nhiszen \u00fajra \u00e9s csak neked azt d\u00fadolom,<br \/>\nhogy a k\u00f6nnyeid hullatni m\u00e1r nem lesz okod semmi\u00e9rt.<br \/>\n&#8212;Sz\u00f3l\u00f3&#8212;<br \/>\nA szerelem \u00e9s ny\u00e1r,<br \/>\nfeledtetni tudt\u00e1k \u00e9n velem,<br \/>\nhogy te vagy a bar\u00e1t, ki dalol m\u00e9g nekem.<br \/>\nA szerelem \u00e9s ny\u00e1r,<br \/>\nm\u00e1r nem vehetnek t\u00f6bbet t\u0151lem el,<br \/>\ntudom m\u00e1r hogy az \u00e9rz\u00e9keny szaxi lelked,<br \/>\nezt nehezen viseln\u00e9 el.<br \/>\nNe s\u00edrj ne s\u00edrj, j\u00f3 szaxofonom,<br \/>\nami kell csak te vagy, v\u00e9gre elmondhatom,<br \/>\nhisz a m\u00faltamat m\u00e1t\u00f3l \u00e9n megtagadom, egy dalod\u00e9rt.<br \/>\nNe s\u00edrj ne s\u00edrj, j\u00f3 szaxofonom,<br \/>\nhiszen \u00fajra \u00e9s csak neked azt d\u00fadolom,<br \/>\nhogy a k\u00f6nnyeid hullatni m\u00e1r nem lesz okod semmi\u00e9rt.<br \/>\n&#8212;Sz\u00f3l\u00f3&#8212;<br \/>\nNe s\u00edrj ne s\u00edrj, j\u00f3 szaxofonom,<br \/>\nami kell csak te vagy v\u00e9gre elmondhatom,<br \/>\nhisz a m\u00faltamat m\u00e1t\u00f3l \u00e9n megtagadom, egy dalod\u00e9rt.<br \/>\nNe s\u00edrj ne s\u00edrj, j\u00f3 szaxofonom,<br \/>\nhiszen \u00fajra \u00e9s csak neked azt d\u00fadolom,<br \/>\nhogy a k\u00f6nnyeid hullatni m\u00e1r nem lesz okod semmi\u00e9rt.<br \/>\nNe s\u00edrj ne s\u00edrj, j\u00f3 szaxofonom,<br \/>\nami kell csak te vagy, v\u00e9gre elmondhatom,<br \/>\nhisz a m\u00faltamat m\u00e1t\u00f3l \u00e9n megtagadom, egy dalod\u00e9rt.<br \/>\nNe s\u00edrj ne s\u00edrj, j\u00f3 szaxofonom,<br \/>\nhiszen \u00fajra \u00e9s csak neked azt d\u00fadolom,<br \/>\nhogy a k\u00f6nnyeid hullatni, m\u00e1r nem lesz okod semmi\u00e9rt.<br \/>\n&#8212;V\u00e9ge&#8212;<\/p>\n","protected":false},"featured_media":6363,"template":"","meta":{"site-sidebar-layout":"default","site-content-layout":"default","ast-site-content-layout":"default","site-content-style":"default","site-sidebar-style":"default","ast-global-header-display":"","ast-banner-title-visibility":"","ast-main-header-display":"","ast-hfb-above-header-display":"","ast-hfb-below-header-display":"","ast-hfb-mobile-header-display":"","site-post-title":"","ast-breadcrumbs-content":"","ast-featured-img":"","footer-sml-layout":"","theme-transparent-header-meta":"default","adv-header-id-meta":"","stick-header-meta":"","header-above-stick-meta":"","header-main-stick-meta":"","header-below-stick-meta":"","astra-migrate-meta-layouts":"set","ast-page-background-enabled":"default","ast-page-background-meta":{"desktop":{"background-color":"var(--ast-global-color-4)","background-image":"","background-repeat":"repeat","background-position":"center center","background-size":"auto","background-attachment":"scroll","background-type":"","background-media":"","overlay-type":"","overlay-color":"","overlay-opacity":"","overlay-gradient":""},"tablet":{"background-color":"","background-image":"","background-repeat":"repeat","background-position":"center center","background-size":"auto","background-attachment":"scroll","background-type":"","background-media":"","overlay-type":"","overlay-color":"","overlay-opacity":"","overlay-gradient":""},"mobile":{"background-color":"","background-image":"","background-repeat":"repeat","background-position":"center center","background-size":"auto","background-attachment":"scroll","background-type":"","background-media":"","overlay-type":"","overlay-color":"","overlay-opacity":"","overlay-gradient":""}},"ast-content-background-meta":{"desktop":{"background-color":"var(--ast-global-color-5)","background-image":"","background-repeat":"repeat","background-position":"center center","background-size":"auto","background-attachment":"scroll","background-type":"","background-media":"","overlay-type":"","overlay-color":"","overlay-opacity":"","overlay-gradient":""},"tablet":{"background-color":"var(--ast-global-color-5)","background-image":"","background-repeat":"repeat","background-position":"center center","background-size":"auto","background-attachment":"scroll","background-type":"","background-media":"","overlay-type":"","overlay-color":"","overlay-opacity":"","overlay-gradient":""},"mobile":{"background-color":"var(--ast-global-color-5)","background-image":"","background-repeat":"repeat","background-position":"center center","background-size":"auto","background-attachment":"scroll","background-type":"","background-media":"","overlay-type":"","overlay-color":"","overlay-opacity":"","overlay-gradient":""}}},"product_cat":[69],"product_tag":[],"class_list":["post-5670","product","type-product","status-publish","has-post-thumbnail","hentry","product_cat-galamb-joci","desktop-align-left","tablet-align-left","mobile-align-left"],"_links":{"self":[{"href":"https:\/\/www.sunkaraoke.hu\/index.php\/wp-json\/wp\/v2\/product\/5670","targetHints":{"allow":["GET"]}}],"collection":[{"href":"https:\/\/www.sunkaraoke.hu\/index.php\/wp-json\/wp\/v2\/product"}],"about":[{"href":"https:\/\/www.sunkaraoke.hu\/index.php\/wp-json\/wp\/v2\/types\/product"}],"wp:featuredmedia":[{"embeddable":true,"href":"https:\/\/www.sunkaraoke.hu\/index.php\/wp-json\/wp\/v2\/media\/6363"}],"wp:attachment":[{"href":"https:\/\/www.sunkaraoke.hu\/index.php\/wp-json\/wp\/v2\/media?parent=5670"}],"wp:term":[{"taxonomy":"product_cat","embeddable":true,"href":"https:\/\/www.sunkaraoke.hu\/index.php\/wp-json\/wp\/v2\/product_cat?post=5670"},{"taxonomy":"product_tag","embeddable":true,"href":"https:\/\/www.sunkaraoke.hu\/index.php\/wp-json\/wp\/v2\/product_tag?post=5670"}],"curies":[{"name":"wp","href":"https:\/\/api.w.org\/{rel}","templated":true}]}}