{"id":5667,"date":"2022-08-08T20:49:37","date_gmt":"2022-08-08T20:49:37","guid":{"rendered":"https:\/\/www.sunkaraoke.hu\/index.php\/termek\/dupla-kave-en-mar-veled-nem-lehetek-boldog\/"},"modified":"2026-04-18T07:25:18","modified_gmt":"2026-04-18T05:25:18","slug":"dupla-kave-en-mar-veled-nem-lehetek-boldog","status":"publish","type":"product","link":"https:\/\/www.sunkaraoke.hu\/index.php\/termek\/dupla-kave-en-mar-veled-nem-lehetek-boldog\/","title":{"rendered":"<div class=\"wcmp-player-container product-5667\"><audio controlslist=\"nodownload\" data-product=\"5667\"  volume=\"1\"  preload=\"none\" data-lazyloading=\"none\" class=\"wcmp-player track mejs-classic\" data-duration=\"0:31\" data-estimated_duration=\"4\"><source src=\"https:\/\/www.sunkaraoke.hu\/wp-content\/uploads\/2022\/08\/En-mar-veled-DuplaKV-SB.demooo.mp3\" type=\"audio\/mp3\" \/><\/audio><\/div>Dupla K\u00e1v\u00e9 &#8211; \u00c9n m\u00e1r veled nem lehetek boldog (Original)"},"content":{"rendered":"<p><strong>02:57<\/strong> | <strong><img loading=\"lazy\" decoding=\"async\" class=\"alignnone size-full wp-image-467\" src=\"https:\/\/www.sunkaraoke.hu\/wp-content\/uploads\/2022\/07\/choir_2-copy.webp\" alt=\"\" width=\"30\" height=\"30\" \/> <\/strong><\/p>\n","protected":false},"excerpt":{"rendered":"<h6><strong>Bits\u0171r\u0171s\u00e9g: 320<\/strong>kb\/s<strong><br \/>\n<\/strong><strong>Hossz: <\/strong>02:57<strong><br \/>\n<\/strong><strong style=\"font-size: 16px;\">Vok\u00e1lt tartalmaz: <\/strong>Nem <img loading=\"lazy\" decoding=\"async\" class=\"alignnone size-full wp-image-467\" src=\"http:\/\/www.sunkaraoke.hu\/wp-content\/uploads\/2022\/07\/choir_2-copy.png\" alt=\"\" width=\"30\" height=\"30\" \/><strong style=\"font-size: 16px;\"><br \/>\n<\/strong><\/h6>\n<p>Sunkaraoke mp3 st\u00fadi\u00f3 \/ www.sunkaraoke.hu \/ Inf: Tel: 06 20 4275001<\/p>\n<p>&#8212;Intr\u00f3&#8212;<br \/>\n\u00c9n m\u00e1r veled nem lehetek boldog,<br \/>\nne is v\u00e1rj\u00e1l holnap este r\u00e1m.<br \/>\nNem lett abb\u00f3l semmi, amit mondt\u00e1l,<br \/>\nsz\u00e1z csal\u00f3d\u00e1st hozott ez a ny\u00e1r.<\/p>\n<p>Tudd meg azt, hogy m\u00e1st szeretek \u00e9n is,<br \/>\ntudd meg azt, hogy m\u00e1s\u00e9 a sz\u00edvem,<br \/>\nde ha egyszer vissza tal\u00e1lsz j\u00f6nni,<br \/>\nkarjaimba z\u00e1rlak, kedvesem.<br \/>\n&#8212;Sz\u00f3l\u00f3&#8212;<br \/>\nTe is olyan vagy, ak\u00e1r a t\u00f6bbi,<br \/>\nte is azt hazudtad, hogy szeretsz.<br \/>\nFogsz m\u00e9g sokszor \u00e9nut\u00e1nam s\u00edrni,<br \/>\nde m\u00e1r akkor k\u00e9s\u0151 lesz, sz\u00edvem!<\/p>\n<p>Tudd meg azt, hogy m\u00e1st szeretek \u00e9n is,<br \/>\ntudd meg azt, hogy m\u00e1s\u00e9 a sz\u00edvem,<br \/>\nde ha egyszer vissza tal\u00e1lsz j\u00f6nni,<br \/>\nkarjaimba z\u00e1rlak, kedvesem.<br \/>\n&#8212;Sz\u00f3l\u00f3&#8212;<br \/>\n\u00c9n m\u00e1r veled nem lehetek boldog,<br \/>\nne is v\u00e1rj\u00e1l holnap este r\u00e1m.<br \/>\nNem lett abb\u00f3l semmi, amit mondt\u00e1l,<br \/>\nsz\u00e1z csal\u00f3d\u00e1st hozott ez a ny\u00e1r.<\/p>\n<p>Tudd meg azt, hogy m\u00e1st szeretek \u00e9n is,<br \/>\ntudd meg azt, hogy m\u00e1s\u00e9 a sz\u00edvem,<br \/>\nde ha egyszer vissza tal\u00e1lsz j\u00f6nni,<br \/>\nKarjaimba z\u00e1rlak, kedvesem.<\/p>\n<p>Tudd meg azt, hogy m\u00e1st szeretek \u00e9n is,<br \/>\ntudd meg azt, hogy m\u00e1s\u00e9 a sz\u00edvem,<br \/>\nde ha egyszer vissza tal\u00e1lsz j\u00f6nni,<br \/>\nkarjaimba z\u00e1rlak, kedvesem.<br \/>\nDe ha egyszer vissza tal\u00e1lsz j\u00f6nni,<br \/>\nkarjaimba z\u00e1rlak, kedvesem.<br \/>\n&#8212;V\u00e9ge&#8212;<\/p>\n","protected":false},"featured_media":8996,"template":"","meta":{"site-sidebar-layout":"default","site-content-layout":"default","ast-site-content-layout":"default","site-content-style":"default","site-sidebar-style":"default","ast-global-header-display":"","ast-banner-title-visibility":"","ast-main-header-display":"","ast-hfb-above-header-display":"","ast-hfb-below-header-display":"","ast-hfb-mobile-header-display":"","site-post-title":"","ast-breadcrumbs-content":"","ast-featured-img":"","footer-sml-layout":"","theme-transparent-header-meta":"default","adv-header-id-meta":"","stick-header-meta":"","header-above-stick-meta":"","header-main-stick-meta":"","header-below-stick-meta":"","astra-migrate-meta-layouts":"set","ast-page-background-enabled":"default","ast-page-background-meta":{"desktop":{"background-color":"var(--ast-global-color-4)","background-image":"","background-repeat":"repeat","background-position":"center center","background-size":"auto","background-attachment":"scroll","background-type":"","background-media":"","overlay-type":"","overlay-color":"","overlay-opacity":"","overlay-gradient":""},"tablet":{"background-color":"","background-image":"","background-repeat":"repeat","background-position":"center center","background-size":"auto","background-attachment":"scroll","background-type":"","background-media":"","overlay-type":"","overlay-color":"","overlay-opacity":"","overlay-gradient":""},"mobile":{"background-color":"","background-image":"","background-repeat":"repeat","background-position":"center center","background-size":"auto","background-attachment":"scroll","background-type":"","background-media":"","overlay-type":"","overlay-color":"","overlay-opacity":"","overlay-gradient":""}},"ast-content-background-meta":{"desktop":{"background-color":"var(--ast-global-color-5)","background-image":"","background-repeat":"repeat","background-position":"center center","background-size":"auto","background-attachment":"scroll","background-type":"","background-media":"","overlay-type":"","overlay-color":"","overlay-opacity":"","overlay-gradient":""},"tablet":{"background-color":"var(--ast-global-color-5)","background-image":"","background-repeat":"repeat","background-position":"center center","background-size":"auto","background-attachment":"scroll","background-type":"","background-media":"","overlay-type":"","overlay-color":"","overlay-opacity":"","overlay-gradient":""},"mobile":{"background-color":"var(--ast-global-color-5)","background-image":"","background-repeat":"repeat","background-position":"center center","background-size":"auto","background-attachment":"scroll","background-type":"","background-media":"","overlay-type":"","overlay-color":"","overlay-opacity":"","overlay-gradient":""}}},"product_cat":[48],"product_tag":[],"class_list":["post-5667","product","type-product","status-publish","has-post-thumbnail","hentry","product_cat-sunkaraoke-dalok","desktop-align-left","tablet-align-left","mobile-align-left"],"_links":{"self":[{"href":"https:\/\/www.sunkaraoke.hu\/index.php\/wp-json\/wp\/v2\/product\/5667","targetHints":{"allow":["GET"]}}],"collection":[{"href":"https:\/\/www.sunkaraoke.hu\/index.php\/wp-json\/wp\/v2\/product"}],"about":[{"href":"https:\/\/www.sunkaraoke.hu\/index.php\/wp-json\/wp\/v2\/types\/product"}],"wp:featuredmedia":[{"embeddable":true,"href":"https:\/\/www.sunkaraoke.hu\/index.php\/wp-json\/wp\/v2\/media\/8996"}],"wp:attachment":[{"href":"https:\/\/www.sunkaraoke.hu\/index.php\/wp-json\/wp\/v2\/media?parent=5667"}],"wp:term":[{"taxonomy":"product_cat","embeddable":true,"href":"https:\/\/www.sunkaraoke.hu\/index.php\/wp-json\/wp\/v2\/product_cat?post=5667"},{"taxonomy":"product_tag","embeddable":true,"href":"https:\/\/www.sunkaraoke.hu\/index.php\/wp-json\/wp\/v2\/product_tag?post=5667"}],"curies":[{"name":"wp","href":"https:\/\/api.w.org\/{rel}","templated":true}]}}