{"id":5664,"date":"2022-08-08T20:49:37","date_gmt":"2022-08-08T20:49:37","guid":{"rendered":"https:\/\/www.sunkaraoke.hu\/index.php\/termek\/bodi-guszti-margo-tuzet-gyujtottal-2018\/"},"modified":"2026-04-18T07:25:18","modified_gmt":"2026-04-18T05:25:18","slug":"bodi-guszti-margo-tuzet-gyujtottal-2018","status":"publish","type":"product","link":"https:\/\/www.sunkaraoke.hu\/index.php\/termek\/bodi-guszti-margo-tuzet-gyujtottal-2018\/","title":{"rendered":"<div class=\"wcmp-player-container product-5664\"><audio controlslist=\"nodownload\" data-product=\"5664\"  volume=\"1\"  preload=\"none\" data-lazyloading=\"none\" class=\"wcmp-player track mejs-classic\" data-duration=\"0:35\" data-estimated_duration=\"4\"><source src=\"https:\/\/www.sunkaraoke.hu\/wp-content\/uploads\/2022\/08\/Tuzet-gyujtottal-2018.-Bodi-_demo.mp3\" type=\"audio\/mp3\" \/><\/audio><\/div>B\u00f3di Guszti &#038; Marg\u00f3 &#8211; T\u00fczet gy\u00fajtott\u00e1l 2018."},"content":{"rendered":"<p><strong>03:16<\/strong> | <strong><img loading=\"lazy\" decoding=\"async\" class=\"alignnone size-full wp-image-467\" src=\"https:\/\/www.sunkaraoke.hu\/wp-content\/uploads\/2022\/07\/choir_2-copy.webp\" alt=\"\" width=\"30\" height=\"30\" \/> <\/strong><\/p>\n","protected":false},"excerpt":{"rendered":"<h5><strong>Bits\u0171r\u0171s\u00e9g: 320 kb\/s<\/strong><br \/>\n<strong>Hossz: 03:16<\/strong><br \/>\n<strong>Vok\u00e1lt tartalmaz: Nem <img loading=\"lazy\" decoding=\"async\" class=\"alignnone size-full wp-image-467\" src=\"http:\/\/www.sunkaraoke.hu\/wp-content\/uploads\/2022\/07\/choir_2-copy.png\" alt=\"\" width=\"30\" height=\"30\" \/><\/strong><strong style=\"font-size: 16px;\"><br \/>\n<\/strong><\/h5>\n<p>Sunkaraoke mp3 st\u00fadi\u00f3 \/ www.sunkaraoke.hu \/ Inf: Tel: 06 20 4275001<\/p>\n<p>&#8212;Intr\u00f3&#8212;<br \/>\nHallod e sz\u00edvem halk szav\u00e1t.<br \/>\nHallod e , hogy mit s\u00fag te hozz\u00e1d.<br \/>\nAzt s\u00fagja, hogy \u00f6r\u00f6kk\u00e9 v\u00e1rsz re\u00e1m.<br \/>\nAz s\u00fagja , csak te vagy senki m\u00e1s.<br \/>\nNincs m\u00e1r semmi bajom,<br \/>\nnincs m\u00e1r semmi gondom,<br \/>\n\u00fagy \u00e9lek \u00e9n ahogy \u00e9n akarom.<br \/>\nN\u00e1j l\u00e9sz csn\u00e1j l\u00e9sz \u00e1b\u00e1 csi b\u00e1j\u00f3,<br \/>\nk\u00e1d\u00e9 tr\u00e1jil sz\u00e1r \u00e9gy b\u00e1ro hercego.<br \/>\nVolt egy id\u0151 amikor te meg \u00e9n,<br \/>\negy\u00fctt ment\u00fcnk a boldogs\u00e1g fel\u00e9.<br \/>\nDe f\u00e9l\u00faton te visszafordult\u00e1l,<br \/>\nnem kellett neked velem a boldogs\u00e1g.<br \/>\nNincs m\u00e1r semmi bajom,<br \/>\nnincs m\u00e1r semmi gondom,<br \/>\n\u00fagy \u00e9lek \u00e9n ahogy \u00e9n akarom.<br \/>\nN\u00e1j l\u00e9sz csi gindo,<br \/>\nn\u00e1j l\u00e9sz \u00e1b\u00e1 csi b\u00e1j\u00f3,<br \/>\nk\u00e1d\u00e9 tr\u00e1jil sz\u00e1r \u00e9gy b\u00e1ro hercego.<br \/>\nNincs m\u00e1r semmi bajom,<br \/>\nnincs m\u00e1r semmi gondom,<br \/>\n\u00fagy \u00e9lek \u00e9n ahogy \u00e9n akarom.<br \/>\nN\u00e1j l\u00e9sz csi gindo,<br \/>\nn\u00e1j l\u00e9sz \u00e1b\u00e1 csi b\u00e1j\u00f3,<br \/>\nk\u00e1d\u00e9 tr\u00e1jil sz\u00e1r \u00e9gy b\u00e1ro hercego.(Ki\u00e1ll\u00e1s)<br \/>\nJaj Istenem \u0150 az \u00e9letem,<br \/>\nnem tagadom, hogy nagyon szeretem.<br \/>\nR\u00e1 gondolok minden \u00e9jjelen,<br \/>\ndr\u00e1ga Isten de j\u00f3t tett\u00e9l velem.<br \/>\nNincs m\u00e1r semmi bajom,<br \/>\nnincs m\u00e1r semmi gondom,<br \/>\n\u00fagy \u00e9lek \u00e9n ahogy \u00e9n akarom.<br \/>\nN\u00e1j l\u00e9sz csi gindo,<br \/>\nn\u00e1j l\u00e9sz \u00e1b\u00e1 csi b\u00e1j\u00f3,<br \/>\nk\u00e1d\u00e9 tr\u00e1jil sz\u00e1r \u00e9gy b\u00e1ro hercego.<br \/>\nNincs m\u00e1r semmi bajom,<br \/>\nnincs m\u00e1r semmi gondom,<br \/>\n\u00fagy \u00e9lek \u00e9n ahogy \u00e9n akarom.<br \/>\nN\u00e1j l\u00e9sz csi gindo,<br \/>\nn\u00e1j l\u00e9sz \u00e1b\u00e1 csi b\u00e1j\u00f3,<br \/>\nk\u00e1d\u00e9 tr\u00e1jil sz\u00e1r \u00e9gy b\u00e1ro hercego.<br \/>\n&#8212;V\u00e9ge&#8212;<\/p>\n","protected":false},"featured_media":8719,"template":"","meta":{"site-sidebar-layout":"default","site-content-layout":"default","ast-site-content-layout":"default","site-content-style":"default","site-sidebar-style":"default","ast-global-header-display":"","ast-banner-title-visibility":"","ast-main-header-display":"","ast-hfb-above-header-display":"","ast-hfb-below-header-display":"","ast-hfb-mobile-header-display":"","site-post-title":"","ast-breadcrumbs-content":"","ast-featured-img":"","footer-sml-layout":"","theme-transparent-header-meta":"default","adv-header-id-meta":"","stick-header-meta":"","header-above-stick-meta":"","header-main-stick-meta":"","header-below-stick-meta":"","astra-migrate-meta-layouts":"set","ast-page-background-enabled":"default","ast-page-background-meta":{"desktop":{"background-color":"var(--ast-global-color-4)","background-image":"","background-repeat":"repeat","background-position":"center center","background-size":"auto","background-attachment":"scroll","background-type":"","background-media":"","overlay-type":"","overlay-color":"","overlay-opacity":"","overlay-gradient":""},"tablet":{"background-color":"","background-image":"","background-repeat":"repeat","background-position":"center center","background-size":"auto","background-attachment":"scroll","background-type":"","background-media":"","overlay-type":"","overlay-color":"","overlay-opacity":"","overlay-gradient":""},"mobile":{"background-color":"","background-image":"","background-repeat":"repeat","background-position":"center center","background-size":"auto","background-attachment":"scroll","background-type":"","background-media":"","overlay-type":"","overlay-color":"","overlay-opacity":"","overlay-gradient":""}},"ast-content-background-meta":{"desktop":{"background-color":"var(--ast-global-color-5)","background-image":"","background-repeat":"repeat","background-position":"center center","background-size":"auto","background-attachment":"scroll","background-type":"","background-media":"","overlay-type":"","overlay-color":"","overlay-opacity":"","overlay-gradient":""},"tablet":{"background-color":"var(--ast-global-color-5)","background-image":"","background-repeat":"repeat","background-position":"center center","background-size":"auto","background-attachment":"scroll","background-type":"","background-media":"","overlay-type":"","overlay-color":"","overlay-opacity":"","overlay-gradient":""},"mobile":{"background-color":"var(--ast-global-color-5)","background-image":"","background-repeat":"repeat","background-position":"center center","background-size":"auto","background-attachment":"scroll","background-type":"","background-media":"","overlay-type":"","overlay-color":"","overlay-opacity":"","overlay-gradient":""}}},"product_cat":[48],"product_tag":[],"class_list":["post-5664","product","type-product","status-publish","has-post-thumbnail","hentry","product_cat-sunkaraoke-dalok","desktop-align-left","tablet-align-left","mobile-align-left"],"_links":{"self":[{"href":"https:\/\/www.sunkaraoke.hu\/index.php\/wp-json\/wp\/v2\/product\/5664","targetHints":{"allow":["GET"]}}],"collection":[{"href":"https:\/\/www.sunkaraoke.hu\/index.php\/wp-json\/wp\/v2\/product"}],"about":[{"href":"https:\/\/www.sunkaraoke.hu\/index.php\/wp-json\/wp\/v2\/types\/product"}],"wp:featuredmedia":[{"embeddable":true,"href":"https:\/\/www.sunkaraoke.hu\/index.php\/wp-json\/wp\/v2\/media\/8719"}],"wp:attachment":[{"href":"https:\/\/www.sunkaraoke.hu\/index.php\/wp-json\/wp\/v2\/media?parent=5664"}],"wp:term":[{"taxonomy":"product_cat","embeddable":true,"href":"https:\/\/www.sunkaraoke.hu\/index.php\/wp-json\/wp\/v2\/product_cat?post=5664"},{"taxonomy":"product_tag","embeddable":true,"href":"https:\/\/www.sunkaraoke.hu\/index.php\/wp-json\/wp\/v2\/product_tag?post=5664"}],"curies":[{"name":"wp","href":"https:\/\/api.w.org\/{rel}","templated":true}]}}