{"id":5663,"date":"2022-08-08T20:49:37","date_gmt":"2022-08-08T20:49:37","guid":{"rendered":"https:\/\/www.sunkaraoke.hu\/index.php\/termek\/galamb-jozsef-szurke-eniko-ha-hozzam-bujik-neha\/"},"modified":"2025-04-12T17:53:04","modified_gmt":"2025-04-12T17:53:04","slug":"galamb-jozsef-szurke-eniko-ha-hozzam-bujik-neha","status":"publish","type":"product","link":"https:\/\/www.sunkaraoke.hu\/index.php\/termek\/galamb-jozsef-szurke-eniko-ha-hozzam-bujik-neha\/","title":{"rendered":"<div class=\"wcmp-player-container product-5663\"><audio controlslist=\"nodownload\" data-product=\"5663\"  volume=\"1\"  preload=\"none\" data-lazyloading=\"none\" class=\"wcmp-player track mejs-classic\" data-duration=\"0:32\" data-estimated_duration=\"4\"><source src=\"https:\/\/www.sunkaraoke.hu\/wp-content\/uploads\/2022\/08\/Ha-hozzam-bujik-neha-Voc-G.-demoo.mp3\" type=\"audio\/mp3\" \/><\/audio><\/div>Galamb J\u00f3zsef &#038; Sz\u00fcrke Enik\u00f5 &#8211; Ha hozz\u00e1m b\u00fajik n\u00e9ha (Original)"},"content":{"rendered":"<p><strong>03:49<\/strong> | <strong><img loading=\"lazy\" decoding=\"async\" class=\"alignnone size-full wp-image-466\" src=\"https:\/\/www.sunkaraoke.hu\/wp-content\/uploads\/2022\/07\/choir_1-copy.webp\" alt=\"\" width=\"30\" height=\"30\" \/> <\/strong><\/p>\n","protected":false},"excerpt":{"rendered":"<h5>Bits\u0171r\u0171s\u00e9g: 320kb\/s<br \/>\nHossz: 03:49<br \/>\nVok\u00e1lt tartalmaz: Igen <img loading=\"lazy\" decoding=\"async\" class=\"alignnone size-full wp-image-466\" src=\"http:\/\/www.sunkaraoke.hu\/wp-content\/uploads\/2022\/07\/choir_1-copy.png\" alt=\"\" width=\"30\" height=\"30\" \/><strong style=\"font-size: 16px;\"><br \/>\n<\/strong><\/h5>\n<p>Sunkaraoke mp3 st\u00fadi\u00f3 \/ www.sunkaraoke.hu \/ Inf: Tel: 06 20 4275001<\/p>\n<p>Nemr\u00e9g tal\u00e1lkoztam vele,olyan sz\u00e9p volt, cs\u00e1b\u00edt\u00f3.<br \/>\nEny\u00e9m az\u00f3ta a sz\u00edve,\u00e9s volt sz\u00e1z randev\u00fa<br \/>\nHogyha baja volt, \u00e9n tudom,hogy mi\u00e9rt oly szomor\u00fa.<br \/>\nMikor azt mondta, hogy szeret,nem volt h\u00e1bor\u00fa.<br \/>\n\u00c9s ha, hozz\u00e1m b\u00fajik n\u00e9ha,a sz\u00edvem felragyog,<br \/>\n\u00e9s ha, mag\u00e1hoz \u00f6lel engem,\u00e9n oly boldog vagyok.<br \/>\n\u00c9s ha, hozz\u00e1m b\u00fajik n\u00e9ha,a sz\u00edvem felragyog.<br \/>\n\u00c9s ha, mag\u00e1hoz \u00f6lel engem,\u00e9n oly boldog vagyok.<br \/>\n&#8212;Sz\u00f3l\u00f3&#8212;<br \/>\nNemr\u00e9g tal\u00e1lkoztam vele,soha nem lesz m\u00e1s, csak \u0151.<br \/>\nMa is gy\u00f6ny\u00f6r\u0171 a szeme,olyan \u00e9gsz\u00ednen k\u00e9kl\u0151.<br \/>\nHogyha baja van, \u00e9n tudom,\u00e9s megv\u00edgasztalom,<br \/>\nmikor azt mondja, hogy szeret,\u00e9n \u00fajra cs\u00f3kolom.<br \/>\n\u00c9s ha, hozz\u00e1m b\u00fajik n\u00e9ha,a sz\u00edvem felragyog,<br \/>\n\u00e9s ha, mag\u00e1hoz \u00f6lel engem,\u00e9n oly boldog vagyok.<br \/>\n\u00c9s ha, hozz\u00e1m b\u00fajik n\u00e9ha,a sz\u00edvem felragyog.<br \/>\n\u00c9s ha, mag\u00e1hoz \u00f6lel engem,\u00e9n oly boldog vagyok.<br \/>\n&#8212;Sz\u00f3l\u00f3&#8212;<br \/>\nNemr\u00e9g tal\u00e1lkoztam veled,most megfogom k\u00e9t kezed,<br \/>\nmeg\u00edg\u00e9rem, kedves neked,veled mindig j\u00f3 leszek.<br \/>\nHogyha bajod lesz, \u00e9n tudom,melletted leszek,<br \/>\n\u00e9s ha azt mondod, hogy szeretsz,\u00e9n mindent megteszek.<br \/>\n\u00c9s ha, hozz\u00e1m b\u00fajik n\u00e9ha,a sz\u00edvem felragyog,<br \/>\n\u00e9s ha, mag\u00e1hoz \u00f6lel engem,\u00e9n oly boldog vagyok.<br \/>\n\u00c9s ha, hozz\u00e1m b\u00fajik n\u00e9ha,a sz\u00edvem felragyog.<br \/>\n\u00c9s ha, mag\u00e1hoz \u00f6lel engem,\u00e9n oly boldog vagyok.<br \/>\n&#8212;V\u00e9ge&#8212;<\/p>\n<p>&nbsp;<\/p>\n","protected":false},"featured_media":6363,"template":"","meta":{"site-sidebar-layout":"default","site-content-layout":"default","ast-site-content-layout":"default","site-content-style":"default","site-sidebar-style":"default","ast-global-header-display":"","ast-banner-title-visibility":"","ast-main-header-display":"","ast-hfb-above-header-display":"","ast-hfb-below-header-display":"","ast-hfb-mobile-header-display":"","site-post-title":"","ast-breadcrumbs-content":"","ast-featured-img":"","footer-sml-layout":"","theme-transparent-header-meta":"default","adv-header-id-meta":"","stick-header-meta":"","header-above-stick-meta":"","header-main-stick-meta":"","header-below-stick-meta":"","astra-migrate-meta-layouts":"set","ast-page-background-enabled":"default","ast-page-background-meta":{"desktop":{"background-color":"var(--ast-global-color-4)","background-image":"","background-repeat":"repeat","background-position":"center center","background-size":"auto","background-attachment":"scroll","background-type":"","background-media":"","overlay-type":"","overlay-color":"","overlay-opacity":"","overlay-gradient":""},"tablet":{"background-color":"","background-image":"","background-repeat":"repeat","background-position":"center center","background-size":"auto","background-attachment":"scroll","background-type":"","background-media":"","overlay-type":"","overlay-color":"","overlay-opacity":"","overlay-gradient":""},"mobile":{"background-color":"","background-image":"","background-repeat":"repeat","background-position":"center center","background-size":"auto","background-attachment":"scroll","background-type":"","background-media":"","overlay-type":"","overlay-color":"","overlay-opacity":"","overlay-gradient":""}},"ast-content-background-meta":{"desktop":{"background-color":"var(--ast-global-color-5)","background-image":"","background-repeat":"repeat","background-position":"center center","background-size":"auto","background-attachment":"scroll","background-type":"","background-media":"","overlay-type":"","overlay-color":"","overlay-opacity":"","overlay-gradient":""},"tablet":{"background-color":"var(--ast-global-color-5)","background-image":"","background-repeat":"repeat","background-position":"center center","background-size":"auto","background-attachment":"scroll","background-type":"","background-media":"","overlay-type":"","overlay-color":"","overlay-opacity":"","overlay-gradient":""},"mobile":{"background-color":"var(--ast-global-color-5)","background-image":"","background-repeat":"repeat","background-position":"center center","background-size":"auto","background-attachment":"scroll","background-type":"","background-media":"","overlay-type":"","overlay-color":"","overlay-opacity":"","overlay-gradient":""}}},"product_cat":[69],"product_tag":[],"class_list":["post-5663","product","type-product","status-publish","has-post-thumbnail","hentry","product_cat-galamb-joci","desktop-align-left","tablet-align-left","mobile-align-left"],"_links":{"self":[{"href":"https:\/\/www.sunkaraoke.hu\/index.php\/wp-json\/wp\/v2\/product\/5663","targetHints":{"allow":["GET"]}}],"collection":[{"href":"https:\/\/www.sunkaraoke.hu\/index.php\/wp-json\/wp\/v2\/product"}],"about":[{"href":"https:\/\/www.sunkaraoke.hu\/index.php\/wp-json\/wp\/v2\/types\/product"}],"wp:featuredmedia":[{"embeddable":true,"href":"https:\/\/www.sunkaraoke.hu\/index.php\/wp-json\/wp\/v2\/media\/6363"}],"wp:attachment":[{"href":"https:\/\/www.sunkaraoke.hu\/index.php\/wp-json\/wp\/v2\/media?parent=5663"}],"wp:term":[{"taxonomy":"product_cat","embeddable":true,"href":"https:\/\/www.sunkaraoke.hu\/index.php\/wp-json\/wp\/v2\/product_cat?post=5663"},{"taxonomy":"product_tag","embeddable":true,"href":"https:\/\/www.sunkaraoke.hu\/index.php\/wp-json\/wp\/v2\/product_tag?post=5663"}],"curies":[{"name":"wp","href":"https:\/\/api.w.org\/{rel}","templated":true}]}}