{"id":5661,"date":"2022-08-08T20:49:37","date_gmt":"2022-08-08T20:49:37","guid":{"rendered":"https:\/\/www.sunkaraoke.hu\/index.php\/termek\/galamb-jozsef-szurke-eniko-szivem-csakis-erte-dobog-magyar-szoveggel\/"},"modified":"2025-04-12T17:50:26","modified_gmt":"2025-04-12T17:50:26","slug":"galamb-jozsef-szurke-eniko-szivem-csakis-erte-dobog-magyar-szoveggel","status":"publish","type":"product","link":"https:\/\/www.sunkaraoke.hu\/index.php\/termek\/galamb-jozsef-szurke-eniko-szivem-csakis-erte-dobog-magyar-szoveggel\/","title":{"rendered":"<div class=\"wcmp-player-container product-5661\"><audio controlslist=\"nodownload\" data-product=\"5661\"  volume=\"1\"  preload=\"none\" data-lazyloading=\"none\" class=\"wcmp-player track mejs-classic\" data-duration=\"0:33\" data-estimated_duration=\"4\"><source src=\"https:\/\/www.sunkaraoke.hu\/wp-content\/uploads\/2022\/08\/Szivem-csakis-erte-dobog-Voc-G.-demoo.mp3\" type=\"audio\/mp3\" \/><\/audio><\/div>Galamb J\u00f3zsef &#038; Sz\u00fcrke Enik\u00f5 &#8211; Sz\u00edvem csakis \u00e9rte dobog \/Magyar sz\u00f6veggel\/"},"content":{"rendered":"<p><strong>03:22<\/strong> | <strong><img loading=\"lazy\" decoding=\"async\" class=\"alignnone size-full wp-image-467\" src=\"https:\/\/www.sunkaraoke.hu\/wp-content\/uploads\/2022\/07\/choir_2-copy.webp\" alt=\"\" width=\"30\" height=\"30\" \/> <\/strong><\/p>\n","protected":false},"excerpt":{"rendered":"<h6><strong>Bits\u0171r\u0171s\u00e9g: 320<\/strong>kb\/s<strong><br \/>\n<\/strong><strong>Hossz: <\/strong>03:22<strong><br \/>\n<\/strong><strong style=\"font-size: 16px;\">Vok\u00e1lt tartalmaz: <\/strong>Nem <img loading=\"lazy\" decoding=\"async\" class=\"alignnone size-full wp-image-467\" src=\"http:\/\/www.sunkaraoke.hu\/wp-content\/uploads\/2022\/07\/choir_2-copy.png\" alt=\"\" width=\"30\" height=\"30\" \/><strong style=\"font-size: 16px;\"><br \/>\n<\/strong><\/h6>\n<p>Sunkaraoke mp3 st\u00fadi\u00f3 \/ www.sunkaraoke.hu \/ Inf: Tel: 06 20 4275001<\/p>\n<p>&#8212;Intr\u00f3&#8212;\/\/00:20\/\/<\/p>\n<p>T\u00fal r\u00e9g volt, amikor megk\u00e9rdezte t\u0151lem<br \/>\nNem-e tudom, merre van a bakavonul\u00e1s<br \/>\nT\u00fal r\u00e9g volt, amikor v\u00e1laszoltam volna<br \/>\nDe a v\u00e1lasz helyett j\u00f6tt valami m\u00e1s<\/p>\n<p>H\u00edrtelen, j\u00f6tt a szerelem<br \/>\nFekete szeme, t\u00e1ncolt sz\u00edvemen<br \/>\nHirtelen, v\u00e1rt a szerelem<br \/>\nAtt\u00f3l a napt\u00f3l, ezt \u00e9nekelem<\/p>\n<p>Jajj a sz\u00edvem, mi lesz most, ez nagy bibi<br \/>\nMert \u00fagy im\u00e1dom, ki nem tudom mondani<br \/>\n\u00c9n nem akarok soha-soha m\u00e1st szeretni<br \/>\nSz\u00edvem, csakis \u00e9rte dobog, dobog<\/p>\n<p>Jajj a sz\u00edvem, mi lesz most, ez nagy bibi<br \/>\nMert \u00fagy im\u00e1dom, ki nem tudom mondani<br \/>\n\u00c9n nem akarok soha-soha m\u00e1st szeretni<br \/>\nSz\u00edvem, csakis \u00e9rte dobog<\/p>\n<p>&#8212;Sz\u00f3l\u00f3&#8212;\/\/01:23\/\/<\/p>\n<p>Tudom m\u00e1r, amikor minden este v\u00e1rlak<br \/>\nMi az ami ma is nagyon kell nekem<br \/>\nTudom m\u00e1r, amikor szemeidbe n\u00e9zek<br \/>\n\u00d6r\u00f6kk\u00e9, csak te lehetsz velem<\/p>\n<p>H\u00edrtelen, j\u00f6tt a szerelem<br \/>\nFekete szeme, t\u00e1ncolt sz\u00edvemen<br \/>\nHirtelen, v\u00e1rt a szerelem<br \/>\nAtt\u00f3l a napt\u00f3l, ezt \u00e9nekelem<\/p>\n<p>Jajj a sz\u00edvem, mi lesz most, ez nagy bibi<br \/>\nMert \u00fagy im\u00e1dom, ki nem tudom mondani<br \/>\n\u00c9n nem akarok soha-soha m\u00e1st szeretni<br \/>\nSz\u00edvem, csakis \u00e9rte dobog, dobog<\/p>\n<p>Jajj a sz\u00edvem, mi lesz most, ez nagy bibi<br \/>\nMert \u00fagy im\u00e1dom, ki nem tudom mondani<br \/>\n\u00c9n nem akarok soha-soha m\u00e1st szeretni<br \/>\nSz\u00edvem, csakis \u00e9rte dobog<\/p>\n<p>Transzpon\u00e1l\/\/02:13\/\/<\/p>\n<p>Jajj a sz\u00edvem, mi lesz most, ez nagy bibi<br \/>\nMert \u00fagy im\u00e1dom, ki nem tudom mondani<br \/>\n\u00c9n nem akarok soha-soha m\u00e1st szeretni<br \/>\nSz\u00edvem, csakis \u00e9rte dobog, dobog<\/p>\n<p>Jajj a sz\u00edvem, mi lesz most, ez nagy bibi<br \/>\nMert \u00fagy im\u00e1dom, ki nem tudom mondani<br \/>\n\u00c9n nem akarok soha-soha m\u00e1st szeretni<br \/>\nSz\u00edvem, csakis \u00e9rte dobog<\/p>\n<p>Jajj a sz\u00edvem, mi lesz most, ez nagy bibi<br \/>\nMert \u00fagy im\u00e1dom, ki nem tudom mondani<br \/>\n\u00c9n nem akarok soha-soha m\u00e1st szeretni<br \/>\nSz\u00edvem, csakis \u00e9rte dobog, dobog<\/p>\n<p>Jajj a sz\u00edvem, mi lesz most, ez nagy bibi<br \/>\nMert \u00fagy im\u00e1dom, ki nem tudom mondani<br \/>\n\u00c9n nem akarok soha-soha m\u00e1st szeretni<br \/>\nSz\u00edvem, csakis \u00e9rte dobog<\/p>\n","protected":false},"featured_media":6363,"template":"","meta":{"site-sidebar-layout":"default","site-content-layout":"default","ast-site-content-layout":"default","site-content-style":"default","site-sidebar-style":"default","ast-global-header-display":"","ast-banner-title-visibility":"","ast-main-header-display":"","ast-hfb-above-header-display":"","ast-hfb-below-header-display":"","ast-hfb-mobile-header-display":"","site-post-title":"","ast-breadcrumbs-content":"","ast-featured-img":"","footer-sml-layout":"","theme-transparent-header-meta":"default","adv-header-id-meta":"","stick-header-meta":"","header-above-stick-meta":"","header-main-stick-meta":"","header-below-stick-meta":"","astra-migrate-meta-layouts":"set","ast-page-background-enabled":"default","ast-page-background-meta":{"desktop":{"background-color":"var(--ast-global-color-4)","background-image":"","background-repeat":"repeat","background-position":"center center","background-size":"auto","background-attachment":"scroll","background-type":"","background-media":"","overlay-type":"","overlay-color":"","overlay-opacity":"","overlay-gradient":""},"tablet":{"background-color":"","background-image":"","background-repeat":"repeat","background-position":"center center","background-size":"auto","background-attachment":"scroll","background-type":"","background-media":"","overlay-type":"","overlay-color":"","overlay-opacity":"","overlay-gradient":""},"mobile":{"background-color":"","background-image":"","background-repeat":"repeat","background-position":"center center","background-size":"auto","background-attachment":"scroll","background-type":"","background-media":"","overlay-type":"","overlay-color":"","overlay-opacity":"","overlay-gradient":""}},"ast-content-background-meta":{"desktop":{"background-color":"var(--ast-global-color-5)","background-image":"","background-repeat":"repeat","background-position":"center center","background-size":"auto","background-attachment":"scroll","background-type":"","background-media":"","overlay-type":"","overlay-color":"","overlay-opacity":"","overlay-gradient":""},"tablet":{"background-color":"var(--ast-global-color-5)","background-image":"","background-repeat":"repeat","background-position":"center center","background-size":"auto","background-attachment":"scroll","background-type":"","background-media":"","overlay-type":"","overlay-color":"","overlay-opacity":"","overlay-gradient":""},"mobile":{"background-color":"var(--ast-global-color-5)","background-image":"","background-repeat":"repeat","background-position":"center center","background-size":"auto","background-attachment":"scroll","background-type":"","background-media":"","overlay-type":"","overlay-color":"","overlay-opacity":"","overlay-gradient":""}}},"product_cat":[69],"product_tag":[],"class_list":["post-5661","product","type-product","status-publish","has-post-thumbnail","hentry","product_cat-galamb-joci","desktop-align-left","tablet-align-left","mobile-align-left"],"_links":{"self":[{"href":"https:\/\/www.sunkaraoke.hu\/index.php\/wp-json\/wp\/v2\/product\/5661","targetHints":{"allow":["GET"]}}],"collection":[{"href":"https:\/\/www.sunkaraoke.hu\/index.php\/wp-json\/wp\/v2\/product"}],"about":[{"href":"https:\/\/www.sunkaraoke.hu\/index.php\/wp-json\/wp\/v2\/types\/product"}],"wp:featuredmedia":[{"embeddable":true,"href":"https:\/\/www.sunkaraoke.hu\/index.php\/wp-json\/wp\/v2\/media\/6363"}],"wp:attachment":[{"href":"https:\/\/www.sunkaraoke.hu\/index.php\/wp-json\/wp\/v2\/media?parent=5661"}],"wp:term":[{"taxonomy":"product_cat","embeddable":true,"href":"https:\/\/www.sunkaraoke.hu\/index.php\/wp-json\/wp\/v2\/product_cat?post=5661"},{"taxonomy":"product_tag","embeddable":true,"href":"https:\/\/www.sunkaraoke.hu\/index.php\/wp-json\/wp\/v2\/product_tag?post=5661"}],"curies":[{"name":"wp","href":"https:\/\/api.w.org\/{rel}","templated":true}]}}