{"id":5657,"date":"2022-08-08T20:49:37","date_gmt":"2022-08-08T20:49:37","guid":{"rendered":"https:\/\/www.sunkaraoke.hu\/index.php\/termek\/piros-bela-piros-bela-mulatos-mix-18\/"},"modified":"2026-03-05T08:58:57","modified_gmt":"2026-03-05T06:58:57","slug":"piros-bela-piros-bela-mulatos-mix-18","status":"publish","type":"product","link":"https:\/\/www.sunkaraoke.hu\/index.php\/termek\/piros-bela-piros-bela-mulatos-mix-18\/","title":{"rendered":"<div class=\"wcmp-player-container product-5657\"><audio controlslist=\"nodownload\" data-product=\"5657\"  volume=\"1\"  preload=\"none\" data-lazyloading=\"none\" class=\"wcmp-player track mejs-classic\" data-duration=\"0:32\" data-estimated_duration=\"4\"><source src=\"https:\/\/www.sunkaraoke.hu\/wp-content\/uploads\/2022\/08\/Piros-Bela-Mulatos-mix-18.-demooo.mp3\" type=\"audio\/mp3\" \/><\/audio><\/div>Piros B\u00e9la &#8211; Piros B\u00e9la mulat\u00f3s mix 18. (Original)"},"content":{"rendered":"<p><strong>19:49<\/strong> | <strong><img loading=\"lazy\" decoding=\"async\" class=\"alignnone size-full wp-image-467\" src=\"https:\/\/www.sunkaraoke.hu\/wp-content\/uploads\/2022\/07\/choir_2-copy.webp\" alt=\"\" width=\"30\" height=\"30\" \/> <\/strong><\/p>\n","protected":false},"excerpt":{"rendered":"<h6><strong>Bits\u0171r\u0171s\u00e9g: 320<\/strong>kb\/s<strong><br \/>\n<\/strong><strong>Hossz: <\/strong>19:49<strong><br \/>\n<\/strong><strong style=\"font-size: 16px;\">Vok\u00e1lt tartalmaz: <\/strong>Nem <img loading=\"lazy\" decoding=\"async\" class=\"alignnone size-full wp-image-467\" src=\"http:\/\/www.sunkaraoke.hu\/wp-content\/uploads\/2022\/07\/choir_2-copy.png\" alt=\"\" width=\"30\" height=\"30\" \/><strong style=\"font-size: 16px;\"><br \/>\n<\/strong><\/h6>\n<p>Sunkaraoke mp3 st\u00fadi\u00f3 \/ www.sunkaraoke.hu \/ Inf: Tel: 06 20 4275001<\/p>\n<p>&#8212;Intr\u00f3&#8212;\/\/00:45\/\/<br \/>\nNyisd ki,bab\u00e1m,az ajt\u00f3t!<br \/>\nCsendesen,mert meghallj\u00e1k a szomsz\u00e9dok.<br \/>\nNyisd ki,bab\u00e1m,az ajt\u00f3t!<br \/>\nCsendesen,mert meghallj\u00e1k a szomsz\u00e9dok.<br \/>\nHa meghallj\u00e1k,hadd hallj\u00e1k!\u00dagyis tudja m\u00e1r a vil\u00e1g,<br \/>\nhogy \u00e9n t\u00e9ged szeretlek,hogy \u00e9n t\u00e9ged soha el nem feledlek.<br \/>\nHa meghallj\u00e1k,hadd hallj\u00e1k!\u00dagyis tudja m\u00e1r a vil\u00e1g,<br \/>\nhogy \u00e9n t\u00e9ged szeretlek,hogy \u00e9n t\u00e9ged soha el nem feledlek.<br \/>\n&#8212;Sz\u00f3l\u00f3&#8212;\/\/02:06\/\/<br \/>\nNyisd ki,bab\u00e1m,az ajt\u00f3t!<br \/>\nCsendesen,mert meghallj\u00e1k a szomsz\u00e9dok.<br \/>\nNyisd ki,bab\u00e1m,az ajt\u00f3t!<br \/>\nCsendesen,mert meghallj\u00e1k a szomsz\u00e9dok.<br \/>\nHa meghallj\u00e1k,hadd hallj\u00e1k!\u00dagyis tudja m\u00e1r a vil\u00e1g,<br \/>\nhogy \u00e9n t\u00e9ged szeretlek,hogy \u00e9n t\u00e9ged soha el nem feledlek.<br \/>\nHa meghallj\u00e1k,hadd hallj\u00e1k!\u00dagyis tudja m\u00e1r a vil\u00e1g,<br \/>\nhogy \u00e9n t\u00e9ged szeretlek,hogy \u00e9n t\u00e9ged soha el nem feledlek.<br \/>\n&#8212;Sz\u00f3l\u00f3&#8212;<br \/>\nUtca,utca,utca,s\u00e1ros utca,a gyarmati utca,<br \/>\nutolj\u00e1ra v\u00e9gigmegyek rajta.<br \/>\nUtolj\u00e1ra meg\u00e1llok egy h\u00e1zn\u00e1l,<br \/>\na szeret\u0151m,kisangyalom r\u00e1csos kapuj\u00e1n\u00e1l.<br \/>\nUtolj\u00e1ra meg\u00e1llok egy h\u00e1zn\u00e1l,<br \/>\na szeret\u0151m,kisangyalom r\u00e1csos kapuj\u00e1n\u00e1l.<\/p>\n<p>Megverem a z\u00f6ldre festett r\u00e1csos kis kapudat,<br \/>\nereszd be a kedves galambodat.<br \/>\nEreszd be h\u00e1t nem fogod megb\u00e1nni,<br \/>\nnem fogok \u00e9n hamarosan j\u00f3 \u00e9jszak\u00e1t k\u00edv\u00e1nni.<br \/>\nEreszd be h\u00e1t nem fogod megb\u00e1nni,<br \/>\nnem fogok \u00e9n hamarosan j\u00f3 \u00e9jszak\u00e1t k\u00edv\u00e1nni.<br \/>\n&#8212;Sz\u00f3l\u00f3&#8212;<br \/>\nNem z\u00f6r\u00f6g a haraszt,ha a sz\u00e9l nem f\u00fajja,<br \/>\nbety\u00e1ros a kedvem,ha a cig\u00e1ny h\u00fazza.<br \/>\nHajlik sz\u00edvem jobbra-balra,mindegy neki,sz\u0151ke,barna.<br \/>\nNem vagyok \u00e9n olyan v\u00e1logat\u00f3s fajta.<br \/>\nHajlik sz\u00edvem jobbra-balra,mindegy neki,sz\u0151ke,barna.<br \/>\nNem vagyok \u00e9n olyan v\u00e1logat\u00f3s fajta.<\/p>\n<p>R\u00f3lunk besz\u00e9l m\u00e1r az eg\u00e9sz vil\u00e1g sz\u00e1ja,<br \/>\nazt mondj\u00e1k,hogy te vagy az \u00e9n sz\u00edvem p\u00e1rja.<br \/>\nTagadjuk,hogy igaz volna,m\u00e9gis azt mondja a n\u00f3ta:<br \/>\nnem z\u00f6r\u00f6g a haraszt,ha a sz\u00e9l nem f\u00fajja.<br \/>\nTagadjuk,hogy igaz volna,m\u00e9gis azt mondja a n\u00f3ta:<br \/>\nnem z\u00f6r\u00f6g a haraszt,ha a sz\u00e9l nem f\u00fajja.<br \/>\n&#8212;Sz\u00f3l\u00f3&#8212;\/\/05:48\/\/<br \/>\n\u00c9desany\u00e1m,kedves any\u00e1m,csak az a k\u00e9r\u00e9sem,<br \/>\nCivil ruh\u00e1t,civil ruh\u00e1t csin\u00e1ltasson n\u00e9kem!<br \/>\nCivil ruh\u00e1t,sej-haj,j\u00f3 sok gombot r\u00e1ja,<br \/>\nEz illik,illik,illik,ez illik,illik,illik a maga fi\u00e1ra!<br \/>\nCivil ruh\u00e1t,sej-haj,j\u00f3 sok gombot r\u00e1ja,<br \/>\nEz illik,illik,illik,ez illik,illik,illik a maga fi\u00e1ra!<\/p>\n<p>\u00c9desany\u00e1m,kedves any\u00e1m,csak az a k\u00e9r\u00e9sem,<br \/>\nFutballcsuk\u00e1t,futballcsuk\u00e1t csin\u00e1ltasson n\u00e9kem!<br \/>\nFutballcsuk\u00e1t,sej-haj,j\u00f3 sok stoplit r\u00e1ja,<br \/>\nEz illik,illik,illik,ez illik,illik,illik a maga fi\u00e1ra.<br \/>\nFutballcsuk\u00e1t,sej-haj,j\u00f3 sok stoplit r\u00e1ja,<br \/>\nEz illik,illik,illik,ez illik,illik,illik a maga fi\u00e1ra.<br \/>\n&#8212;Sz\u00f3l\u00f3&#8212;<br \/>\nT\u00fal a Tisz\u00e1n faragnak az \u00e1csok,idehallik a kop\u00e1csol\u00e1suk.<br \/>\nEredj,l\u00e1nyom,k\u00e9rdezd meg az \u00e1csot,\u00e1d-e cs\u00f3k\u00e9rt egy k\u00f6t\u00e9ny forg\u00e1csot?<br \/>\nEredj,l\u00e1nyom,k\u00e9rdezd meg az \u00e1csot,\u00e1d-e cs\u00f3k\u00e9rt egy k\u00f6t\u00e9ny forg\u00e1csot?<\/p>\n<p>\u00c9desany\u00e1m,huncutok az \u00e1csok,m\u00e9regdr\u00e1g\u00e1n adj\u00e1k a forg\u00e1csot.<br \/>\nKilenc cs\u00f3kot adtam nekik \u00e9rte,a tizediket r\u00e1ad\u00e1sul k\u00e9rte.<br \/>\nKilenc cs\u00f3kot adtam nekik \u00e9rte,a tizediket r\u00e1ad\u00e1sul k\u00e9rte.<\/p>\n<p>K\u00e9k a k\u00f6k\u00e9ny,z\u00f6ld a petrezselyem,t\u00f3t\u00e1gast \u00e1ll bennem a szerelem.<br \/>\nJ\u00f3 Istenem,most m\u00e1r mit csin\u00e1ljak,szeressek-e,vagy t\u00f3t\u00e1gast \u00e1lljak?<br \/>\nJ\u00f3 Istenem,most m\u00e1r mit csin\u00e1ljak,szeressek-e,vagy t\u00f3t\u00e1gast \u00e1lljak?<br \/>\n&#8212;Sz\u00f3l\u00f3&#8212;\/\/09:50\/\/<br \/>\nEsteledik a faluban,haza k\u00e9ne menni.<br \/>\nAtt\u00f3l f\u00e9lek,a leg\u00e9nyek el akarnak verni.<br \/>\nNe b\u00e1ntsatok,j\u00f3 pajt\u00e1sok,nem vagyok az oka,<br \/>\nSzeretek egy barna kisl\u00e1nyt,nem hagyom el soha.<br \/>\nNe b\u00e1ntsatok,j\u00f3 pajt\u00e1sok,nem vagyok az oka,<br \/>\nSzeretek egy barna kisl\u00e1nyt,nem hagyom el soha.<\/p>\n<p>Barna kisl\u00e1ny ablak\u00e1ban j\u00f3 est\u00e9t,j\u00f3 est\u00e9t!<br \/>\nSz\u00e1ll\u00e1st k\u00e9rni j\u00f6ttem hozz\u00e1d,ha beereszten\u00e9l.<br \/>\nMindenf\u00e9le csavarg\u00f3nak sz\u00e1ll\u00e1st nem adhatok,<br \/>\nNincs itthon az \u00e9desany\u00e1m,csak egyed\u00fcl vagyok.<br \/>\nMindenf\u00e9le csavarg\u00f3nak sz\u00e1ll\u00e1st nem adhatok,<br \/>\nNincs itthon az \u00e9desany\u00e1m,csak egyed\u00fcl vagyok.<\/p>\n<p>Nem az\u00e9rt a k\u00e9t szemed\u00e9rt t\u00e9ged beeresztlek,<br \/>\ncsipk\u00e9s sz\u00e9l\u0171 nyoszoly\u00e1ba sz\u00e9pen lefektetlek.<br \/>\nCsipk\u00e9s sz\u00e9l\u0171 nyoszoly\u00e1ban sz\u00e9pen betakarlak,<br \/>\nk\u00e9t karommal \u00e1t\u00f6lellek,reggelig cs\u00f3kollak.<br \/>\nCsipk\u00e9s sz\u00e9l\u0171 nyoszoly\u00e1ban sz\u00e9pen betakarlak,<br \/>\nk\u00e9t karommal \u00e1t\u00f6lellek,reggelig cs\u00f3kollak.<br \/>\n&#8212;Sz\u00f3l\u00f3&#8212;\/\/11:26\/\/<br \/>\nR\u00e9ten r\u00e9ten sej a faluv\u00e9gi r\u00e9ten,<br \/>\nelvesztettem a zsebbe val\u00f3 k\u00e9sem.<br \/>\nK\u00e9sem ut\u00e1n a karikagy\u0171r\u0171met,<br \/>\nazt sajn\u00e1lom,nem a r\u00e9gi szeret\u0151met.<br \/>\nK\u00e9sem ut\u00e1n a karikagy\u0171r\u0171met,<br \/>\nazt sajn\u00e1lom,nem a r\u00e9gi szeret\u0151met.<\/p>\n<p>Este,este,sej,este akar lenni,<br \/>\nez a kisl\u00e1ny haza akar menni.<br \/>\nHazamenne,de nincs kis\u00e9r\u0151je,<br \/>\nelk\u00eds\u00e9rem,leszek \u00e9n a szeret\u0151je.<br \/>\nHazamenne,de nincs kis\u00e9r\u0151je,<br \/>\nelk\u00eds\u00e9rem,leszek \u00e9n a szeret\u0151je.<\/p>\n<p>Este,este,sej,este akar lenni,<br \/>\nez a kisl\u00e1ny nem tud elaludni.<br \/>\nAludj,bab\u00e1m,nem j\u00e1rok m\u00e1r hozz\u00e1d,<br \/>\nlegyal\u00e1zott m\u00e1r az eg\u00e9sz vil\u00e1g.<br \/>\nAludj,bab\u00e1m,nem j\u00e1rok m\u00e1r hozz\u00e1d,<br \/>\nlegyal\u00e1zott m\u00e1r az eg\u00e9sz vil\u00e1g.<br \/>\n&#8212;Sz\u00f3l\u00f3&#8212;\/\/13:03\/\/<br \/>\nVettem a piacon egy sz\u00e1jkosarat, pedig m\u00e9g csak kuty\u00e1m se volt,<br \/>\na feles\u00e9gem sz\u00e1j\u00e1ra r\u00e9\u00e1tetetem, hogy ne ugasson vissza nekem.<br \/>\nR\u00e1tetetem, r\u00e1lakatolom, a lakatnak a kucs\u00e1t a Tisz\u00e1ba dobom.<br \/>\nHa le akarja venni a lakatot a n\u0151,h\u00e1t ugorjon a Tisz\u00e1ba \u0150.<br \/>\nR\u00e1tetetem, r\u00e1lakatolom, a lakatnak a kucs\u00e1t a Tisz\u00e1ba dobom.<br \/>\nHa le akarja venni a lakatot a n\u0151,h\u00e1t ugorjon a Tisz\u00e1ba \u0150.<\/p>\n<p>Vettem a piacon egy sz\u00e1jkosarat, pedig m\u00e9g csak kuty\u00e1m se volt,<br \/>\na feles\u00e9gem sz\u00e1j\u00e1ra r\u00e9\u00e1tetetem, hogy ne ugasson vissza nekem.<br \/>\nR\u00e1tetetem, r\u00e1lakatolom, a lakatnak a kucs\u00e1t a Tisz\u00e1ba dobom.<br \/>\nHa le akarja venni a lakatot a n\u0151,h\u00e1t ugorjon a Tisz\u00e1ba \u0150.<br \/>\nR\u00e1tetetem, r\u00e1lakatolom, a lakatnak a kucs\u00e1t a Tisz\u00e1ba dobom.<br \/>\nHa le akarja venni a lakatot a n\u0151,h\u00e1t ugorjon a Tisz\u00e1ba \u0150.<br \/>\n&#8212;Sz\u00f3l\u00f3&#8212;\/\/14:29\/\/<br \/>\nLyukas a kalapom teteje ,kil\u00e1tszik a hajam bel\u0151le.<br \/>\nSz\u00e9gyelem magamat leg\u00e9ny l\u00e9temre,<br \/>\nhogy lyukas a kalapom teteje.<br \/>\nSz\u00e9gyelem magamat leg\u00e9ny l\u00e9temre,<br \/>\nhogy lyukas a kalapom teteje.<\/p>\n<p>Elv\u00e1gtam az \u00fajjam jaj, de f\u00e1j f\u00fcgefa levelet tettem r\u00e1.<br \/>\nF\u00fcgefa levele jaj, de illatos ,kicsi a szeret\u0151m, de csinos<br \/>\nF\u00fcgefa levele jaj, de illatos ,kicsi a szeret\u0151m, de csinos<\/p>\n<p>Kihajtom a lib\u00e1m a r\u00e9tre magam is kimegyek el\u00e9be.<br \/>\nNagyokat v\u00e1gok a libafej\u00e9re libusk\u00e1m ne menj a vet\u00e9sre.<br \/>\nNagyokat v\u00e1gok a libafej\u00e9re libusk\u00e1m ne menj a vet\u00e9sre.<\/p>\n<p>&#8212;Sz\u00f3l\u00f3&#8212;\/\/15:52\/\/<br \/>\nNincs is ann\u00e1l bety\u00e1rosabb \u00e9let,<br \/>\nha az ember varr\u00f3kisl\u00e1nyt szeret.<br \/>\nVarr\u00f3kisl\u00e1ny z\u00f6rgeti a g\u00e9pet.<br \/>\nH\u00fazd r\u00e1,cig\u00e1ny,ez a bety\u00e1r \u00e9let!<br \/>\nVarr\u00f3kisl\u00e1ny z\u00f6rgeti a g\u00e9pet.<br \/>\nH\u00fazd r\u00e1,cig\u00e1ny,ez a bety\u00e1r \u00e9let!<\/p>\n<p>Nincs is ann\u00e1l bety\u00e1rosabb \u00e9let,<br \/>\nha az ember \u00e1pol\u00f3n\u0151t szeret.<br \/>\n\u00c1pol\u00f3n\u0151 feh\u00e9r l\u00e1ba sz\u00e1ra ,<br \/>\ncsalogatja a leg\u00e9nyt az \u00e1gyba.<br \/>\n\u00c1pol\u00f3n\u0151 feh\u00e9r l\u00e1ba sz\u00e1ra,<br \/>\nr\u00e1hajlik a leg\u00e9ny derek\u00e1ra.<br \/>\n&#8212;Sz\u00f3l\u00f3&#8212;\/\/17:03\/\/<\/p>\n<p>F\u00e1j a sz\u00edvem,jaj,de nagyon beteg,orvoshoz \u00e9n vele m\u00e9gse megyek.<br \/>\nkib\u00edrom \u00e9n,ak\u00e1rhogy is f\u00e1j.<br \/>\nF\u00e1j a sz\u00edvem,jaj,de nagyon beteg,orvoshoz \u00e9n vele m\u00e9gse megyek.<br \/>\nkib\u00edrom \u00e9n,ak\u00e1rhogy is f\u00e1j.<br \/>\nEgy cs\u00f3k ut\u00e1n \u00fagy \u00e9g a sz\u00e1m,gyere,bab\u00e1m,simulj hozz\u00e1m.<br \/>\nNem b\u00e1nom \u00e9n,ak\u00e1rhogy is f\u00e1j az \u00e9n sz\u00edvem.<br \/>\nF\u00e1j a sz\u00edvem,jaj,de nagyon beteg,orvoshoz \u00e9n vele m\u00e9gse megyek.<br \/>\nkib\u00edrom \u00e9n,ak\u00e1rhogy is f\u00e1j.<br \/>\nEgy cs\u00f3k ut\u00e1n \u00fagy \u00e9g a sz\u00e1m,gyere,bab\u00e1m,simulj hozz\u00e1m.<br \/>\nNem b\u00e1nom \u00e9n,ak\u00e1rhogy is f\u00e1j az \u00e9n sz\u00edvem.<br \/>\nF\u00e1j a sz\u00edvem,jaj,de nagyon beteg,orvoshoz \u00e9n vele m\u00e9gse megyek.<br \/>\nkib\u00edrom \u00e9n,ak\u00e1rhogy is f\u00e1j.<br \/>\nF\u00e1j a sz\u00edvem,jaj,de nagyon beteg,orvoshoz \u00e9n vele m\u00e9gse megyek.<br \/>\nkib\u00edrom \u00e9n,ak\u00e1rhogy is f\u00e1j.<br \/>\nF\u00e1j a sz\u00edvem,jaj,de nagyon beteg,orvoshoz \u00e9n vele m\u00e9gse megyek.<br \/>\nkib\u00edrom \u00e9n,ak\u00e1rhogy is f\u00e1j.<br \/>\nEgy cs\u00f3k ut\u00e1n \u00fagy \u00e9g a sz\u00e1m,gyere,bab\u00e1m,simulj hozz\u00e1m.<br \/>\nNem b\u00e1nom \u00e9n,ak\u00e1rhogy is f\u00e1j az \u00e9n sz\u00edvem.<br \/>\nF\u00e1j a sz\u00edvem,jaj,de nagyon beteg,orvoshoz \u00e9n vele m\u00e9gse megyek.<br \/>\nkib\u00edrom \u00e9n,ak\u00e1rhogy is f\u00e1j.<br \/>\nEgy cs\u00f3k ut\u00e1n \u00fagy \u00e9g a sz\u00e1m,gyere,bab\u00e1m,simulj hozz\u00e1m.<br \/>\nNem b\u00e1nom \u00e9n,ak\u00e1rhogy is f\u00e1j az \u00e9n sz\u00edvem.<br \/>\nF\u00e1j a sz\u00edvem,jaj,de nagyon beteg,orvoshoz \u00e9n vele m\u00e9gse megyek.<br \/>\nkib\u00edrom \u00e9n,ak\u00e1rhogy is f\u00e1j.<br \/>\nKib\u00edrom \u00e9n,ak\u00e1rhogy is f\u00e1j.<\/p>\n<p>&#8212;V\u00e9ge&#8212;<\/p>\n","protected":false},"featured_media":12989,"template":"","meta":{"site-sidebar-layout":"default","site-content-layout":"default","ast-site-content-layout":"default","site-content-style":"default","site-sidebar-style":"default","ast-global-header-display":"","ast-banner-title-visibility":"","ast-main-header-display":"","ast-hfb-above-header-display":"","ast-hfb-below-header-display":"","ast-hfb-mobile-header-display":"","site-post-title":"","ast-breadcrumbs-content":"","ast-featured-img":"","footer-sml-layout":"","theme-transparent-header-meta":"default","adv-header-id-meta":"","stick-header-meta":"","header-above-stick-meta":"","header-main-stick-meta":"","header-below-stick-meta":"","astra-migrate-meta-layouts":"set","ast-page-background-enabled":"default","ast-page-background-meta":{"desktop":{"background-color":"var(--ast-global-color-4)","background-image":"","background-repeat":"repeat","background-position":"center center","background-size":"auto","background-attachment":"scroll","background-type":"","background-media":"","overlay-type":"","overlay-color":"","overlay-opacity":"","overlay-gradient":""},"tablet":{"background-color":"","background-image":"","background-repeat":"repeat","background-position":"center center","background-size":"auto","background-attachment":"scroll","background-type":"","background-media":"","overlay-type":"","overlay-color":"","overlay-opacity":"","overlay-gradient":""},"mobile":{"background-color":"","background-image":"","background-repeat":"repeat","background-position":"center center","background-size":"auto","background-attachment":"scroll","background-type":"","background-media":"","overlay-type":"","overlay-color":"","overlay-opacity":"","overlay-gradient":""}},"ast-content-background-meta":{"desktop":{"background-color":"var(--ast-global-color-5)","background-image":"","background-repeat":"repeat","background-position":"center center","background-size":"auto","background-attachment":"scroll","background-type":"","background-media":"","overlay-type":"","overlay-color":"","overlay-opacity":"","overlay-gradient":""},"tablet":{"background-color":"var(--ast-global-color-5)","background-image":"","background-repeat":"repeat","background-position":"center center","background-size":"auto","background-attachment":"scroll","background-type":"","background-media":"","overlay-type":"","overlay-color":"","overlay-opacity":"","overlay-gradient":""},"mobile":{"background-color":"var(--ast-global-color-5)","background-image":"","background-repeat":"repeat","background-position":"center center","background-size":"auto","background-attachment":"scroll","background-type":"","background-media":"","overlay-type":"","overlay-color":"","overlay-opacity":"","overlay-gradient":""}}},"product_cat":[48],"product_tag":[],"class_list":["post-5657","product","type-product","status-publish","has-post-thumbnail","hentry","product_cat-sunkaraoke-dalok","desktop-align-left","tablet-align-left","mobile-align-left"],"_links":{"self":[{"href":"https:\/\/www.sunkaraoke.hu\/index.php\/wp-json\/wp\/v2\/product\/5657","targetHints":{"allow":["GET"]}}],"collection":[{"href":"https:\/\/www.sunkaraoke.hu\/index.php\/wp-json\/wp\/v2\/product"}],"about":[{"href":"https:\/\/www.sunkaraoke.hu\/index.php\/wp-json\/wp\/v2\/types\/product"}],"wp:featuredmedia":[{"embeddable":true,"href":"https:\/\/www.sunkaraoke.hu\/index.php\/wp-json\/wp\/v2\/media\/12989"}],"wp:attachment":[{"href":"https:\/\/www.sunkaraoke.hu\/index.php\/wp-json\/wp\/v2\/media?parent=5657"}],"wp:term":[{"taxonomy":"product_cat","embeddable":true,"href":"https:\/\/www.sunkaraoke.hu\/index.php\/wp-json\/wp\/v2\/product_cat?post=5657"},{"taxonomy":"product_tag","embeddable":true,"href":"https:\/\/www.sunkaraoke.hu\/index.php\/wp-json\/wp\/v2\/product_tag?post=5657"}],"curies":[{"name":"wp","href":"https:\/\/api.w.org\/{rel}","templated":true}]}}