{"id":5621,"date":"2022-08-08T20:49:32","date_gmt":"2022-08-08T20:49:32","guid":{"rendered":"https:\/\/www.sunkaraoke.hu\/index.php\/termek\/galamb-jozsef-galamb-csardas-mix-02\/"},"modified":"2025-04-12T18:01:54","modified_gmt":"2025-04-12T18:01:54","slug":"galamb-jozsef-galamb-csardas-mix-02","status":"publish","type":"product","link":"https:\/\/www.sunkaraoke.hu\/index.php\/termek\/galamb-jozsef-galamb-csardas-mix-02\/","title":{"rendered":"<div class=\"wcmp-player-container product-5621\"><audio controlslist=\"nodownload\" data-product=\"5621\"  volume=\"1\"  preload=\"none\" data-lazyloading=\"none\" class=\"wcmp-player track mejs-classic\" data-duration=\"0:33\" data-estimated_duration=\"4\"><source src=\"https:\/\/www.sunkaraoke.hu\/wp-content\/uploads\/2022\/08\/Galamb-csardas-mix-02.-G.-demoo.mp3\" type=\"audio\/mp3\" \/><\/audio><\/div>Galamb J\u00f3zsef &#038; Sz\u00fcrke Enik\u0151 &#8211; Galamb Cs\u00e1rd\u00e1s mix 02. (Original)"},"content":{"rendered":"<p>09:34<\/p>\n","protected":false},"excerpt":{"rendered":"<h6>Bits\u0171r\u0171s\u00e9g: 320kb\/s<br \/>\nHossz: 09:34<br \/>\nVok\u00e1lt tartalmaz: Nem <img loading=\"lazy\" decoding=\"async\" class=\"alignnone size-full wp-image-467\" src=\"http:\/\/www.sunkaraoke.hu\/wp-content\/uploads\/2022\/07\/choir_2-copy.png\" alt=\"\" width=\"30\" height=\"30\" \/><strong style=\"font-size: 16px;\"><br \/>\n<\/strong><\/h6>\n<p>Sunkaraoke mp3 st\u00fadi\u00f3 \/ www.sunkaraoke.hu \/ Inf: Tel: 06 20 4275001<\/p>\n<p>&#8212;Intr\u00f3&#8212;\/\/00:25\/\/<br \/>\nEgyszer van egy \u00e9vben ily lakodalom<br \/>\nEgyszer van egy \u00e9vben ilyen vigalom<br \/>\nViszik a mennyasszonyt vacsora ut\u00e1n<br \/>\nHolnapt\u00f3l m\u00e1r asszony lesz majd ez a l\u00e1ny<br \/>\nViszik a mennyasszonyt vacsora ut\u00e1n<br \/>\nHolnapt\u00f3l m\u00e1r asszony lesz majd ez a l\u00e1ny<br \/>\nEgyszer van egy \u00e9vben ilyen esem\u00e9ny<br \/>\nAz asztalon torta, s teas\u00fctem\u00e9ny<br \/>\nFolyik a sok pezsg\u0151, t\u00e1ntorog a n\u00e9p<br \/>\nMa \u00e9jszaka m\u00e9g az any\u00f3som is sz\u00e9p<br \/>\nFolyik a sok pezsg\u0151 t\u00e1ntorog a n\u00e9p<br \/>\nMa \u00e9jszaka m\u00e9g az any\u00f3som is sz\u00e9p<br \/>\n&#8212;Sz\u00f3l\u00f3&#8212;\/\/01:27\/\/<br \/>\nEgyszer van egy \u00e9vben igaz szerelem<br \/>\nA h\u00e1zass\u00e1g mindig nagy veszedelem<br \/>\nElm\u00falik a pompa, elm\u00falik a f\u00e9ny<br \/>\nCsak a torta marad, s a teas\u00fctem\u00e9ny<br \/>\nElm\u00falik a pompa elm\u00falik a f\u00e9ny<br \/>\nCsak a torta marad, s a teas\u00fctem\u00e9ny<br \/>\n&#8212;Sz\u00f3l\u00f3&#8212;\/02:12\/\/<br \/>\nLakodalom van a mi utc\u00e1nkban<br \/>\nIdehallik zeng\u0151 muzsik\u00e1ja<br \/>\nHivatalos vagyok oda \u00e9n is<br \/>\nDe nem menn\u00e9k el, ha sz\u00e1zszor \u00fczenn\u00e9k is<br \/>\nHivatalos vagyok oda \u00e9n is<br \/>\nDe nem menn\u00e9k el, ha sz\u00e1zszor \u00fczenn\u00e9k is<br \/>\nEste viszik a menyasszony \u00e1gy\u00e1t<br \/>\nElvesztett\u00e9k a nyoszoja l\u00e1b\u00e1t<br \/>\nAddig asszony nem fekszel az \u00e1gyba<br \/>\nM\u00edg nem lesz meg a nyoszoja n\u00e9gy l\u00e1ba<br \/>\nAddig asszony nem fekszel az \u00e1gyba<br \/>\nM\u00edg nem lesz meg a nyoszoja n\u00e9gy l\u00e1ba<br \/>\n&#8212;Sz\u00f3l\u00f3&#8212;\/\/03:24\/\/<br \/>\nMeg van m\u00e1r a nyoszonya n\u00e9gy l\u00e1ba<br \/>\nMostm\u00e1r asszony be fekhetsz az \u00e1gyba<br \/>\nVesd a l\u00e1bad &#8220;V&#8221; bet\u0171 form\u00e1ba<br \/>\nHad ropogjon a nyoszoja n\u00e9gy l\u00e1ba<br \/>\nVesd a l\u00e1bad &#8220;V&#8221; bet\u0171 form\u00e1ba<br \/>\nHad ropogjon a nyoszoja n\u00e9gy l\u00e1ba<br \/>\nV\u00e9ge van m\u00e1r a lakodalomnak<br \/>\nNagy b\u00e1nata van a menyasszonynak<br \/>\nForgatja a karika gy\u0171r\u0171j\u00e9t<br \/>\nSajn\u00e1lja a r\u00e9gi szeret\u0151j\u00e9t<br \/>\nForgatja a karika gy\u0171r\u0171j\u00e9t<br \/>\nSajn\u00e1lja a r\u00e9gi szeret\u0151j\u00e9t<br \/>\n&#8212;Sz\u00f3l\u00f3&#8212;\/\/04:42\/\/<br \/>\nCsak, csak, csak az esik n\u00e9kem keservesen<br \/>\nOlyan b\u00fcszk\u00e9n s\u00e9t\u00e1l a kedvesem<br \/>\nOlyan b\u00fcszk\u00e9n, mintha sose l\u00e1tott volna<br \/>\nMintha a szeret\u0151je sose lettem volna<br \/>\nOlyan b\u00fcszk\u00e9n, mintha sose l\u00e1tott volna<br \/>\nMintha a szeret\u0151je sose lettem volna<br \/>\nCsak, csak, csak az\u00e9rt is j\u00e1rom az utc\u00e1j\u00e1t<br \/>\nNem ker\u00fcl\u00f6m el a kapuf\u00e1j\u00e1t<br \/>\nHadd pletyk\u00e1ljon minden v\u00e9nasszony fel\u0151le<br \/>\nCsak, csakis \u00e9n vagyok az igaz szeret\u0151je<br \/>\nHadd pletyk\u00e1ljon minden v\u00e9nasszony fel\u0151le<br \/>\nCsak, csakis \u00e9n vagyok az igaz szeret\u0151je<br \/>\n&#8212;Sz\u00f3l\u00f3&#8212;\/\/06:15\/\/<br \/>\nN\u00e9zd, n\u00e9zd, n\u00e9zd a szemem ragyog, mint a csillag<br \/>\nAkkor gyere r\u00f3zs\u00e1m, mikor h\u00edvlak<br \/>\nJ\u00f6ssz te m\u00e9g majd s\u00edrva a mi kis utc\u00e1nkba<br \/>\nCsak, csakis akkor leszel majd igaz\u00e1n \u00e1rva<br \/>\nJ\u00f6ssz te m\u00e9g majd s\u00edrva a mi kis utc\u00e1nkba<br \/>\nCsak, csakis akkor leszel majd igaz\u00e1n \u00e1rva<br \/>\n&#8212;Sz\u00f3l\u00f3&#8212;\/\/07:27\/\/<br \/>\nAz a rendes iparos, aki mindig italos, \u00e9s sohasem r\u00e9szeg<br \/>\nAz a rendes iparos, aki mindig italos, \u00e9s sohasem r\u00e9szeg<br \/>\nRendes ember, otthagy minden csapot-papot<br \/>\nA kocsm\u00e1ba sz\u00farja el az eg\u00e9sz napot<br \/>\nAz a rendes iparos, aki mindig italos, \u00e9s sohasem r\u00e9szeg<br \/>\nRendes ember, otthagy minden csapot-papot<br \/>\nA kocsm\u00e1ba sz\u00farja el az eg\u00e9sz napot<br \/>\nAz a rendes iparos, aki mindig italos, \u00e9s sohasem r\u00e9szeg<br \/>\n&#8212;Sz\u00f3l\u00f3&#8212;\/\/08:50\/\/<br \/>\nMegy a g\u0151z\u00f6s lefel\u00e9, bodor f\u00fcstje felfel\u00e9, bodor f\u00fcstje felfel\u00e9<br \/>\nAbban \u00fcl egy regruta, ki van a szeme s\u00edrva, ki van a szeme s\u00edrva<br \/>\nHull a k\u00f6nnye, mint a z\u00e1por az arc\u00e1ra<br \/>\nIsten veled kedves r\u00f3zs\u00e1m utolj\u00e1ra<br \/>\n\u00c9n m\u00e1r innen elmegyek, ne felejtsd a nevemet, ne felejts el engemet<br \/>\nHull a k\u00f6nnye, mint a z\u00e1por az arc\u00e1ra<br \/>\nIsten veled kedves r\u00f3zs\u00e1m utolj\u00e1ra<br \/>\n\u00c9n m\u00e1r innen elmegyek, ne felejtsd a nevemet, ne felejts el engemet<br \/>\n&#8212;V\u00e9ge&#8212;<\/p>\n","protected":false},"featured_media":6363,"template":"","meta":{"site-sidebar-layout":"default","site-content-layout":"","ast-site-content-layout":"default","site-content-style":"default","site-sidebar-style":"default","ast-global-header-display":"","ast-banner-title-visibility":"","ast-main-header-display":"","ast-hfb-above-header-display":"","ast-hfb-below-header-display":"","ast-hfb-mobile-header-display":"","site-post-title":"","ast-breadcrumbs-content":"","ast-featured-img":"","footer-sml-layout":"","theme-transparent-header-meta":"default","adv-header-id-meta":"","stick-header-meta":"","header-above-stick-meta":"","header-main-stick-meta":"","header-below-stick-meta":"","astra-migrate-meta-layouts":"set","ast-page-background-enabled":"default","ast-page-background-meta":{"desktop":{"background-color":"var(--ast-global-color-4)","background-image":"","background-repeat":"repeat","background-position":"center center","background-size":"auto","background-attachment":"scroll","background-type":"","background-media":"","overlay-type":"","overlay-color":"","overlay-opacity":"","overlay-gradient":""},"tablet":{"background-color":"","background-image":"","background-repeat":"repeat","background-position":"center center","background-size":"auto","background-attachment":"scroll","background-type":"","background-media":"","overlay-type":"","overlay-color":"","overlay-opacity":"","overlay-gradient":""},"mobile":{"background-color":"","background-image":"","background-repeat":"repeat","background-position":"center center","background-size":"auto","background-attachment":"scroll","background-type":"","background-media":"","overlay-type":"","overlay-color":"","overlay-opacity":"","overlay-gradient":""}},"ast-content-background-meta":{"desktop":{"background-color":"var(--ast-global-color-5)","background-image":"","background-repeat":"repeat","background-position":"center center","background-size":"auto","background-attachment":"scroll","background-type":"","background-media":"","overlay-type":"","overlay-color":"","overlay-opacity":"","overlay-gradient":""},"tablet":{"background-color":"var(--ast-global-color-5)","background-image":"","background-repeat":"repeat","background-position":"center center","background-size":"auto","background-attachment":"scroll","background-type":"","background-media":"","overlay-type":"","overlay-color":"","overlay-opacity":"","overlay-gradient":""},"mobile":{"background-color":"var(--ast-global-color-5)","background-image":"","background-repeat":"repeat","background-position":"center center","background-size":"auto","background-attachment":"scroll","background-type":"","background-media":"","overlay-type":"","overlay-color":"","overlay-opacity":"","overlay-gradient":""}}},"product_cat":[69],"product_tag":[],"class_list":["post-5621","product","type-product","status-publish","has-post-thumbnail","hentry","product_cat-galamb-joci","desktop-align-left","tablet-align-left","mobile-align-left"],"_links":{"self":[{"href":"https:\/\/www.sunkaraoke.hu\/index.php\/wp-json\/wp\/v2\/product\/5621","targetHints":{"allow":["GET"]}}],"collection":[{"href":"https:\/\/www.sunkaraoke.hu\/index.php\/wp-json\/wp\/v2\/product"}],"about":[{"href":"https:\/\/www.sunkaraoke.hu\/index.php\/wp-json\/wp\/v2\/types\/product"}],"wp:featuredmedia":[{"embeddable":true,"href":"https:\/\/www.sunkaraoke.hu\/index.php\/wp-json\/wp\/v2\/media\/6363"}],"wp:attachment":[{"href":"https:\/\/www.sunkaraoke.hu\/index.php\/wp-json\/wp\/v2\/media?parent=5621"}],"wp:term":[{"taxonomy":"product_cat","embeddable":true,"href":"https:\/\/www.sunkaraoke.hu\/index.php\/wp-json\/wp\/v2\/product_cat?post=5621"},{"taxonomy":"product_tag","embeddable":true,"href":"https:\/\/www.sunkaraoke.hu\/index.php\/wp-json\/wp\/v2\/product_tag?post=5621"}],"curies":[{"name":"wp","href":"https:\/\/api.w.org\/{rel}","templated":true}]}}