{"id":5616,"date":"2022-08-08T20:49:31","date_gmt":"2022-08-08T20:49:31","guid":{"rendered":"https:\/\/www.sunkaraoke.hu\/index.php\/termek\/follow-the-flow-porszem-2019-remix\/"},"modified":"2026-04-18T07:25:18","modified_gmt":"2026-04-18T05:25:18","slug":"follow-the-flow-porszem-2019-remix","status":"publish","type":"product","link":"https:\/\/www.sunkaraoke.hu\/index.php\/termek\/follow-the-flow-porszem-2019-remix\/","title":{"rendered":"<div class=\"wcmp-player-container product-5616\"><audio controlslist=\"nodownload\" data-product=\"5616\"  volume=\"1\"  preload=\"none\" data-lazyloading=\"none\" class=\"wcmp-player track mejs-classic\" data-duration=\"3:30\" data-estimated_duration=\"21\"><source src=\"https:\/\/www.sunkaraoke.hu\/wp-content\/uploads\/wcmp\/bf6917bb474e5a8e5ee77cdbcbd30f0f.mp3\" type=\"audio\/mp3\" \/><\/audio><\/div>Follow the flow &#8211; Porszem 2019. Remix."},"content":{"rendered":"<p><strong>03:29<\/strong> | <strong><img loading=\"lazy\" decoding=\"async\" class=\"alignnone size-full wp-image-467\" src=\"https:\/\/www.sunkaraoke.hu\/wp-content\/uploads\/2022\/07\/choir_2-copy.webp\" alt=\"\" width=\"30\" height=\"30\" \/> <\/p>\n","protected":false},"excerpt":{"rendered":"<p><strong>Bits\u0171r\u0171s\u00e9g: <\/strong>196kb\/s<strong><br \/>\n<\/strong><strong>Hossz: <\/strong>03:29<strong><br \/>\n<\/strong><strong style=\"font-size: 16px;\">Vok\u00e1lt tartalmaz: <\/strong>Nem <img loading=\"lazy\" decoding=\"async\" class=\"alignnone size-full wp-image-467\" src=\"http:\/\/www.sunkaraoke.hu\/wp-content\/uploads\/2022\/07\/choir_2-copy.png\" alt=\"\" width=\"30\" height=\"30\" \/><strong style=\"font-size: 16px;\"><br \/>\n<\/strong><\/p>\n<p>&nbsp;<\/p>\n<p>Szerte a vil\u00e1gban, szelte a l\u00e1bam m\u00e1r az orsz\u00e1gutak por\u00e1t,<br \/>\n\u00f6r\u00f6m \u00e9s b\u00e1nat, egyszerre j\u00e1rtak, mint ujjak a zongor\u00e1n.<br \/>\nFejem f\u00f6l\u00f6tt k\u00f6r\u00f6ztek kesely\u0171k, az \u00e9letem sosem egyszer\u0171,<br \/>\ng\u00f6r\u00f6ngy\u00f6s \u00fat s\u00f6t\u00e9t \u00e9jjel\u00e9n, porszem vagyok, aki majd r\u00e9vbe \u00e9r.<\/p>\n<p>A szemnek szinte l\u00e1thatatlan, t\u00fal apr\u00f3 vagyok \u00e9s s\u00falytalan,<br \/>\nnekem igaz\u00e1n nincs helyem, ez\u00e9rt \u00faton vagyok minduntalan csak egy,<br \/>\npotyautas, ki sokat l\u00e1tott, an\u00e9lk\u00fcl hogy b\u00e1rki is \u00e9szrevenne,<br \/>\nvelem j\u00f6nni \u00e1ld\u00e1s \u00e9s \u00e1tok, a semmib\u0151l tartunk a v\u00e9gtelenbe.<br \/>\nLeporoljuk a t\u00f6rt\u00e9nelem, vel\u00fcnk ellepett k\u00f6nyveit,<br \/>\n\u00e9s n\u00e9zz\u00fck, hogy v\u00e1lnak k\u00f6dd\u00e9 vele a nagy emberek lehullt k\u00f6nnyei,<br \/>\nhogyha egyszer megm\u00e1s\u00edtj\u00e1k, \u00fajra \u00edrjuk az \u00e9let\u00fcnk lapjait,<br \/>\n\u00e9s v\u00e1runk am\u00edg m\u00e1r m\u00e1s is l\u00e1t, mi a rem\u00e9ny rabjai.<\/p>\n<p>Szerte a vil\u00e1gban, szelte a l\u00e1bam m\u00e1r az orsz\u00e1gutak por\u00e1t,<br \/>\n\u00f6r\u00f6m \u00e9s b\u00e1nat, egyszerre j\u00e1rtak, mint ujjak a zongor\u00e1n.<br \/>\nFejem f\u00f6l\u00f6tt k\u00f6r\u00f6ztek kesely\u0171k, az \u00e9letem sosem egyszer\u0171,<br \/>\ng\u00f6r\u00f6ngy\u00f6s \u00fat s\u00f6t\u00e9t \u00e9jjel\u00e9n, porszem vagyok, aki majd r\u00e9vbe \u00e9r.<\/p>\n<p>Nem vagyok m\u00e1r na\u00edv, ha egy fuvallat j\u00e1t\u00e9kos t\u00e1ncra h\u00edv,<br \/>\nj\u00f3nak l\u00e1tom \u00edgy, nem sz\u00f3l az \u00e9sz, nem f\u00e1j a sz\u00edv.<br \/>\nNem lesz b\u00f6kken\u0151, ha majd j\u00f6n egy buktat\u00f3,<br \/>\nolyan nincs, hogy nincsen t\u00f6bb er\u0151, \u00e9s ez megnyugtat\u00f3.<br \/>\nMint \u00e9rme a s\u00ednen, aki nem tudja hogy rossz helyen pihen,<br \/>\naz\u00e9rt gondtalan, mert elt\u0171nik nyomtalan.<br \/>\nA m\u00faltban a b\u00e1natom, odatartok ahonnan sz\u00e1rmazom,<br \/>\nnem kell j\u00e1tszanom, csak egy vend\u00e9g vagyok, egy porszem a v\u00e1lladon!<br \/>\n&#8212;Bet\u00e9t&#8212;<br \/>\nEgy porszem a v\u00e1lladon&#8230;&#8230;<br \/>\n&#8212;Bet\u00e9t&#8212;<\/p>\n<p>Szerte a vil\u00e1gban, szelte a l\u00e1bam m\u00e1r az orsz\u00e1gutak por\u00e1t,<br \/>\n\u00f6r\u00f6m \u00e9s b\u00e1nat, egyszerre j\u00e1rtak, mint ujjak a zongor\u00e1n.<br \/>\nFejem f\u00f6l\u00f6tt k\u00f6r\u00f6ztek kesely\u0171k, az \u00e9letem sosem egyszer\u0171,<br \/>\ng\u00f6r\u00f6ngy\u00f6s \u00fat s\u00f6t\u00e9t \u00e9jjel\u00e9n, porszem vagyok, aki majd r\u00e9vbe \u00e9r.<br \/>\n&#8212;Sz\u00f3l\u00f3&#8211;<br \/>\nG\u00f6r\u00f6ngy\u00f6s \u00fat s\u00f6t\u00e9t \u00e9jjel\u00e9n, porszem vagyok, aki majd r\u00e9vbe \u00e9r.<br \/>\n&#8212;V\u00e9ge&#8211;<\/p>\n","protected":false},"featured_media":288,"template":"","meta":{"site-sidebar-layout":"default","site-content-layout":"default","ast-site-content-layout":"","site-content-style":"default","site-sidebar-style":"default","ast-global-header-display":"","ast-banner-title-visibility":"","ast-main-header-display":"","ast-hfb-above-header-display":"","ast-hfb-below-header-display":"","ast-hfb-mobile-header-display":"","site-post-title":"","ast-breadcrumbs-content":"","ast-featured-img":"","footer-sml-layout":"","theme-transparent-header-meta":"default","adv-header-id-meta":"","stick-header-meta":"","header-above-stick-meta":"","header-main-stick-meta":"","header-below-stick-meta":"","astra-migrate-meta-layouts":"default","ast-page-background-enabled":"default","ast-page-background-meta":{"desktop":{"background-color":"var(--ast-global-color-4)","background-image":"","background-repeat":"repeat","background-position":"center center","background-size":"auto","background-attachment":"scroll","background-type":"","background-media":"","overlay-type":"","overlay-color":"","overlay-opacity":"","overlay-gradient":""},"tablet":{"background-color":"","background-image":"","background-repeat":"repeat","background-position":"center center","background-size":"auto","background-attachment":"scroll","background-type":"","background-media":"","overlay-type":"","overlay-color":"","overlay-opacity":"","overlay-gradient":""},"mobile":{"background-color":"","background-image":"","background-repeat":"repeat","background-position":"center center","background-size":"auto","background-attachment":"scroll","background-type":"","background-media":"","overlay-type":"","overlay-color":"","overlay-opacity":"","overlay-gradient":""}},"ast-content-background-meta":{"desktop":{"background-color":"var(--ast-global-color-5)","background-image":"","background-repeat":"repeat","background-position":"center center","background-size":"auto","background-attachment":"scroll","background-type":"","background-media":"","overlay-type":"","overlay-color":"","overlay-opacity":"","overlay-gradient":""},"tablet":{"background-color":"var(--ast-global-color-5)","background-image":"","background-repeat":"repeat","background-position":"center center","background-size":"auto","background-attachment":"scroll","background-type":"","background-media":"","overlay-type":"","overlay-color":"","overlay-opacity":"","overlay-gradient":""},"mobile":{"background-color":"var(--ast-global-color-5)","background-image":"","background-repeat":"repeat","background-position":"center center","background-size":"auto","background-attachment":"scroll","background-type":"","background-media":"","overlay-type":"","overlay-color":"","overlay-opacity":"","overlay-gradient":""}}},"product_cat":[48],"product_tag":[],"class_list":["post-5616","product","type-product","status-publish","has-post-thumbnail","hentry","product_cat-sunkaraoke-dalok","desktop-align-left","tablet-align-left","mobile-align-left"],"_links":{"self":[{"href":"https:\/\/www.sunkaraoke.hu\/index.php\/wp-json\/wp\/v2\/product\/5616","targetHints":{"allow":["GET"]}}],"collection":[{"href":"https:\/\/www.sunkaraoke.hu\/index.php\/wp-json\/wp\/v2\/product"}],"about":[{"href":"https:\/\/www.sunkaraoke.hu\/index.php\/wp-json\/wp\/v2\/types\/product"}],"wp:featuredmedia":[{"embeddable":true,"href":"https:\/\/www.sunkaraoke.hu\/index.php\/wp-json\/wp\/v2\/media\/288"}],"wp:attachment":[{"href":"https:\/\/www.sunkaraoke.hu\/index.php\/wp-json\/wp\/v2\/media?parent=5616"}],"wp:term":[{"taxonomy":"product_cat","embeddable":true,"href":"https:\/\/www.sunkaraoke.hu\/index.php\/wp-json\/wp\/v2\/product_cat?post=5616"},{"taxonomy":"product_tag","embeddable":true,"href":"https:\/\/www.sunkaraoke.hu\/index.php\/wp-json\/wp\/v2\/product_tag?post=5616"}],"curies":[{"name":"wp","href":"https:\/\/api.w.org\/{rel}","templated":true}]}}