{"id":5614,"date":"2022-08-08T20:49:31","date_gmt":"2022-08-08T20:49:31","guid":{"rendered":"https:\/\/www.sunkaraoke.hu\/index.php\/termek\/piros-bela-piros-bela-mulatos-mix-17\/"},"modified":"2026-03-05T08:58:58","modified_gmt":"2026-03-05T06:58:58","slug":"piros-bela-piros-bela-mulatos-mix-17","status":"publish","type":"product","link":"https:\/\/www.sunkaraoke.hu\/index.php\/termek\/piros-bela-piros-bela-mulatos-mix-17\/","title":{"rendered":"<div class=\"wcmp-player-container product-5614\"><audio controlslist=\"nodownload\" data-product=\"5614\"  volume=\"1\"  preload=\"none\" data-lazyloading=\"none\" class=\"wcmp-player track mejs-classic\" data-duration=\"0:32\" data-estimated_duration=\"4\"><source src=\"https:\/\/www.sunkaraoke.hu\/wp-content\/uploads\/2022\/08\/Piros-mulatos-17_demooo.mp3\" type=\"audio\/mp3\" \/><\/audio><\/div>Piros B\u00e9la &#8211; Piros B\u00e9la mulat\u00f3s mix 17. (Original)"},"content":{"rendered":"<p><strong>07:38<\/strong> | <strong><img loading=\"lazy\" decoding=\"async\" class=\"alignnone size-full wp-image-467\" src=\"https:\/\/www.sunkaraoke.hu\/wp-content\/uploads\/2022\/07\/choir_2-copy.webp\" alt=\"\" width=\"30\" height=\"30\" \/> <\/strong><\/p>\n","protected":false},"excerpt":{"rendered":"<h6><strong>Bits\u0171r\u0171s\u00e9g: 320<\/strong>kb\/s<strong><br \/>\n<\/strong><strong>Hossz: <\/strong>07:38<strong><br \/>\n<\/strong><strong style=\"font-size: 16px;\">Vok\u00e1lt tartalmaz: <\/strong>Nem <img loading=\"lazy\" decoding=\"async\" class=\"alignnone size-full wp-image-467\" src=\"http:\/\/www.sunkaraoke.hu\/wp-content\/uploads\/2022\/07\/choir_2-copy.png\" alt=\"\" width=\"30\" height=\"30\" \/><strong style=\"font-size: 16px;\"><br \/>\n<\/strong><\/h6>\n<p>Sunkaraoke mp3 st\u00fadi\u00f3 \/ www.sunkaraoke.hu \/ Inf: Tel: 06 20 4275001<\/p>\n<p>&#8212;Intr\u00f3&#8212;\/\/00:32\/\/<br \/>\nNem vagyok \u00e9n \u00fari csal\u00e1db\u00f3l val\u00f3,<br \/>\nnem kell n\u00e9kem selyem paplan takar\u00f3.<br \/>\nLeter\u00edtem a sub\u00e1mat a gyepre,<br \/>\noda v\u00e1rom sej haj, oda v\u00e1rom a bab\u00e1mat est\u00e9re.<br \/>\nLeter\u00edtem a sub\u00e1mat a gyepre,<br \/>\noda v\u00e1rom sej haj, oda v\u00e1rom a bab\u00e1mat est\u00e9re.<\/p>\n<p>Nem vagyunk mi boldogs\u00e1gra teremtve,<br \/>\nv\u00e1lljunk el \u00e9s legyen minden feledve.<br \/>\nCsak m\u00e9g egyszer n\u00e9zhetn\u00e9k a szem\u00e9be,<br \/>\nkiolvasn\u00e1m bel\u0151le,hogy szeret-e,vagy elfelejtett \u00f6r\u00f6kre.<br \/>\nCsak m\u00e9g egyszer n\u00e9zhetn\u00e9k a szem\u00e9be,<br \/>\nkiolvasn\u00e1m bel\u0151le,hogy szeret-e,vagy elfelejtett \u00f6r\u00f6kre.<br \/>\n&#8212;Sz\u00f3l\u00f3&#8212;\/\/01:58\/\/<br \/>\nNem vagyok \u00e9n \u00fari csal\u00e1db\u00f3l val\u00f3,<br \/>\nnem kell n\u00e9kem selyem paplan takar\u00f3.<br \/>\nLeter\u00edtem a sub\u00e1mat a gyepre,<br \/>\noda v\u00e1rom sej haj, oda v\u00e1rom a bab\u00e1mat est\u00e9re.<br \/>\nLeter\u00edtem a sub\u00e1mat a gyepre,<br \/>\noda v\u00e1rom sej haj, oda v\u00e1rom a bab\u00e1mat est\u00e9re.<\/p>\n<p>Ez a kisl\u00e1ny most kezd n\u00e9kem tetszeni,<br \/>\nde szeretn\u00e9k v\u00e9le sz\u00edvet cser\u00e9lni.<br \/>\nVigy\u00e1zz kisl\u00e1ny,j\u00f3l vigy\u00e1zz a sz\u00edvedre,<br \/>\nmert el tal\u00e1lom lopni, el is fogom t\u0151led lopni \u00f6r\u00f6kre.<br \/>\nVigy\u00e1zz kisl\u00e1ny,j\u00f3l vigy\u00e1zz a sz\u00edvedre,<br \/>\nmert el tal\u00e1lom lopni, el is fogom t\u0151led lopni \u00f6r\u00f6kre.<br \/>\n&#8212;Sz\u00f3l\u00f3&#8212;\/\/03:20\/\/<br \/>\nL\u00e1tod, bab\u00e1m, azt a tear\u00f3zs\u00e1t,<br \/>\nnappal ny\u00edlik, este j\u00e1rok hozz\u00e1d.<br \/>\nEste j\u00e1rok, mikor senki sem l\u00e1t,<br \/>\nm\u00e9g is irigy r\u00e1m az eg\u00e9sz vil\u00e1g.<br \/>\nEste j\u00e1rok, mikor senki sem l\u00e1t,<br \/>\nm\u00e9g is irigy r\u00e1m az eg\u00e9sz vil\u00e1g.<\/p>\n<p>Irigyeim, hagyjatok szeretni,<br \/>\nhagyj\u00e1tok a szememet r\u00e1vetni.<br \/>\nR\u00e1szokott a szemem a n\u00e9z\u00e9sre,<br \/>\ngy\u00f6nge karom sz\u00e9p l\u00e1ny \u00f6lel\u00e9sre.<br \/>\nR\u00e1szokott a szemem a n\u00e9z\u00e9sre,<br \/>\ngy\u00f6nge karom sz\u00e9p l\u00e1ny \u00f6lel\u00e9sre.<br \/>\n&#8212;Sz\u00f3l\u00f3&#8212;\/\/04:35\/\/<br \/>\nL\u00e1tod, bab\u00e1m, azt a tear\u00f3zs\u00e1t,<br \/>\nnappal ny\u00edlik, este j\u00e1rok hozz\u00e1d.<br \/>\nEste j\u00e1rok, mikor senki sem l\u00e1t,<br \/>\nm\u00e9g is irigy r\u00e1m az eg\u00e9sz vil\u00e1g.<br \/>\nEste j\u00e1rok, mikor senki sem l\u00e1t,<br \/>\nm\u00e9g is irigy r\u00e1m az eg\u00e9sz vil\u00e1g.<\/p>\n<p>Irigyeim, hagyjatok szeretni,<br \/>\nhagyj\u00e1tok a szememet r\u00e1vetni.<br \/>\nR\u00e1szokott a szemem a n\u00e9z\u00e9sre,<br \/>\ngy\u00f6nge karom sz\u00e9p l\u00e1ny \u00f6lel\u00e9sre.<br \/>\nR\u00e1szokott a szemem a n\u00e9z\u00e9sre,<br \/>\ngy\u00f6nge karom sz\u00e9p l\u00e1ny \u00f6lel\u00e9sre.<br \/>\n&#8212;Sz\u00f3l\u00f3&#8212;<br \/>\nSud\u00e1r magas, sud\u00e1r magas a ny\u00e1rfa teteje,<br \/>\nhalv\u00e1ny s\u00e1rga, de halv\u00e1ny s\u00e1rga annak levele.<br \/>\nHalv\u00e1ny s\u00e1rga, de halv\u00e1ny s\u00e1rga annak levele.<\/p>\n<p>\u00c9n is olyan, \u00e9n is olyan halv\u00e1ny s\u00e1rga vagyok.<br \/>\nVolt szert\u0151m, egy csinos barna kisl\u00e1ny,<br \/>\nde m\u00e1r r\u00e9g elhagyott.<br \/>\nVolt szert\u0151m, egy csinos barna kisl\u00e1ny,<br \/>\nde m\u00e1r r\u00e9g elhagyott.<br \/>\n&#8212;Sz\u00f3l\u00f3&#8212;<br \/>\nMajd ha egyszer h\u0171tlen bab\u00e1m, \u00f6sszetal\u00e1lkozunk,<br \/>\n\u00fagy megy\u00fcnk el egym\u00e1s mellet, m\u00e9g csak nem is sz\u00f3lunk.<br \/>\n\u00dagy megy\u00fcnk el egym\u00e1s mellet, m\u00e9g csak nem is sz\u00f3lunk.<\/p>\n<p>Te m\u00e9gy jobbra, h\u0171tlen bab\u00e1m, \u00e9n meg megyek balra.<br \/>\nS\u00e1rba taposom f\u00e9nyk\u00e9pedet, nem veszlek el soha.<br \/>\nS\u00e1rba taposom f\u00e9nyk\u00e9pedet, nem veszlek el soha.<br \/>\n&#8212;V\u00e9ge&#8212;<\/p>\n","protected":false},"featured_media":12989,"template":"","meta":{"site-sidebar-layout":"default","site-content-layout":"default","ast-site-content-layout":"default","site-content-style":"default","site-sidebar-style":"default","ast-global-header-display":"","ast-banner-title-visibility":"","ast-main-header-display":"","ast-hfb-above-header-display":"","ast-hfb-below-header-display":"","ast-hfb-mobile-header-display":"","site-post-title":"","ast-breadcrumbs-content":"","ast-featured-img":"","footer-sml-layout":"","theme-transparent-header-meta":"default","adv-header-id-meta":"","stick-header-meta":"","header-above-stick-meta":"","header-main-stick-meta":"","header-below-stick-meta":"","astra-migrate-meta-layouts":"set","ast-page-background-enabled":"default","ast-page-background-meta":{"desktop":{"background-color":"var(--ast-global-color-4)","background-image":"","background-repeat":"repeat","background-position":"center center","background-size":"auto","background-attachment":"scroll","background-type":"","background-media":"","overlay-type":"","overlay-color":"","overlay-opacity":"","overlay-gradient":""},"tablet":{"background-color":"","background-image":"","background-repeat":"repeat","background-position":"center center","background-size":"auto","background-attachment":"scroll","background-type":"","background-media":"","overlay-type":"","overlay-color":"","overlay-opacity":"","overlay-gradient":""},"mobile":{"background-color":"","background-image":"","background-repeat":"repeat","background-position":"center center","background-size":"auto","background-attachment":"scroll","background-type":"","background-media":"","overlay-type":"","overlay-color":"","overlay-opacity":"","overlay-gradient":""}},"ast-content-background-meta":{"desktop":{"background-color":"var(--ast-global-color-5)","background-image":"","background-repeat":"repeat","background-position":"center center","background-size":"auto","background-attachment":"scroll","background-type":"","background-media":"","overlay-type":"","overlay-color":"","overlay-opacity":"","overlay-gradient":""},"tablet":{"background-color":"var(--ast-global-color-5)","background-image":"","background-repeat":"repeat","background-position":"center center","background-size":"auto","background-attachment":"scroll","background-type":"","background-media":"","overlay-type":"","overlay-color":"","overlay-opacity":"","overlay-gradient":""},"mobile":{"background-color":"var(--ast-global-color-5)","background-image":"","background-repeat":"repeat","background-position":"center center","background-size":"auto","background-attachment":"scroll","background-type":"","background-media":"","overlay-type":"","overlay-color":"","overlay-opacity":"","overlay-gradient":""}}},"product_cat":[48],"product_tag":[],"class_list":["post-5614","product","type-product","status-publish","has-post-thumbnail","hentry","product_cat-sunkaraoke-dalok","desktop-align-left","tablet-align-left","mobile-align-left"],"_links":{"self":[{"href":"https:\/\/www.sunkaraoke.hu\/index.php\/wp-json\/wp\/v2\/product\/5614","targetHints":{"allow":["GET"]}}],"collection":[{"href":"https:\/\/www.sunkaraoke.hu\/index.php\/wp-json\/wp\/v2\/product"}],"about":[{"href":"https:\/\/www.sunkaraoke.hu\/index.php\/wp-json\/wp\/v2\/types\/product"}],"wp:featuredmedia":[{"embeddable":true,"href":"https:\/\/www.sunkaraoke.hu\/index.php\/wp-json\/wp\/v2\/media\/12989"}],"wp:attachment":[{"href":"https:\/\/www.sunkaraoke.hu\/index.php\/wp-json\/wp\/v2\/media?parent=5614"}],"wp:term":[{"taxonomy":"product_cat","embeddable":true,"href":"https:\/\/www.sunkaraoke.hu\/index.php\/wp-json\/wp\/v2\/product_cat?post=5614"},{"taxonomy":"product_tag","embeddable":true,"href":"https:\/\/www.sunkaraoke.hu\/index.php\/wp-json\/wp\/v2\/product_tag?post=5614"}],"curies":[{"name":"wp","href":"https:\/\/api.w.org\/{rel}","templated":true}]}}