{"id":5576,"date":"2022-08-08T20:49:27","date_gmt":"2022-08-08T20:49:27","guid":{"rendered":"https:\/\/www.sunkaraoke.hu\/index.php\/termek\/tajtiboy-hadd-szoljon\/"},"modified":"2026-03-05T08:58:58","modified_gmt":"2026-03-05T06:58:58","slug":"tajtiboy-hadd-szoljon","status":"publish","type":"product","link":"https:\/\/www.sunkaraoke.hu\/index.php\/termek\/tajtiboy-hadd-szoljon\/","title":{"rendered":"<div class=\"wcmp-player-container product-5576\"><audio controlslist=\"nodownload\" data-product=\"5576\"  volume=\"1\"  preload=\"none\" data-lazyloading=\"none\" class=\"wcmp-player track mejs-classic\" data-duration=\"0:33\" data-estimated_duration=\"4\"><source src=\"https:\/\/www.sunkaraoke.hu\/wp-content\/uploads\/2022\/08\/Hadd-szoljon-Vokal-Tajti.-kdemoo.mp3\" type=\"audio\/mp3\" \/><\/audio><\/div>Tajtiboy &#8211; Hadd sz\u00f3ljon (Original)"},"content":{"rendered":"<p>03:45<\/p>\n","protected":false},"excerpt":{"rendered":"<h6><strong>Bits\u0171r\u0171s\u00e9g: 320<\/strong>kb\/s<strong><br \/>\n<\/strong><strong>Hossz: <\/strong>03:45<strong><br \/>\n<\/strong><strong style=\"font-size: 16px;\">Vok\u00e1lt tartalmaz: <\/strong>Igen <img loading=\"lazy\" decoding=\"async\" class=\"alignnone size-full wp-image-466\" src=\"http:\/\/www.sunkaraoke.hu\/wp-content\/uploads\/2022\/07\/choir_1-copy.png\" alt=\"\" width=\"30\" height=\"30\" \/><strong style=\"font-size: 16px;\"><br \/>\n<\/strong><\/h6>\n<p>Sunkaraoke mp3 st\u00fadi\u00f3 \/ www.sunkaraoke.hu \/ Inf: Tel: 06 20 4275001<\/p>\n<p>&#8212;Intr\u00f3&#8212;<br \/>\nKora, d\u00e9lut\u00e1n elindul a brig\u00e1d,<br \/>\nk\u00f6rbe j\u00e1runk, minden kocsm\u00e1t,<br \/>\nmegmutatjuk, hogy kell mulatni.<br \/>\nHirtelen t\u00edz feles az agyunkba sz\u00e1ll fel,<br \/>\nesteledik v\u00e1r egy j\u00f3 hely,<br \/>\nfolytat\u00f3dik a dinom d\u00e1nom &#8220;\u00e9n nem b\u00e1nom&#8221;<br \/>\nnem sajn\u00e1lom!<br \/>\nHadd sz\u00f3ljon m\u00e9g egy kis v\u00edg n\u00f3ta,<br \/>\ngyere bab\u00e1m, omolj bele a karomba,<br \/>\nki\u00f6lt\u00f6ztem, neked csinosba,<br \/>\nsz\u00e9d\u00edtelek \u00e9n , viszlek a tilosba.<br \/>\nHadd sz\u00f3ljon m\u00e9g egy kis v\u00edg n\u00f3ta,<br \/>\nzen\u00e9sz j\u00e1tssza a dalt , p\u00f6rg\u0151s ritmusba,<br \/>\nwhisky bomb\u00e1t \u00e9n kik\u00e9rek,<br \/>\ngyertek h\u00e1t bar\u00e1tok testv\u00e9rek.<br \/>\n&#8212;Sz\u00f3l\u00f3&#8212;<br \/>\nVel\u00fcnk t\u00e1ncol ma minden sz\u00e9p l\u00e1ny,<br \/>\ncs\u00edp\u0151 ring\u00e1suk sexy l\u00e1tv\u00e1ny,<br \/>\na sz\u00edvem b\u00e1rmelyiknek most oda adn\u00e1m.<br \/>\nKicsik\u00e9t r\u00e9szeg vagyok,de a sz\u00f6vegem b\u00e1tor,<br \/>\na legd\u00f6g\u00f6sebb csaj velem t\u00e1ncol,<br \/>\nhajnalban egy kis dinom d\u00e1nom &#8220;\u00e9n nem b\u00e1nom&#8221;<br \/>\nnem sajn\u00e1lom!<br \/>\nHadd sz\u00f3ljon m\u00e9g egy kis v\u00edg n\u00f3ta,<br \/>\ngyere bab\u00e1m, omolj bele a karomba,<br \/>\nki\u00f6lt\u00f6ztem, neked csinosba,<br \/>\nsz\u00e9d\u00edtelek \u00e9n, viszlek a tilosba.<br \/>\nHadd sz\u00f3ljon m\u00e9g egy kis v\u00edg n\u00f3ta,<br \/>\nzen\u00e9sz j\u00e1tssza a dalt, p\u00f6rg\u0151s ritmusba,<br \/>\nwhisky bomb\u00e1t \u00e9n kik\u00e9rek,<br \/>\ngyertek h\u00e1t bar\u00e1tok testv\u00e9rek.<br \/>\n&#8212;Sz\u00f3l\u00f3&#8212;<br \/>\nHadd sz\u00f3ljon m\u00e9g egy kis v\u00edg n\u00f3ta,<br \/>\ngyere bab\u00e1m, omolj bele a karomba,<br \/>\nki\u00f6lt\u00f6ztem neked csinosba,<br \/>\nsz\u00e9d\u00edtelek \u00e9n, viszlek a tilosba.<br \/>\nHadd sz\u00f3ljon m\u00e9g egy kis v\u00edg n\u00f3ta,<br \/>\nzen\u00e9sz j\u00e1tssza a dalt, p\u00f6rg\u0151s ritmusba,<br \/>\nwhisky bomb\u00e1t \u00e9n kik\u00e9rek,<br \/>\ngyertek h\u00e1t bar\u00e1tok testv\u00e9rek.<br \/>\nHadd sz\u00f3ljon m\u00e9g egy kis v\u00edg n\u00f3ta,<br \/>\ngyere bab\u00e1m, omolj bele a karomba,<br \/>\nki\u00f6lt\u00f6ztem neked csinosba,<br \/>\nsz\u00e9d\u00edtelek \u00e9n, viszlek a tilosba.<br \/>\nHadd sz\u00f3ljon m\u00e9g egy kis v\u00edg n\u00f3ta,<br \/>\nzen\u00e9sz j\u00e1tssza a dalt, p\u00f6rg\u0151s ritmusba,<br \/>\nwhisky bomb\u00e1t \u00e9n kik\u00e9rek,<br \/>\ngyertek h\u00e1t bar\u00e1tok testv\u00e9rek.<br \/>\n&#8212;V\u00e9ge&#8212;<\/p>\n","protected":false},"featured_media":9020,"template":"","meta":{"site-sidebar-layout":"default","site-content-layout":"","ast-site-content-layout":"default","site-content-style":"default","site-sidebar-style":"default","ast-global-header-display":"","ast-banner-title-visibility":"","ast-main-header-display":"","ast-hfb-above-header-display":"","ast-hfb-below-header-display":"","ast-hfb-mobile-header-display":"","site-post-title":"","ast-breadcrumbs-content":"","ast-featured-img":"","footer-sml-layout":"","theme-transparent-header-meta":"default","adv-header-id-meta":"","stick-header-meta":"","header-above-stick-meta":"","header-main-stick-meta":"","header-below-stick-meta":"","astra-migrate-meta-layouts":"set","ast-page-background-enabled":"default","ast-page-background-meta":{"desktop":{"background-color":"var(--ast-global-color-4)","background-image":"","background-repeat":"repeat","background-position":"center center","background-size":"auto","background-attachment":"scroll","background-type":"","background-media":"","overlay-type":"","overlay-color":"","overlay-opacity":"","overlay-gradient":""},"tablet":{"background-color":"","background-image":"","background-repeat":"repeat","background-position":"center center","background-size":"auto","background-attachment":"scroll","background-type":"","background-media":"","overlay-type":"","overlay-color":"","overlay-opacity":"","overlay-gradient":""},"mobile":{"background-color":"","background-image":"","background-repeat":"repeat","background-position":"center center","background-size":"auto","background-attachment":"scroll","background-type":"","background-media":"","overlay-type":"","overlay-color":"","overlay-opacity":"","overlay-gradient":""}},"ast-content-background-meta":{"desktop":{"background-color":"var(--ast-global-color-5)","background-image":"","background-repeat":"repeat","background-position":"center center","background-size":"auto","background-attachment":"scroll","background-type":"","background-media":"","overlay-type":"","overlay-color":"","overlay-opacity":"","overlay-gradient":""},"tablet":{"background-color":"var(--ast-global-color-5)","background-image":"","background-repeat":"repeat","background-position":"center center","background-size":"auto","background-attachment":"scroll","background-type":"","background-media":"","overlay-type":"","overlay-color":"","overlay-opacity":"","overlay-gradient":""},"mobile":{"background-color":"var(--ast-global-color-5)","background-image":"","background-repeat":"repeat","background-position":"center center","background-size":"auto","background-attachment":"scroll","background-type":"","background-media":"","overlay-type":"","overlay-color":"","overlay-opacity":"","overlay-gradient":""}}},"product_cat":[52],"product_tag":[],"class_list":["post-5576","product","type-product","status-publish","has-post-thumbnail","hentry","product_cat-tajtiboy","desktop-align-left","tablet-align-left","mobile-align-left"],"_links":{"self":[{"href":"https:\/\/www.sunkaraoke.hu\/index.php\/wp-json\/wp\/v2\/product\/5576","targetHints":{"allow":["GET"]}}],"collection":[{"href":"https:\/\/www.sunkaraoke.hu\/index.php\/wp-json\/wp\/v2\/product"}],"about":[{"href":"https:\/\/www.sunkaraoke.hu\/index.php\/wp-json\/wp\/v2\/types\/product"}],"wp:featuredmedia":[{"embeddable":true,"href":"https:\/\/www.sunkaraoke.hu\/index.php\/wp-json\/wp\/v2\/media\/9020"}],"wp:attachment":[{"href":"https:\/\/www.sunkaraoke.hu\/index.php\/wp-json\/wp\/v2\/media?parent=5576"}],"wp:term":[{"taxonomy":"product_cat","embeddable":true,"href":"https:\/\/www.sunkaraoke.hu\/index.php\/wp-json\/wp\/v2\/product_cat?post=5576"},{"taxonomy":"product_tag","embeddable":true,"href":"https:\/\/www.sunkaraoke.hu\/index.php\/wp-json\/wp\/v2\/product_tag?post=5576"}],"curies":[{"name":"wp","href":"https:\/\/api.w.org\/{rel}","templated":true}]}}