{"id":5575,"date":"2022-08-08T20:49:26","date_gmt":"2022-08-08T20:49:26","guid":{"rendered":"https:\/\/www.sunkaraoke.hu\/index.php\/termek\/tajtiboy-gyere-gyere\/"},"modified":"2026-02-14T15:46:10","modified_gmt":"2026-02-14T13:46:10","slug":"tajtiboy-gyere-gyere","status":"publish","type":"product","link":"https:\/\/www.sunkaraoke.hu\/index.php\/termek\/tajtiboy-gyere-gyere\/","title":{"rendered":"<div class=\"wcmp-player-container product-5575\"><audio controlslist=\"nodownload\" data-product=\"5575\"  volume=\"1\"  preload=\"none\" data-lazyloading=\"none\" class=\"wcmp-player track mejs-classic\" data-duration=\"0:32\" data-estimated_duration=\"4\"><source src=\"https:\/\/www.sunkaraoke.hu\/wp-content\/uploads\/2022\/08\/Gyere-gyere-vokal-Tajti.-kdemo.mp3\" type=\"audio\/mp3\" \/><\/audio><\/div>Tajtiboy &#8211; Gyere gyere (Original)"},"content":{"rendered":"<p><strong>03:42<\/strong> | <strong><img loading=\"lazy\" decoding=\"async\" class=\"alignnone size-full wp-image-466\" src=\"https:\/\/www.sunkaraoke.hu\/wp-content\/uploads\/2022\/07\/choir_1-copy.webp\" alt=\"\" width=\"30\" height=\"30\" \/> <\/strong><\/p>\n","protected":false},"excerpt":{"rendered":"<h6><strong>Bits\u0171r\u0171s\u00e9g: 320<\/strong>kb\/s<strong><br \/>\n<\/strong><strong>Hossz: <\/strong>03:42<strong><br \/>\n<\/strong><strong style=\"font-size: 16px;\">Vok\u00e1lt tartalmaz: <\/strong>Igen <img loading=\"lazy\" decoding=\"async\" class=\"alignnone size-full wp-image-466\" src=\"http:\/\/www.sunkaraoke.hu\/wp-content\/uploads\/2022\/07\/choir_1-copy.png\" alt=\"\" width=\"30\" height=\"30\" \/><strong style=\"font-size: 16px;\"><br \/>\n<\/strong><\/h6>\n<p>Sunkaraoke mp3 st\u00fadi\u00f3 \/ www.sunkaraoke.hu \/ Inf: Tel: 06 20 4275001<\/p>\n<p>&#8212;Intr\u00f3&#8212;<br \/>\nGyere na gyere, na gyere gyere testv\u00e9r tarts velem,<br \/>\na buliban az \u00f6sszes k\u00f6rt ma \u00fagy is \u00e9n fizetem.<br \/>\nSexy bomb\u00e1k k\u00f6rbe r\u00e1zz\u00e1k csak nek\u00fcnk,<br \/>\nm\u00e9g azt mondj\u00e1k ,hogy nincs j\u00f3 \u00e9let\u00fcnk.<br \/>\nGyere na gyere na gyere gyere, mulass \u00e9n velem,<br \/>\nma buli van buli van, j\u00f3 a kedvem.<br \/>\nEg\u00e9sz este mindenki az \u00e9n vend\u00e9gem,<br \/>\na legd\u00f6g\u00f6sebb kisbab\u00e1t most felk\u00e9rem.(Ki\u00e1ll\u00e1s)<\/p>\n<p>Felveszem a lakkcip\u0151met,<br \/>\nmegk\u00f6t\u00f6m a nyakkend\u0151met,<br \/>\nalattam egy men\u0151 luxus verda.<br \/>\nElmegyek igazi j\u00f3 kis b\u00e1lba<br \/>\nmulatok az \u00e9jszak\u00e1ba,<br \/>\nahol minden vend\u00e9g t\u00e1ncol velem.<\/p>\n<p>Gyere na gyere, na gyere gyere testv\u00e9r tarts velem,<br \/>\na buliban az \u00f6sszes k\u00f6rt ma \u00fagy is \u00e9n fizetem.<br \/>\nSexy bomb\u00e1k k\u00f6rbe r\u00e1zz\u00e1k csak nek\u00fcnk,<br \/>\nm\u00e9g azt mondj\u00e1k ,hogy nincs j\u00f3 \u00e9let\u00fcnk.<br \/>\nGyere na gyere na gyere gyere, mulass \u00e9n velem,<br \/>\nma buli van buli van, j\u00f3 a kedvem.<br \/>\nEg\u00e9sz este mindenki az \u00e9n vend\u00e9gem,<br \/>\na legd\u00f6g\u00f6sebb kisbab\u00e1t most felk\u00e9rem.<br \/>\n&#8212;Sz\u00f3l\u00f3&#8212;<br \/>\nA pulton v\u00e1r egy, k\u00e9t, p\u00e1lesz,<br \/>\na hangulatra ez m\u00e9g r\u00e1tesz,<br \/>\nez az \u00e9rz\u00e9s felpezsd\u00edt engem.<br \/>\nL\u00e1baim eg\u00e9sz este j\u00e1rnak,<br \/>\nde am\u00edg nincs v\u00e9ge a b\u00e1lnak,<br \/>\naddig minden bar\u00e1t t\u00e1ncol velem.<\/p>\n<p>Gyere na gyere, na gyere gyere testv\u00e9r tarts velem,<br \/>\na buliban az \u00f6sszes k\u00f6rt ma \u00fagy is \u00e9n fizetem.<br \/>\nSexy bomb\u00e1k k\u00f6rbe r\u00e1zz\u00e1k csak nek\u00fcnk,<br \/>\nm\u00e9g azt mondj\u00e1k ,hogy nincs j\u00f3 \u00e9let\u00fcnk.<br \/>\nGyere na gyere na gyere gyere, mulass \u00e9n velem,<br \/>\nma buli van buli van, j\u00f3 a kedvem.<br \/>\nEg\u00e9sz este mindenki az \u00e9n vend\u00e9gem,<br \/>\na legd\u00f6g\u00f6sebb kisbab\u00e1t most felk\u00e9rem.<br \/>\n&#8212;V\u00e9ge&#8212;<\/p>\n","protected":false},"featured_media":9020,"template":"","meta":{"site-sidebar-layout":"default","site-content-layout":"default","ast-site-content-layout":"default","site-content-style":"default","site-sidebar-style":"default","ast-global-header-display":"","ast-banner-title-visibility":"","ast-main-header-display":"","ast-hfb-above-header-display":"","ast-hfb-below-header-display":"","ast-hfb-mobile-header-display":"","site-post-title":"","ast-breadcrumbs-content":"","ast-featured-img":"","footer-sml-layout":"","theme-transparent-header-meta":"default","adv-header-id-meta":"","stick-header-meta":"","header-above-stick-meta":"","header-main-stick-meta":"","header-below-stick-meta":"","astra-migrate-meta-layouts":"set","ast-page-background-enabled":"default","ast-page-background-meta":{"desktop":{"background-color":"var(--ast-global-color-4)","background-image":"","background-repeat":"repeat","background-position":"center center","background-size":"auto","background-attachment":"scroll","background-type":"","background-media":"","overlay-type":"","overlay-color":"","overlay-opacity":"","overlay-gradient":""},"tablet":{"background-color":"","background-image":"","background-repeat":"repeat","background-position":"center center","background-size":"auto","background-attachment":"scroll","background-type":"","background-media":"","overlay-type":"","overlay-color":"","overlay-opacity":"","overlay-gradient":""},"mobile":{"background-color":"","background-image":"","background-repeat":"repeat","background-position":"center center","background-size":"auto","background-attachment":"scroll","background-type":"","background-media":"","overlay-type":"","overlay-color":"","overlay-opacity":"","overlay-gradient":""}},"ast-content-background-meta":{"desktop":{"background-color":"var(--ast-global-color-5)","background-image":"","background-repeat":"repeat","background-position":"center center","background-size":"auto","background-attachment":"scroll","background-type":"","background-media":"","overlay-type":"","overlay-color":"","overlay-opacity":"","overlay-gradient":""},"tablet":{"background-color":"var(--ast-global-color-5)","background-image":"","background-repeat":"repeat","background-position":"center center","background-size":"auto","background-attachment":"scroll","background-type":"","background-media":"","overlay-type":"","overlay-color":"","overlay-opacity":"","overlay-gradient":""},"mobile":{"background-color":"var(--ast-global-color-5)","background-image":"","background-repeat":"repeat","background-position":"center center","background-size":"auto","background-attachment":"scroll","background-type":"","background-media":"","overlay-type":"","overlay-color":"","overlay-opacity":"","overlay-gradient":""}}},"product_cat":[52],"product_tag":[],"class_list":["post-5575","product","type-product","status-publish","has-post-thumbnail","hentry","product_cat-tajtiboy","desktop-align-left","tablet-align-left","mobile-align-left"],"_links":{"self":[{"href":"https:\/\/www.sunkaraoke.hu\/index.php\/wp-json\/wp\/v2\/product\/5575","targetHints":{"allow":["GET"]}}],"collection":[{"href":"https:\/\/www.sunkaraoke.hu\/index.php\/wp-json\/wp\/v2\/product"}],"about":[{"href":"https:\/\/www.sunkaraoke.hu\/index.php\/wp-json\/wp\/v2\/types\/product"}],"wp:featuredmedia":[{"embeddable":true,"href":"https:\/\/www.sunkaraoke.hu\/index.php\/wp-json\/wp\/v2\/media\/9020"}],"wp:attachment":[{"href":"https:\/\/www.sunkaraoke.hu\/index.php\/wp-json\/wp\/v2\/media?parent=5575"}],"wp:term":[{"taxonomy":"product_cat","embeddable":true,"href":"https:\/\/www.sunkaraoke.hu\/index.php\/wp-json\/wp\/v2\/product_cat?post=5575"},{"taxonomy":"product_tag","embeddable":true,"href":"https:\/\/www.sunkaraoke.hu\/index.php\/wp-json\/wp\/v2\/product_tag?post=5575"}],"curies":[{"name":"wp","href":"https:\/\/api.w.org\/{rel}","templated":true}]}}