{"id":5572,"date":"2022-08-08T20:49:26","date_gmt":"2022-08-08T20:49:26","guid":{"rendered":"https:\/\/www.sunkaraoke.hu\/index.php\/termek\/tajtiboy-gyere-csokolj-meg\/"},"modified":"2025-12-01T14:47:05","modified_gmt":"2025-12-01T12:47:05","slug":"tajtiboy-gyere-csokolj-meg","status":"publish","type":"product","link":"https:\/\/www.sunkaraoke.hu\/index.php\/termek\/tajtiboy-gyere-csokolj-meg\/","title":{"rendered":"<div class=\"wcmp-player-container product-5572\"><audio controlslist=\"nodownload\" data-product=\"5572\"  volume=\"1\"  preload=\"none\" data-lazyloading=\"none\" class=\"wcmp-player track mejs-classic\" data-duration=\"0:31\" data-estimated_duration=\"4\"><source src=\"https:\/\/www.sunkaraoke.hu\/wp-content\/uploads\/2022\/08\/Gyere-csokolj-meg-vokal-Tajti.-kdemoo.mp3\" type=\"audio\/mp3\" \/><\/audio><\/div>Tajtiboy &#8211; Gyere cs\u00f3kolj m\u00e9g (Original)"},"content":{"rendered":"<p><strong>03:29<\/strong> | <strong><img loading=\"lazy\" decoding=\"async\" class=\"alignnone size-full wp-image-466\" src=\"https:\/\/www.sunkaraoke.hu\/wp-content\/uploads\/2022\/07\/choir_1-copy.webp\" alt=\"\" width=\"30\" height=\"30\" \/> <\/strong><\/p>\n","protected":false},"excerpt":{"rendered":"<h6><strong>Bits\u0171r\u0171s\u00e9g: 320<\/strong>kb\/s<strong><br \/>\n<\/strong><strong>Hossz: <\/strong>03:29<strong><br \/>\n<\/strong><strong style=\"font-size: 16px;\">Vok\u00e1lt tartalmaz: <\/strong>Igen <img loading=\"lazy\" decoding=\"async\" class=\"alignnone size-full wp-image-466\" src=\"http:\/\/www.sunkaraoke.hu\/wp-content\/uploads\/2022\/07\/choir_1-copy.png\" alt=\"\" width=\"30\" height=\"30\" \/><strong style=\"font-size: 16px;\"><br \/>\n<\/strong><\/h6>\n<p>Sunkaraoke mp3 st\u00fadi\u00f3 \/ www.sunkaraoke.hu \/ Inf: Tel: 06 20 4275001<\/p>\n<p>&#8212;Intr\u00f3&#8212;<br \/>\nBoldog vagyok amikor vele vagyok,<br \/>\n\u00e9s ahogy r\u00e1m n\u00e9z mindig a k\u00e9t szeme.<br \/>\nVan hogy elfog a v\u00e1gy szor\u00edtan\u00e1m , karoln\u00e1m mind\u00f6r\u00f6kre.<br \/>\nEl nem engedn\u00e9m mindent\u0151l f\u00e9lten\u00e9m, \u0151 csak az eny\u00e9m,<br \/>\n\u00e9rte meghaln\u00e9k a vil\u00e1gon b\u00e1rmit megtenn\u00e9k.<\/p>\n<p>Tudod kedvesem, te vagy az \u00e9letem te vagy a nagyszerelem,<br \/>\nnekem sz\u00e1nt az \u00e9g , csak is \u00e9rted dobog m\u00e1r a pici sz\u00edvem.<br \/>\n\u00d6r\u00f6kk\u00e9 rab vagyok, el sz\u00f6kni hidd el \u00fagysem pr\u00f3b\u00e1ln\u00e9k,<br \/>\n\u00e9s csak annyit mondan\u00e9k , gyere cs\u00f3kolj m\u00e9g m\u00e9g m\u00e9g.<br \/>\nTudod kedvesem , te vagy az \u00e9letem te vagy a nagy szerelem,<br \/>\na vil\u00e1g legv\u00e9g\u00e9n \u00fagy el lenn\u00e9k veled egy kis szigeten.<br \/>\nEg\u00e9sz nap s\u00e9t\u00e1ln\u00e1nk, a parton k\u00e9zen fogva \u00fagy szeretn\u00e9m,<br \/>\na hold sug\u00e1rban eg\u00e9sz este szeress, \u00f6lelj \u00e1t \u00e9s cs\u00f3kolj m\u00e9g m\u00e9g m\u00e9g.<br \/>\n&#8212;Sz\u00f3l\u00f3&#8212;<br \/>\nEml\u00e9kszem r\u00e9g ,mikor nem ismertem m\u00e9g,<br \/>\nha megl\u00e1tott huncutan kacsintott.<br \/>\nBennem pezseg a v\u00e1gy mindig l\u00e1thatn\u00e1m, elcs\u00e1b\u00edtan\u00e1m,<br \/>\nkeresem fel kutatom , hogy vajon hol lehet az angyalom,<br \/>\naki v\u00e9gig k\u00eds\u00e9r majd a hossz\u00fa utamon.<\/p>\n<p>Tudod kedvesem, te vagy az \u00e9letem te vagy a nagyszerelem,<br \/>\nnekem sz\u00e1nt az \u00e9g, csak is \u00e9rted dobog m\u00e1r a pici sz\u00edvem.<br \/>\n\u00d6r\u00f6kk\u00e9 rab vagyok, el sz\u00f6kni hidd el \u00fagysem pr\u00f3b\u00e1ln\u00e9k,<br \/>\n\u00e9s csak annyit mondan\u00e9k, gyere cs\u00f3kolj m\u00e9g m\u00e9g m\u00e9g.<br \/>\nTudod kedvesem, te vagy az \u00e9letem te vagy a nagy szerelem,<br \/>\na vil\u00e1g legv\u00e9g\u00e9n \u00fagy el lenn\u00e9k veled egy kis szigeten.<br \/>\nEg\u00e9sz nap s\u00e9t\u00e1ln\u00e1nk, a parton k\u00e9zen fogva \u00fagy szeretn\u00e9m,<br \/>\na hold sug\u00e1rban eg\u00e9sz este szeress, \u00f6lelj \u00e1t \u00e9s cs\u00f3kolj m\u00e9g m\u00e9g m\u00e9g.<br \/>\n&#8212;Sz\u00f3l\u00f3&#8212;<br \/>\nTudod kedvesem, te vagy az \u00e9letem te vagy a nagy szerelem,<br \/>\na vil\u00e1g legv\u00e9g\u00e9n \u00fagy el lenn\u00e9k veled egy kis szigeten.<br \/>\nEg\u00e9sz nap s\u00e9t\u00e1ln\u00e1nk, a parton k\u00e9zen fogva \u00fagy szeretn\u00e9m,<br \/>\na hold sug\u00e1rban eg\u00e9sz este szeress, \u00f6lelj \u00e1t \u00e9s cs\u00f3kolj m\u00e9g m\u00e9g m\u00e9g.<br \/>\n&#8212;V\u00e9ge&#8212;<\/p>\n","protected":false},"featured_media":9020,"template":"","meta":{"site-sidebar-layout":"default","site-content-layout":"default","ast-site-content-layout":"default","site-content-style":"default","site-sidebar-style":"default","ast-global-header-display":"","ast-banner-title-visibility":"","ast-main-header-display":"","ast-hfb-above-header-display":"","ast-hfb-below-header-display":"","ast-hfb-mobile-header-display":"","site-post-title":"","ast-breadcrumbs-content":"","ast-featured-img":"","footer-sml-layout":"","theme-transparent-header-meta":"default","adv-header-id-meta":"","stick-header-meta":"","header-above-stick-meta":"","header-main-stick-meta":"","header-below-stick-meta":"","astra-migrate-meta-layouts":"set","ast-page-background-enabled":"default","ast-page-background-meta":{"desktop":{"background-color":"var(--ast-global-color-4)","background-image":"","background-repeat":"repeat","background-position":"center center","background-size":"auto","background-attachment":"scroll","background-type":"","background-media":"","overlay-type":"","overlay-color":"","overlay-opacity":"","overlay-gradient":""},"tablet":{"background-color":"","background-image":"","background-repeat":"repeat","background-position":"center center","background-size":"auto","background-attachment":"scroll","background-type":"","background-media":"","overlay-type":"","overlay-color":"","overlay-opacity":"","overlay-gradient":""},"mobile":{"background-color":"","background-image":"","background-repeat":"repeat","background-position":"center center","background-size":"auto","background-attachment":"scroll","background-type":"","background-media":"","overlay-type":"","overlay-color":"","overlay-opacity":"","overlay-gradient":""}},"ast-content-background-meta":{"desktop":{"background-color":"var(--ast-global-color-5)","background-image":"","background-repeat":"repeat","background-position":"center center","background-size":"auto","background-attachment":"scroll","background-type":"","background-media":"","overlay-type":"","overlay-color":"","overlay-opacity":"","overlay-gradient":""},"tablet":{"background-color":"var(--ast-global-color-5)","background-image":"","background-repeat":"repeat","background-position":"center center","background-size":"auto","background-attachment":"scroll","background-type":"","background-media":"","overlay-type":"","overlay-color":"","overlay-opacity":"","overlay-gradient":""},"mobile":{"background-color":"var(--ast-global-color-5)","background-image":"","background-repeat":"repeat","background-position":"center center","background-size":"auto","background-attachment":"scroll","background-type":"","background-media":"","overlay-type":"","overlay-color":"","overlay-opacity":"","overlay-gradient":""}}},"product_cat":[52],"product_tag":[],"class_list":["post-5572","product","type-product","status-publish","has-post-thumbnail","hentry","product_cat-tajtiboy","desktop-align-left","tablet-align-left","mobile-align-left"],"_links":{"self":[{"href":"https:\/\/www.sunkaraoke.hu\/index.php\/wp-json\/wp\/v2\/product\/5572","targetHints":{"allow":["GET"]}}],"collection":[{"href":"https:\/\/www.sunkaraoke.hu\/index.php\/wp-json\/wp\/v2\/product"}],"about":[{"href":"https:\/\/www.sunkaraoke.hu\/index.php\/wp-json\/wp\/v2\/types\/product"}],"wp:featuredmedia":[{"embeddable":true,"href":"https:\/\/www.sunkaraoke.hu\/index.php\/wp-json\/wp\/v2\/media\/9020"}],"wp:attachment":[{"href":"https:\/\/www.sunkaraoke.hu\/index.php\/wp-json\/wp\/v2\/media?parent=5572"}],"wp:term":[{"taxonomy":"product_cat","embeddable":true,"href":"https:\/\/www.sunkaraoke.hu\/index.php\/wp-json\/wp\/v2\/product_cat?post=5572"},{"taxonomy":"product_tag","embeddable":true,"href":"https:\/\/www.sunkaraoke.hu\/index.php\/wp-json\/wp\/v2\/product_tag?post=5572"}],"curies":[{"name":"wp","href":"https:\/\/api.w.org\/{rel}","templated":true}]}}