{"id":5570,"date":"2022-08-08T20:49:26","date_gmt":"2022-08-08T20:49:26","guid":{"rendered":"https:\/\/www.sunkaraoke.hu\/index.php\/termek\/tajtiboy-ha-nem-irok-swing\/"},"modified":"2026-03-05T08:58:59","modified_gmt":"2026-03-05T06:58:59","slug":"tajtiboy-ha-nem-irok-swing","status":"publish","type":"product","link":"https:\/\/www.sunkaraoke.hu\/index.php\/termek\/tajtiboy-ha-nem-irok-swing\/","title":{"rendered":"<div class=\"wcmp-player-container product-5570\"><audio controlslist=\"nodownload\" data-product=\"5570\"  volume=\"1\"  preload=\"none\" data-lazyloading=\"none\" class=\"wcmp-player track mejs-classic\" data-duration=\"0:34\" data-estimated_duration=\"4\"><source src=\"https:\/\/www.sunkaraoke.hu\/wp-content\/uploads\/2022\/08\/Ha-nem-irok-ne-valszolj-Swing-Tajti.-kdemoo.mp3\" type=\"audio\/mp3\" \/><\/audio><\/div>Tajtiboy &#8211; Ha nem \u00edrok (Original) Swing"},"content":{"rendered":"<p><strong>03:04<\/strong> | <strong><img loading=\"lazy\" decoding=\"async\" class=\"alignnone size-full wp-image-467\" src=\"https:\/\/www.sunkaraoke.hu\/wp-content\/uploads\/2022\/07\/choir_2-copy.webp\" alt=\"\" width=\"30\" height=\"30\" \/> <\/strong><\/p>\n","protected":false},"excerpt":{"rendered":"<h6><strong>Bits\u0171r\u0171s\u00e9g: 320<\/strong>kb\/s<strong><br \/>\n<\/strong><strong>Hossz: <\/strong>03:04<strong><br \/>\n<\/strong><strong style=\"font-size: 16px;\">Vok\u00e1lt tartalmaz: <\/strong>Nem <img loading=\"lazy\" decoding=\"async\" class=\"alignnone size-full wp-image-467\" src=\"http:\/\/www.sunkaraoke.hu\/wp-content\/uploads\/2022\/07\/choir_2-copy.png\" alt=\"\" width=\"30\" height=\"30\" \/><strong style=\"font-size: 16px;\"><br \/>\n<\/strong><\/h6>\n<p>Sunkaraoke mp3 st\u00fadi\u00f3 \/ www.sunkaraoke.hu \/ Inf: Tel: 06 20 4275001<\/p>\n<p>&#8212;Intr\u00f3&#8212;<br \/>\nHa nem \u00edrok , ne is v\u00e1laszolj,<br \/>\nel\u00e9g volt a hazug szavakb\u00f3l,<br \/>\n\u00fcres szavakb\u00f3l.<br \/>\nNem lesz kezemben sz\u00e9p vir\u00e1g,<br \/>\nnem csengetek fel m\u00e1r hozz\u00e1d,<br \/>\nviszl\u00e1t viszl\u00e1t.<br \/>\nMenj, csak menj tov\u00e1bb,<br \/>\nnem s\u00edrok \u00e9rted,<br \/>\nbocs\u00e1ss meg k\u00e9rlek,<br \/>\nhogy tal\u00e1lkoztam \u00e9n te v\u00e9led.<br \/>\nH\u00e9tk\u00f6znap hajtok kem\u00e9nyen l\u00f3v\u00e9 az j\u00f3,<br \/>\ncsak sok legyen j\u00f3 sok legyen.<br \/>\nH\u00e9tv\u00e9g\u00e9n buliban tombolok,<br \/>\nk\u00f6r\u00fcl\u00f6ttem t\u00e1ncolnak a csajok,<br \/>\nigazi angyalok.<br \/>\nMenj, csak menj tov\u00e1bb,<br \/>\ncsalfa a sz\u00edved,<br \/>\nbocs\u00e1ss meg k\u00e9rlek,<br \/>\nhogy tal\u00e1lkoztam \u00e9n te v\u00e9led.<br \/>\n&#8212;Sz\u00f3l\u00f3&#8212;<br \/>\nMenj, csak menj tov\u00e1bb,<br \/>\ncsalfa a sz\u00edved,<br \/>\nbocs\u00e1ss meg k\u00e9rlek,<br \/>\nhogy tal\u00e1lkoztam \u00e9n te v\u00e9led.<br \/>\nK\u00f6sz sz\u00e9pen j\u00f3l vagyok,<br \/>\nha tudn\u00e1d biztos nem sejten\u00e9d,<br \/>\nmulatok, v\u00e9gre mulatok.<br \/>\nNy\u00edlik nekem m\u00e9g sz\u00e9p vir\u00e1g,<br \/>\n\u00e9rzem is majd finom illat\u00e1t,<br \/>\nfinom illat\u00e1t.<br \/>\nMenj csak menj tov\u00e1bb,<br \/>\nnem kellesz \u00e9rtsd meg,<br \/>\nbocs\u00e1ss meg k\u00e9rlek,<br \/>\nhogy tal\u00e1lkoztam \u00e9n te v\u00e9led.<br \/>\nNem m\u00falnak el \u00fagy nappalok,<br \/>\nne mondan\u00e1m ki hogy j\u00f3l vagyok,<br \/>\nboldog vagyok.<br \/>\nMiel\u0151tt magad vissza hozn\u00e1d,<br \/>\npont el kell mennem ne v\u00e1rj r\u00e1m,<br \/>\nsoha ne v\u00e1rj r\u00e1m.<br \/>\n&#8212;Sz\u00f3l\u00f3&#8212;<br \/>\nMenj, csak menj tov\u00e1bb,<br \/>\ncsalfa a sz\u00edved,<br \/>\nbocs\u00e1ss meg k\u00e9rlek,<br \/>\nhogy tal\u00e1lkoztam \u00e9n te v\u00e9led.<br \/>\nMenj csak menj tov\u00e1bb,<br \/>\nnem kellesz \u00e9rtsd meg,<br \/>\nbocs\u00e1ss meg k\u00e9rlek,<br \/>\nhogy tal\u00e1lkoztam \u00e9n te v\u00e9led.<br \/>\nHa nem \u00edrok , ne is v\u00e1laszolj,<br \/>\nel\u00e9g volt a hazug szavakb\u00f3l,<br \/>\n\u00fcres szavakb\u00f3l.<br \/>\nNem lesz kezemben sz\u00e9p vir\u00e1g,<br \/>\nnem csengetek fel m\u00e1r hozz\u00e1d,<br \/>\nviszl\u00e1t viszl\u00e1t.<br \/>\n&#8212;V\u00e9ge&#8212;<\/p>\n","protected":false},"featured_media":9020,"template":"","meta":{"site-sidebar-layout":"default","site-content-layout":"default","ast-site-content-layout":"default","site-content-style":"default","site-sidebar-style":"default","ast-global-header-display":"","ast-banner-title-visibility":"","ast-main-header-display":"","ast-hfb-above-header-display":"","ast-hfb-below-header-display":"","ast-hfb-mobile-header-display":"","site-post-title":"","ast-breadcrumbs-content":"","ast-featured-img":"","footer-sml-layout":"","theme-transparent-header-meta":"default","adv-header-id-meta":"","stick-header-meta":"","header-above-stick-meta":"","header-main-stick-meta":"","header-below-stick-meta":"","astra-migrate-meta-layouts":"set","ast-page-background-enabled":"default","ast-page-background-meta":{"desktop":{"background-color":"var(--ast-global-color-4)","background-image":"","background-repeat":"repeat","background-position":"center center","background-size":"auto","background-attachment":"scroll","background-type":"","background-media":"","overlay-type":"","overlay-color":"","overlay-opacity":"","overlay-gradient":""},"tablet":{"background-color":"","background-image":"","background-repeat":"repeat","background-position":"center center","background-size":"auto","background-attachment":"scroll","background-type":"","background-media":"","overlay-type":"","overlay-color":"","overlay-opacity":"","overlay-gradient":""},"mobile":{"background-color":"","background-image":"","background-repeat":"repeat","background-position":"center center","background-size":"auto","background-attachment":"scroll","background-type":"","background-media":"","overlay-type":"","overlay-color":"","overlay-opacity":"","overlay-gradient":""}},"ast-content-background-meta":{"desktop":{"background-color":"var(--ast-global-color-5)","background-image":"","background-repeat":"repeat","background-position":"center center","background-size":"auto","background-attachment":"scroll","background-type":"","background-media":"","overlay-type":"","overlay-color":"","overlay-opacity":"","overlay-gradient":""},"tablet":{"background-color":"var(--ast-global-color-5)","background-image":"","background-repeat":"repeat","background-position":"center center","background-size":"auto","background-attachment":"scroll","background-type":"","background-media":"","overlay-type":"","overlay-color":"","overlay-opacity":"","overlay-gradient":""},"mobile":{"background-color":"var(--ast-global-color-5)","background-image":"","background-repeat":"repeat","background-position":"center center","background-size":"auto","background-attachment":"scroll","background-type":"","background-media":"","overlay-type":"","overlay-color":"","overlay-opacity":"","overlay-gradient":""}}},"product_cat":[52],"product_tag":[],"class_list":["post-5570","product","type-product","status-publish","has-post-thumbnail","hentry","product_cat-tajtiboy","desktop-align-left","tablet-align-left","mobile-align-left"],"_links":{"self":[{"href":"https:\/\/www.sunkaraoke.hu\/index.php\/wp-json\/wp\/v2\/product\/5570","targetHints":{"allow":["GET"]}}],"collection":[{"href":"https:\/\/www.sunkaraoke.hu\/index.php\/wp-json\/wp\/v2\/product"}],"about":[{"href":"https:\/\/www.sunkaraoke.hu\/index.php\/wp-json\/wp\/v2\/types\/product"}],"wp:featuredmedia":[{"embeddable":true,"href":"https:\/\/www.sunkaraoke.hu\/index.php\/wp-json\/wp\/v2\/media\/9020"}],"wp:attachment":[{"href":"https:\/\/www.sunkaraoke.hu\/index.php\/wp-json\/wp\/v2\/media?parent=5570"}],"wp:term":[{"taxonomy":"product_cat","embeddable":true,"href":"https:\/\/www.sunkaraoke.hu\/index.php\/wp-json\/wp\/v2\/product_cat?post=5570"},{"taxonomy":"product_tag","embeddable":true,"href":"https:\/\/www.sunkaraoke.hu\/index.php\/wp-json\/wp\/v2\/product_tag?post=5570"}],"curies":[{"name":"wp","href":"https:\/\/api.w.org\/{rel}","templated":true}]}}