{"id":5568,"date":"2022-08-08T20:49:26","date_gmt":"2022-08-08T20:49:26","guid":{"rendered":"https:\/\/www.sunkaraoke.hu\/index.php\/termek\/tesok-mindennel-jobban\/"},"modified":"2025-03-28T16:04:43","modified_gmt":"2025-03-28T16:04:43","slug":"tesok-mindennel-jobban","status":"publish","type":"product","link":"https:\/\/www.sunkaraoke.hu\/index.php\/termek\/tesok-mindennel-jobban\/","title":{"rendered":"<div class=\"wcmp-player-container product-5568\"><audio controlslist=\"nodownload\" data-product=\"5568\"  volume=\"1\"  preload=\"none\" data-lazyloading=\"none\" class=\"wcmp-player track mejs-classic\" data-duration=\"0:34\" data-estimated_duration=\"4\"><source src=\"https:\/\/www.sunkaraoke.hu\/wp-content\/uploads\/2022\/08\/Mindennel-jobban-Tesok-S_demo.mp3\" type=\"audio\/mp3\" \/><\/audio><\/div>Tes\u00f3k &#8211; Mindenn\u00e9l jobban (Original)"},"content":{"rendered":"<p><strong>03:23<\/strong> | <strong><img loading=\"lazy\" decoding=\"async\" class=\"alignnone size-full wp-image-467\" src=\"https:\/\/www.sunkaraoke.hu\/wp-content\/uploads\/2022\/07\/choir_2-copy.webp\" alt=\"\" width=\"30\" height=\"30\" \/> <\/strong><\/p>\n","protected":false},"excerpt":{"rendered":"<h6>Bits\u0171r\u0171s\u00e9g: 320 kb\/s<br \/>\nHossz: 03:23<br \/>\nVok\u00e1lt tartalmaz: Nem <img loading=\"lazy\" decoding=\"async\" class=\"alignnone size-full wp-image-467\" src=\"http:\/\/www.sunkaraoke.hu\/wp-content\/uploads\/2022\/07\/choir_2-copy.png\" alt=\"\" width=\"30\" height=\"30\" \/><strong style=\"font-size: 16px;\"><br \/>\n<\/strong><\/h6>\n<p>Sunkaraoke mp3 st\u00fadi\u00f3 \/ www.sunkaraoke.hu \/ Inf: Tel: 06 20 4275001<\/p>\n<p>&#8212;Intr\u00f3&#8212;<br \/>\nP\u00e1r kedves sz\u00f3 volt, \u00e9s forr\u00f3 pillanat,<br \/>\nfeltenn\u00e9k r\u00e1 mindent hogyha itt marad.<br \/>\nNem t\u00f6rt\u00e9nt \u00e9rint\u00e9s m\u00e9gis meglehet,<br \/>\nhogy \u00e9vekre felr\u00e1zta \u00e1rva sz\u00edvemet.<\/p>\n<p>Mindenn\u00e9l jobban szeretlek,<br \/>\n\u00e9n t\u00e9ged el nem engedlek,<br \/>\nsz\u00edvembe nem f\u00e9r senki m\u00e1s,<br \/>\nte n\u00e1lad lesz v\u00e9g\u00e1llom\u00e1s.<br \/>\nTudod hogy az vagy \u00e9nnekem,<br \/>\naz igaz nagy nagy szerelmem,<br \/>\nharmatos r\u00e9ten sz\u00e9p vir\u00e1g,<br \/>\naz \u00e9let az eg\u00e9sz vil\u00e1g.<\/p>\n<p>\u0150t l\u00e1tom \u0151t hallom mint egy sz\u00e9p zen\u00e9t,<br \/>\nm\u00e1sra sem v\u00e1gyom mint megfogni kez\u00e9t.<br \/>\nBoldog lesz mellette b\u00e1rmi is legyen,<br \/>\ncsak engem a l\u00e1bamr\u00f3l mindig levegyen.<\/p>\n<p>Mindenn\u00e9l jobban szeretlek,<br \/>\n\u00e9n t\u00e9ged el nem engedlek,<br \/>\nsz\u00edvembe nem f\u00e9r senki m\u00e1s,<br \/>\nten\u00e1lad lesz v\u00e9g\u00e1llom\u00e1s.<br \/>\nTudod hogy az vagy \u00e9nnekem,<br \/>\naz igaz nagy nagy szerelmem,<br \/>\nharmatos r\u00e9ten sz\u00e9p vir\u00e1g,<br \/>\naz \u00e9let az eg\u00e9sz vil\u00e1g.<br \/>\n&#8212;Sz\u00f3l\u00f3&#8212;<br \/>\nP\u00e1r kedves sz\u00f3 volt, \u00e9s forr\u00f3 pillanat,<br \/>\nfeltenn\u00e9k r\u00e1 mindent hogyha itt marad.<br \/>\nNem t\u00f6rt\u00e9nt \u00e9rint\u00e9s m\u00e9gis meglehet,<br \/>\nhogy \u00e9vekre felr\u00e1zta \u00e1rva sz\u00edvemet.<\/p>\n<p>Mindenn\u00e9l jobban szeretlek,<br \/>\n\u00e9n t\u00e9ged el nem engedlek,<br \/>\nsz\u00edvembe nem f\u00e9r senki m\u00e1s,<br \/>\nte n\u00e1lad lesz v\u00e9g\u00e1llom\u00e1s.<br \/>\nTudod hogy az vagy \u00e9nnekem,<br \/>\naz igaz nagy nagy szerelmem,<br \/>\nharmatos r\u00e9ten sz\u00e9p vir\u00e1g,<br \/>\naz \u00e9let az eg\u00e9sz vil\u00e1g.(Transzp)<br \/>\nMindenn\u00e9l jobban szeretlek,<br \/>\n\u00e9n t\u00e9ged el nem engedlek,<br \/>\nsz\u00edvembe nem f\u00e9r senki m\u00e1s,<br \/>\nte n\u00e1lad lesz v\u00e9g\u00e1llom\u00e1s.<br \/>\nTudod hogy az vagy \u00e9nnekem,<br \/>\naz igaz nagy nagy szerelmem,<br \/>\nharmatos r\u00e9ten sz\u00e9p vir\u00e1g,<br \/>\naz \u00e9let az eg\u00e9sz vil\u00e1g.<br \/>\n&#8212;V\u00e9ge&#8212;<\/p>\n","protected":false},"featured_media":8715,"template":"","meta":{"site-sidebar-layout":"default","site-content-layout":"default","ast-site-content-layout":"default","site-content-style":"default","site-sidebar-style":"default","ast-global-header-display":"","ast-banner-title-visibility":"","ast-main-header-display":"","ast-hfb-above-header-display":"","ast-hfb-below-header-display":"","ast-hfb-mobile-header-display":"","site-post-title":"","ast-breadcrumbs-content":"","ast-featured-img":"","footer-sml-layout":"","theme-transparent-header-meta":"default","adv-header-id-meta":"","stick-header-meta":"","header-above-stick-meta":"","header-main-stick-meta":"","header-below-stick-meta":"","astra-migrate-meta-layouts":"set","ast-page-background-enabled":"default","ast-page-background-meta":{"desktop":{"background-color":"var(--ast-global-color-4)","background-image":"","background-repeat":"repeat","background-position":"center center","background-size":"auto","background-attachment":"scroll","background-type":"","background-media":"","overlay-type":"","overlay-color":"","overlay-opacity":"","overlay-gradient":""},"tablet":{"background-color":"","background-image":"","background-repeat":"repeat","background-position":"center center","background-size":"auto","background-attachment":"scroll","background-type":"","background-media":"","overlay-type":"","overlay-color":"","overlay-opacity":"","overlay-gradient":""},"mobile":{"background-color":"","background-image":"","background-repeat":"repeat","background-position":"center center","background-size":"auto","background-attachment":"scroll","background-type":"","background-media":"","overlay-type":"","overlay-color":"","overlay-opacity":"","overlay-gradient":""}},"ast-content-background-meta":{"desktop":{"background-color":"var(--ast-global-color-5)","background-image":"","background-repeat":"repeat","background-position":"center center","background-size":"auto","background-attachment":"scroll","background-type":"","background-media":"","overlay-type":"","overlay-color":"","overlay-opacity":"","overlay-gradient":""},"tablet":{"background-color":"var(--ast-global-color-5)","background-image":"","background-repeat":"repeat","background-position":"center center","background-size":"auto","background-attachment":"scroll","background-type":"","background-media":"","overlay-type":"","overlay-color":"","overlay-opacity":"","overlay-gradient":""},"mobile":{"background-color":"var(--ast-global-color-5)","background-image":"","background-repeat":"repeat","background-position":"center center","background-size":"auto","background-attachment":"scroll","background-type":"","background-media":"","overlay-type":"","overlay-color":"","overlay-opacity":"","overlay-gradient":""}}},"product_cat":[48],"product_tag":[],"class_list":["post-5568","product","type-product","status-publish","has-post-thumbnail","hentry","product_cat-sunkaraoke-dalok","desktop-align-left","tablet-align-left","mobile-align-left"],"_links":{"self":[{"href":"https:\/\/www.sunkaraoke.hu\/index.php\/wp-json\/wp\/v2\/product\/5568","targetHints":{"allow":["GET"]}}],"collection":[{"href":"https:\/\/www.sunkaraoke.hu\/index.php\/wp-json\/wp\/v2\/product"}],"about":[{"href":"https:\/\/www.sunkaraoke.hu\/index.php\/wp-json\/wp\/v2\/types\/product"}],"wp:featuredmedia":[{"embeddable":true,"href":"https:\/\/www.sunkaraoke.hu\/index.php\/wp-json\/wp\/v2\/media\/8715"}],"wp:attachment":[{"href":"https:\/\/www.sunkaraoke.hu\/index.php\/wp-json\/wp\/v2\/media?parent=5568"}],"wp:term":[{"taxonomy":"product_cat","embeddable":true,"href":"https:\/\/www.sunkaraoke.hu\/index.php\/wp-json\/wp\/v2\/product_cat?post=5568"},{"taxonomy":"product_tag","embeddable":true,"href":"https:\/\/www.sunkaraoke.hu\/index.php\/wp-json\/wp\/v2\/product_tag?post=5568"}],"curies":[{"name":"wp","href":"https:\/\/api.w.org\/{rel}","templated":true}]}}