{"id":5565,"date":"2022-08-08T20:49:26","date_gmt":"2022-08-08T20:49:26","guid":{"rendered":"https:\/\/www.sunkaraoke.hu\/index.php\/termek\/piros-bela-piros-mulatos-mix-14\/"},"modified":"2025-04-10T07:09:58","modified_gmt":"2025-04-10T07:09:58","slug":"piros-bela-piros-mulatos-mix-14","status":"publish","type":"product","link":"https:\/\/www.sunkaraoke.hu\/index.php\/termek\/piros-bela-piros-mulatos-mix-14\/","title":{"rendered":"<div class=\"wcmp-player-container product-5565\"><audio controlslist=\"nodownload\" data-product=\"5565\"  volume=\"1\"  preload=\"none\" data-lazyloading=\"none\" class=\"wcmp-player track mejs-classic\" data-duration=\"0:32\" data-estimated_duration=\"4\"><source src=\"https:\/\/www.sunkaraoke.hu\/wp-content\/uploads\/2022\/08\/Piros-Bela-mulatos-mix-14.kdemoo.mp3\" type=\"audio\/mp3\" \/><\/audio><\/div>Piros B\u00e9la &#8211; Piros Mulat\u00f3s mix 14. (Original)"},"content":{"rendered":"<p><strong>07:28<\/strong> | <strong><img loading=\"lazy\" decoding=\"async\" class=\"alignnone size-full wp-image-467\" src=\"https:\/\/www.sunkaraoke.hu\/wp-content\/uploads\/2022\/07\/choir_2-copy.webp\" alt=\"\" width=\"30\" height=\"30\" \/> <\/strong><\/p>\n","protected":false},"excerpt":{"rendered":"<h6><strong>Bits\u0171r\u0171s\u00e9g: 320<\/strong>kb\/s<strong><br \/>\n<\/strong><strong>Hossz: <\/strong>07:28<strong><br \/>\n<\/strong><strong style=\"font-size: 16px;\">Vok\u00e1lt tartalmaz: <\/strong>Nem <img loading=\"lazy\" decoding=\"async\" class=\"alignnone size-full wp-image-467\" src=\"http:\/\/www.sunkaraoke.hu\/wp-content\/uploads\/2022\/07\/choir_2-copy.png\" alt=\"\" width=\"30\" height=\"30\" \/><strong style=\"font-size: 16px;\"><br \/>\n<\/strong><\/h6>\n<p>Sunkaraoke mp3 st\u00fadi\u00f3 \/ www.sunkaraoke.hu \/ Inf: Tel: 06 20 4275001<\/p>\n<p>&#8212;Intr\u00f3&#8212;<br \/>\nPiros lett a pipacs vir\u00e1ga,<br \/>\nmegn\u0151s\u00fcl\u00f6k \u00e9n nemsok\u00e1ra!<br \/>\nPiros lett a pipacs vir\u00e1ga,<br \/>\nmegn\u0151s\u00fcl\u00f6k \u00e9n nemsok\u00e1ra!<br \/>\nV\u00e1rj\u00e1l, kicsik\u00e9m m\u00e9g,<br \/>\nfiatal vagyok \u00e9n m\u00e9g!<br \/>\nTizenhat \u00e9ves vagyok,<br \/>\nszeretni m\u00e9g nem tudok,<br \/>\nGyere, bab\u00e1m,tan\u00edts\u00e1l meg szeretni!<br \/>\nV\u00e1rj\u00e1l, kicsik\u00e9m m\u00e9g,<br \/>\nfiatal vagyok \u00e9n m\u00e9g.<br \/>\nTizenhat \u00e9ves vagyok,<br \/>\nszeretni m\u00e9g nem tudok,<br \/>\ngyere, bab\u00e1m,tan\u00edts\u00e1l meg szeretni!<br \/>\nKicsi n\u00e9kem ez a h\u00e1z,<br \/>\nkir\u00fagom az oldal\u00e1t.<br \/>\nGyere, bab\u00e1m, gyere be,<br \/>\nadok neked cs\u00f3kot idebe!<br \/>\nGyere, bab\u00e1m, gyere be,<br \/>\nadok neked cs\u00f3kot idebe!<\/p>\n<p>Megtanultam \u00fcrg\u00e9zni,<br \/>\nhogy kell az \u00fcrg\u00e9t megfogni,<br \/>\ncig\u00e1ny vagyok j\u00f3l \u00e9lek,<br \/>\na g\u00e1dzs\u00f3kkal nem cser\u00e9lek!<br \/>\nCig\u00e1ny vagyok j\u00f3l \u00e9lek,<br \/>\na g\u00e1dzs\u00f3kkal nem cser\u00e9lek!<\/p>\n<p>Piros lett a pipacs vir\u00e1ga,<br \/>\nmegn\u0151s\u00fcl\u00f6k \u00e9n nemsok\u00e1ra!<br \/>\nPiros lett a pipacs vir\u00e1ga,<br \/>\nmegn\u0151s\u00fcl\u00f6k \u00e9n nemsok\u00e1ra!<br \/>\nV\u00e1rj\u00e1l, kicsik\u00e9m m\u00e9g,<br \/>\nfiatal vagyok \u00e9n m\u00e9g!<br \/>\nTizenhat \u00e9ves vagyok,<br \/>\nszeretni m\u00e9g nem tudok,<br \/>\ngyere, bab\u00e1m,tan\u00edts\u00e1l meg szeretni!<\/p>\n<p>V\u00e1rj\u00e1l, kicsik\u00e9m m\u00e9g,<br \/>\nfiatal vagyok \u00e9n m\u00e9g.<br \/>\nTizenhat \u00e9ves vagyok,<br \/>\nszeretni m\u00e9g nem tudok,<br \/>\ngyere, bab\u00e1m,tan\u00edts\u00e1l meg szeretni!<br \/>\n&#8212;Sz\u00f3l\u00f3&#8212;<br \/>\nErd\u0151 sz\u00e9l\u00e9n, s\u00e1toroznak az ol\u00e1h cig\u00e1nyok,<br \/>\njegenyefa tetej\u00e9r\u0151l, a rig\u00f3 f\u00fcty\u00fcl r\u00e1juk.<br \/>\nJegenyefa tetej\u00e9r\u0151l a rig\u00f3 f\u00fcty\u00fcl r\u00e1juk.<\/p>\n<p>\u00d6sszeszedik a sz\u00e9n\u00e1t-zabot a f\u00e9lszem\u0171 lov\u00e1nak,<br \/>\nkertek al\u00f3l a d\u00f6gl\u00f6tt ty\u00fakot az apr\u00f3 csal\u00e1dj\u00e1nak.<br \/>\nKertek al\u00f3l a d\u00f6gl\u00f6tt ty\u00fakot az apr\u00f3 csal\u00e1dj\u00e1nak.<\/p>\n<p>Az emberek az erd\u0151ben mind a tekn\u0151t v\u00e1jj\u00e1k,<br \/>\naz asszonyok a s\u00e1torban a cig\u00e1nyk\u00e1rty\u00e1t h\u00e1nyj\u00e1k.<br \/>\nAz asszonyok a s\u00e1torban a cig\u00e1nyk\u00e1rty\u00e1t h\u00e1nyj\u00e1k.<br \/>\n&#8212;Sz\u00f3l\u00f3&#8212;<\/p>\n<p>Szeg\u00e9ny vagyok, szeg\u00e9ny vagyok, szeg\u00e9nynek sz\u00fclettem.<br \/>\nAz \u00e9n bab\u00e1m az \u00e9n bab\u00e1m a legszebbik kincsem.<br \/>\nA n\u00e9z\u00e9s\u00e9t meg a j\u00e1r\u00e1s\u00e1t, csip\u0151j\u00e9nek a ring\u00e1s\u00e1t.<br \/>\nSz\u00e1z arany\u00e9rt nem adn\u00e1m, sz\u00e1z arany\u00e9rt nem adn\u00e1m,<br \/>\nA n\u00e9z\u00e9s\u00e9t meg a j\u00e1r\u00e1s\u00e1t, csip\u0151j\u00e9nek a ring\u00e1s\u00e1t,<br \/>\nsz\u00e1z arany\u00e9rt nem adn\u00e1m, sz\u00e1z arany\u00e9rt nem adn\u00e1m.<\/p>\n<p>R\u00e9szeg vagyok, r\u00e9szeg vagyok, ber\u00fagtam az este.<br \/>\nHogy megyek \u00edgy, hogy megyek \u00edgy, sz\u00e9p bab\u00e1mhoz Pestre?<br \/>\nJager s\u00f6r meg a p\u00e1linka \u00edly m\u00f3don hat a l\u00e1bamra,<br \/>\nt\u00e1ncolunk \u00e9s v\u00edgadunk, a B\u00e9l\u00e1val mulatunk.<br \/>\nJager s\u00f6r meg a p\u00e1linka \u00edly m\u00f3don hat a l\u00e1bamra,<br \/>\nt\u00e1ncolunk \u00e9s v\u00edgadunk, a B\u00e9l\u00e1val mulatunk.<br \/>\n&#8212;Sz\u00f3l\u00f3&#8212;<br \/>\nMikor a vodka,a fejembe sz\u00e1ll,<br \/>\nakkor a kocsma a fej\u00e9re \u00e1ll.<br \/>\nCig\u00e1nyl\u00e1ny vedd fel,a legszebb ruh\u00e1d,<br \/>\nt\u00e1ncoljuk \u00e1t,ezt a vad \u00e9jszak\u00e1t!<br \/>\nCig\u00e1nyl\u00e1ny vedd fel,a legszebb ruh\u00e1d,<br \/>\nt\u00e1ncoljuk \u00e1t,ezt a vad \u00e9jszak\u00e1t!<\/p>\n<p>Mikor a vodka,a fejembe sz\u00e1ll,<br \/>\nakkor a kocsma a fej\u00e9re \u00e1ll.<br \/>\nCig\u00e1nyl\u00e1ny vedd fel,a legszebb ruh\u00e1d,<br \/>\nt\u00e1ncoljuk \u00e1t,ezt a vad \u00e9jszak\u00e1t!<br \/>\nCig\u00e1nyl\u00e1ny vedd fel,a legszebb ruh\u00e1d,<br \/>\nt\u00e1ncoljuk \u00e1t,ezt a vad \u00e9jszak\u00e1t!<br \/>\n&#8212;Sz\u00f3l\u00f3&#8212;<br \/>\nDe cig\u00e1nysoron nem merek elj\u00e1rni.<br \/>\nDe sok a roma, de meg tal\u00e1lnak verni.<br \/>\nDe m\u00e1r\u00e9lj\u00e1tok sz\u00e9jjel a fejemet,<br \/>\nde \u00fagyis elviszem a feles\u00e9gem.<br \/>\nDe m\u00e1r\u00e9lj\u00e1tok sz\u00e9jjel a fejemet,<br \/>\nde \u00fagyis elviszem a feles\u00e9gem.<br \/>\nDe nincsen n\u00e9kem nagyobb ellens\u00e9gem,<br \/>\nazt mondj\u00e1k megcsalt a feles\u00e9gem.<br \/>\nVerj\u00e9tek h\u00e1t sz\u00e9jjel a fejemet,<br \/>\nde \u00fagyis elviszem a feles\u00e9gem.<br \/>\nVerj\u00e9tek h\u00e1t sz\u00e9jjel a fejemet,<br \/>\nde \u00fagyis elviszem a feles\u00e9gem.<br \/>\n&#8212;V\u00e9ge&#8212;<\/p>\n","protected":false},"featured_media":12989,"template":"","meta":{"site-sidebar-layout":"default","site-content-layout":"default","ast-site-content-layout":"default","site-content-style":"default","site-sidebar-style":"default","ast-global-header-display":"","ast-banner-title-visibility":"","ast-main-header-display":"","ast-hfb-above-header-display":"","ast-hfb-below-header-display":"","ast-hfb-mobile-header-display":"","site-post-title":"","ast-breadcrumbs-content":"","ast-featured-img":"","footer-sml-layout":"","theme-transparent-header-meta":"default","adv-header-id-meta":"","stick-header-meta":"","header-above-stick-meta":"","header-main-stick-meta":"","header-below-stick-meta":"","astra-migrate-meta-layouts":"set","ast-page-background-enabled":"default","ast-page-background-meta":{"desktop":{"background-color":"var(--ast-global-color-4)","background-image":"","background-repeat":"repeat","background-position":"center center","background-size":"auto","background-attachment":"scroll","background-type":"","background-media":"","overlay-type":"","overlay-color":"","overlay-opacity":"","overlay-gradient":""},"tablet":{"background-color":"","background-image":"","background-repeat":"repeat","background-position":"center center","background-size":"auto","background-attachment":"scroll","background-type":"","background-media":"","overlay-type":"","overlay-color":"","overlay-opacity":"","overlay-gradient":""},"mobile":{"background-color":"","background-image":"","background-repeat":"repeat","background-position":"center center","background-size":"auto","background-attachment":"scroll","background-type":"","background-media":"","overlay-type":"","overlay-color":"","overlay-opacity":"","overlay-gradient":""}},"ast-content-background-meta":{"desktop":{"background-color":"var(--ast-global-color-5)","background-image":"","background-repeat":"repeat","background-position":"center center","background-size":"auto","background-attachment":"scroll","background-type":"","background-media":"","overlay-type":"","overlay-color":"","overlay-opacity":"","overlay-gradient":""},"tablet":{"background-color":"var(--ast-global-color-5)","background-image":"","background-repeat":"repeat","background-position":"center center","background-size":"auto","background-attachment":"scroll","background-type":"","background-media":"","overlay-type":"","overlay-color":"","overlay-opacity":"","overlay-gradient":""},"mobile":{"background-color":"var(--ast-global-color-5)","background-image":"","background-repeat":"repeat","background-position":"center center","background-size":"auto","background-attachment":"scroll","background-type":"","background-media":"","overlay-type":"","overlay-color":"","overlay-opacity":"","overlay-gradient":""}}},"product_cat":[48],"product_tag":[],"class_list":["post-5565","product","type-product","status-publish","has-post-thumbnail","hentry","product_cat-sunkaraoke-dalok","desktop-align-left","tablet-align-left","mobile-align-left"],"_links":{"self":[{"href":"https:\/\/www.sunkaraoke.hu\/index.php\/wp-json\/wp\/v2\/product\/5565","targetHints":{"allow":["GET"]}}],"collection":[{"href":"https:\/\/www.sunkaraoke.hu\/index.php\/wp-json\/wp\/v2\/product"}],"about":[{"href":"https:\/\/www.sunkaraoke.hu\/index.php\/wp-json\/wp\/v2\/types\/product"}],"wp:featuredmedia":[{"embeddable":true,"href":"https:\/\/www.sunkaraoke.hu\/index.php\/wp-json\/wp\/v2\/media\/12989"}],"wp:attachment":[{"href":"https:\/\/www.sunkaraoke.hu\/index.php\/wp-json\/wp\/v2\/media?parent=5565"}],"wp:term":[{"taxonomy":"product_cat","embeddable":true,"href":"https:\/\/www.sunkaraoke.hu\/index.php\/wp-json\/wp\/v2\/product_cat?post=5565"},{"taxonomy":"product_tag","embeddable":true,"href":"https:\/\/www.sunkaraoke.hu\/index.php\/wp-json\/wp\/v2\/product_tag?post=5565"}],"curies":[{"name":"wp","href":"https:\/\/api.w.org\/{rel}","templated":true}]}}