{"id":5561,"date":"2022-08-08T20:49:25","date_gmt":"2022-08-08T20:49:25","guid":{"rendered":"https:\/\/www.sunkaraoke.hu\/index.php\/termek\/mario-azt-mondta-szereti-az-orgonat\/"},"modified":"2025-07-20T05:51:23","modified_gmt":"2025-07-20T03:51:23","slug":"mario-azt-mondta-szereti-az-orgonat","status":"publish","type":"product","link":"https:\/\/www.sunkaraoke.hu\/index.php\/termek\/mario-azt-mondta-szereti-az-orgonat\/","title":{"rendered":"<div class=\"wcmp-player-container product-5561\"><audio controlslist=\"nodownload\" data-product=\"5561\"  volume=\"1\"  preload=\"none\" data-lazyloading=\"none\" class=\"wcmp-player track mejs-classic\" data-duration=\"0:32\" data-estimated_duration=\"4\"><source src=\"https:\/\/www.sunkaraoke.hu\/wp-content\/uploads\/2022\/08\/Azt-mondta-szereti-az-orgonat-Mario-SBdemoo.mp3\" type=\"audio\/mp3\" \/><\/audio><\/div>M\u00e1ri\u00f3 &#8211; Azt mondta szereti az orgon\u00e1t (Original SB Edition)"},"content":{"rendered":"<p><strong>03:58<\/strong> | <strong><img loading=\"lazy\" decoding=\"async\" class=\"alignnone size-full wp-image-467\" src=\"https:\/\/www.sunkaraoke.hu\/wp-content\/uploads\/2022\/07\/choir_2-copy.webp\" alt=\"\" width=\"30\" height=\"30\" \/> <\/strong><\/p>\n","protected":false},"excerpt":{"rendered":"<h6><strong>Bits\u0171r\u0171s\u00e9g: 320<\/strong>kb\/s<strong><br \/>\n<\/strong><strong>Hossz: <\/strong>03:58<strong><br \/>\n<\/strong><strong style=\"font-size: 16px;\">Vok\u00e1lt tartalmaz: <\/strong>Nem <img loading=\"lazy\" decoding=\"async\" class=\"alignnone size-full wp-image-467\" src=\"http:\/\/www.sunkaraoke.hu\/wp-content\/uploads\/2022\/07\/choir_2-copy.png\" alt=\"\" width=\"30\" height=\"30\" \/><strong style=\"font-size: 16px;\"><br \/>\n<\/strong><\/h6>\n<p>Sunkaraoke mp3 st\u00fadi\u00f3 \/ www.sunkaraoke.hu \/ Inf: Tel: 06 20 4275001<\/p>\n<p>&#8212;Intr\u00f3&#8212;<br \/>\nN\u00e9ha egy eml\u00e9k a m\u00falt ny\u00e1rr\u00f3l feldereng,<br \/>\nsz\u00edvem rejtek\u00e9n.<br \/>\nEgy l\u00e1nynak az \u0151szint\u00e9n sz\u00e9p,<br \/>\nmosoly\u00e1t \u0151rz\u00f6m \u00e9n.<br \/>\nAkit a s\u00f3hajok h\u00eddja alatt,<br \/>\nl\u00e1ttam egy gondol\u00e1n,<br \/>\nahogy felkacagott \u00e9s odadobott,<br \/>\nnekem egy sz\u00e1l orgon\u00e1t.<\/p>\n<p>A tenger fel\u0151l tudom \u00e9n,<br \/>\nmindig f\u00faj a sz\u00e9l,<br \/>\n\u00e9s a hull\u00e1mz\u00f3 h\u0171s habokon,<br \/>\na sz\u00edvem \u00fatra k\u00e9l.<br \/>\nMessze rep\u00edt a k\u00e9pzeletem,<br \/>\nvajon merre j\u00e1r,<br \/>\nmert megfogadom, hogy visszaadom,<br \/>\ntudom \u00e9n, egy \u00e9jszak\u00e1n!<\/p>\n<p>Azt mondta, szereti az orgon\u00e1t,<br \/>\ntavasszal \u00e9rezni az illat\u00e1t,<br \/>\n\u00e9s annyit k\u00e9r, ha tudom, hozzam el,<br \/>\nlegyen \u00fajra sz\u00e9p a vil\u00e1g!<br \/>\nM\u00e1jusban hoz a tavasz sz\u00e1z csod\u00e1t,<br \/>\nvir\u00e1gba bor\u00edtja az orgon\u00e1t.<br \/>\nTudom, hogy \u0150 is addig v\u00e1r re\u00e1m,<br \/>\nam\u00edg ny\u00edlik m\u00e9g a vir\u00e1g.<\/p>\n<p>Az\u00f3ta eltelt sok \u00e9v, s most \u00fajra l\u00e1ttam \u0151t.<br \/>\n\u00cdgy vir\u00e1gba borult az \u0151sz,<br \/>\ns vele a d\u00e9lel\u0151tt.<br \/>\nV\u00e9letlen volt-e tal\u00e1n,<br \/>\nhogy \u00e9pp ott v\u00e1rtam \u00e9n,<br \/>\nmikor egym\u00e1sra n\u00e9zt\u00fcnk, m\u00e1r tudtuk \u00e9s hitt\u00fck,<br \/>\nnem lesz m\u00e1s\u00e9, csak az eny\u00e9m!<\/p>\n<p>Azt mondtad, szereted az orgon\u00e1t.<br \/>\nkaromban besz\u00edvni az illat\u00e1t,<br \/>\n\u00e9s annyit k\u00e9rt\u00e9l t\u0151lem hozzam el<br \/>\nneked m\u00e9g ezernyi \u00e9jszak\u00e1n!<br \/>\nM\u00e1jusi szerelemnek l\u00e1gy \u00f6l\u00e9n,<br \/>\negy \u00e9des f\u00e9lhom\u00e1lynak rejtek\u00e9n,<br \/>\n\u00f6r\u00f6kre eny\u00e9m lett a boldogs\u00e1g,<br \/>\ns veled sz\u00ednesebb a vil\u00e1g!<\/p>\n<p>A tenger fel\u0151l tudom \u00e9n,<br \/>\nmindig f\u00faj a sz\u00e9l,<br \/>\n\u00e9s a hull\u00e1mz\u00f3 h\u0171s habokon,<br \/>\na sz\u00edvem \u00fatra k\u00e9l.<br \/>\nMessze rep\u00edt a k\u00e9pzeletem,<br \/>\nvajon merre j\u00e1r,<br \/>\nmert megfogadom, hogy visszaadom,<br \/>\ntudom \u00e9n, egy \u00e9jszak\u00e1n!<br \/>\n&#8212;Sz\u00f3l\u00f3&#8212;<br \/>\nAzt mondtad, szereted az orgon\u00e1t.<br \/>\nkaromban besz\u00edvni az illat\u00e1t,<br \/>\n\u00e9s annyit k\u00e9rt\u00e9l t\u0151lem hozzam el<br \/>\nneked m\u00e9g ezernyi \u00e9jszak\u00e1n!<br \/>\nM\u00e1jusi szerelemnek l\u00e1gy \u00f6l\u00e9n,<br \/>\negy \u00e9des f\u00e9lhom\u00e1lynak rejtek\u00e9n,<br \/>\n\u00f6r\u00f6kre eny\u00e9m lett a boldogs\u00e1g,<br \/>\ns veled sz\u00ednesebb a vil\u00e1g!<br \/>\n&#8212;V\u00e9ge&#8212;<\/p>\n","protected":false},"featured_media":10392,"template":"","meta":{"site-sidebar-layout":"default","site-content-layout":"default","ast-site-content-layout":"default","site-content-style":"default","site-sidebar-style":"default","ast-global-header-display":"","ast-banner-title-visibility":"","ast-main-header-display":"","ast-hfb-above-header-display":"","ast-hfb-below-header-display":"","ast-hfb-mobile-header-display":"","site-post-title":"","ast-breadcrumbs-content":"","ast-featured-img":"","footer-sml-layout":"","theme-transparent-header-meta":"default","adv-header-id-meta":"","stick-header-meta":"","header-above-stick-meta":"","header-main-stick-meta":"","header-below-stick-meta":"","astra-migrate-meta-layouts":"set","ast-page-background-enabled":"default","ast-page-background-meta":{"desktop":{"background-color":"var(--ast-global-color-4)","background-image":"","background-repeat":"repeat","background-position":"center center","background-size":"auto","background-attachment":"scroll","background-type":"","background-media":"","overlay-type":"","overlay-color":"","overlay-opacity":"","overlay-gradient":""},"tablet":{"background-color":"","background-image":"","background-repeat":"repeat","background-position":"center center","background-size":"auto","background-attachment":"scroll","background-type":"","background-media":"","overlay-type":"","overlay-color":"","overlay-opacity":"","overlay-gradient":""},"mobile":{"background-color":"","background-image":"","background-repeat":"repeat","background-position":"center center","background-size":"auto","background-attachment":"scroll","background-type":"","background-media":"","overlay-type":"","overlay-color":"","overlay-opacity":"","overlay-gradient":""}},"ast-content-background-meta":{"desktop":{"background-color":"var(--ast-global-color-5)","background-image":"","background-repeat":"repeat","background-position":"center center","background-size":"auto","background-attachment":"scroll","background-type":"","background-media":"","overlay-type":"","overlay-color":"","overlay-opacity":"","overlay-gradient":""},"tablet":{"background-color":"var(--ast-global-color-5)","background-image":"","background-repeat":"repeat","background-position":"center center","background-size":"auto","background-attachment":"scroll","background-type":"","background-media":"","overlay-type":"","overlay-color":"","overlay-opacity":"","overlay-gradient":""},"mobile":{"background-color":"var(--ast-global-color-5)","background-image":"","background-repeat":"repeat","background-position":"center center","background-size":"auto","background-attachment":"scroll","background-type":"","background-media":"","overlay-type":"","overlay-color":"","overlay-opacity":"","overlay-gradient":""}}},"product_cat":[48],"product_tag":[],"class_list":["post-5561","product","type-product","status-publish","has-post-thumbnail","hentry","product_cat-sunkaraoke-dalok","desktop-align-left","tablet-align-left","mobile-align-left"],"_links":{"self":[{"href":"https:\/\/www.sunkaraoke.hu\/index.php\/wp-json\/wp\/v2\/product\/5561","targetHints":{"allow":["GET"]}}],"collection":[{"href":"https:\/\/www.sunkaraoke.hu\/index.php\/wp-json\/wp\/v2\/product"}],"about":[{"href":"https:\/\/www.sunkaraoke.hu\/index.php\/wp-json\/wp\/v2\/types\/product"}],"wp:featuredmedia":[{"embeddable":true,"href":"https:\/\/www.sunkaraoke.hu\/index.php\/wp-json\/wp\/v2\/media\/10392"}],"wp:attachment":[{"href":"https:\/\/www.sunkaraoke.hu\/index.php\/wp-json\/wp\/v2\/media?parent=5561"}],"wp:term":[{"taxonomy":"product_cat","embeddable":true,"href":"https:\/\/www.sunkaraoke.hu\/index.php\/wp-json\/wp\/v2\/product_cat?post=5561"},{"taxonomy":"product_tag","embeddable":true,"href":"https:\/\/www.sunkaraoke.hu\/index.php\/wp-json\/wp\/v2\/product_tag?post=5561"}],"curies":[{"name":"wp","href":"https:\/\/api.w.org\/{rel}","templated":true}]}}