{"id":5556,"date":"2022-08-08T20:49:24","date_gmt":"2022-08-08T20:49:24","guid":{"rendered":"https:\/\/www.sunkaraoke.hu\/index.php\/termek\/akos-nem-kell-mas-vigasz-2019\/"},"modified":"2025-04-01T11:11:59","modified_gmt":"2025-04-01T11:11:59","slug":"akos-nem-kell-mas-vigasz-2019","status":"publish","type":"product","link":"https:\/\/www.sunkaraoke.hu\/index.php\/termek\/akos-nem-kell-mas-vigasz-2019\/","title":{"rendered":"<div class=\"wcmp-player-container product-5556\"><audio controlslist=\"nodownload\" data-product=\"5556\"  volume=\"1\"  preload=\"none\" data-lazyloading=\"none\" class=\"wcmp-player track mejs-classic\" data-duration=\"0:34\" data-estimated_duration=\"4\"><source src=\"https:\/\/www.sunkaraoke.hu\/wp-content\/uploads\/2022\/08\/Nem-kell-mas-vigasz-Akos-2019.-SB.-demooo.mp3\" type=\"audio\/mp3\" \/><\/audio><\/div>\u00c1kos &#8211; Nem kell m\u00e1s vigasz (Original)"},"content":{"rendered":"<p><strong>03:46<\/strong> | <strong><img loading=\"lazy\" decoding=\"async\" class=\"alignnone size-full wp-image-467\" src=\"https:\/\/www.sunkaraoke.hu\/wp-content\/uploads\/2022\/07\/choir_2-copy.webp\" alt=\"\" width=\"30\" height=\"30\" \/> <\/strong><\/p>\n","protected":false},"excerpt":{"rendered":"<h6><strong>Bits\u0171r\u0171s\u00e9g: 320<\/strong>kb\/s<strong><br \/>\n<\/strong><strong>Hossz: <\/strong>03:46<strong><br \/>\n<\/strong><strong style=\"font-size: 16px;\">Vok\u00e1lt tartalmaz: <\/strong>Nem <img loading=\"lazy\" decoding=\"async\" class=\"alignnone size-full wp-image-467\" src=\"http:\/\/www.sunkaraoke.hu\/wp-content\/uploads\/2022\/07\/choir_2-copy.png\" alt=\"\" width=\"30\" height=\"30\" \/><strong style=\"font-size: 16px;\"><br \/>\n<\/strong><\/h6>\n<p>Sunkaraoke mp3 st\u00fadi\u00f3 \/ www.sunkaraoke.hu \/ Inf: Tel: 06 20 4275001<\/p>\n<p>Tombolhat a ny\u00e1r ak\u00e1r, vagy belephet a t\u00e9l,<br \/>\nmi\u00f3ta bel\u00e9m k\u00f6lt\u00f6zt\u00e9l, nekem mindegy m\u00e1r,<br \/>\nhogy merr\u0151l f\u00faj a sz\u00e9l.<br \/>\nKegyetlen az \u0151sz, legy\u0151z de robban a tavasz,<br \/>\n\u00e9s ha mellettem maradsz,tudom, hogy r\u00e1nk mi v\u00e1r,<br \/>\n\u00e9s nem kell m\u00e1s vigasz.<br \/>\n&#8212;Bet\u00e9t&#8212;<br \/>\nA sebek m\u00e9g be sem forrtak tal\u00e1n,<br \/>\nszemben meg\u00e1llunk, csak te meg \u00e9n.<br \/>\nD\u00f6nteni hossz\u00fa harcok ut\u00e1n,<br \/>\nhogy folytat\u00f3djon-e ez a kisreg\u00e9ny.<br \/>\nA darabnak v\u00e9ge, j\u00f3 napot,<br \/>\nde ha akarod, kezdhet\u00fcnk \u00fajabb \u00e9vadot.<\/p>\n<p>\u00c9s tombolhat a ny\u00e1r ak\u00e1r, vagy belephet a t\u00e9l,<br \/>\nmi\u00f3ta bel\u00e9m k\u00f6lt\u00f6zt\u00e9l, nekem mindegy m\u00e1r,<br \/>\nhogy merr\u0151l f\u00faj a sz\u00e9l.<br \/>\nKegyetlen az \u0151sz, legy\u0151z de robban a tavasz,<br \/>\n\u00e9s ha mellettem maradsz, tudom hogy r\u00e1nk mi v\u00e1r,<br \/>\n\u00e9s nem kell m\u00e1s vigasz.<br \/>\n&#8212;Sz\u00f3l\u00f3&#8212;<br \/>\nAki minket ismer, mind figyel,<br \/>\nki nyer ma, te vagy \u00e9n vagy mi.<br \/>\n\u00c9s vajon mennyi id\u0151t vesz el,<br \/>\nam\u00edg ki merj\u00fck mondani?<\/p>\n<p>Hogy tombolhat a ny\u00e1r, ak\u00e1r vagy belephet a t\u00e9l,<br \/>\nmi\u00f3ta bel\u00e9m k\u00f6lt\u00f6zt\u00e9l, nekem mindegy m\u00e1r,<br \/>\nhogy merr\u0151l f\u00faj a sz\u00e9l.<br \/>\nKegyetlen az \u0151sz, legy\u0151z de robban a tavasz,<br \/>\n\u00e9s ha mellettem maradsz, tudom, hogy r\u00e1nk mi v\u00e1r,<br \/>\n\u00e9s nem kell m\u00e1s vigasz.<br \/>\nTombolhat a ny\u00e1r, ak\u00e1r, vagy belephet a t\u00e9l,<br \/>\nmi\u00f3ta bel\u00e9m k\u00f6lt\u00f6zt\u00e9l, nekem mindegy m\u00e1r,<br \/>\nhogy merr\u0151l f\u00faj a sz\u00e9l.<br \/>\nKegyetlen az \u0151sz, legy\u0151z ,de robban a tavasz,<br \/>\n\u00e9s ha mellettem maradsz, tudom, hogy r\u00e1nk mi v\u00e1r,<br \/>\n\u00e9s nem kell m\u00e1s vigasz.<br \/>\nTombolhat a ny\u00e1r ak\u00e1r, vagy belephet a t\u00e9l!<br \/>\n&#8212;V\u00e9ge&#8212;<\/p>\n","protected":false},"featured_media":8999,"template":"","meta":{"site-sidebar-layout":"default","site-content-layout":"default","ast-site-content-layout":"default","site-content-style":"default","site-sidebar-style":"default","ast-global-header-display":"","ast-banner-title-visibility":"","ast-main-header-display":"","ast-hfb-above-header-display":"","ast-hfb-below-header-display":"","ast-hfb-mobile-header-display":"","site-post-title":"","ast-breadcrumbs-content":"","ast-featured-img":"","footer-sml-layout":"","theme-transparent-header-meta":"default","adv-header-id-meta":"","stick-header-meta":"","header-above-stick-meta":"","header-main-stick-meta":"","header-below-stick-meta":"","astra-migrate-meta-layouts":"set","ast-page-background-enabled":"default","ast-page-background-meta":{"desktop":{"background-color":"var(--ast-global-color-4)","background-image":"","background-repeat":"repeat","background-position":"center center","background-size":"auto","background-attachment":"scroll","background-type":"","background-media":"","overlay-type":"","overlay-color":"","overlay-opacity":"","overlay-gradient":""},"tablet":{"background-color":"","background-image":"","background-repeat":"repeat","background-position":"center center","background-size":"auto","background-attachment":"scroll","background-type":"","background-media":"","overlay-type":"","overlay-color":"","overlay-opacity":"","overlay-gradient":""},"mobile":{"background-color":"","background-image":"","background-repeat":"repeat","background-position":"center center","background-size":"auto","background-attachment":"scroll","background-type":"","background-media":"","overlay-type":"","overlay-color":"","overlay-opacity":"","overlay-gradient":""}},"ast-content-background-meta":{"desktop":{"background-color":"var(--ast-global-color-5)","background-image":"","background-repeat":"repeat","background-position":"center center","background-size":"auto","background-attachment":"scroll","background-type":"","background-media":"","overlay-type":"","overlay-color":"","overlay-opacity":"","overlay-gradient":""},"tablet":{"background-color":"var(--ast-global-color-5)","background-image":"","background-repeat":"repeat","background-position":"center center","background-size":"auto","background-attachment":"scroll","background-type":"","background-media":"","overlay-type":"","overlay-color":"","overlay-opacity":"","overlay-gradient":""},"mobile":{"background-color":"var(--ast-global-color-5)","background-image":"","background-repeat":"repeat","background-position":"center center","background-size":"auto","background-attachment":"scroll","background-type":"","background-media":"","overlay-type":"","overlay-color":"","overlay-opacity":"","overlay-gradient":""}}},"product_cat":[48],"product_tag":[],"class_list":["post-5556","product","type-product","status-publish","has-post-thumbnail","hentry","product_cat-sunkaraoke-dalok","desktop-align-left","tablet-align-left","mobile-align-left"],"_links":{"self":[{"href":"https:\/\/www.sunkaraoke.hu\/index.php\/wp-json\/wp\/v2\/product\/5556","targetHints":{"allow":["GET"]}}],"collection":[{"href":"https:\/\/www.sunkaraoke.hu\/index.php\/wp-json\/wp\/v2\/product"}],"about":[{"href":"https:\/\/www.sunkaraoke.hu\/index.php\/wp-json\/wp\/v2\/types\/product"}],"wp:featuredmedia":[{"embeddable":true,"href":"https:\/\/www.sunkaraoke.hu\/index.php\/wp-json\/wp\/v2\/media\/8999"}],"wp:attachment":[{"href":"https:\/\/www.sunkaraoke.hu\/index.php\/wp-json\/wp\/v2\/media?parent=5556"}],"wp:term":[{"taxonomy":"product_cat","embeddable":true,"href":"https:\/\/www.sunkaraoke.hu\/index.php\/wp-json\/wp\/v2\/product_cat?post=5556"},{"taxonomy":"product_tag","embeddable":true,"href":"https:\/\/www.sunkaraoke.hu\/index.php\/wp-json\/wp\/v2\/product_tag?post=5556"}],"curies":[{"name":"wp","href":"https:\/\/api.w.org\/{rel}","templated":true}]}}