{"id":5553,"date":"2022-08-08T20:49:24","date_gmt":"2022-08-08T20:49:24","guid":{"rendered":"https:\/\/www.sunkaraoke.hu\/index.php\/termek\/marta-joco-minden-ejjel-minden-nap\/"},"modified":"2025-12-01T14:47:05","modified_gmt":"2025-12-01T12:47:05","slug":"marta-joco-minden-ejjel-minden-nap","status":"publish","type":"product","link":"https:\/\/www.sunkaraoke.hu\/index.php\/termek\/marta-joco-minden-ejjel-minden-nap\/","title":{"rendered":"<div class=\"wcmp-player-container product-5553\"><audio controlslist=\"nodownload\" data-product=\"5553\"  volume=\"1\"  preload=\"none\" data-lazyloading=\"none\" class=\"wcmp-player track mejs-classic\" data-duration=\"0:32\" data-estimated_duration=\"4\"><source src=\"https:\/\/www.sunkaraoke.hu\/wp-content\/uploads\/2022\/08\/Minden-ejjel-minden-nap-Marta.-kdemoo.mp3\" type=\"audio\/mp3\" \/><\/audio><\/div>M\u00e1rta Joc\u00f3 &#8211; Minden \u00e9jjel minden nap (Original)"},"content":{"rendered":"<p><strong>04:20<\/strong> | <strong><img loading=\"lazy\" decoding=\"async\" class=\"alignnone size-full wp-image-467\" src=\"https:\/\/www.sunkaraoke.hu\/wp-content\/uploads\/2022\/07\/choir_2-copy.webp\" alt=\"\" width=\"30\" height=\"30\" \/> <\/strong><\/p>\n","protected":false},"excerpt":{"rendered":"<h6><strong>Bits\u0171r\u0171s\u00e9g: 320<\/strong>kb\/s<strong><br \/>\n<\/strong><strong>Hossz: <\/strong>04:20<strong><br \/>\n<\/strong><strong style=\"font-size: 16px;\">Vok\u00e1lt tartalmaz: <\/strong>Nem <img loading=\"lazy\" decoding=\"async\" class=\"alignnone size-full wp-image-467\" src=\"http:\/\/www.sunkaraoke.hu\/wp-content\/uploads\/2022\/07\/choir_2-copy.png\" alt=\"\" width=\"30\" height=\"30\" \/><strong style=\"font-size: 16px;\"><br \/>\n<\/strong><\/h6>\n<p>Sunkaraoke mp3 st\u00fadi\u00f3 \/ www.sunkaraoke.hu \/ Inf: Tel: 06 20 4275001<\/p>\n<p>&#8212;Intr\u00f3&#8212;<\/p>\n<p>Annyiszor \u00f6sszet\u00f6rt\u00e9k m\u00e1r az \u00e9n sz\u00edvem,<br \/>\nSzerelmesnek lenni oly neh\u00e9z.<br \/>\nF\u00e9lek hogy soha nem lesz boldog \u00e9letem,<br \/>\nDe veled \u00fagy is megpr\u00f3b\u00e1lom \u00e9n.<\/p>\n<p>\u00c1lom vil\u00e1g, ahov\u00e1 elrep\u00edtett\u00e9l,<br \/>\n\u00dajra kezdek \u00e9lni azt hiszem.<br \/>\nHa szomor\u00fa voltam nagyon, Te megnevetett\u00e9l,<br \/>\nMegv\u00e1ltoztattad az \u00e9letem.<\/p>\n<p>Minden \u00e9jjel minden nap, csak is r\u00f3lad sz\u00f3l a dal,<br \/>\nMinden \u00e1lom v\u00e9get \u00e9r, hogy ha t\u0151lem elmenn\u00e9l.<br \/>\nItt a sz\u00edvem fogadd el, arra k\u00e9rlek ne t\u00f6rd el,<br \/>\nAzt egyszer\u0171en nem viseln\u00e9m el.<\/p>\n<p>Minden \u00e9jjel minden nap, csak is r\u00f3lad sz\u00f3l a dal,<br \/>\nMinden \u00e1lom v\u00e9get \u00e9r, hogy ha t\u0151lem elmenn\u00e9l.<br \/>\nItt a sz\u00edvem fogadd el, arra k\u00e9rlek ne t\u00f6rd el,<br \/>\nAzt egyszer\u0171en nem viseln\u00e9m el.<\/p>\n<p>&#8212;Sz\u00f3l\u00f3&#8212;<\/p>\n<p>Nincs olyan perc, hogy ne gondoln\u00e9k r\u00e1d,<br \/>\nHa nem lenn\u00e9l, ki vigy\u00e1zna r\u00e1m.<br \/>\nSzerelm\u00fcnkt\u0151l \u00e1titatott forr\u00f3 \u00e9jszak\u00e1k,<br \/>\nDalolj\u00e1k a boldogs\u00e1g dal\u00e1t.<\/p>\n<p>Egy \u00e9rz\u00e9s legbel\u00fcl, szor\u00edtja az \u00e9n sz\u00edvemet,<br \/>\nHogy egyszer v\u00e9get \u00e9r az nem lehet.<br \/>\nSzenved\u00e9llyel \u00f6lellek, szor\u00edtlak magamhoz,<br \/>\nMint ha ez lenne az utols\u00f3 alkalom.<\/p>\n<p>Minden \u00e9jjel minden nap, csak is r\u00f3lad sz\u00f3l a dal,<br \/>\nMinden \u00e1lom v\u00e9get \u00e9r, hogy ha t\u0151lem elmenn\u00e9l.<br \/>\nItt a sz\u00edvem fogadd el, arra k\u00e9rlek ne t\u00f6rd el,<br \/>\nAzt egyszer\u0171en nem viseln\u00e9m el.<\/p>\n<p>Minden \u00e9jjel minden nap, csak is r\u00f3lad sz\u00f3l a dal,<br \/>\nMinden \u00e1lom v\u00e9get \u00e9r, hogy ha t\u0151lem elmenn\u00e9l.<br \/>\nItt a sz\u00edvem fogadd el, arra k\u00e9rlek ne t\u00f6rd el,<br \/>\nAzt egyszer\u0171en nem viseln\u00e9m el.<\/p>\n<p>&#8212;Sz\u00f3l\u00f3&#8212;<\/p>\n<p>Minden \u00e9jjel minden nap, csak is r\u00f3lad sz\u00f3l a dal,<br \/>\nMinden \u00e1lom v\u00e9get \u00e9r, hogy ha t\u0151lem elmenn\u00e9l.<br \/>\nItt a sz\u00edvem fogadd el, arra k\u00e9rlek ne t\u00f6rd el,<br \/>\nAzt egyszer\u0171en nem viseln\u00e9m el.<\/p>\n<p>Minden \u00e9jjel minden nap, csak is r\u00f3lad sz\u00f3l a dal,<br \/>\nMinden \u00e1lom v\u00e9get \u00e9r, hogy ha t\u0151lem elmenn\u00e9l.<br \/>\nItt a sz\u00edvem fogadd el, arra k\u00e9rlek ne t\u00f6rd el,<br \/>\nAzt egyszer\u0171en nem viseln\u00e9m el.<\/p>\n<p>Minden \u00e9jjel minden nap, csak is r\u00f3lad sz\u00f3l a dal,<br \/>\nMinden \u00e1lom v\u00e9get \u00e9r, hogy ha t\u0151lem elmenn\u00e9l.<br \/>\nItt a sz\u00edvem fogadd el, arra k\u00e9rlek ne t\u00f6rd el,<br \/>\nAzt egyszer\u0171en nem viseln\u00e9m el.<br \/>\nAzt egyszer\u0171en nem viseln\u00e9m el.<br \/>\n&#8212;V\u00e9ge&#8212;<\/p>\n","protected":false},"featured_media":8752,"template":"","meta":{"site-sidebar-layout":"default","site-content-layout":"default","ast-site-content-layout":"default","site-content-style":"default","site-sidebar-style":"default","ast-global-header-display":"","ast-banner-title-visibility":"","ast-main-header-display":"","ast-hfb-above-header-display":"","ast-hfb-below-header-display":"","ast-hfb-mobile-header-display":"","site-post-title":"","ast-breadcrumbs-content":"","ast-featured-img":"","footer-sml-layout":"","theme-transparent-header-meta":"default","adv-header-id-meta":"","stick-header-meta":"","header-above-stick-meta":"","header-main-stick-meta":"","header-below-stick-meta":"","astra-migrate-meta-layouts":"set","ast-page-background-enabled":"default","ast-page-background-meta":{"desktop":{"background-color":"var(--ast-global-color-4)","background-image":"","background-repeat":"repeat","background-position":"center center","background-size":"auto","background-attachment":"scroll","background-type":"","background-media":"","overlay-type":"","overlay-color":"","overlay-opacity":"","overlay-gradient":""},"tablet":{"background-color":"","background-image":"","background-repeat":"repeat","background-position":"center center","background-size":"auto","background-attachment":"scroll","background-type":"","background-media":"","overlay-type":"","overlay-color":"","overlay-opacity":"","overlay-gradient":""},"mobile":{"background-color":"","background-image":"","background-repeat":"repeat","background-position":"center center","background-size":"auto","background-attachment":"scroll","background-type":"","background-media":"","overlay-type":"","overlay-color":"","overlay-opacity":"","overlay-gradient":""}},"ast-content-background-meta":{"desktop":{"background-color":"var(--ast-global-color-5)","background-image":"","background-repeat":"repeat","background-position":"center center","background-size":"auto","background-attachment":"scroll","background-type":"","background-media":"","overlay-type":"","overlay-color":"","overlay-opacity":"","overlay-gradient":""},"tablet":{"background-color":"var(--ast-global-color-5)","background-image":"","background-repeat":"repeat","background-position":"center center","background-size":"auto","background-attachment":"scroll","background-type":"","background-media":"","overlay-type":"","overlay-color":"","overlay-opacity":"","overlay-gradient":""},"mobile":{"background-color":"var(--ast-global-color-5)","background-image":"","background-repeat":"repeat","background-position":"center center","background-size":"auto","background-attachment":"scroll","background-type":"","background-media":"","overlay-type":"","overlay-color":"","overlay-opacity":"","overlay-gradient":""}}},"product_cat":[46],"product_tag":[],"class_list":["post-5553","product","type-product","status-publish","has-post-thumbnail","hentry","product_cat-eredeti-karaoke-dalok","desktop-align-left","tablet-align-left","mobile-align-left"],"_links":{"self":[{"href":"https:\/\/www.sunkaraoke.hu\/index.php\/wp-json\/wp\/v2\/product\/5553","targetHints":{"allow":["GET"]}}],"collection":[{"href":"https:\/\/www.sunkaraoke.hu\/index.php\/wp-json\/wp\/v2\/product"}],"about":[{"href":"https:\/\/www.sunkaraoke.hu\/index.php\/wp-json\/wp\/v2\/types\/product"}],"wp:featuredmedia":[{"embeddable":true,"href":"https:\/\/www.sunkaraoke.hu\/index.php\/wp-json\/wp\/v2\/media\/8752"}],"wp:attachment":[{"href":"https:\/\/www.sunkaraoke.hu\/index.php\/wp-json\/wp\/v2\/media?parent=5553"}],"wp:term":[{"taxonomy":"product_cat","embeddable":true,"href":"https:\/\/www.sunkaraoke.hu\/index.php\/wp-json\/wp\/v2\/product_cat?post=5553"},{"taxonomy":"product_tag","embeddable":true,"href":"https:\/\/www.sunkaraoke.hu\/index.php\/wp-json\/wp\/v2\/product_tag?post=5553"}],"curies":[{"name":"wp","href":"https:\/\/api.w.org\/{rel}","templated":true}]}}