{"id":5552,"date":"2022-08-08T20:49:24","date_gmt":"2022-08-08T20:49:24","guid":{"rendered":"https:\/\/www.sunkaraoke.hu\/index.php\/termek\/marta-joco-ha-en-egyszer-nagyon-megoregszem\/"},"modified":"2025-04-12T16:18:37","modified_gmt":"2025-04-12T16:18:37","slug":"marta-joco-ha-en-egyszer-nagyon-megoregszem","status":"publish","type":"product","link":"https:\/\/www.sunkaraoke.hu\/index.php\/termek\/marta-joco-ha-en-egyszer-nagyon-megoregszem\/","title":{"rendered":"<div class=\"wcmp-player-container product-5552\"><audio controlslist=\"nodownload\" data-product=\"5552\"  volume=\"1\"  preload=\"none\" data-lazyloading=\"none\" class=\"wcmp-player track mejs-classic\" data-duration=\"0:34\" data-estimated_duration=\"4\"><source src=\"https:\/\/www.sunkaraoke.hu\/wp-content\/uploads\/2022\/08\/Ha-en-egyszer-nagyon-Marta.-demoo.mp3\" type=\"audio\/mp3\" \/><\/audio><\/div>M\u00e1rta Joc\u00f3 &#8211; Ha \u00e9n egyszer nagyon meg\u00f6regszem (Original)"},"content":{"rendered":"<p><strong>04:20<\/strong> | <strong><img loading=\"lazy\" decoding=\"async\" class=\"alignnone size-full wp-image-467\" src=\"https:\/\/www.sunkaraoke.hu\/wp-content\/uploads\/2022\/07\/choir_2-copy.webp\" alt=\"\" width=\"30\" height=\"30\" \/> <\/strong><\/p>\n","protected":false},"excerpt":{"rendered":"<h6><strong>Bits\u0171r\u0171s\u00e9g: 320<\/strong>kb\/s<strong><br \/>\n<\/strong><strong>Hossz: <\/strong>04:20<strong><br \/>\n<\/strong><strong style=\"font-size: 16px;\">Vok\u00e1lt tartalmaz: <\/strong>Nem <img loading=\"lazy\" decoding=\"async\" class=\"alignnone size-full wp-image-467\" src=\"http:\/\/www.sunkaraoke.hu\/wp-content\/uploads\/2022\/07\/choir_2-copy.png\" alt=\"\" width=\"30\" height=\"30\" \/><strong style=\"font-size: 16px;\"><br \/>\n<\/strong><\/h6>\n<p>Sunkaraoke mp3 st\u00fadi\u00f3 \/ www.sunkaraoke.hu \/ Inf: Tel: 06 20 4275001<\/p>\n<p>&#8212;Intr\u00f3&#8212;<\/p>\n<p>Ha \u00e9n egyszer nagyon meg\u00f6regszem,<br \/>\nAkkor engem kisl\u00e1ny s\u00edrat.<br \/>\nHa \u00e9n egyszer nagyon meg\u00f6regszem,<br \/>\nAkkor engem kisl\u00e1ny sirat.<\/p>\n<p>&#8212;Sz\u00f3l\u00f3&#8212;<\/p>\n<p>T\u00e1ntorgok majd n\u00e9m\u00e1n az \u00faton,<br \/>\nJ\u00e1rda sz\u00e9l\u00e9t keresem \u00e9n.<br \/>\n\u00c1llok majd a csukott ajt\u00f3 el\u0151tt,<br \/>\nA kilincset szorongatom \u00e9n.<\/p>\n<p>Nem merek majd oda bel\u00e9pni,<br \/>\nNem tudom mi v\u00e1r ott r\u00e1m.<br \/>\nLass\u00edtan\u00e1m az id\u0151t ha tudn\u00e1m,<br \/>\nDe bizony azt m\u00e1r nem lehet.<br \/>\nNem merek majd oda bel\u00e9pni,<br \/>\nNem tudom mi v\u00e1r ott r\u00e1m.<br \/>\nLass\u00edtan\u00e1m az id\u0151t ha tudn\u00e1m,<br \/>\nDe bizony azt m\u00e1r nem lehet.<\/p>\n<p>&#8212;Sz\u00f3l\u00f3&#8212;<\/p>\n<p>Gondoln\u00e1m hogy hazudott az \u00e9let,<br \/>\nMert \u00fagy tett, hogy azt higgyem r\u00f3la.<br \/>\nNem j\u00f6n el a v\u00e9ge sosem,<br \/>\nA boldogs\u00e1g \u00f6r\u00f6kk\u00e9 tart!<\/p>\n<p>Mikor fiam elmegyek \u00e9n t\u0151led,<br \/>\nCsak azt k\u00e9rem, annyit k\u00e9rek \u00e9n.<br \/>\nMosolyogj sokat, ne sajn\u00e1ld m\u00e1st\u00f3l,<br \/>\nMint ahogy azt \u00e9n tettem veled.<br \/>\nMikor fiam elmegyek \u00e9n t\u0151led,<br \/>\nCsak azt k\u00e9rem, annyit k\u00e9rek \u00e9n.<br \/>\nMosolyogj sokat, ne sajn\u00e1ld m\u00e1st\u00f3l,<br \/>\nMint ahogy azt \u00e9n tettem veled.<\/p>\n<p>Ha \u00e9n egyszer nagyon meg\u00f6regszem,<br \/>\nAkkor engem kisl\u00e1ny sirat.<br \/>\nHa \u00e9n egyszer nagyon meg\u00f6regszem,<br \/>\nAkkor engem kisl\u00e1ny sirat.<br \/>\nHa \u00e9n egyszer nagyon meg\u00f6regszem,<br \/>\nAkkor engem kisl\u00e1ny sirat.<br \/>\nHa \u00e9n egyszer nagyon meg\u00f6regszem,<br \/>\nAkkor engem kisl\u00e1ny sirat.<\/p>\n<p>Mikor fiam elmegyek \u00e9n t\u0151led,<br \/>\nCsak azt k\u00e9rem, annyit k\u00e9rek \u00e9n.<br \/>\nMosolyogj sokat, ne sajn\u00e1ld m\u00e1st\u00f3l,<br \/>\nMint ahogy azt \u00e9n tettem veled.<\/p>\n<p>Hogy az utols\u00f3 eml\u00e9k\u00fcnk egym\u00e1sr\u00f3l,<br \/>\nEgy sz\u00e9p mosoly legyen.<br \/>\nHogy az utols\u00f3 eml\u00e9k\u00fcnk egym\u00e1sr\u00f3l,<br \/>\nEgy sz\u00e9p mosoly legyen.<br \/>\n&#8212;V\u00e9ge&#8212;<\/p>\n","protected":false},"featured_media":8752,"template":"","meta":{"site-sidebar-layout":"default","site-content-layout":"default","ast-site-content-layout":"default","site-content-style":"default","site-sidebar-style":"default","ast-global-header-display":"","ast-banner-title-visibility":"","ast-main-header-display":"","ast-hfb-above-header-display":"","ast-hfb-below-header-display":"","ast-hfb-mobile-header-display":"","site-post-title":"","ast-breadcrumbs-content":"","ast-featured-img":"","footer-sml-layout":"","theme-transparent-header-meta":"default","adv-header-id-meta":"","stick-header-meta":"","header-above-stick-meta":"","header-main-stick-meta":"","header-below-stick-meta":"","astra-migrate-meta-layouts":"set","ast-page-background-enabled":"default","ast-page-background-meta":{"desktop":{"background-color":"var(--ast-global-color-4)","background-image":"","background-repeat":"repeat","background-position":"center center","background-size":"auto","background-attachment":"scroll","background-type":"","background-media":"","overlay-type":"","overlay-color":"","overlay-opacity":"","overlay-gradient":""},"tablet":{"background-color":"","background-image":"","background-repeat":"repeat","background-position":"center center","background-size":"auto","background-attachment":"scroll","background-type":"","background-media":"","overlay-type":"","overlay-color":"","overlay-opacity":"","overlay-gradient":""},"mobile":{"background-color":"","background-image":"","background-repeat":"repeat","background-position":"center center","background-size":"auto","background-attachment":"scroll","background-type":"","background-media":"","overlay-type":"","overlay-color":"","overlay-opacity":"","overlay-gradient":""}},"ast-content-background-meta":{"desktop":{"background-color":"var(--ast-global-color-5)","background-image":"","background-repeat":"repeat","background-position":"center center","background-size":"auto","background-attachment":"scroll","background-type":"","background-media":"","overlay-type":"","overlay-color":"","overlay-opacity":"","overlay-gradient":""},"tablet":{"background-color":"var(--ast-global-color-5)","background-image":"","background-repeat":"repeat","background-position":"center center","background-size":"auto","background-attachment":"scroll","background-type":"","background-media":"","overlay-type":"","overlay-color":"","overlay-opacity":"","overlay-gradient":""},"mobile":{"background-color":"var(--ast-global-color-5)","background-image":"","background-repeat":"repeat","background-position":"center center","background-size":"auto","background-attachment":"scroll","background-type":"","background-media":"","overlay-type":"","overlay-color":"","overlay-opacity":"","overlay-gradient":""}}},"product_cat":[46],"product_tag":[],"class_list":["post-5552","product","type-product","status-publish","has-post-thumbnail","hentry","product_cat-eredeti-karaoke-dalok","desktop-align-left","tablet-align-left","mobile-align-left"],"_links":{"self":[{"href":"https:\/\/www.sunkaraoke.hu\/index.php\/wp-json\/wp\/v2\/product\/5552","targetHints":{"allow":["GET"]}}],"collection":[{"href":"https:\/\/www.sunkaraoke.hu\/index.php\/wp-json\/wp\/v2\/product"}],"about":[{"href":"https:\/\/www.sunkaraoke.hu\/index.php\/wp-json\/wp\/v2\/types\/product"}],"wp:featuredmedia":[{"embeddable":true,"href":"https:\/\/www.sunkaraoke.hu\/index.php\/wp-json\/wp\/v2\/media\/8752"}],"wp:attachment":[{"href":"https:\/\/www.sunkaraoke.hu\/index.php\/wp-json\/wp\/v2\/media?parent=5552"}],"wp:term":[{"taxonomy":"product_cat","embeddable":true,"href":"https:\/\/www.sunkaraoke.hu\/index.php\/wp-json\/wp\/v2\/product_cat?post=5552"},{"taxonomy":"product_tag","embeddable":true,"href":"https:\/\/www.sunkaraoke.hu\/index.php\/wp-json\/wp\/v2\/product_tag?post=5552"}],"curies":[{"name":"wp","href":"https:\/\/api.w.org\/{rel}","templated":true}]}}