{"id":5551,"date":"2022-08-08T20:49:24","date_gmt":"2022-08-08T20:49:24","guid":{"rendered":"https:\/\/www.sunkaraoke.hu\/index.php\/termek\/bitto-duo-bitto-duo-retro-mix-2019\/"},"modified":"2025-03-30T09:39:42","modified_gmt":"2025-03-30T09:39:42","slug":"bitto-duo-bitto-duo-retro-mix-2019","status":"publish","type":"product","link":"https:\/\/www.sunkaraoke.hu\/index.php\/termek\/bitto-duo-bitto-duo-retro-mix-2019\/","title":{"rendered":"<div class=\"wcmp-player-container product-5551\"><audio controlslist=\"nodownload\" data-product=\"5551\"  volume=\"1\"  preload=\"none\" data-lazyloading=\"none\" class=\"wcmp-player track mejs-classic\" data-duration=\"0:32\" data-estimated_duration=\"4\"><source src=\"https:\/\/www.sunkaraoke.hu\/wp-content\/uploads\/2022\/08\/Bitto-duo-Retro-mix-2019.-PB._demo.mp3\" type=\"audio\/mp3\" \/><\/audio><\/div>Bitt\u00f3 du\u00f3 &#8211; Bitt\u00f3 du\u00f3 Retr\u00f3 Mix 2019. (Original)"},"content":{"rendered":"<p><strong>06:59<\/strong> | <strong><img loading=\"lazy\" decoding=\"async\" class=\"alignnone size-full wp-image-467\" src=\"https:\/\/www.sunkaraoke.hu\/wp-content\/uploads\/2022\/07\/choir_2-copy.webp\" alt=\"\" width=\"30\" height=\"30\" \/> <\/strong><\/p>\n","protected":false},"excerpt":{"rendered":"<h6><strong>Bits\u0171r\u0171s\u00e9g: 320<\/strong>kb\/s<strong><br \/>\n<\/strong><strong>Hossz: <\/strong>06:59<strong><br \/>\n<\/strong><strong style=\"font-size: 16px;\">Vok\u00e1lt tartalmaz: <\/strong>Nem <img loading=\"lazy\" decoding=\"async\" class=\"alignnone size-full wp-image-467\" src=\"http:\/\/www.sunkaraoke.hu\/wp-content\/uploads\/2022\/07\/choir_2-copy.png\" alt=\"\" width=\"30\" height=\"30\" \/><strong style=\"font-size: 16px;\"><br \/>\n<\/strong><\/h6>\n<p>Sunkaraoke mp3 st\u00fadi\u00f3 \/ www.sunkaraoke.hu \/ Inf: Tel: 06 20 4275001<\/p>\n<p>&#8212;Intr\u00f3&#8212;<br \/>\nA l\u00e1ny nem felelt,<br \/>\n\u00e9s \u00e9n \u00e9reztem, hogy nem faggathatom.<br \/>\nSz\u00f3 n\u00e9lk\u00fcl \u00e1llt,<br \/>\narca el\u00e1rulta itt az alkalom.<br \/>\nEgy dal volt csup\u00e1n,<br \/>\nhogy mi\u00e9rt nem tudom,<br \/>\nm\u00e9gis d\u00fadoltam \u00e9n.<br \/>\nS a m\u00f3l\u00f3 k\u00f6r\u00fcl, a f\u00e1k lombjait, felkapta a sz\u00e9l.<\/p>\n<p>Elf\u00fajja a sz\u00e9l, elf\u00fajja a sz\u00e9l, a dalom, \u00f3-\u00f3-\u00f3..<br \/>\nHallgasd mit mes\u00e9l, egyszer hozz\u00e1d is el\u00e9r,<br \/>\n\u00f3-\u00f3-\u00f3, \u00f3-\u00f3-\u00f3-\u00f3-\u00f3.<br \/>\nElf\u00fajja a sz\u00e9l, elf\u00fajja a sz\u00e9l, a dalom, \u00f3-\u00f3-\u00f3..<br \/>\nHallgasd mit mes\u00e9l, egyszer hozz\u00e1d is el\u00e9r,<br \/>\n\u00f3-\u00f3-\u00f3, \u00f3-\u00f3-\u00f3-\u00f3-\u00f3.<br \/>\nSz\u00e1z lampion,<br \/>\nlassan elkapta a dal ritmus\u00e1t.<br \/>\nRingott a f\u00e9ny,<br \/>\n\u00e9s a hull\u00e1mokban t\u00e1ncolva j\u00e1rt.<br \/>\n\u0150 j\u00e1tszott velem, v\u00e1llamat k\u00e9t k\u00f6nny\u0171 k\u00e9z fonta \u00e1t,<br \/>\n\u00e9s d\u00fadoltam \u00e9n ,a sz\u00e9l vitte sz\u00e9t a ny\u00e1r dallam\u00e1t.<\/p>\n<p>Elf\u00fajja a sz\u00e9l, elf\u00fajja a sz\u00e9l, a dalom, \u00f3-\u00f3-\u00f3..<br \/>\nHallgasd mit mes\u00e9l, egyszer hozz\u00e1d is el\u00e9r,<br \/>\n\u00f3-\u00f3-\u00f3, \u00f3-\u00f3-\u00f3-\u00f3-\u00f3.<br \/>\nElf\u00fajja a sz\u00e9l, elf\u00fajja a sz\u00e9l, a dalom, \u00f3-\u00f3-\u00f3..<br \/>\nHallgasd mit mes\u00e9l, egyszer hozz\u00e1d is el\u00e9r,<br \/>\n\u00f3-\u00f3-\u00f3, \u00f3-\u00f3-\u00f3-\u00f3-\u00f3.<br \/>\n&#8212;Sz\u00f3l\u00f3&#8212;<br \/>\nAmikor \u00e9rkezel estefel\u00e9, leslek az ablakon \u00e1t,<br \/>\nnyitom az ajt\u00f3t \u00e9s egyszeriben, mosolyog r\u00e1m a vil\u00e1g!<br \/>\nSz\u00ednesnek l\u00e1tom a sz\u00fcrk\u00fcletet, mik\u00f6zben b\u00e1mulok r\u00e1d,<br \/>\ncsoda finom vagy esti boldogs\u00e1g.<br \/>\nH\u00e9j, h\u00e9j, h\u00e9j, tal\u00e1ld ki gyorsan a gondolatom,<br \/>\nmi az amit szeretn\u00e9k?<br \/>\nTal\u00e1ld el gyorsan a hangulatom,<br \/>\nh\u00fazd ki a sz\u00edved antenn\u00e1j\u00e1t!<br \/>\nTal\u00e1ld ki gyorsan a gondolatom,<br \/>\nnagyon okos lehetn\u00e9l.<br \/>\nTudod te j\u00f3l, na \u00e9s \u00e9n is tudom,<br \/>\nszeretn\u00e9m, ha szeretn\u00e9l!<br \/>\nForr\u00f3 a k\u00e1v\u00e9 az asztalon \u00e1ll, t\u00e1lc\u00e1n a s\u00f3s s\u00fctem\u00e9ny,<br \/>\nott az ital, na \u00e9s ott a poh\u00e1r, mindenre gondolok \u00e9n.<br \/>\nRemek a k\u00e1v\u00e9, a s\u00f3s s\u00fctem\u00e9ny, igazi f\u0151nyerem\u00e9ny,<br \/>\nvalahogy m\u00e9gis, m\u00e1st k\u00edv\u00e1nok \u00e9n.<br \/>\nH\u00e9j, h\u00e9j, h\u00e9j, tal\u00e1ld ki gyorsan a gondolatom,<br \/>\nvalamit \u00fagy szeretn\u00e9k.<br \/>\nTal\u00e1ld el gyorsan a hangulatom,<br \/>\n\u00edg\u00e9rem \u00e9n, hogy nem j\u00e1rsz rosszul.<br \/>\nTal\u00e1ld ki gyorsan a gondolatom,<br \/>\nnagyon okos lehetn\u00e9l,<br \/>\ntudod te j\u00f3l, na \u00e9s \u00e9n is tudom,<br \/>\nszeretn\u00e9m, ha szeretn\u00e9l.<br \/>\n&#8212;Sz\u00f3l\u00f3&#8212;\/\/04:29\/\/<br \/>\nHol j\u00e1rsz most \u00e9s merre vagy,<br \/>\noly r\u00e9g nem l\u00e1ttalak.<br \/>\nHa felh\u00edvsz most, hirtelen,<br \/>\nhol volt\u00e1l, nem k\u00e9rdezem.<\/p>\n<p>Ha nem tudom, nem f\u00e1j,<br \/>\nmerre, hol j\u00e1rt\u00e1l?<br \/>\nHa r\u00e1m nevetsz, ha \u00e1t\u00f6lelsz,<br \/>\nnem sz\u00e1m\u00edt m\u00e1r.<br \/>\nHa nem tudom, nem f\u00e1j,<br \/>\nm\u00e1st is cs\u00f3kolt\u00e1l,<br \/>\nm\u00edg \u00edgy szeretsz, ha m\u00falt egy perc,<br \/>\nnem sz\u00e1m\u00edt m\u00e1r.<br \/>\nKit n\u00e9z most a k\u00e9t szemed,<br \/>\nmindent\u0151l f\u00e9ltelek.<br \/>\nHa felh\u00edvsz most, hirtelen,<br \/>\nhol volt\u00e1l, nem k\u00e9rdezem.<br \/>\nHa nem tudom, nem f\u00e1j,<br \/>\nmerre, hol j\u00e1rt\u00e1l?<br \/>\nHa r\u00e1m nevetsz, ha \u00e1t\u00f6lelsz,<br \/>\nnem sz\u00e1m\u00edt m\u00e1r.<br \/>\nHa nem tudom, nem f\u00e1j,<br \/>\nm\u00e1st is cs\u00f3kolt\u00e1l,<br \/>\nm\u00edg \u00edgy szeretsz, ha m\u00falt egy perc,<br \/>\nnem sz\u00e1m\u00edt m\u00e1r.<br \/>\nHa nem tudom, nem f\u00e1j,<br \/>\nmerre, hol j\u00e1rt\u00e1l?<br \/>\nHa r\u00e1m nevetsz, ha \u00e1t\u00f6lelsz,<br \/>\nnem sz\u00e1m\u00edt m\u00e1r.<br \/>\nHa nem tudom, nem f\u00e1j,<br \/>\nm\u00e1st is cs\u00f3kolt\u00e1l,<br \/>\nm\u00edg \u00edgy szeretsz, ha m\u00falt egy perc,<br \/>\nnem sz\u00e1m\u00edt m\u00e1r.<br \/>\n&#8212;V\u00e9ge&#8212;<\/p>\n","protected":false},"featured_media":8718,"template":"","meta":{"site-sidebar-layout":"default","site-content-layout":"default","ast-site-content-layout":"default","site-content-style":"default","site-sidebar-style":"default","ast-global-header-display":"","ast-banner-title-visibility":"","ast-main-header-display":"","ast-hfb-above-header-display":"","ast-hfb-below-header-display":"","ast-hfb-mobile-header-display":"","site-post-title":"","ast-breadcrumbs-content":"","ast-featured-img":"","footer-sml-layout":"","theme-transparent-header-meta":"default","adv-header-id-meta":"","stick-header-meta":"","header-above-stick-meta":"","header-main-stick-meta":"","header-below-stick-meta":"","astra-migrate-meta-layouts":"set","ast-page-background-enabled":"default","ast-page-background-meta":{"desktop":{"background-color":"var(--ast-global-color-4)","background-image":"","background-repeat":"repeat","background-position":"center center","background-size":"auto","background-attachment":"scroll","background-type":"","background-media":"","overlay-type":"","overlay-color":"","overlay-opacity":"","overlay-gradient":""},"tablet":{"background-color":"","background-image":"","background-repeat":"repeat","background-position":"center center","background-size":"auto","background-attachment":"scroll","background-type":"","background-media":"","overlay-type":"","overlay-color":"","overlay-opacity":"","overlay-gradient":""},"mobile":{"background-color":"","background-image":"","background-repeat":"repeat","background-position":"center center","background-size":"auto","background-attachment":"scroll","background-type":"","background-media":"","overlay-type":"","overlay-color":"","overlay-opacity":"","overlay-gradient":""}},"ast-content-background-meta":{"desktop":{"background-color":"var(--ast-global-color-5)","background-image":"","background-repeat":"repeat","background-position":"center center","background-size":"auto","background-attachment":"scroll","background-type":"","background-media":"","overlay-type":"","overlay-color":"","overlay-opacity":"","overlay-gradient":""},"tablet":{"background-color":"var(--ast-global-color-5)","background-image":"","background-repeat":"repeat","background-position":"center center","background-size":"auto","background-attachment":"scroll","background-type":"","background-media":"","overlay-type":"","overlay-color":"","overlay-opacity":"","overlay-gradient":""},"mobile":{"background-color":"var(--ast-global-color-5)","background-image":"","background-repeat":"repeat","background-position":"center center","background-size":"auto","background-attachment":"scroll","background-type":"","background-media":"","overlay-type":"","overlay-color":"","overlay-opacity":"","overlay-gradient":""}}},"product_cat":[48],"product_tag":[],"class_list":["post-5551","product","type-product","status-publish","has-post-thumbnail","hentry","product_cat-sunkaraoke-dalok","desktop-align-left","tablet-align-left","mobile-align-left"],"_links":{"self":[{"href":"https:\/\/www.sunkaraoke.hu\/index.php\/wp-json\/wp\/v2\/product\/5551","targetHints":{"allow":["GET"]}}],"collection":[{"href":"https:\/\/www.sunkaraoke.hu\/index.php\/wp-json\/wp\/v2\/product"}],"about":[{"href":"https:\/\/www.sunkaraoke.hu\/index.php\/wp-json\/wp\/v2\/types\/product"}],"wp:featuredmedia":[{"embeddable":true,"href":"https:\/\/www.sunkaraoke.hu\/index.php\/wp-json\/wp\/v2\/media\/8718"}],"wp:attachment":[{"href":"https:\/\/www.sunkaraoke.hu\/index.php\/wp-json\/wp\/v2\/media?parent=5551"}],"wp:term":[{"taxonomy":"product_cat","embeddable":true,"href":"https:\/\/www.sunkaraoke.hu\/index.php\/wp-json\/wp\/v2\/product_cat?post=5551"},{"taxonomy":"product_tag","embeddable":true,"href":"https:\/\/www.sunkaraoke.hu\/index.php\/wp-json\/wp\/v2\/product_tag?post=5551"}],"curies":[{"name":"wp","href":"https:\/\/api.w.org\/{rel}","templated":true}]}}