{"id":5541,"date":"2022-08-08T20:49:23","date_gmt":"2022-08-08T20:49:23","guid":{"rendered":"https:\/\/www.sunkaraoke.hu\/index.php\/termek\/loretta-azt-hiszem-transzp-v\/"},"modified":"2025-05-11T05:31:22","modified_gmt":"2025-05-11T05:31:22","slug":"loretta-azt-hiszem-transzp-v","status":"publish","type":"product","link":"https:\/\/www.sunkaraoke.hu\/index.php\/termek\/loretta-azt-hiszem-transzp-v\/","title":{"rendered":"<div class=\"wcmp-player-container product-5541\"><audio controlslist=\"nodownload\" data-product=\"5541\"  volume=\"1\"  preload=\"none\" data-lazyloading=\"none\" class=\"wcmp-player track mejs-classic\" data-duration=\"0:31\" data-estimated_duration=\"4\"><source src=\"https:\/\/www.sunkaraoke.hu\/wp-content\/uploads\/2022\/08\/Azt-hiszem-transz-Loretta-SB.demoo_.mp3\" type=\"audio\/mp3\" \/><\/audio><\/div>Loretta &#8211; Azt hiszem (SB Edition)"},"content":{"rendered":"<p>| <strong><img loading=\"lazy\" decoding=\"async\" class=\"alignnone size-full wp-image-467\" src=\"https:\/\/www.sunkaraoke.hu\/wp-content\/uploads\/2022\/07\/choir_2-copy.webp\" alt=\"\" width=\"30\" height=\"30\" \/> <strong> | <img loading=\"lazy\" decoding=\"async\" class=\"alignnone size-full wp-image-613\" src=\"https:\/\/www.sunkaraoke.hu\/wp-content\/uploads\/2022\/07\/transzponalas.webp\" alt=\"\" width=\"30\" height=\"30\" \/> <\/strong><strong>+6<\/strong><\/strong><\/p>\n","protected":false},"excerpt":{"rendered":"<h6><strong>Bits\u0171r\u0171s\u00e9g: 320<\/strong>kb\/s<strong><br \/>\n<\/strong><strong>Hossz: <\/strong><strong><br \/>\n<\/strong><strong style=\"font-size: 16px;\">Vok\u00e1lt tartalmaz: <\/strong>Nem <img loading=\"lazy\" decoding=\"async\" class=\"alignnone size-full wp-image-467\" src=\"http:\/\/www.sunkaraoke.hu\/wp-content\/uploads\/2022\/07\/choir_2-copy.png\" alt=\"\" width=\"30\" height=\"30\" \/><strong style=\"font-size: 16px;\"><br \/>\n<\/strong><strong>Transzpon\u00e1l\u00e1s: <\/strong><img loading=\"lazy\" decoding=\"async\" class=\"alignnone size-full wp-image-613\" src=\"http:\/\/www.sunkaraoke.hu\/wp-content\/uploads\/2022\/07\/transzponalas.png\" alt=\"\" width=\"30\" height=\"30\" \/> +6<\/h6>\n<p>Sunkaraoke mp3 st\u00fadi\u00f3 \/ www.sunkaraoke.hu \/ Inf: Tel: 06 20 4275001<\/p>\n<p>&#8212;Intr\u00f3&#8212;<br \/>\nNem hittem el, hogy megt\u00f6rt\u00e9nt velem,<br \/>\nnem hittem el, de \u00fagy volt azt hiszem.<br \/>\nA sz\u00edvem de f\u00e1j, mert te becsapt\u00e1l,<br \/>\nmegtapostad a lelkemet, nem szeretsz te m\u00e1r.<br \/>\nA sz\u00edvem de f\u00e1j, mert te becsapt\u00e1l,<br \/>\nmegtapostad a lelkem, jaj de f\u00e1j.<br \/>\nAzt k\u00e9pzelem, hogy nem kell m\u00e1r nekem,<br \/>\n\u00fagy gondolom, hogy \u0151t elfelejtem.<br \/>\nDe a sz\u00edvemben, nem harag csorog.<br \/>\nmert megcs\u00f3kolt \u00e9s azt hittem hogy r\u00f6gt\u00f6n meghalok.<br \/>\nDe a sz\u00edvemben, nem harag csorog.<br \/>\nmert megcs\u00f3kolt \u00e9s \u00e9n boldog vagyok.<\/p>\n<p>Azt hiszem \u00e9s \u00fagy \u00e9rzem, azt hiszem \u0151t \u00fagy f\u00e9ltem,<br \/>\nszeretj\u00fck egym\u00e1st nem vit\u00e1s.<br \/>\nNem hagyom el \u0151t m\u00e9gsem, mert \u0151 az \u00e9letem,<br \/>\nsz\u00e1momra \u0151 a boldogs\u00e1g.<br \/>\n&#8212;Sz\u00f3l\u00f3&#8212;<br \/>\nNem hittem el, hogy f\u00e1jni fog nekem,<br \/>\nnem hittem el, hogy ilyen a szerelem.<br \/>\nFelem\u00e9szt az \u00e9rz\u00e9s, sok bennem a k\u00e9rd\u00e9s,<br \/>\nszeret engem, vagy nem szeret, ez bizonytalan nekem.<br \/>\nFelem\u00e9szt az \u00e9rz\u00e9s, sok bennem a k\u00e9rd\u00e9s,<br \/>\nszeret engem, vagy nem szeret, ez rossz nekem.<br \/>\nMert ha velem vagy nincsen semmi baj,<br \/>\nha nincs \u00e9n velem, megszakad sz\u00edvem.<br \/>\n\u00dagy \u00e9l\u00fcnk mi m\u00e1r, mint egy galamb p\u00e1r,<br \/>\n\u00e9desen \u00e9s keservesen de n\u00e9ha n\u00e9ha f\u00e1j.<br \/>\n\u00dagy \u00e9l\u00fcnk mi m\u00e1r, mint egy gerle p\u00e1r,<br \/>\n\u00e9desen \u00e9s keservesen de n\u00e9ha f\u00e1j.<br \/>\nAzt hiszem \u00e9s \u00fagy \u00e9rzem, azt hiszem \u0151t \u00fagy f\u00e9ltem,<br \/>\nszeretj\u00fck egym\u00e1st nem vit\u00e1s.<br \/>\nNem hagyom el \u0151t m\u00e9gsem, mert \u0151 az \u00e9letem,<br \/>\nsz\u00e1momra \u0151 a boldogs\u00e1g.<br \/>\nAzt hiszem \u00e9s \u00fagy \u00e9rzem, azt hiszem \u0151t \u00fagy f\u00e9ltem,<br \/>\nszeretj\u00fck egym\u00e1st nem vit\u00e1s.<br \/>\nNem hagyom el \u0151t m\u00e9gsem, mert \u0151 az \u00e9letem,<br \/>\nsz\u00e1momra \u0151 a boldogs\u00e1g.<br \/>\nA boldogs\u00e1g!<br \/>\n&#8212;V\u00e9ge&#8212;<\/p>\n","protected":false},"featured_media":8735,"template":"","meta":{"site-sidebar-layout":"default","site-content-layout":"default","ast-site-content-layout":"default","site-content-style":"default","site-sidebar-style":"default","ast-global-header-display":"","ast-banner-title-visibility":"","ast-main-header-display":"","ast-hfb-above-header-display":"","ast-hfb-below-header-display":"","ast-hfb-mobile-header-display":"","site-post-title":"","ast-breadcrumbs-content":"","ast-featured-img":"","footer-sml-layout":"","theme-transparent-header-meta":"default","adv-header-id-meta":"","stick-header-meta":"","header-above-stick-meta":"","header-main-stick-meta":"","header-below-stick-meta":"","astra-migrate-meta-layouts":"set","ast-page-background-enabled":"default","ast-page-background-meta":{"desktop":{"background-color":"var(--ast-global-color-4)","background-image":"","background-repeat":"repeat","background-position":"center center","background-size":"auto","background-attachment":"scroll","background-type":"","background-media":"","overlay-type":"","overlay-color":"","overlay-opacity":"","overlay-gradient":""},"tablet":{"background-color":"","background-image":"","background-repeat":"repeat","background-position":"center center","background-size":"auto","background-attachment":"scroll","background-type":"","background-media":"","overlay-type":"","overlay-color":"","overlay-opacity":"","overlay-gradient":""},"mobile":{"background-color":"","background-image":"","background-repeat":"repeat","background-position":"center center","background-size":"auto","background-attachment":"scroll","background-type":"","background-media":"","overlay-type":"","overlay-color":"","overlay-opacity":"","overlay-gradient":""}},"ast-content-background-meta":{"desktop":{"background-color":"var(--ast-global-color-5)","background-image":"","background-repeat":"repeat","background-position":"center center","background-size":"auto","background-attachment":"scroll","background-type":"","background-media":"","overlay-type":"","overlay-color":"","overlay-opacity":"","overlay-gradient":""},"tablet":{"background-color":"var(--ast-global-color-5)","background-image":"","background-repeat":"repeat","background-position":"center center","background-size":"auto","background-attachment":"scroll","background-type":"","background-media":"","overlay-type":"","overlay-color":"","overlay-opacity":"","overlay-gradient":""},"mobile":{"background-color":"var(--ast-global-color-5)","background-image":"","background-repeat":"repeat","background-position":"center center","background-size":"auto","background-attachment":"scroll","background-type":"","background-media":"","overlay-type":"","overlay-color":"","overlay-opacity":"","overlay-gradient":""}}},"product_cat":[48],"product_tag":[],"class_list":["post-5541","product","type-product","status-publish","has-post-thumbnail","hentry","product_cat-sunkaraoke-dalok","desktop-align-left","tablet-align-left","mobile-align-left"],"_links":{"self":[{"href":"https:\/\/www.sunkaraoke.hu\/index.php\/wp-json\/wp\/v2\/product\/5541","targetHints":{"allow":["GET"]}}],"collection":[{"href":"https:\/\/www.sunkaraoke.hu\/index.php\/wp-json\/wp\/v2\/product"}],"about":[{"href":"https:\/\/www.sunkaraoke.hu\/index.php\/wp-json\/wp\/v2\/types\/product"}],"wp:featuredmedia":[{"embeddable":true,"href":"https:\/\/www.sunkaraoke.hu\/index.php\/wp-json\/wp\/v2\/media\/8735"}],"wp:attachment":[{"href":"https:\/\/www.sunkaraoke.hu\/index.php\/wp-json\/wp\/v2\/media?parent=5541"}],"wp:term":[{"taxonomy":"product_cat","embeddable":true,"href":"https:\/\/www.sunkaraoke.hu\/index.php\/wp-json\/wp\/v2\/product_cat?post=5541"},{"taxonomy":"product_tag","embeddable":true,"href":"https:\/\/www.sunkaraoke.hu\/index.php\/wp-json\/wp\/v2\/product_tag?post=5541"}],"curies":[{"name":"wp","href":"https:\/\/api.w.org\/{rel}","templated":true}]}}