{"id":5535,"date":"2022-08-08T20:49:22","date_gmt":"2022-08-08T20:49:22","guid":{"rendered":"https:\/\/www.sunkaraoke.hu\/index.php\/termek\/tajtiboy-te-vagy-a-kincsem\/"},"modified":"2025-07-20T05:51:24","modified_gmt":"2025-07-20T03:51:24","slug":"tajtiboy-te-vagy-a-kincsem","status":"publish","type":"product","link":"https:\/\/www.sunkaraoke.hu\/index.php\/termek\/tajtiboy-te-vagy-a-kincsem\/","title":{"rendered":"<div class=\"wcmp-player-container product-5535\"><audio controlslist=\"nodownload\" data-product=\"5535\"  volume=\"1\"  preload=\"none\" data-lazyloading=\"none\" class=\"wcmp-player track mejs-classic\" data-duration=\"0:32\" data-estimated_duration=\"4\"><source src=\"https:\/\/www.sunkaraoke.hu\/wp-content\/uploads\/2022\/08\/Te-vagy-a-kincsem-Tajti-SB.-demoo.mp3\" type=\"audio\/mp3\" \/><\/audio><\/div>Tajtiboy &#8211; Te vagy a kincsem (Original SB Edition)"},"content":{"rendered":"<p><strong>03:33<\/strong> | <strong><img loading=\"lazy\" decoding=\"async\" class=\"alignnone size-full wp-image-467\" src=\"https:\/\/www.sunkaraoke.hu\/wp-content\/uploads\/2022\/07\/choir_2-copy.webp\" alt=\"\" width=\"30\" height=\"30\" \/> <\/strong><\/p>\n","protected":false},"excerpt":{"rendered":"<h6><strong>Bits\u0171r\u0171s\u00e9g: <\/strong>196kb\/s<strong><br \/>\n<\/strong><strong>Hossz: <\/strong>03:33<strong><br \/>\n<\/strong><strong style=\"font-size: 16px;\">Vok\u00e1lt tartalmaz: <\/strong>Nem <img loading=\"lazy\" decoding=\"async\" class=\"alignnone size-full wp-image-467\" src=\"http:\/\/www.sunkaraoke.hu\/wp-content\/uploads\/2022\/07\/choir_2-copy.png\" alt=\"\" width=\"30\" height=\"30\" \/><strong style=\"font-size: 16px;\"><br \/>\n<\/strong><\/h6>\n<p>Sunkaraoke mp3 st\u00fadi\u00f3 \/ www.sunkaraoke.hu \/ Inf: Tel: 06 20 4275001<\/p>\n<p>&#8212;Intr\u00f3&#8212;<br \/>\nSok \u00e9jszak\u00e1t, \u00e1ts\u00edrtam miattad,<br \/>\nvelem volt\u00e1l, mindig a bajban.<br \/>\nSok l\u00e1ny volt az \u00e9letemben, oly sok csal\u00f3d\u00e1s,<br \/>\nnekem te vagy a kincsem, az \u00f6r\u00f6k ragyog\u00e1s.<br \/>\nVelem minden l\u00e1ny csak j\u00e1tszott,<br \/>\nte vagy ki engem sosem b\u00e1ntott,<br \/>\nez\u00e9rt \u0151rz\u00f6m, a sz\u00edved \u00f6r\u00f6kk\u00e9.<br \/>\nVelem minden l\u00e1ny csak j\u00e1tszott,<br \/>\nte vagy ki engem sosem b\u00e1ntott,<br \/>\nez\u00e9rt \u0151rz\u00f6m, a sz\u00edved \u00f6r\u00f6kk\u00e9.<br \/>\n&#8212;Sz\u00f3l\u00f3&#8212;<br \/>\nMost m\u00e1r nem s\u00edrok \u00e9n miattad,<br \/>\nmert itt vagy \u00e9n velem,<br \/>\nszebb\u00e9 teszed az \u00e9letem.<br \/>\n\u00c9jjel mikor mell\u00e9m b\u00fajsz, akkor \u00e9rzem \u00e9n,<br \/>\nkincsem vagy, ki mindenkin\u00e9l t\u00f6bbet \u00e9r.<br \/>\nVelem minden l\u00e1ny csak j\u00e1tszott,<br \/>\nte vagy ki engem sosem b\u00e1ntott,<br \/>\nez\u00e9rt \u0151rz\u00f6m, a sz\u00edved \u00f6r\u00f6kk\u00e9.<br \/>\nVelem minden l\u00e1ny csak j\u00e1tszott,<br \/>\nte vagy ki engem sosem b\u00e1ntott,<br \/>\nez\u00e9rt \u0151rz\u00f6m, a sz\u00edved \u00f6r\u00f6kk\u00e9.<br \/>\n&#8212;Sz\u00f3l\u00f3&#8212;<br \/>\nVelem minden l\u00e1ny csak j\u00e1tszott,<br \/>\nte vagy ki engem sosem b\u00e1ntott,<br \/>\nez\u00e9rt \u0151rz\u00f6m, a sz\u00edved \u00f6r\u00f6kk\u00e9.<br \/>\nVelem minden l\u00e1ny csak j\u00e1tszott,<br \/>\nte vagy ki engem sosem b\u00e1ntott,<br \/>\nez\u00e9rt \u0151rz\u00f6m, a sz\u00edved \u00f6r\u00f6kk\u00e9.<br \/>\nVelem minden l\u00e1ny csak j\u00e1tszott,<br \/>\nte vagy ki engem sosem b\u00e1ntott,<br \/>\nez\u00e9rt \u0151rz\u00f6m, a sz\u00edved \u00f6r\u00f6kk\u00e9.<br \/>\nEz\u00e9rt \u0151rz\u00f6m, a sz\u00edved \u00f6r\u00f6kk\u00e9.<br \/>\n&#8212;V\u00e9ge&#8212;<\/p>\n","protected":false},"featured_media":9020,"template":"","meta":{"site-sidebar-layout":"default","site-content-layout":"default","ast-site-content-layout":"default","site-content-style":"default","site-sidebar-style":"default","ast-global-header-display":"","ast-banner-title-visibility":"","ast-main-header-display":"","ast-hfb-above-header-display":"","ast-hfb-below-header-display":"","ast-hfb-mobile-header-display":"","site-post-title":"","ast-breadcrumbs-content":"","ast-featured-img":"","footer-sml-layout":"","theme-transparent-header-meta":"default","adv-header-id-meta":"","stick-header-meta":"","header-above-stick-meta":"","header-main-stick-meta":"","header-below-stick-meta":"","astra-migrate-meta-layouts":"set","ast-page-background-enabled":"default","ast-page-background-meta":{"desktop":{"background-color":"var(--ast-global-color-4)","background-image":"","background-repeat":"repeat","background-position":"center center","background-size":"auto","background-attachment":"scroll","background-type":"","background-media":"","overlay-type":"","overlay-color":"","overlay-opacity":"","overlay-gradient":""},"tablet":{"background-color":"","background-image":"","background-repeat":"repeat","background-position":"center center","background-size":"auto","background-attachment":"scroll","background-type":"","background-media":"","overlay-type":"","overlay-color":"","overlay-opacity":"","overlay-gradient":""},"mobile":{"background-color":"","background-image":"","background-repeat":"repeat","background-position":"center center","background-size":"auto","background-attachment":"scroll","background-type":"","background-media":"","overlay-type":"","overlay-color":"","overlay-opacity":"","overlay-gradient":""}},"ast-content-background-meta":{"desktop":{"background-color":"var(--ast-global-color-5)","background-image":"","background-repeat":"repeat","background-position":"center center","background-size":"auto","background-attachment":"scroll","background-type":"","background-media":"","overlay-type":"","overlay-color":"","overlay-opacity":"","overlay-gradient":""},"tablet":{"background-color":"var(--ast-global-color-5)","background-image":"","background-repeat":"repeat","background-position":"center center","background-size":"auto","background-attachment":"scroll","background-type":"","background-media":"","overlay-type":"","overlay-color":"","overlay-opacity":"","overlay-gradient":""},"mobile":{"background-color":"var(--ast-global-color-5)","background-image":"","background-repeat":"repeat","background-position":"center center","background-size":"auto","background-attachment":"scroll","background-type":"","background-media":"","overlay-type":"","overlay-color":"","overlay-opacity":"","overlay-gradient":""}}},"product_cat":[52],"product_tag":[],"class_list":["post-5535","product","type-product","status-publish","has-post-thumbnail","hentry","product_cat-tajtiboy","desktop-align-left","tablet-align-left","mobile-align-left"],"_links":{"self":[{"href":"https:\/\/www.sunkaraoke.hu\/index.php\/wp-json\/wp\/v2\/product\/5535","targetHints":{"allow":["GET"]}}],"collection":[{"href":"https:\/\/www.sunkaraoke.hu\/index.php\/wp-json\/wp\/v2\/product"}],"about":[{"href":"https:\/\/www.sunkaraoke.hu\/index.php\/wp-json\/wp\/v2\/types\/product"}],"wp:featuredmedia":[{"embeddable":true,"href":"https:\/\/www.sunkaraoke.hu\/index.php\/wp-json\/wp\/v2\/media\/9020"}],"wp:attachment":[{"href":"https:\/\/www.sunkaraoke.hu\/index.php\/wp-json\/wp\/v2\/media?parent=5535"}],"wp:term":[{"taxonomy":"product_cat","embeddable":true,"href":"https:\/\/www.sunkaraoke.hu\/index.php\/wp-json\/wp\/v2\/product_cat?post=5535"},{"taxonomy":"product_tag","embeddable":true,"href":"https:\/\/www.sunkaraoke.hu\/index.php\/wp-json\/wp\/v2\/product_tag?post=5535"}],"curies":[{"name":"wp","href":"https:\/\/api.w.org\/{rel}","templated":true}]}}