{"id":5530,"date":"2022-08-08T20:49:21","date_gmt":"2022-08-08T20:49:21","guid":{"rendered":"https:\/\/www.sunkaraoke.hu\/index.php\/termek\/kaly-ne-szamold-az-eveket\/"},"modified":"2025-04-12T16:07:36","modified_gmt":"2025-04-12T16:07:36","slug":"kaly-ne-szamold-az-eveket","status":"publish","type":"product","link":"https:\/\/www.sunkaraoke.hu\/index.php\/termek\/kaly-ne-szamold-az-eveket\/","title":{"rendered":"<div class=\"wcmp-player-container product-5530\"><audio controlslist=\"nodownload\" data-product=\"5530\"  volume=\"1\"  preload=\"none\" data-lazyloading=\"none\" class=\"wcmp-player track mejs-classic\" data-duration=\"0:33\" data-estimated_duration=\"4\"><source src=\"https:\/\/www.sunkaraoke.hu\/wp-content\/uploads\/2022\/08\/Ne-szamold-az-eveket-Kaly-SB.-kdemoo.mp3\" type=\"audio\/mp3\" \/><\/audio><\/div>Kaly &#8211; Ne sz\u00e1mold az \u00e9veket (Original SB Edition)"},"content":{"rendered":"<p><strong>03:16<\/strong> | <strong><img loading=\"lazy\" decoding=\"async\" class=\"alignnone size-full wp-image-467\" src=\"https:\/\/www.sunkaraoke.hu\/wp-content\/uploads\/2022\/07\/choir_2-copy.webp\" alt=\"\" width=\"30\" height=\"30\" \/> <\/strong><\/p>\n","protected":false},"excerpt":{"rendered":"<h6><strong>Bits\u0171r\u0171s\u00e9g: 320<\/strong>kb\/s<strong><br \/>\n<\/strong><strong>Hossz: <\/strong>03:16<strong><br \/>\n<\/strong><strong style=\"font-size: 16px;\">Vok\u00e1lt tartalmaz: <\/strong>Nem <img loading=\"lazy\" decoding=\"async\" class=\"alignnone size-full wp-image-467\" src=\"http:\/\/www.sunkaraoke.hu\/wp-content\/uploads\/2022\/07\/choir_2-copy.png\" alt=\"\" width=\"30\" height=\"30\" \/><strong style=\"font-size: 16px;\"><br \/>\n<\/strong><\/h6>\n<p>Sunkaraoke mp3 st\u00fadi\u00f3 \/ www.sunkaraoke.hu \/ Inf: Tel: 06 20 4275001<\/p>\n<p>&#8212;Intr\u00f3&#8212;<\/p>\n<p>N\u00e9zem ahogy futnak az \u00e9vek, tegnap gyerek voltam m\u00e9g,<br \/>\nany\u00e1m hangja cseng a f\u00fclembe, ahogy h\u00edv k\u00e9sz az eb\u00e9d.<br \/>\nAzt az utc\u00e1t v\u00e9gig j\u00e1rom, \u00e9n m\u00e9g sz\u00e1zszor is ha kell,<br \/>\ngyermek korom eml\u00e9kei, most s olyan kedvesek.<\/p>\n<p>Ne sz\u00e1mold, ne sz\u00e1mold az \u00e9veket,<br \/>\ncsak \u00e9ld boldogan az \u00e9letet,<br \/>\ns legy\u00e9l mindig vid\u00e1m, mert az \u00e9let oly csod\u00e1s.<br \/>\nNe sz\u00e1mold, ne sz\u00e1mold az \u00e9veket,<br \/>\ncsak \u00e9ld boldogan az \u00e9letet,<br \/>\ns legy\u00e9l mindig vid\u00e1m, mert az \u00e9let oly csod\u00e1s.<br \/>\nNe sz\u00e1mold!<br \/>\n&#8212;Sz\u00f3l\u00f3&#8212;<br \/>\nN\u00e9zem ahogy futnak az \u00e9vek, figyelem az ablakb\u00f3l,<br \/>\nh\u00edvnak engem is hogy menjek, de \u00e9n m\u00e9g maradok.<br \/>\nV\u00e1rnak r\u00e1m a j\u00f3 bar\u00e1tok, v\u00e1r engem egy nagy csal\u00e1d,<br \/>\nv\u00e1r engem otthon egy asszony, s v\u00e1r engem a j\u00f3 any\u00e1m.<\/p>\n<p>Ne sz\u00e1mold, ne sz\u00e1mold az \u00e9veket,<br \/>\ncsak \u00e9ld boldogan az \u00e9letet,<br \/>\ns legy\u00e9l mindig vid\u00e1m, mert az \u00e9let oly csod\u00e1s.<br \/>\nNe sz\u00e1mold, ne sz\u00e1mold az \u00e9veket,<br \/>\ncsak \u00e9ld boldogan az \u00e9letet,<br \/>\ns legy\u00e9l mindig vid\u00e1m, mert az \u00e9let oly csod\u00e1s.<br \/>\nNe sz\u00e1mold!<br \/>\n&#8212;Sz\u00f3l\u00f3&#8212;<br \/>\nNe sz\u00e1mold, ne sz\u00e1mold az \u00e9veket,<br \/>\ncsak \u00e9ld boldogan az \u00e9letet,<br \/>\ns legy\u00e9l mindig vid\u00e1m, mert az \u00e9let oly csod\u00e1s.<br \/>\nNe sz\u00e1mold, ne sz\u00e1mold az \u00e9veket,<br \/>\ncsak \u00e9ld boldogan az \u00e9letet,<br \/>\ns legy\u00e9l mindig vid\u00e1m, mert az \u00e9let oly csod\u00e1s.<br \/>\nNe sz\u00e1mold, ne sz\u00e1mold az \u00e9veket,<br \/>\ncsak \u00e9ld boldogan az \u00e9letet,<br \/>\ns legy\u00e9l mindig vid\u00e1m, mert az \u00e9let oly csod\u00e1s.<br \/>\nNe sz\u00e1mold, ne sz\u00e1mold az \u00e9veket,<br \/>\ncsak \u00e9ld boldogan az \u00e9letet,<br \/>\ns legy\u00e9l mindig vid\u00e1m, mert az \u00e9let oly csod\u00e1s.<br \/>\nNe sz\u00e1mold!<br \/>\n&#8212;V\u00e9ge&#8212;<\/p>\n","protected":false},"featured_media":10524,"template":"","meta":{"site-sidebar-layout":"default","site-content-layout":"default","ast-site-content-layout":"default","site-content-style":"default","site-sidebar-style":"default","ast-global-header-display":"","ast-banner-title-visibility":"","ast-main-header-display":"","ast-hfb-above-header-display":"","ast-hfb-below-header-display":"","ast-hfb-mobile-header-display":"","site-post-title":"","ast-breadcrumbs-content":"","ast-featured-img":"","footer-sml-layout":"","theme-transparent-header-meta":"default","adv-header-id-meta":"","stick-header-meta":"","header-above-stick-meta":"","header-main-stick-meta":"","header-below-stick-meta":"","astra-migrate-meta-layouts":"set","ast-page-background-enabled":"default","ast-page-background-meta":{"desktop":{"background-color":"var(--ast-global-color-4)","background-image":"","background-repeat":"repeat","background-position":"center center","background-size":"auto","background-attachment":"scroll","background-type":"","background-media":"","overlay-type":"","overlay-color":"","overlay-opacity":"","overlay-gradient":""},"tablet":{"background-color":"","background-image":"","background-repeat":"repeat","background-position":"center center","background-size":"auto","background-attachment":"scroll","background-type":"","background-media":"","overlay-type":"","overlay-color":"","overlay-opacity":"","overlay-gradient":""},"mobile":{"background-color":"","background-image":"","background-repeat":"repeat","background-position":"center center","background-size":"auto","background-attachment":"scroll","background-type":"","background-media":"","overlay-type":"","overlay-color":"","overlay-opacity":"","overlay-gradient":""}},"ast-content-background-meta":{"desktop":{"background-color":"var(--ast-global-color-5)","background-image":"","background-repeat":"repeat","background-position":"center center","background-size":"auto","background-attachment":"scroll","background-type":"","background-media":"","overlay-type":"","overlay-color":"","overlay-opacity":"","overlay-gradient":""},"tablet":{"background-color":"var(--ast-global-color-5)","background-image":"","background-repeat":"repeat","background-position":"center center","background-size":"auto","background-attachment":"scroll","background-type":"","background-media":"","overlay-type":"","overlay-color":"","overlay-opacity":"","overlay-gradient":""},"mobile":{"background-color":"var(--ast-global-color-5)","background-image":"","background-repeat":"repeat","background-position":"center center","background-size":"auto","background-attachment":"scroll","background-type":"","background-media":"","overlay-type":"","overlay-color":"","overlay-opacity":"","overlay-gradient":""}}},"product_cat":[48],"product_tag":[],"class_list":["post-5530","product","type-product","status-publish","has-post-thumbnail","hentry","product_cat-sunkaraoke-dalok","desktop-align-left","tablet-align-left","mobile-align-left"],"_links":{"self":[{"href":"https:\/\/www.sunkaraoke.hu\/index.php\/wp-json\/wp\/v2\/product\/5530","targetHints":{"allow":["GET"]}}],"collection":[{"href":"https:\/\/www.sunkaraoke.hu\/index.php\/wp-json\/wp\/v2\/product"}],"about":[{"href":"https:\/\/www.sunkaraoke.hu\/index.php\/wp-json\/wp\/v2\/types\/product"}],"wp:featuredmedia":[{"embeddable":true,"href":"https:\/\/www.sunkaraoke.hu\/index.php\/wp-json\/wp\/v2\/media\/10524"}],"wp:attachment":[{"href":"https:\/\/www.sunkaraoke.hu\/index.php\/wp-json\/wp\/v2\/media?parent=5530"}],"wp:term":[{"taxonomy":"product_cat","embeddable":true,"href":"https:\/\/www.sunkaraoke.hu\/index.php\/wp-json\/wp\/v2\/product_cat?post=5530"},{"taxonomy":"product_tag","embeddable":true,"href":"https:\/\/www.sunkaraoke.hu\/index.php\/wp-json\/wp\/v2\/product_tag?post=5530"}],"curies":[{"name":"wp","href":"https:\/\/api.w.org\/{rel}","templated":true}]}}