{"id":5525,"date":"2022-08-08T20:49:21","date_gmt":"2022-08-08T20:49:21","guid":{"rendered":"https:\/\/www.sunkaraoke.hu\/index.php\/termek\/sos-feco-csajetta\/"},"modified":"2025-04-12T16:09:50","modified_gmt":"2025-04-12T16:09:50","slug":"sos-feco-csajetta","status":"publish","type":"product","link":"https:\/\/www.sunkaraoke.hu\/index.php\/termek\/sos-feco-csajetta\/","title":{"rendered":"<div class=\"wcmp-player-container product-5525\"><audio controlslist=\"nodownload\" data-product=\"5525\"  volume=\"1\"  preload=\"none\" data-lazyloading=\"none\" class=\"wcmp-player track mejs-classic\" data-duration=\"0:32\" data-estimated_duration=\"4\"><source src=\"https:\/\/www.sunkaraoke.hu\/wp-content\/uploads\/2022\/08\/Csajetta-Sos-Feco-SB.-kdemoo.mp3\" type=\"audio\/mp3\" \/><\/audio><\/div>S\u00f3s Fec\u00f3 &#8211; Csajetta (Original SB Edition)"},"content":{"rendered":"<p><strong>02:47<\/strong> | <strong><img loading=\"lazy\" decoding=\"async\" class=\"alignnone size-full wp-image-467\" src=\"https:\/\/www.sunkaraoke.hu\/wp-content\/uploads\/2022\/07\/choir_2-copy.webp\" alt=\"\" width=\"30\" height=\"30\" \/> <\/strong><\/p>\n","protected":false},"excerpt":{"rendered":"<h6><strong>Bits\u0171r\u0171s\u00e9g: 320<\/strong>kb\/s<strong><br \/>\n<\/strong><strong>Hossz: <\/strong>02:47<strong><br \/>\n<\/strong><strong style=\"font-size: 16px;\">Vok\u00e1lt tartalmaz: <\/strong>Nem <img loading=\"lazy\" decoding=\"async\" class=\"alignnone size-full wp-image-467\" src=\"http:\/\/www.sunkaraoke.hu\/wp-content\/uploads\/2022\/07\/choir_2-copy.png\" alt=\"\" width=\"30\" height=\"30\" \/><strong style=\"font-size: 16px;\"><br \/>\n<\/strong><\/h6>\n<p>Sunkaraoke mp3 st\u00fadi\u00f3 \/ www.sunkaraoke.hu \/ Inf: Tel: 06 20 4275001<\/p>\n<p>&#8212;Intr\u00f3&#8212;<br \/>\nAzt mondj\u00e1k hogy nagy a vil\u00e1g.<br \/>\nAnnyi n\u0151t tal\u00e1lhatsz aki im\u00e1d.<br \/>\nDe nekem h\u00e9tv\u00e9g\u00e9n a sz\u00edvem ellopt\u00e1k.<br \/>\nAz\u00f3ta csak \u0151 kell \u00e9s senki m\u00e1s.<br \/>\nMert ez a Csajetta egy sz\u00edvrabl\u00f3, Ajaj Ajaj Ajoj,ajaj ajaj ajoj.<br \/>\nOly gy\u00f6ny\u00f6r\u0171 im\u00e1dni val\u00f3, Ajaj ajaj ajoj,ajaj ajaj ajoj.<br \/>\nMert ez a Csajetta egy sz\u00edvrabl\u00f3, Ajaj Ajaj Ajoj,ajaj ajaj ajoj.<br \/>\nOly gy\u00f6ny\u00f6r\u0171 im\u00e1dni val\u00f3, Ajaj ajaj ajoj, ajaj ajaj ajoj.<br \/>\n&#8212;Sz\u00f3l\u00f3&#8212;<br \/>\nLegal\u00e1bb k\u00e9t hete , nem tudom mi van vele,<br \/>\nkeresem b\u00e1rcsak tudn\u00e1m mi a neve.<br \/>\nA poharam tele, felednem kellene,<br \/>\nm\u00e9gis majd r\u00e1 gondolok hazafele.<br \/>\nMert ez a Csajetta egy sz\u00edvrabl\u00f3, Ajaj Ajaj Ajoj,ajaj ajaj ajoj.<br \/>\nOly gy\u00f6ny\u00f6r\u0171 im\u00e1dni val\u00f3, Ajaj ajaj ajoj,ajaj ajaj ajoj.<br \/>\nMert ez a Csajetta egy sz\u00edvrabl\u00f3, Ajaj Ajaj Ajoj,ajaj ajaj ajoj.<br \/>\nOly gy\u00f6ny\u00f6r\u0171 im\u00e1dni val\u00f3, Ajaj ajaj ajoj, ajaj ajaj ajoj.<br \/>\n&#8212;Sz\u00f3l\u00f3&#8212;<br \/>\nMert ez a Csajetta egy sz\u00edvrabl\u00f3, Ajaj Ajaj Ajoj,ajaj ajaj ajoj.<br \/>\nOly gy\u00f6ny\u00f6r\u0171 im\u00e1dni val\u00f3, Ajaj ajaj ajoj,ajaj ajaj ajoj.<br \/>\nMert ez a Csajetta egy sz\u00edvrabl\u00f3, Ajaj Ajaj Ajoj,ajaj ajaj ajoj.<br \/>\nOly gy\u00f6ny\u00f6r\u0171 im\u00e1dni val\u00f3, Ajaj ajaj ajoj, ajaj ajaj ajoj.<br \/>\n&#8212;V\u00e9ge&#8212;<\/p>\n","protected":false},"featured_media":12580,"template":"","meta":{"site-sidebar-layout":"default","site-content-layout":"default","ast-site-content-layout":"default","site-content-style":"default","site-sidebar-style":"default","ast-global-header-display":"","ast-banner-title-visibility":"","ast-main-header-display":"","ast-hfb-above-header-display":"","ast-hfb-below-header-display":"","ast-hfb-mobile-header-display":"","site-post-title":"","ast-breadcrumbs-content":"","ast-featured-img":"","footer-sml-layout":"","theme-transparent-header-meta":"default","adv-header-id-meta":"","stick-header-meta":"","header-above-stick-meta":"","header-main-stick-meta":"","header-below-stick-meta":"","astra-migrate-meta-layouts":"set","ast-page-background-enabled":"default","ast-page-background-meta":{"desktop":{"background-color":"var(--ast-global-color-4)","background-image":"","background-repeat":"repeat","background-position":"center center","background-size":"auto","background-attachment":"scroll","background-type":"","background-media":"","overlay-type":"","overlay-color":"","overlay-opacity":"","overlay-gradient":""},"tablet":{"background-color":"","background-image":"","background-repeat":"repeat","background-position":"center center","background-size":"auto","background-attachment":"scroll","background-type":"","background-media":"","overlay-type":"","overlay-color":"","overlay-opacity":"","overlay-gradient":""},"mobile":{"background-color":"","background-image":"","background-repeat":"repeat","background-position":"center center","background-size":"auto","background-attachment":"scroll","background-type":"","background-media":"","overlay-type":"","overlay-color":"","overlay-opacity":"","overlay-gradient":""}},"ast-content-background-meta":{"desktop":{"background-color":"var(--ast-global-color-5)","background-image":"","background-repeat":"repeat","background-position":"center center","background-size":"auto","background-attachment":"scroll","background-type":"","background-media":"","overlay-type":"","overlay-color":"","overlay-opacity":"","overlay-gradient":""},"tablet":{"background-color":"var(--ast-global-color-5)","background-image":"","background-repeat":"repeat","background-position":"center center","background-size":"auto","background-attachment":"scroll","background-type":"","background-media":"","overlay-type":"","overlay-color":"","overlay-opacity":"","overlay-gradient":""},"mobile":{"background-color":"var(--ast-global-color-5)","background-image":"","background-repeat":"repeat","background-position":"center center","background-size":"auto","background-attachment":"scroll","background-type":"","background-media":"","overlay-type":"","overlay-color":"","overlay-opacity":"","overlay-gradient":""}}},"product_cat":[48],"product_tag":[],"class_list":["post-5525","product","type-product","status-publish","has-post-thumbnail","hentry","product_cat-sunkaraoke-dalok","desktop-align-left","tablet-align-left","mobile-align-left"],"_links":{"self":[{"href":"https:\/\/www.sunkaraoke.hu\/index.php\/wp-json\/wp\/v2\/product\/5525","targetHints":{"allow":["GET"]}}],"collection":[{"href":"https:\/\/www.sunkaraoke.hu\/index.php\/wp-json\/wp\/v2\/product"}],"about":[{"href":"https:\/\/www.sunkaraoke.hu\/index.php\/wp-json\/wp\/v2\/types\/product"}],"wp:featuredmedia":[{"embeddable":true,"href":"https:\/\/www.sunkaraoke.hu\/index.php\/wp-json\/wp\/v2\/media\/12580"}],"wp:attachment":[{"href":"https:\/\/www.sunkaraoke.hu\/index.php\/wp-json\/wp\/v2\/media?parent=5525"}],"wp:term":[{"taxonomy":"product_cat","embeddable":true,"href":"https:\/\/www.sunkaraoke.hu\/index.php\/wp-json\/wp\/v2\/product_cat?post=5525"},{"taxonomy":"product_tag","embeddable":true,"href":"https:\/\/www.sunkaraoke.hu\/index.php\/wp-json\/wp\/v2\/product_tag?post=5525"}],"curies":[{"name":"wp","href":"https:\/\/api.w.org\/{rel}","templated":true}]}}