{"id":5524,"date":"2022-08-08T20:49:21","date_gmt":"2022-08-08T20:49:21","guid":{"rendered":"https:\/\/www.sunkaraoke.hu\/index.php\/termek\/amokfutok-meghalok-egy-csokodert-2019-transzp-v\/"},"modified":"2025-08-31T07:01:13","modified_gmt":"2025-08-31T05:01:13","slug":"amokfutok-meghalok-egy-csokodert-2019-transzp-v","status":"publish","type":"product","link":"https:\/\/www.sunkaraoke.hu\/index.php\/termek\/amokfutok-meghalok-egy-csokodert-2019-transzp-v\/","title":{"rendered":"<div class=\"wcmp-player-container product-5524\"><audio controlslist=\"nodownload\" data-product=\"5524\"  volume=\"1\"  preload=\"none\" data-lazyloading=\"none\" class=\"wcmp-player track mejs-classic\" data-duration=\"0:34\" data-estimated_duration=\"4\"><source src=\"https:\/\/www.sunkaraoke.hu\/wp-content\/uploads\/2022\/08\/Meghalok-egy-csokodert-2019.Orig-Sdemoo.mp3\" type=\"audio\/mp3\" \/><\/audio><\/div>\u00c1mokfut\u00f3k &#8211; Meghalok egy cs\u00f3kod\u00e9rt (SB Edition)"},"content":{"rendered":"<p><strong>03:29<\/strong> | <strong><img loading=\"lazy\" decoding=\"async\" class=\"alignnone size-full wp-image-467\" src=\"https:\/\/www.sunkaraoke.hu\/wp-content\/uploads\/2022\/07\/choir_2-copy.webp\" alt=\"\" width=\"30\" height=\"30\" \/> <strong> | <img loading=\"lazy\" decoding=\"async\" class=\"alignnone size-full wp-image-613\" src=\"https:\/\/www.sunkaraoke.hu\/wp-content\/uploads\/2022\/07\/transzponalas.webp\" alt=\"\" width=\"30\" height=\"30\" \/> <\/strong><strong>-2<\/strong><\/strong><\/p>\n","protected":false},"excerpt":{"rendered":"<h6><strong>Bits\u0171r\u0171s\u00e9g: 320<\/strong>kb\/s<strong><br \/>\n<\/strong><strong>Hossz: <\/strong>03:29<strong><br \/>\n<\/strong><strong style=\"font-size: 16px;\">Vok\u00e1lt tartalmaz: <\/strong>Nem <img loading=\"lazy\" decoding=\"async\" class=\"alignnone size-full wp-image-467\" src=\"http:\/\/www.sunkaraoke.hu\/wp-content\/uploads\/2022\/07\/choir_2-copy.png\" alt=\"\" width=\"30\" height=\"30\" \/><strong style=\"font-size: 16px;\"><br \/>\n<\/strong><strong>Transzpon\u00e1l\u00e1s: <\/strong><img loading=\"lazy\" decoding=\"async\" class=\"alignnone size-full wp-image-613\" src=\"http:\/\/www.sunkaraoke.hu\/wp-content\/uploads\/2022\/07\/transzponalas.png\" alt=\"\" width=\"30\" height=\"30\" \/> -2<\/h6>\n<p>Sunkaraoke mp3 st\u00fadi\u00f3 \/ www.sunkaraoke.hu \/ Inf: Tel: 06 20 4275001<\/p>\n<p>&#8212;Intr\u00f3&#8212;<br \/>\n\u0150rz\u00f6m az \u00e1lmod,minden \u00e9jjel!<br \/>\nVigy\u00e1zok, fel ne \u00e9bredj!<br \/>\nN\u00e9zem az arcod, \u00e9rzem, ha s\u00edrt\u00e1l!<br \/>\n\u00c9get a k\u00f6nnyed! Csak velem s\u00edrj\u00e1l!<\/p>\n<p>Nem hiszem, hogy \u00e1lmodom!<br \/>\nA kezed most is fogom!<\/p>\n<p>Meghalok, hogyha hozz\u00e1m \u00e9rsz!<br \/>\nMeghalok \u00e9des cs\u00f3kod\u00e9rt!<br \/>\nA zongor\u00e1m minden dallam\u00e1n, Te zen\u00e9lsz!<br \/>\n&#8212;Sz\u00f3l\u00f3&#8212;<br \/>\nTe vagy az \u00e1lmom, te vagy a v\u00e1gyam,<br \/>\nt\u00fcnd\u00f6kl\u0151 csillag \u00e9jszak\u00e1mban.<br \/>\nHa n\u00e9ha s\u00edrtam, ha n\u00e9ha f\u00e9ltem,<br \/>\nVelem volt\u00e1l,ma sem \u00e9rtem!<\/p>\n<p>Nem hiszem, hogy \u00e1lmodom!<br \/>\nA kezed most is fogom!<\/p>\n<p>Meghalok, hogyha hozz\u00e1m \u00e9rsz!<br \/>\nMeghalok \u00e9des cs\u00f3kod\u00e9rt!<br \/>\nA zongor\u00e1m minden dallam\u00e1n, Te zen\u00e9lsz!<br \/>\n&#8212;Sz\u00f3l\u00f3&#8212;<br \/>\nMeghalok, hogyha hozz\u00e1m \u00e9rsz!<br \/>\nMeghalok \u00e9des cs\u00f3kod\u00e9rt!<br \/>\nA zongor\u00e1m minden dallam\u00e1n, Te zen\u00e9lsz!<br \/>\nMeghalok, hogyha hozz\u00e1m \u00e9rsz!<br \/>\nMeghalok \u00e9des cs\u00f3kod\u00e9rt!<br \/>\nA zongor\u00e1m minden dallam\u00e1n, Te zen\u00e9lsz!<br \/>\n&#8212;V\u00e9ge&#8212;<\/p>\n","protected":false},"featured_media":9968,"template":"","meta":{"site-sidebar-layout":"default","site-content-layout":"default","ast-site-content-layout":"default","site-content-style":"default","site-sidebar-style":"default","ast-global-header-display":"","ast-banner-title-visibility":"","ast-main-header-display":"","ast-hfb-above-header-display":"","ast-hfb-below-header-display":"","ast-hfb-mobile-header-display":"","site-post-title":"","ast-breadcrumbs-content":"","ast-featured-img":"","footer-sml-layout":"","theme-transparent-header-meta":"default","adv-header-id-meta":"","stick-header-meta":"","header-above-stick-meta":"","header-main-stick-meta":"","header-below-stick-meta":"","astra-migrate-meta-layouts":"set","ast-page-background-enabled":"default","ast-page-background-meta":{"desktop":{"background-color":"var(--ast-global-color-4)","background-image":"","background-repeat":"repeat","background-position":"center center","background-size":"auto","background-attachment":"scroll","background-type":"","background-media":"","overlay-type":"","overlay-color":"","overlay-opacity":"","overlay-gradient":""},"tablet":{"background-color":"","background-image":"","background-repeat":"repeat","background-position":"center center","background-size":"auto","background-attachment":"scroll","background-type":"","background-media":"","overlay-type":"","overlay-color":"","overlay-opacity":"","overlay-gradient":""},"mobile":{"background-color":"","background-image":"","background-repeat":"repeat","background-position":"center center","background-size":"auto","background-attachment":"scroll","background-type":"","background-media":"","overlay-type":"","overlay-color":"","overlay-opacity":"","overlay-gradient":""}},"ast-content-background-meta":{"desktop":{"background-color":"var(--ast-global-color-5)","background-image":"","background-repeat":"repeat","background-position":"center center","background-size":"auto","background-attachment":"scroll","background-type":"","background-media":"","overlay-type":"","overlay-color":"","overlay-opacity":"","overlay-gradient":""},"tablet":{"background-color":"var(--ast-global-color-5)","background-image":"","background-repeat":"repeat","background-position":"center center","background-size":"auto","background-attachment":"scroll","background-type":"","background-media":"","overlay-type":"","overlay-color":"","overlay-opacity":"","overlay-gradient":""},"mobile":{"background-color":"var(--ast-global-color-5)","background-image":"","background-repeat":"repeat","background-position":"center center","background-size":"auto","background-attachment":"scroll","background-type":"","background-media":"","overlay-type":"","overlay-color":"","overlay-opacity":"","overlay-gradient":""}}},"product_cat":[48],"product_tag":[],"class_list":["post-5524","product","type-product","status-publish","has-post-thumbnail","hentry","product_cat-sunkaraoke-dalok","desktop-align-left","tablet-align-left","mobile-align-left"],"_links":{"self":[{"href":"https:\/\/www.sunkaraoke.hu\/index.php\/wp-json\/wp\/v2\/product\/5524","targetHints":{"allow":["GET"]}}],"collection":[{"href":"https:\/\/www.sunkaraoke.hu\/index.php\/wp-json\/wp\/v2\/product"}],"about":[{"href":"https:\/\/www.sunkaraoke.hu\/index.php\/wp-json\/wp\/v2\/types\/product"}],"wp:featuredmedia":[{"embeddable":true,"href":"https:\/\/www.sunkaraoke.hu\/index.php\/wp-json\/wp\/v2\/media\/9968"}],"wp:attachment":[{"href":"https:\/\/www.sunkaraoke.hu\/index.php\/wp-json\/wp\/v2\/media?parent=5524"}],"wp:term":[{"taxonomy":"product_cat","embeddable":true,"href":"https:\/\/www.sunkaraoke.hu\/index.php\/wp-json\/wp\/v2\/product_cat?post=5524"},{"taxonomy":"product_tag","embeddable":true,"href":"https:\/\/www.sunkaraoke.hu\/index.php\/wp-json\/wp\/v2\/product_tag?post=5524"}],"curies":[{"name":"wp","href":"https:\/\/api.w.org\/{rel}","templated":true}]}}