{"id":5523,"date":"2022-08-08T20:49:21","date_gmt":"2022-08-08T20:49:21","guid":{"rendered":"https:\/\/www.sunkaraoke.hu\/index.php\/termek\/piros-bela-piros-mulatos-mix-11-roma-mix\/"},"modified":"2025-04-07T07:24:00","modified_gmt":"2025-04-07T07:24:00","slug":"piros-bela-piros-mulatos-mix-11-roma-mix","status":"publish","type":"product","link":"https:\/\/www.sunkaraoke.hu\/index.php\/termek\/piros-bela-piros-mulatos-mix-11-roma-mix\/","title":{"rendered":"<div class=\"wcmp-player-container product-5523\"><audio controlslist=\"nodownload\" data-product=\"5523\"  volume=\"1\"  preload=\"none\" data-lazyloading=\"none\" class=\"wcmp-player track mejs-classic\" data-duration=\"0:33\" data-estimated_duration=\"4\"><source src=\"https:\/\/www.sunkaraoke.hu\/wp-content\/uploads\/2022\/08\/Piros-Bela-mulatos-mix-11.-Roma-kdemoo.mp3\" type=\"audio\/mp3\" \/><\/audio><\/div>Piros B\u00e9la &#8211; Piros Mulat\u00f3s mix 11. Roma Mix (Original)"},"content":{"rendered":"<p><strong>08:09<\/strong> | <strong><img loading=\"lazy\" decoding=\"async\" class=\"alignnone size-full wp-image-467\" src=\"https:\/\/www.sunkaraoke.hu\/wp-content\/uploads\/2022\/07\/choir_2-copy.webp\" alt=\"\" width=\"30\" height=\"30\" \/> <\/strong><\/p>\n","protected":false},"excerpt":{"rendered":"<h6><strong>Bits\u0171r\u0171s\u00e9g: 320<\/strong>kb\/s<strong><br \/>\n<\/strong><strong>Hossz: <\/strong>08:09<strong><br \/>\n<\/strong><strong style=\"font-size: 16px;\">Vok\u00e1lt tartalmaz: <\/strong>Nem <img loading=\"lazy\" decoding=\"async\" class=\"alignnone size-full wp-image-467\" src=\"http:\/\/www.sunkaraoke.hu\/wp-content\/uploads\/2022\/07\/choir_2-copy.png\" alt=\"\" width=\"30\" height=\"30\" \/><strong style=\"font-size: 16px;\"><br \/>\n<\/strong><\/h6>\n<p>Sunkaraoke mp3 st\u00fadi\u00f3 \/ www.sunkaraoke.hu \/ Inf: Tel: 06 20 4275001<\/p>\n<p>&#8212;Intr\u00f3&#8212;\/\/00:27\/\/<br \/>\nHossz\u00fa, fekete haj,de suk\u00e1r ez a csaj,<br \/>\nde t\u00fals\u00e1gosan gizda,a l\u00f3v\u00e9ja meg nyista.<br \/>\nHossz\u00fa, fekete haj,de suk\u00e1r ez a csaj,<br \/>\nde t\u00fals\u00e1gosan gizda,a l\u00f3v\u00e9ja meg nyista!<br \/>\nMert olyan kamel\u00f3s a bar\u00e1tom,<br \/>\noyan suk\u00e1r cs\u00e1v\u00f3 bel\u00e1tom,<br \/>\nolyan sunelos a cs\u00e1v\u00f3,<br \/>\nminden csajn\u00e1l l\u00e1cs\u00f3!<br \/>\nMert olyan kamel\u00f3s a bar\u00e1tom,<br \/>\noyan suk\u00e1r cs\u00e1v\u00f3 bel\u00e1tom,<br \/>\nolyan sunelos a cs\u00e1v\u00f3,<br \/>\nminden csajn\u00e1l l\u00e1cs\u00f3!<br \/>\n\u00c9n is r\u00e9szeg, te is r\u00e9szeg,<br \/>\nmind r\u00e9szegek vagyunk,<br \/>\ncsin\u00e1lom a kedvet, csin\u00e1lom a kedvet,<br \/>\nj\u00f3l \u00e9rzem magam.<br \/>\n\u00c9n is r\u00e9szeg, te is r\u00e9szeg,<br \/>\nmind r\u00e9szegek vagyunk,<br \/>\na bab\u00e1m szeme a k\u00e9t sz\u00e9p szeme,<br \/>\ncsak is r\u00e1mragyog.<br \/>\n&#8212;Sz\u00f3l\u00f3&#8212;\/\/02:10\/\/<br \/>\nHossz\u00fa, fekete haj,de suk\u00e1r ez a csaj,<br \/>\nde t\u00fals\u00e1gosan gizda,a l\u00f3v\u00e9ja meg nyista.<br \/>\nHossz\u00fa, fekete haj,de suk\u00e1r ez a csaj,<br \/>\nde t\u00fals\u00e1gosan gizda,a l\u00f3v\u00e9ja meg nyista!<br \/>\nMert olyan kamel\u00f3s a bar\u00e1tom,<br \/>\noyan suk\u00e1r cs\u00e1v\u00f3 bel\u00e1tom,<br \/>\nolyan sunelos a cs\u00e1v\u00f3,<br \/>\nminden csajn\u00e1l l\u00e1cs\u00f3!<br \/>\nMert olyan kamel\u00f3s a bar\u00e1tom,<br \/>\noyan suk\u00e1r cs\u00e1v\u00f3 bel\u00e1tom,<br \/>\nolyan sunelos a cs\u00e1v\u00f3,<br \/>\nminden csajn\u00e1l l\u00e1cs\u00f3!<br \/>\n\u00c9n is r\u00e9szeg, te is r\u00e9szeg,<br \/>\nmind r\u00e9szegek vagyunk,<br \/>\ncsin\u00e1lom a kedvet, csin\u00e1lom a kedvet,<br \/>\nj\u00f3l \u00e9rzem magam.<br \/>\n\u00c9n is r\u00e9szeg, te is r\u00e9szeg,<br \/>\nmind r\u00e9szegek vagyunk,<br \/>\na bab\u00e1m szeme a k\u00e9t sz\u00e9p szeme,<br \/>\ncsak is r\u00e1mragyog.<br \/>\n&#8212;Sz\u00f3l\u00f3&#8212;\/\/03:46\/\/<br \/>\nMegyek az \u00faton lefel\u00e9m,<br \/>\nsenki sem mondja gyere b\u00e9.<br \/>\nCsak egy cs\u00f3r\u00f3 mondja n\u00e9kem,<br \/>\ngyere be te szerencs\u00e9tlen.<br \/>\nCsak egy cs\u00f3r\u00f3 mondja n\u00e9kem,<br \/>\ngyere be te szerencs\u00e9tlen.<\/p>\n<p>Alacsony h\u00e1z, f\u00fcst\u00f6s k\u00e9m\u00e9ny,<br \/>\nott lakik a cig\u00e1nyleg\u00e9ny.<br \/>\nSz\u00e9pen sz\u00f3l a heged\u0171je,<br \/>\nelhagyta a szeret\u0151je.<br \/>\nSz\u00e9pen sz\u00f3l a heged\u0171je,<br \/>\nelhagyta a szeret\u0151je.<\/p>\n<p>\u00c9let, \u00e9let, bety\u00e1r \u00e9let,<br \/>\nsokkal vagyok ad\u00f3s n\u00e9ked.<br \/>\nLerovom az ad\u00f3ss\u00e1gom,<br \/>\nha meghalok azt se b\u00e1nom.<br \/>\nLerovom az ad\u00f3ss\u00e1gom,<br \/>\nha meghalok azt se b\u00e1nom.<br \/>\n&#8212;Sz\u00f3l\u00f3&#8212;\/\/05:11\/\/<br \/>\n\u00c9l a faluv\u00e9gi kis kunyh\u00f3ban,<br \/>\negy suk\u00e1r cig\u00e1ny l\u00e1ny.<br \/>\nRabja lettem, nem felejtem,<br \/>\nsz\u00edvem re\u00e1 v\u00e1r.<br \/>\nSzeretni m\u00e1st az\u00f3ta nem tudok,<br \/>\n\u00e1lmaimban mindig csak r\u00e1 gondolok.<\/p>\n<p>Gyere t\u00e1ncolj cig\u00e1ny l\u00e1ny,<br \/>\nnekem mindegy \u00fagyis m\u00e1r.<br \/>\nEliszom az utols\u00f3 p\u00e9nzemet,<br \/>\nnem b\u00e1nom, hogy szerettelek t\u00e9gedet.<br \/>\nGyere t\u00e1ncolj cig\u00e1ny l\u00e1ny,<br \/>\nez a t\u00e1nc m\u00e9g nek\u00fcnk j\u00e1r.<br \/>\nFeledj\u00fck a b\u00e1natot, hisz \u00e1ll a b\u00e1l,<br \/>\ngyere t\u00e1ncolj cig\u00e1ny l\u00e1ny.<\/p>\n<p>Nem \u00e9l m\u00e1r a falusz\u00e9li kiskunyh\u00f3ban, az a cig\u00e1nyl\u00e1ny.<br \/>\nEljegyeztem el is vettem velem lakik m\u00e1r.<br \/>\nEgy\u00fctt \u00e9lj\u00fck le mostm\u00e1r az \u00e9let\u00fcnk,<br \/>\negy\u00fctt v\u00e1rjuk kicsi roma gyermek\u00fcnk.<\/p>\n<p>Gyere t\u00e1ncolj cig\u00e1ny l\u00e1ny,<br \/>\nnekem mindegy \u00fagyis m\u00e1r.<br \/>\nEliszom az utols\u00f3 p\u00e9nzemet,<br \/>\nnem b\u00e1nom, hogy szerettelek t\u00e9gedet.<br \/>\nGyere t\u00e1ncolj cig\u00e1ny l\u00e1ny,<br \/>\nez a t\u00e1nc m\u00e9g nek\u00fcnk j\u00e1r.<br \/>\nFeledj\u00fck a b\u00e1natot, hisz \u00e1ll a b\u00e1l,<br \/>\ngyere t\u00e1ncolj cig\u00e1ny l\u00e1ny.<br \/>\n&#8212;Sz\u00f3l\u00f3&#8212;\/\/07:02\/\/<br \/>\n\u00c9n vagyok \u00e9n, a kocsma k\u00f6zep\u00e9n,<br \/>\neladom a sz\u00edvemet egy forint\u00e9rt.<br \/>\n\u00c9n vagyok \u00e9n, a kocsma k\u00f6zep\u00e9n,<br \/>\neladom a sz\u00edvemet egy forint\u00e9rt.<br \/>\nNem az\u00e9rt szeretlek, hogy \u00e9n el is vegyelek,<br \/>\n\u00e1m\u00edtom a pici sz\u00edvedet.<br \/>\n\u00c9n vagyok \u00e9n, a kocsma k\u00f6zep\u00e9n,<br \/>\neladom a sz\u00edvemet egy forint\u00e9rt.<br \/>\nNem az\u00e9rt szeretlek, hogy \u00e9n el is vegyelek,<br \/>\n\u00e1m\u00edtom a pici sz\u00edvedet.<br \/>\n\u00c9n vagyok \u00e9n, a kocsma k\u00f6zep\u00e9n,<br \/>\neladom a sz\u00edvemet egy forint\u00e9rt.<br \/>\n\u00c9n vagyok \u00e9n, a kocsma k\u00f6zep\u00e9n,<br \/>\neladom a sz\u00edvemet egy forint\u00e9rt.<br \/>\n\u00c9n vagyok \u00e9n, a kocsma k\u00f6zep\u00e9n,<br \/>\neladom a sz\u00edvemet egy forint\u00e9rt.<br \/>\nNem az\u00e9rt szeretlek, hogy \u00e9n el is vegyelek,<br \/>\n\u00e1m\u00edtom a pici sz\u00edvedet.<br \/>\n\u00c9n vagyok \u00e9n, a kocsma k\u00f6zep\u00e9n,<br \/>\neladom a sz\u00edvemet egy forint\u00e9rt.<br \/>\n&#8212;V\u00e9ge&#8212;<\/p>\n","protected":false},"featured_media":12989,"template":"","meta":{"site-sidebar-layout":"default","site-content-layout":"default","ast-site-content-layout":"default","site-content-style":"default","site-sidebar-style":"default","ast-global-header-display":"","ast-banner-title-visibility":"","ast-main-header-display":"","ast-hfb-above-header-display":"","ast-hfb-below-header-display":"","ast-hfb-mobile-header-display":"","site-post-title":"","ast-breadcrumbs-content":"","ast-featured-img":"","footer-sml-layout":"","theme-transparent-header-meta":"default","adv-header-id-meta":"","stick-header-meta":"","header-above-stick-meta":"","header-main-stick-meta":"","header-below-stick-meta":"","astra-migrate-meta-layouts":"set","ast-page-background-enabled":"default","ast-page-background-meta":{"desktop":{"background-color":"var(--ast-global-color-4)","background-image":"","background-repeat":"repeat","background-position":"center center","background-size":"auto","background-attachment":"scroll","background-type":"","background-media":"","overlay-type":"","overlay-color":"","overlay-opacity":"","overlay-gradient":""},"tablet":{"background-color":"","background-image":"","background-repeat":"repeat","background-position":"center center","background-size":"auto","background-attachment":"scroll","background-type":"","background-media":"","overlay-type":"","overlay-color":"","overlay-opacity":"","overlay-gradient":""},"mobile":{"background-color":"","background-image":"","background-repeat":"repeat","background-position":"center center","background-size":"auto","background-attachment":"scroll","background-type":"","background-media":"","overlay-type":"","overlay-color":"","overlay-opacity":"","overlay-gradient":""}},"ast-content-background-meta":{"desktop":{"background-color":"var(--ast-global-color-5)","background-image":"","background-repeat":"repeat","background-position":"center center","background-size":"auto","background-attachment":"scroll","background-type":"","background-media":"","overlay-type":"","overlay-color":"","overlay-opacity":"","overlay-gradient":""},"tablet":{"background-color":"var(--ast-global-color-5)","background-image":"","background-repeat":"repeat","background-position":"center center","background-size":"auto","background-attachment":"scroll","background-type":"","background-media":"","overlay-type":"","overlay-color":"","overlay-opacity":"","overlay-gradient":""},"mobile":{"background-color":"var(--ast-global-color-5)","background-image":"","background-repeat":"repeat","background-position":"center center","background-size":"auto","background-attachment":"scroll","background-type":"","background-media":"","overlay-type":"","overlay-color":"","overlay-opacity":"","overlay-gradient":""}}},"product_cat":[48],"product_tag":[],"class_list":["post-5523","product","type-product","status-publish","has-post-thumbnail","hentry","product_cat-sunkaraoke-dalok","desktop-align-left","tablet-align-left","mobile-align-left"],"_links":{"self":[{"href":"https:\/\/www.sunkaraoke.hu\/index.php\/wp-json\/wp\/v2\/product\/5523","targetHints":{"allow":["GET"]}}],"collection":[{"href":"https:\/\/www.sunkaraoke.hu\/index.php\/wp-json\/wp\/v2\/product"}],"about":[{"href":"https:\/\/www.sunkaraoke.hu\/index.php\/wp-json\/wp\/v2\/types\/product"}],"wp:featuredmedia":[{"embeddable":true,"href":"https:\/\/www.sunkaraoke.hu\/index.php\/wp-json\/wp\/v2\/media\/12989"}],"wp:attachment":[{"href":"https:\/\/www.sunkaraoke.hu\/index.php\/wp-json\/wp\/v2\/media?parent=5523"}],"wp:term":[{"taxonomy":"product_cat","embeddable":true,"href":"https:\/\/www.sunkaraoke.hu\/index.php\/wp-json\/wp\/v2\/product_cat?post=5523"},{"taxonomy":"product_tag","embeddable":true,"href":"https:\/\/www.sunkaraoke.hu\/index.php\/wp-json\/wp\/v2\/product_tag?post=5523"}],"curies":[{"name":"wp","href":"https:\/\/api.w.org\/{rel}","templated":true}]}}