{"id":5522,"date":"2022-08-08T20:49:21","date_gmt":"2022-08-08T20:49:21","guid":{"rendered":"https:\/\/www.sunkaraoke.hu\/index.php\/termek\/amokfutok-kicsit-vad-a-lany-2019-remix\/"},"modified":"2025-04-12T16:02:20","modified_gmt":"2025-04-12T16:02:20","slug":"amokfutok-kicsit-vad-a-lany-2019-remix","status":"publish","type":"product","link":"https:\/\/www.sunkaraoke.hu\/index.php\/termek\/amokfutok-kicsit-vad-a-lany-2019-remix\/","title":{"rendered":"<div class=\"wcmp-player-container product-5522\"><audio controlslist=\"nodownload\" data-product=\"5522\"  volume=\"1\"  preload=\"none\" data-lazyloading=\"none\" class=\"wcmp-player track mejs-classic\" data-duration=\"0:31\" data-estimated_duration=\"4\"><source src=\"https:\/\/www.sunkaraoke.hu\/wp-content\/uploads\/2022\/08\/Kicsit-vad-a-lany-2019.-Remix.-SB.-kdemoo.mp3\" type=\"audio\/mp3\" \/><\/audio><\/div>\u00c1mokfut\u00f3k &#8211; Kicsit vad a l\u00e1ny (Original SB Edition RMX)"},"content":{"rendered":"<p><strong>03:40<\/strong> | <strong><img loading=\"lazy\" decoding=\"async\" class=\"alignnone size-full wp-image-467\" src=\"https:\/\/www.sunkaraoke.hu\/wp-content\/uploads\/2022\/07\/choir_2-copy.webp\" alt=\"\" width=\"30\" height=\"30\" \/> <\/strong><\/p>\n","protected":false},"excerpt":{"rendered":"<h6><strong>Bits\u0171r\u0171s\u00e9g: 320<\/strong>kb\/s<strong><br \/>\n<\/strong><strong>Hossz: <\/strong>03:40<strong><br \/>\n<\/strong><strong style=\"font-size: 16px;\">Vok\u00e1lt tartalmaz: <\/strong>Nem <img loading=\"lazy\" decoding=\"async\" class=\"alignnone size-full wp-image-467\" src=\"http:\/\/www.sunkaraoke.hu\/wp-content\/uploads\/2022\/07\/choir_2-copy.png\" alt=\"\" width=\"30\" height=\"30\" \/><strong style=\"font-size: 16px;\"><br \/>\n<\/strong><\/h6>\n<p>Sunkaraoke mp3 st\u00fadi\u00f3 \/ www.sunkaraoke.hu \/ Inf: Tel: 06 20 4275001<\/p>\n<p>&#8212;Intr\u00f3&#8212;<br \/>\n\u00c9n csak d\u00f6rzs\u00f6l\u00f6m a szemem,<br \/>\nde nem hihetem el,<br \/>\negy icipici forg\u00f3sz\u00e9l a l\u00e1bamr\u00f3l lever!<br \/>\nDib-dibi-dibi-dobban a sz\u00edvem,<br \/>\nreszket mindenem,<br \/>\nleesett az \u00e1llam, de meg sem keresem!<br \/>\n\u00dajb\u00f3l itt az este, felt\u00e1mad a sz\u00e9l,<br \/>\nlipi lipi lopakodva a sz\u00edvemhez \u00e9r!<br \/>\n\u00c1llj meg, angyal, ne tedd ezt velem,<br \/>\nhiszen mia mia miattad romba d\u00f6nt a szerelem!<br \/>\nEl sem hiszem!<br \/>\nKicsit vad a l\u00e1ny, mint a hurrik\u00e1n!<br \/>\nKicsit vad a l\u00e1ny! De pont \u0151 az aki kell!<br \/>\nKicsit vad a l\u00e1ny, mint a hurrik\u00e1n,<br \/>\nkicsit vad a l\u00e1ny a sz\u00edvem \u0151 rabolta el!<br \/>\nKicsit vad a l\u00e1ny, mint a hurrik\u00e1n!<br \/>\nKicsit vad a l\u00e1ny! De pont \u0151 az aki kell!<br \/>\nKicsit vad a l\u00e1ny, mint a hurrik\u00e1n,<br \/>\nkicsit vad a l\u00e1ny a sz\u00edvem \u0151 rabolta el!<br \/>\nSivatagi \u00e1lom, szaharai l\u00e1z!<br \/>\naz \u0151serdei titkokt\u00f3l kiver a fr\u00e1sz!<br \/>\nSzerelmes vagyok, l\u00e1ngol mindenem,<br \/>\n\u00fad\u00e1d\u00e1\u00e9, \u00fad\u00e1d\u00e1\u00e9, elment az eszem!<br \/>\nKicsik\u00e9t vad a l\u00e1ny,kicsik\u00e9t szel\u00edd,<br \/>\nmit kezdjek magammal,<br \/>\nvagy vele vele vele vele \u00edgy?!<br \/>\nTiki tiki tiki taka taka taka,<br \/>\ntam tam dudam, ej\u00fad\u00e1d\u00e1\u00e9, ej\u00fad\u00e1d\u00e1\u00e9,<br \/>\nnem hagyom magam, ma az \u0151 nepja van!<\/p>\n<p>Kicsit vad a l\u00e1ny, mint a hurrik\u00e1n!<br \/>\nKicsit vad a l\u00e1ny! De pont \u0151 az aki kell!<br \/>\nKicsit vad a l\u00e1ny, mint a hurrik\u00e1n,<br \/>\nkicsit vad a l\u00e1ny a sz\u00edvem \u0151 rabolta el!<br \/>\nKicsit vad a l\u00e1ny, mint a hurrik\u00e1n!<br \/>\nKicsit vad a l\u00e1ny! De pont \u0151 az aki kell!<br \/>\nKicsit vad a l\u00e1ny, mint a hurrik\u00e1n,<br \/>\nkicsit vad a l\u00e1ny a sz\u00edvem \u0151 rabolta el!<br \/>\n&#8212;Sz\u00f3l\u00f3&#8212;\/\/02:52\/\/<br \/>\nKicsit vad a l\u00e1ny, mint a hurrik\u00e1n!<br \/>\nKicsit vad a l\u00e1ny! De pont \u0151 az aki kell!<br \/>\nKicsit vad a l\u00e1ny, mint a hurrik\u00e1n,<br \/>\nkicsit vad a l\u00e1ny a sz\u00edvem \u0151 rabolta el!<br \/>\nKicsit vad a l\u00e1ny, mint a hurrik\u00e1n!<br \/>\nKicsit vad a l\u00e1ny! De pont \u0151 az aki kell!<br \/>\nKicsit vad a l\u00e1ny, mint a hurrik\u00e1n,<br \/>\nkicsit vad a l\u00e1ny a sz\u00edvem \u0151 rabolta el!<br \/>\nKicsit vad a l\u00e1ny, mint a hurrik\u00e1n!<br \/>\nKicsit vad a l\u00e1ny! De pont \u0151 az aki kell!<br \/>\nKicsit vad a l\u00e1ny, mint a hurrik\u00e1n,<br \/>\nkicsit vad a l\u00e1ny a sz\u00edvem \u0151 rabolta el!<\/p>\n<p>&#8212;V\u00e9ge&#8212;<\/p>\n","protected":false},"featured_media":9968,"template":"","meta":{"site-sidebar-layout":"default","site-content-layout":"default","ast-site-content-layout":"default","site-content-style":"default","site-sidebar-style":"default","ast-global-header-display":"","ast-banner-title-visibility":"","ast-main-header-display":"","ast-hfb-above-header-display":"","ast-hfb-below-header-display":"","ast-hfb-mobile-header-display":"","site-post-title":"","ast-breadcrumbs-content":"","ast-featured-img":"","footer-sml-layout":"","theme-transparent-header-meta":"default","adv-header-id-meta":"","stick-header-meta":"","header-above-stick-meta":"","header-main-stick-meta":"","header-below-stick-meta":"","astra-migrate-meta-layouts":"set","ast-page-background-enabled":"default","ast-page-background-meta":{"desktop":{"background-color":"var(--ast-global-color-4)","background-image":"","background-repeat":"repeat","background-position":"center center","background-size":"auto","background-attachment":"scroll","background-type":"","background-media":"","overlay-type":"","overlay-color":"","overlay-opacity":"","overlay-gradient":""},"tablet":{"background-color":"","background-image":"","background-repeat":"repeat","background-position":"center center","background-size":"auto","background-attachment":"scroll","background-type":"","background-media":"","overlay-type":"","overlay-color":"","overlay-opacity":"","overlay-gradient":""},"mobile":{"background-color":"","background-image":"","background-repeat":"repeat","background-position":"center center","background-size":"auto","background-attachment":"scroll","background-type":"","background-media":"","overlay-type":"","overlay-color":"","overlay-opacity":"","overlay-gradient":""}},"ast-content-background-meta":{"desktop":{"background-color":"var(--ast-global-color-5)","background-image":"","background-repeat":"repeat","background-position":"center center","background-size":"auto","background-attachment":"scroll","background-type":"","background-media":"","overlay-type":"","overlay-color":"","overlay-opacity":"","overlay-gradient":""},"tablet":{"background-color":"var(--ast-global-color-5)","background-image":"","background-repeat":"repeat","background-position":"center center","background-size":"auto","background-attachment":"scroll","background-type":"","background-media":"","overlay-type":"","overlay-color":"","overlay-opacity":"","overlay-gradient":""},"mobile":{"background-color":"var(--ast-global-color-5)","background-image":"","background-repeat":"repeat","background-position":"center center","background-size":"auto","background-attachment":"scroll","background-type":"","background-media":"","overlay-type":"","overlay-color":"","overlay-opacity":"","overlay-gradient":""}}},"product_cat":[48],"product_tag":[],"class_list":["post-5522","product","type-product","status-publish","has-post-thumbnail","hentry","product_cat-sunkaraoke-dalok","desktop-align-left","tablet-align-left","mobile-align-left"],"_links":{"self":[{"href":"https:\/\/www.sunkaraoke.hu\/index.php\/wp-json\/wp\/v2\/product\/5522","targetHints":{"allow":["GET"]}}],"collection":[{"href":"https:\/\/www.sunkaraoke.hu\/index.php\/wp-json\/wp\/v2\/product"}],"about":[{"href":"https:\/\/www.sunkaraoke.hu\/index.php\/wp-json\/wp\/v2\/types\/product"}],"wp:featuredmedia":[{"embeddable":true,"href":"https:\/\/www.sunkaraoke.hu\/index.php\/wp-json\/wp\/v2\/media\/9968"}],"wp:attachment":[{"href":"https:\/\/www.sunkaraoke.hu\/index.php\/wp-json\/wp\/v2\/media?parent=5522"}],"wp:term":[{"taxonomy":"product_cat","embeddable":true,"href":"https:\/\/www.sunkaraoke.hu\/index.php\/wp-json\/wp\/v2\/product_cat?post=5522"},{"taxonomy":"product_tag","embeddable":true,"href":"https:\/\/www.sunkaraoke.hu\/index.php\/wp-json\/wp\/v2\/product_tag?post=5522"}],"curies":[{"name":"wp","href":"https:\/\/api.w.org\/{rel}","templated":true}]}}