{"id":5515,"date":"2022-08-08T20:49:20","date_gmt":"2022-08-08T20:49:20","guid":{"rendered":"https:\/\/www.sunkaraoke.hu\/index.php\/termek\/kadlott-karcsi-szervusz-liget\/"},"modified":"2025-04-12T14:53:02","modified_gmt":"2025-04-12T14:53:02","slug":"kadlott-karcsi-szervusz-liget","status":"publish","type":"product","link":"https:\/\/www.sunkaraoke.hu\/index.php\/termek\/kadlott-karcsi-szervusz-liget\/","title":{"rendered":"<div class=\"wcmp-player-container product-5515\"><audio controlslist=\"nodownload\" data-product=\"5515\"  volume=\"1\"  preload=\"none\" data-lazyloading=\"none\" class=\"wcmp-player track mejs-classic\" data-duration=\"0:35\" data-estimated_duration=\"4\"><source src=\"https:\/\/www.sunkaraoke.hu\/wp-content\/uploads\/2022\/08\/Szervusz-liget-Kadlott-SB.-demoo.mp3\" type=\"audio\/mp3\" \/><\/audio><\/div>Kadlott Karcsi &#8211; Szervusz liget (Original SB Edition)"},"content":{"rendered":"<p><strong>03:27<\/strong> | <strong><img loading=\"lazy\" decoding=\"async\" class=\"alignnone size-full wp-image-467\" src=\"https:\/\/www.sunkaraoke.hu\/wp-content\/uploads\/2022\/07\/choir_2-copy.webp\" alt=\"\" width=\"30\" height=\"30\" \/> <\/strong><\/p>\n","protected":false},"excerpt":{"rendered":"<h6><strong>Bits\u0171r\u0171s\u00e9g: 320<\/strong>kb\/s<strong><br \/>\n<\/strong><strong>Hossz: <\/strong>03:27<strong><br \/>\n<\/strong><strong style=\"font-size: 16px;\">Vok\u00e1lt tartalmaz: <\/strong>Nem <img loading=\"lazy\" decoding=\"async\" class=\"alignnone size-full wp-image-467\" src=\"http:\/\/www.sunkaraoke.hu\/wp-content\/uploads\/2022\/07\/choir_2-copy.png\" alt=\"\" width=\"30\" height=\"30\" \/><strong style=\"font-size: 16px;\"><br \/>\n<\/strong><\/h6>\n<p>Sunkaraoke mp3 st\u00fadi\u00f3 \/ www.sunkaraoke.hu \/ Inf: Tel: 06 20 4275001<\/p>\n<p>&#8212;Intr\u00f3&#8212;<br \/>\nZaciba raktam a k\u00f6penyem,<br \/>\nkivir\u00e1gzott a ligetem,<br \/>\na r\u00e9gi lombok \u00fagy intenek,<br \/>\nde r\u00e9gi asszok m\u00e1r nincsenek.<br \/>\nDe t\u00f6bbet \u00e9rne a r\u00e9gi pad,<br \/>\nha tudn\u00e1m azt hogy a r\u00e9gi vagy,<br \/>\na sz\u00edved m\u00e1s\u00e9 kis rossz le\u00e1ny,<br \/>\nb\u00facs\u00fazom t\u0151led ne v\u00e1rj re\u00e1m.<\/p>\n<p>Szervusz liget, v\u00e1rosliget,<br \/>\nv\u00e9n hold ne ragyogj r\u00e1m,<br \/>\nmondd meg liget mindenkinek,<br \/>\nh\u0171tlen az a kisl\u00e1ny.<br \/>\nHa nem leszek \u00e9n bent a sz\u00edv\u00e9ben,<br \/>\nnem j\u00e1rok el t\u00f6bbet a Lizs\u00e9be,<br \/>\nszervusz liget, v\u00e1rosliget,<br \/>\nv\u00e9n hold ne ragyogj r\u00e1m.<br \/>\nHa nem leszek \u00e9n bent a sz\u00edv\u00e9ben,<br \/>\nnem j\u00e1rok el t\u00f6bbet a Lizs\u00e9be,<br \/>\nszervusz liget, v\u00e1rosliget,<br \/>\nv\u00e9n hold ne ragyogj r\u00e1m.<br \/>\n&#8212;Sz\u00f3l\u00f3&#8212;<br \/>\nLigeti t\u00f3n\u00e1l egy kispadon,<br \/>\nvolt a lak\u00e1sunk kisangyalom,<br \/>\nha kedv\u00fcnk szottyant egy cs\u00f3kra ott,<br \/>\nmegirigyeltek az angyalok.<br \/>\nAz esti t\u00e1jb\u00f3l egy werkli sz\u00f3lt,<br \/>\na kontr\u00e1s volt ott a m\u00e9la hold,<br \/>\naz\u00f3ta sz\u00edvem \u00fagy zakatol,<br \/>\nmert m\u00e1ssal \u00e9lsz te most valahol.<\/p>\n<p>Szervusz liget, v\u00e1rosliget,<br \/>\nv\u00e9n hold ne ragyogj r\u00e1m,<br \/>\nmondd meg liget mindenkinek,<br \/>\nh\u0171tlen az a kisl\u00e1ny.<br \/>\nHa nem leszek \u00e9n bent a sz\u00edv\u00e9ben,<br \/>\nnem j\u00e1rok el t\u00f6bbet a Lizs\u00e9be,<br \/>\nszervusz liget, v\u00e1rosliget,<br \/>\nv\u00e9n hold ne ragyogj r\u00e1m.<br \/>\nHa nem leszek \u00e9n bent a sz\u00edv\u00e9ben,<br \/>\nnem j\u00e1rok el t\u00f6bbet a Lizs\u00e9be,<br \/>\nszervusz liget, v\u00e1rosliget,<br \/>\nv\u00e9n hold ne ragyogj r\u00e1m.<br \/>\nSzervusz liget, v\u00e1rosliget,<br \/>\nv\u00e9n hold ne ragyogj r\u00e1m,<br \/>\nmondd meg liget mindenkinek,<br \/>\nh\u0171tlen az a kisl\u00e1ny.<br \/>\nHa nem leszek \u00e9n bent a sz\u00edv\u00e9ben,<br \/>\nnem j\u00e1rok el t\u00f6bbet a Lizs\u00e9be,<br \/>\nszervusz liget, v\u00e1rosliget,<br \/>\nv\u00e9n hold ne ragyogj r\u00e1m.<br \/>\nHa nem leszek \u00e9n bent a sz\u00edv\u00e9ben,<br \/>\nnem j\u00e1rok el t\u00f6bbet a Lizs\u00e9be,<br \/>\nszervusz liget, v\u00e1rosliget,<br \/>\nv\u00e9n hold ne ragyogj r\u00e1m.<br \/>\n&#8212;V\u00e9ge&#8212;<\/p>\n","protected":false},"featured_media":9991,"template":"","meta":{"site-sidebar-layout":"default","site-content-layout":"default","ast-site-content-layout":"default","site-content-style":"default","site-sidebar-style":"default","ast-global-header-display":"","ast-banner-title-visibility":"","ast-main-header-display":"","ast-hfb-above-header-display":"","ast-hfb-below-header-display":"","ast-hfb-mobile-header-display":"","site-post-title":"","ast-breadcrumbs-content":"","ast-featured-img":"","footer-sml-layout":"","theme-transparent-header-meta":"default","adv-header-id-meta":"","stick-header-meta":"","header-above-stick-meta":"","header-main-stick-meta":"","header-below-stick-meta":"","astra-migrate-meta-layouts":"set","ast-page-background-enabled":"default","ast-page-background-meta":{"desktop":{"background-color":"var(--ast-global-color-4)","background-image":"","background-repeat":"repeat","background-position":"center center","background-size":"auto","background-attachment":"scroll","background-type":"","background-media":"","overlay-type":"","overlay-color":"","overlay-opacity":"","overlay-gradient":""},"tablet":{"background-color":"","background-image":"","background-repeat":"repeat","background-position":"center center","background-size":"auto","background-attachment":"scroll","background-type":"","background-media":"","overlay-type":"","overlay-color":"","overlay-opacity":"","overlay-gradient":""},"mobile":{"background-color":"","background-image":"","background-repeat":"repeat","background-position":"center center","background-size":"auto","background-attachment":"scroll","background-type":"","background-media":"","overlay-type":"","overlay-color":"","overlay-opacity":"","overlay-gradient":""}},"ast-content-background-meta":{"desktop":{"background-color":"var(--ast-global-color-5)","background-image":"","background-repeat":"repeat","background-position":"center center","background-size":"auto","background-attachment":"scroll","background-type":"","background-media":"","overlay-type":"","overlay-color":"","overlay-opacity":"","overlay-gradient":""},"tablet":{"background-color":"var(--ast-global-color-5)","background-image":"","background-repeat":"repeat","background-position":"center center","background-size":"auto","background-attachment":"scroll","background-type":"","background-media":"","overlay-type":"","overlay-color":"","overlay-opacity":"","overlay-gradient":""},"mobile":{"background-color":"var(--ast-global-color-5)","background-image":"","background-repeat":"repeat","background-position":"center center","background-size":"auto","background-attachment":"scroll","background-type":"","background-media":"","overlay-type":"","overlay-color":"","overlay-opacity":"","overlay-gradient":""}}},"product_cat":[48],"product_tag":[],"class_list":["post-5515","product","type-product","status-publish","has-post-thumbnail","hentry","product_cat-sunkaraoke-dalok","desktop-align-left","tablet-align-left","mobile-align-left"],"_links":{"self":[{"href":"https:\/\/www.sunkaraoke.hu\/index.php\/wp-json\/wp\/v2\/product\/5515","targetHints":{"allow":["GET"]}}],"collection":[{"href":"https:\/\/www.sunkaraoke.hu\/index.php\/wp-json\/wp\/v2\/product"}],"about":[{"href":"https:\/\/www.sunkaraoke.hu\/index.php\/wp-json\/wp\/v2\/types\/product"}],"wp:featuredmedia":[{"embeddable":true,"href":"https:\/\/www.sunkaraoke.hu\/index.php\/wp-json\/wp\/v2\/media\/9991"}],"wp:attachment":[{"href":"https:\/\/www.sunkaraoke.hu\/index.php\/wp-json\/wp\/v2\/media?parent=5515"}],"wp:term":[{"taxonomy":"product_cat","embeddable":true,"href":"https:\/\/www.sunkaraoke.hu\/index.php\/wp-json\/wp\/v2\/product_cat?post=5515"},{"taxonomy":"product_tag","embeddable":true,"href":"https:\/\/www.sunkaraoke.hu\/index.php\/wp-json\/wp\/v2\/product_tag?post=5515"}],"curies":[{"name":"wp","href":"https:\/\/api.w.org\/{rel}","templated":true}]}}