{"id":5514,"date":"2022-08-08T20:49:20","date_gmt":"2022-08-08T20:49:20","guid":{"rendered":"https:\/\/www.sunkaraoke.hu\/index.php\/termek\/csonka-andras-valaki-kell-nekem-is\/"},"modified":"2025-08-31T07:01:13","modified_gmt":"2025-08-31T05:01:13","slug":"csonka-andras-valaki-kell-nekem-is","status":"publish","type":"product","link":"https:\/\/www.sunkaraoke.hu\/index.php\/termek\/csonka-andras-valaki-kell-nekem-is\/","title":{"rendered":"<div class=\"wcmp-player-container product-5514\"><audio controlslist=\"nodownload\" data-product=\"5514\"  volume=\"1\"  preload=\"none\" data-lazyloading=\"none\" class=\"wcmp-player track mejs-classic\" ><source src=\"https:\/\/www.sunkaraoke.hu\/wp-content\/uploads\/wcmp\/8b0f9742a92d53e25a37d2a9087c5b1a.mp3\" type=\"audio\/mp3\" \/><\/audio><\/div>Csonka Andr\u00e1s &#8211; Valaki kell nekem is"},"content":{"rendered":"<p><strong>03:30<\/strong> | <strong><img loading=\"lazy\" decoding=\"async\" class=\"alignnone size-full wp-image-467\" src=\"https:\/\/www.sunkaraoke.hu\/wp-content\/uploads\/2022\/07\/choir_2-copy.webp\" alt=\"\" width=\"30\" height=\"30\" \/> <\/strong><\/p>\n","protected":false},"excerpt":{"rendered":"<h5>Bits\u0171r\u0171s\u00e9g: 196kb\/s<br \/>\nHossz: 03:30<br \/>\nVok\u00e1lt tartalmaz: Nem <img loading=\"lazy\" decoding=\"async\" class=\"alignnone size-full wp-image-467\" src=\"http:\/\/www.sunkaraoke.hu\/wp-content\/uploads\/2022\/07\/choir_2-copy.png\" alt=\"\" width=\"30\" height=\"30\" \/><\/h5>\n<p>&#8212;Intr\u00f3&#8212;\/\/00_04\/\/<br \/>\nValami \u00fagy \u00e9g idebenn,<br \/>\ntavaszi l\u00e1ng gy\u00falt sz\u00edvemen,<br \/>\nszememben l\u00e1zas f\u00e9nyek,<br \/>\nl\u00e1ngolva \u00e9gnek,sodor az \u00e1r, ideje m\u00e1r,<br \/>\nboldogs\u00e1g nekem is j\u00e1r!<\/p>\n<p>Valaki kell nekem is, aki csak az eny\u00e9m,<br \/>\naki t\u00e1rs egy hossz\u00fa \u00e9leten \u00e1t.<br \/>\n\u00c9rtem b\u00e1rmire k\u00e9sz, \u00e9s ha b\u00e1rhova n\u00e9z,<br \/>\nmindig \u00e9s mindenhol, csak engem l\u00e1t.<br \/>\nValaki kell nekem is, aki mellettem \u00e1ll,<br \/>\naki j\u00f3ban, rosszban mindig eny\u00e9m.<br \/>\nKinek hangulat\u00e1t,<br \/>\nminden titkos gondolat\u00e1t,<br \/>\nm\u00e1r a k\u00e9t szem\u00e9be n\u00e9zve \u00e9rtem \u00e9n.<br \/>\nAki \u00fagy, ahogy \u00e9n, sokat \u00e9lt egyed\u00fcl,<br \/>\naki mindig mag\u00e1nyos \u00faton j\u00e1rt.<br \/>\nAki \u00fagy, ahogy \u00e9n, olyan v\u00e9gtelen\u00fcl,<br \/>\neg\u00e9sz \u00e9let\u00e9ben t\u00e1rsra v\u00e1rt.<br \/>\nValaki kell nekem is, aki hozz\u00e1m val\u00f3,<br \/>\nkit a sors is n\u00e9kem rendelt tal\u00e1n,<br \/>\n\u00e9s ha \u00e9l valahol, addig j\u00e1rok, \u00e9s kutatom,<br \/>\nm\u00edg a sz\u00edvem egyszer majd csak r\u00e1tal\u00e1l.<br \/>\n&#8212;Sz\u00f3l\u00f3&#8212;\/\/02:43\/\/<br \/>\nValaki kell nekem is, aki hozz\u00e1m val\u00f3,<br \/>\nkit a sors is n\u00e9kem rendelt tal\u00e1n,<br \/>\n\u00e9s ha \u00e9l valahol, addig j\u00e1rok, \u00e9s kutatom,<br \/>\nm\u00edg a sz\u00edvem egyszer majd csak r\u00e1tal\u00e1l.<br \/>\nM\u00edg a sz\u00edvem egyszer majd csak r\u00e1tal\u00e1l.<br \/>\n&#8212;V\u00e9ge&#8212;<\/p>\n","protected":false},"featured_media":11805,"template":"","meta":{"site-sidebar-layout":"default","site-content-layout":"default","ast-site-content-layout":"default","site-content-style":"default","site-sidebar-style":"default","ast-global-header-display":"","ast-banner-title-visibility":"","ast-main-header-display":"","ast-hfb-above-header-display":"","ast-hfb-below-header-display":"","ast-hfb-mobile-header-display":"","site-post-title":"","ast-breadcrumbs-content":"","ast-featured-img":"","footer-sml-layout":"","theme-transparent-header-meta":"default","adv-header-id-meta":"","stick-header-meta":"","header-above-stick-meta":"","header-main-stick-meta":"","header-below-stick-meta":"","astra-migrate-meta-layouts":"set","ast-page-background-enabled":"default","ast-page-background-meta":{"desktop":{"background-color":"var(--ast-global-color-4)","background-image":"","background-repeat":"repeat","background-position":"center center","background-size":"auto","background-attachment":"scroll","background-type":"","background-media":"","overlay-type":"","overlay-color":"","overlay-opacity":"","overlay-gradient":""},"tablet":{"background-color":"","background-image":"","background-repeat":"repeat","background-position":"center center","background-size":"auto","background-attachment":"scroll","background-type":"","background-media":"","overlay-type":"","overlay-color":"","overlay-opacity":"","overlay-gradient":""},"mobile":{"background-color":"","background-image":"","background-repeat":"repeat","background-position":"center center","background-size":"auto","background-attachment":"scroll","background-type":"","background-media":"","overlay-type":"","overlay-color":"","overlay-opacity":"","overlay-gradient":""}},"ast-content-background-meta":{"desktop":{"background-color":"var(--ast-global-color-5)","background-image":"","background-repeat":"repeat","background-position":"center center","background-size":"auto","background-attachment":"scroll","background-type":"","background-media":"","overlay-type":"","overlay-color":"","overlay-opacity":"","overlay-gradient":""},"tablet":{"background-color":"var(--ast-global-color-5)","background-image":"","background-repeat":"repeat","background-position":"center center","background-size":"auto","background-attachment":"scroll","background-type":"","background-media":"","overlay-type":"","overlay-color":"","overlay-opacity":"","overlay-gradient":""},"mobile":{"background-color":"var(--ast-global-color-5)","background-image":"","background-repeat":"repeat","background-position":"center center","background-size":"auto","background-attachment":"scroll","background-type":"","background-media":"","overlay-type":"","overlay-color":"","overlay-opacity":"","overlay-gradient":""}}},"product_cat":[48],"product_tag":[],"class_list":["post-5514","product","type-product","status-publish","has-post-thumbnail","hentry","product_cat-sunkaraoke-dalok","desktop-align-left","tablet-align-left","mobile-align-left"],"_links":{"self":[{"href":"https:\/\/www.sunkaraoke.hu\/index.php\/wp-json\/wp\/v2\/product\/5514","targetHints":{"allow":["GET"]}}],"collection":[{"href":"https:\/\/www.sunkaraoke.hu\/index.php\/wp-json\/wp\/v2\/product"}],"about":[{"href":"https:\/\/www.sunkaraoke.hu\/index.php\/wp-json\/wp\/v2\/types\/product"}],"wp:featuredmedia":[{"embeddable":true,"href":"https:\/\/www.sunkaraoke.hu\/index.php\/wp-json\/wp\/v2\/media\/11805"}],"wp:attachment":[{"href":"https:\/\/www.sunkaraoke.hu\/index.php\/wp-json\/wp\/v2\/media?parent=5514"}],"wp:term":[{"taxonomy":"product_cat","embeddable":true,"href":"https:\/\/www.sunkaraoke.hu\/index.php\/wp-json\/wp\/v2\/product_cat?post=5514"},{"taxonomy":"product_tag","embeddable":true,"href":"https:\/\/www.sunkaraoke.hu\/index.php\/wp-json\/wp\/v2\/product_tag?post=5514"}],"curies":[{"name":"wp","href":"https:\/\/api.w.org\/{rel}","templated":true}]}}