{"id":5510,"date":"2022-08-08T20:49:20","date_gmt":"2022-08-08T20:49:20","guid":{"rendered":"https:\/\/www.sunkaraoke.hu\/index.php\/termek\/didi-es-gabriella-megyen-mar-a-hajnalcsillag-mix-2019\/"},"modified":"2025-04-04T18:25:22","modified_gmt":"2025-04-04T18:25:22","slug":"didi-es-gabriella-megyen-mar-a-hajnalcsillag-mix-2019","status":"publish","type":"product","link":"https:\/\/www.sunkaraoke.hu\/index.php\/termek\/didi-es-gabriella-megyen-mar-a-hajnalcsillag-mix-2019\/","title":{"rendered":"<div class=\"wcmp-player-container product-5510\"><audio controlslist=\"nodownload\" data-product=\"5510\"  volume=\"1\"  preload=\"none\" data-lazyloading=\"none\" class=\"wcmp-player track mejs-classic\" data-duration=\"0:33\" data-estimated_duration=\"4\"><source src=\"https:\/\/www.sunkaraoke.hu\/wp-content\/uploads\/2022\/08\/Megyen-mar-a-hajnalcsillag-Didi-Mix-2019.-SB.-demooo.mp3\" type=\"audio\/mp3\" \/><\/audio><\/div>Didi \u00e9s Gabriella &#8211; Megyen m\u00e1r a hajnalcsillag Mix NEW( Original)"},"content":{"rendered":"<p><strong>06:06<\/strong> | <strong><img loading=\"lazy\" decoding=\"async\" class=\"alignnone size-full wp-image-467\" src=\"https:\/\/www.sunkaraoke.hu\/wp-content\/uploads\/2022\/07\/choir_2-copy.webp\" alt=\"\" width=\"30\" height=\"30\" \/> <\/strong><\/p>\n","protected":false},"excerpt":{"rendered":"<h6><strong>Bits\u0171r\u0171s\u00e9g: 320<\/strong>kb\/s<strong><br \/>\n<\/strong><strong>Hossz: <\/strong>06:06<strong><br \/>\n<\/strong><strong style=\"font-size: 16px;\">Vok\u00e1lt tartalmaz: <\/strong>Nem <img loading=\"lazy\" decoding=\"async\" class=\"alignnone size-full wp-image-467\" src=\"http:\/\/www.sunkaraoke.hu\/wp-content\/uploads\/2022\/07\/choir_2-copy.png\" alt=\"\" width=\"30\" height=\"30\" \/><strong style=\"font-size: 16px;\"><br \/>\n<\/strong><\/h6>\n<p>Sunkaraoke mp3 st\u00fadi\u00f3 \/ www.sunkaraoke.hu \/ Inf: Tel: 06 20 4275001<\/p>\n<p>&#8212;Intr\u00f3&#8212;<br \/>\nMegyen m\u00e1r a hajnalcsillag lefel\u00e9,<br \/>\naz \u00e9n kedves galambom most megyen hazafel\u00e9.<br \/>\nL\u00e1b\u00e1n van a csizm\u00e1ja, lapos sz\u00e1r\u00fa kiscsizma,<br \/>\nr\u00e1s\u00fct\u00f6tt a hajnalcsillag sugara.<br \/>\nL\u00e1b\u00e1n van a csizm\u00e1ja, lapos sz\u00e1r\u00fa kiscsizma,<br \/>\nr\u00e1s\u00fct\u00f6tt a hajnalcsillag sugara.<\/p>\n<p>Amerre m\u00e9sz \u00e9des r\u00f3zs\u00e1m k\u00edv\u00e1nom,<br \/>\nhogy el\u0151tted a r\u00e9t is piros r\u00f3zs\u00e1v\u00e1 v\u00e1ljon.<br \/>\nA z\u00f6ld f\u0171 is el\u0151tted, \u00e9des alm\u00e1t teremjen,<br \/>\na te sz\u00edved soha el ne feledjen.<br \/>\nA z\u00f6ld f\u0171 is el\u0151tted, \u00e9des alm\u00e1t teremjen,<br \/>\na te sz\u00edved soha el ne feledjen.<br \/>\n&#8212;Sz\u00f3l\u00f3&#8212;<br \/>\nMeguntam az \u00e9letemet, felmegyek Budapestre.<br \/>\nOtt s\u00e9t\u00e1lok a f\u0151 utc\u00e1n,minden szombat este.<br \/>\nKicsinos\u00edtom magamat,a fejemet j\u00f3l feltartom.<br \/>\nMajd valaki bel\u00e9m szeret, oda lenn a Duna parton.<br \/>\nKicsinos\u00edtom magamat,a fejemet j\u00f3l feltartom.<br \/>\nMajd valaki bel\u00e9m szeret, oda lenn a Duna parton.<br \/>\n&#8212;Sz\u00f3l\u00f3&#8212;<br \/>\nMeguntam az \u00e9letemet, felmegyek Budapestre.<br \/>\nOtt s\u00e9t\u00e1lok a f\u0151 utc\u00e1n,minden szombat este.<br \/>\nKicsinos\u00edtom magamat,a fejemet j\u00f3l feltartom.<br \/>\nMajd valaki bel\u00e9m szeret, oda lenn a Duna parton.<br \/>\nKicsinos\u00edtom magamat,a fejemet j\u00f3l feltartom.<br \/>\nMajd valaki bel\u00e9m szeret, oda lenn a Duna parton.<br \/>\n&#8212;Sz\u00f3l\u00f3&#8212;<br \/>\n\u00daj a csizm\u00e1m, a sz\u00f6gre van felakasztva,<br \/>\na sarkanty\u00faj\u00e1t belepte a rozsda.<br \/>\n\u00c9n \u00f6sszeverem olyan bety\u00e1r m\u00f3dra,<br \/>\nhogy mind egy sz\u00e1lig lepereg a rozsda r\u00f3la.<br \/>\n\u00c9n \u00f6sszeverem olyan bety\u00e1r m\u00f3dra,<br \/>\nhogy mind egy sz\u00e1lig lepereg a rozsda r\u00f3la.<\/p>\n<p>\u00daj a sz\u0171r\u00f6m, a sz\u00f6gre van felakasztva,<br \/>\ngyere r\u00f3zs\u00e1m, akaszd a nyakamba.<br \/>\n\u00cdgy is \u00fagy is ott annak a helye,<br \/>\nm\u00e9g az \u00e9jjel betakarlak bab\u00e1m vele.<br \/>\n\u00cdgy is \u00fagy is ott annak a helye,<br \/>\nm\u00e9g az \u00e9jjel betakarlak bab\u00e1m vele.<br \/>\n&#8212;Sz\u00f3l\u00f3&#8212;<br \/>\n\u00daj a csizm\u00e1m, a sz\u00f6gre van felakasztva,<br \/>\nsarkanty\u00faj\u00e1t belepte a rozsda.<br \/>\n\u00c9n \u00f6sszeverem olyan bety\u00e1r m\u00f3dra,<br \/>\nhogy mind egy sz\u00e1lig lepereg a rozsda r\u00f3la.<br \/>\n\u00c9n \u00f6sszeverem olyan bety\u00e1r m\u00f3dra,<br \/>\nhogy mind egy sz\u00e1lig lepereg a rozsda r\u00f3la.<br \/>\n\u00c9n \u00f6sszeverem olyan bety\u00e1r m\u00f3dra,<br \/>\nhogy mind egy sz\u00e1lig lepereg a rozsda r\u00f3la.<br \/>\n&#8212;V\u00e9ge&#8212;<\/p>\n","protected":false},"featured_media":721,"template":"","meta":{"site-sidebar-layout":"default","site-content-layout":"default","ast-site-content-layout":"default","site-content-style":"default","site-sidebar-style":"default","ast-global-header-display":"","ast-banner-title-visibility":"","ast-main-header-display":"","ast-hfb-above-header-display":"","ast-hfb-below-header-display":"","ast-hfb-mobile-header-display":"","site-post-title":"","ast-breadcrumbs-content":"","ast-featured-img":"","footer-sml-layout":"","theme-transparent-header-meta":"default","adv-header-id-meta":"","stick-header-meta":"","header-above-stick-meta":"","header-main-stick-meta":"","header-below-stick-meta":"","astra-migrate-meta-layouts":"set","ast-page-background-enabled":"default","ast-page-background-meta":{"desktop":{"background-color":"var(--ast-global-color-4)","background-image":"","background-repeat":"repeat","background-position":"center center","background-size":"auto","background-attachment":"scroll","background-type":"","background-media":"","overlay-type":"","overlay-color":"","overlay-opacity":"","overlay-gradient":""},"tablet":{"background-color":"","background-image":"","background-repeat":"repeat","background-position":"center center","background-size":"auto","background-attachment":"scroll","background-type":"","background-media":"","overlay-type":"","overlay-color":"","overlay-opacity":"","overlay-gradient":""},"mobile":{"background-color":"","background-image":"","background-repeat":"repeat","background-position":"center center","background-size":"auto","background-attachment":"scroll","background-type":"","background-media":"","overlay-type":"","overlay-color":"","overlay-opacity":"","overlay-gradient":""}},"ast-content-background-meta":{"desktop":{"background-color":"var(--ast-global-color-5)","background-image":"","background-repeat":"repeat","background-position":"center center","background-size":"auto","background-attachment":"scroll","background-type":"","background-media":"","overlay-type":"","overlay-color":"","overlay-opacity":"","overlay-gradient":""},"tablet":{"background-color":"var(--ast-global-color-5)","background-image":"","background-repeat":"repeat","background-position":"center center","background-size":"auto","background-attachment":"scroll","background-type":"","background-media":"","overlay-type":"","overlay-color":"","overlay-opacity":"","overlay-gradient":""},"mobile":{"background-color":"var(--ast-global-color-5)","background-image":"","background-repeat":"repeat","background-position":"center center","background-size":"auto","background-attachment":"scroll","background-type":"","background-media":"","overlay-type":"","overlay-color":"","overlay-opacity":"","overlay-gradient":""}}},"product_cat":[46],"product_tag":[],"class_list":["post-5510","product","type-product","status-publish","has-post-thumbnail","hentry","product_cat-eredeti-karaoke-dalok","desktop-align-left","tablet-align-left","mobile-align-left"],"_links":{"self":[{"href":"https:\/\/www.sunkaraoke.hu\/index.php\/wp-json\/wp\/v2\/product\/5510","targetHints":{"allow":["GET"]}}],"collection":[{"href":"https:\/\/www.sunkaraoke.hu\/index.php\/wp-json\/wp\/v2\/product"}],"about":[{"href":"https:\/\/www.sunkaraoke.hu\/index.php\/wp-json\/wp\/v2\/types\/product"}],"wp:featuredmedia":[{"embeddable":true,"href":"https:\/\/www.sunkaraoke.hu\/index.php\/wp-json\/wp\/v2\/media\/721"}],"wp:attachment":[{"href":"https:\/\/www.sunkaraoke.hu\/index.php\/wp-json\/wp\/v2\/media?parent=5510"}],"wp:term":[{"taxonomy":"product_cat","embeddable":true,"href":"https:\/\/www.sunkaraoke.hu\/index.php\/wp-json\/wp\/v2\/product_cat?post=5510"},{"taxonomy":"product_tag","embeddable":true,"href":"https:\/\/www.sunkaraoke.hu\/index.php\/wp-json\/wp\/v2\/product_tag?post=5510"}],"curies":[{"name":"wp","href":"https:\/\/api.w.org\/{rel}","templated":true}]}}