{"id":5507,"date":"2022-08-08T20:49:19","date_gmt":"2022-08-08T20:49:19","guid":{"rendered":"https:\/\/www.sunkaraoke.hu\/index.php\/termek\/didi-es-gabriella-osszel-erik-babam\/"},"modified":"2025-04-04T18:16:50","modified_gmt":"2025-04-04T18:16:50","slug":"didi-es-gabriella-osszel-erik-babam","status":"publish","type":"product","link":"https:\/\/www.sunkaraoke.hu\/index.php\/termek\/didi-es-gabriella-osszel-erik-babam\/","title":{"rendered":"<div class=\"wcmp-player-container product-5507\"><audio controlslist=\"nodownload\" data-product=\"5507\"  volume=\"1\"  preload=\"none\" data-lazyloading=\"none\" class=\"wcmp-player track mejs-classic\" data-duration=\"0:34\" data-estimated_duration=\"4\"><source src=\"https:\/\/www.sunkaraoke.hu\/wp-content\/uploads\/2022\/08\/Osszel-erik-babam-Didi-SB.-demoo.mp3\" type=\"audio\/mp3\" \/><\/audio><\/div>Didi \u00e9s Gabriella &#8211; \u0150sszel \u00e9rik bab\u00e1m (Original)"},"content":{"rendered":"<p><strong>03:22<\/strong> | <strong><img loading=\"lazy\" decoding=\"async\" class=\"alignnone size-full wp-image-467\" src=\"https:\/\/www.sunkaraoke.hu\/wp-content\/uploads\/2022\/07\/choir_2-copy.webp\" alt=\"\" width=\"30\" height=\"30\" \/> <\/strong><\/p>\n","protected":false},"excerpt":{"rendered":"<h6><strong>Bits\u0171r\u0171s\u00e9g: 320<\/strong>kb\/s<strong><br \/>\n<\/strong><strong>Hossz: <\/strong>03:22<strong><br \/>\n<\/strong><strong style=\"font-size: 16px;\">Vok\u00e1lt tartalmaz: <\/strong>Nem <img loading=\"lazy\" decoding=\"async\" class=\"alignnone size-full wp-image-467\" src=\"http:\/\/www.sunkaraoke.hu\/wp-content\/uploads\/2022\/07\/choir_2-copy.png\" alt=\"\" width=\"30\" height=\"30\" \/><strong style=\"font-size: 16px;\"><br \/>\n<\/strong><\/h6>\n<p>Sunkaraoke mp3 st\u00fadi\u00f3 \/ www.sunkaraoke.hu \/ Inf: Tel: 06 20 4275001<\/p>\n<p>&#8212;Intr\u00f3&#8212;<br \/>\n\u0150sszel \u00e9rik, bab\u00e1m a fekete sz\u0151l\u0151,<br \/>\nte volt\u00e1l az igazi szeret\u0151.<br \/>\nBocs\u00e1sd meg ha vala, valaha v\u00e9tettem,<br \/>\nellenedre bab\u00e1m rosszat cselekedtem.<br \/>\nBocs\u00e1sd meg ha vala, valaha v\u00e9tettem,<br \/>\nellenedre bab\u00e1m rosszat cselekedtem.<\/p>\n<p>Kinek varrod bab\u00e1m azt a selyem kend\u0151t,<br \/>\nn\u00e9ked varrom, hogy legy\u00e9l szeret\u0151m.<br \/>\nN\u00e9gy sark\u00e1ba n\u00e9gy sz\u00e1l feh\u00e9r rozmaringot,<br \/>\nk\u00f6zepibe bab\u00e1m, hogy szeret\u0151d vagyok.<br \/>\nN\u00e9gy sark\u00e1ba n\u00e9gy sz\u00e1l feh\u00e9r rozmaringot,<br \/>\nk\u00f6zepibe bab\u00e1m, hogy szeret\u0151d vagyok.<br \/>\n&#8212;Sz\u00f3l\u00f3&#8212;<\/p>\n<p>\u0150sszel \u00e9rik, bab\u00e1m a fekete sz\u0151l\u0151,<br \/>\nte volt\u00e1l az igazi szeret\u0151.<br \/>\nBocs\u00e1sd meg ha vala, valaha v\u00e9tettem,<br \/>\nellenedre bab\u00e1m rosszat cselekedtem.<br \/>\nBocs\u00e1sd meg ha vala, valaha v\u00e9tettem,<br \/>\nellenedre bab\u00e1m rosszat cselekedtem.<\/p>\n<p>Kinek varrod bab\u00e1m azt a selyem kend\u0151t,<br \/>\nn\u00e9ked varrom, hogy legy\u00e9l szeret\u0151m.<br \/>\nN\u00e9gy sark\u00e1ba n\u00e9gy sz\u00e1l feh\u00e9r rozmaringot,<br \/>\nk\u00f6zepibe bab\u00e1m, hogy szeret\u0151d vagyok.<br \/>\nN\u00e9gy sark\u00e1ba n\u00e9gy sz\u00e1l feh\u00e9r rozmaringot,<br \/>\nk\u00f6zepibe bab\u00e1m, hogy szeret\u0151d vagyok.<br \/>\nN\u00e9gy sark\u00e1ba n\u00e9gy sz\u00e1l feh\u00e9r rozmaringot,<br \/>\nk\u00f6zepibe bab\u00e1m, hogy szeret\u0151d vagyok.<br \/>\nN\u00e9gy sark\u00e1ba n\u00e9gy sz\u00e1l feh\u00e9r rozmaringot,<br \/>\nk\u00f6zepibe bab\u00e1m, hogy szeret\u0151d vagyok.<br \/>\n&#8212;V\u00e9ge&#8212;<\/p>\n","protected":false},"featured_media":721,"template":"","meta":{"site-sidebar-layout":"default","site-content-layout":"default","ast-site-content-layout":"default","site-content-style":"default","site-sidebar-style":"default","ast-global-header-display":"","ast-banner-title-visibility":"","ast-main-header-display":"","ast-hfb-above-header-display":"","ast-hfb-below-header-display":"","ast-hfb-mobile-header-display":"","site-post-title":"","ast-breadcrumbs-content":"","ast-featured-img":"","footer-sml-layout":"","theme-transparent-header-meta":"default","adv-header-id-meta":"","stick-header-meta":"","header-above-stick-meta":"","header-main-stick-meta":"","header-below-stick-meta":"","astra-migrate-meta-layouts":"set","ast-page-background-enabled":"default","ast-page-background-meta":{"desktop":{"background-color":"var(--ast-global-color-4)","background-image":"","background-repeat":"repeat","background-position":"center center","background-size":"auto","background-attachment":"scroll","background-type":"","background-media":"","overlay-type":"","overlay-color":"","overlay-opacity":"","overlay-gradient":""},"tablet":{"background-color":"","background-image":"","background-repeat":"repeat","background-position":"center center","background-size":"auto","background-attachment":"scroll","background-type":"","background-media":"","overlay-type":"","overlay-color":"","overlay-opacity":"","overlay-gradient":""},"mobile":{"background-color":"","background-image":"","background-repeat":"repeat","background-position":"center center","background-size":"auto","background-attachment":"scroll","background-type":"","background-media":"","overlay-type":"","overlay-color":"","overlay-opacity":"","overlay-gradient":""}},"ast-content-background-meta":{"desktop":{"background-color":"var(--ast-global-color-5)","background-image":"","background-repeat":"repeat","background-position":"center center","background-size":"auto","background-attachment":"scroll","background-type":"","background-media":"","overlay-type":"","overlay-color":"","overlay-opacity":"","overlay-gradient":""},"tablet":{"background-color":"var(--ast-global-color-5)","background-image":"","background-repeat":"repeat","background-position":"center center","background-size":"auto","background-attachment":"scroll","background-type":"","background-media":"","overlay-type":"","overlay-color":"","overlay-opacity":"","overlay-gradient":""},"mobile":{"background-color":"var(--ast-global-color-5)","background-image":"","background-repeat":"repeat","background-position":"center center","background-size":"auto","background-attachment":"scroll","background-type":"","background-media":"","overlay-type":"","overlay-color":"","overlay-opacity":"","overlay-gradient":""}}},"product_cat":[46],"product_tag":[],"class_list":["post-5507","product","type-product","status-publish","has-post-thumbnail","hentry","product_cat-eredeti-karaoke-dalok","desktop-align-left","tablet-align-left","mobile-align-left"],"_links":{"self":[{"href":"https:\/\/www.sunkaraoke.hu\/index.php\/wp-json\/wp\/v2\/product\/5507","targetHints":{"allow":["GET"]}}],"collection":[{"href":"https:\/\/www.sunkaraoke.hu\/index.php\/wp-json\/wp\/v2\/product"}],"about":[{"href":"https:\/\/www.sunkaraoke.hu\/index.php\/wp-json\/wp\/v2\/types\/product"}],"wp:featuredmedia":[{"embeddable":true,"href":"https:\/\/www.sunkaraoke.hu\/index.php\/wp-json\/wp\/v2\/media\/721"}],"wp:attachment":[{"href":"https:\/\/www.sunkaraoke.hu\/index.php\/wp-json\/wp\/v2\/media?parent=5507"}],"wp:term":[{"taxonomy":"product_cat","embeddable":true,"href":"https:\/\/www.sunkaraoke.hu\/index.php\/wp-json\/wp\/v2\/product_cat?post=5507"},{"taxonomy":"product_tag","embeddable":true,"href":"https:\/\/www.sunkaraoke.hu\/index.php\/wp-json\/wp\/v2\/product_tag?post=5507"}],"curies":[{"name":"wp","href":"https:\/\/api.w.org\/{rel}","templated":true}]}}