{"id":5503,"date":"2022-08-08T20:49:19","date_gmt":"2022-08-08T20:49:19","guid":{"rendered":"https:\/\/www.sunkaraoke.hu\/index.php\/termek\/didi-es-gabriella-like-dal\/"},"modified":"2026-04-18T07:27:29","modified_gmt":"2026-04-18T05:27:29","slug":"didi-es-gabriella-like-dal","status":"publish","type":"product","link":"https:\/\/www.sunkaraoke.hu\/index.php\/termek\/didi-es-gabriella-like-dal\/","title":{"rendered":"<div class=\"wcmp-player-container product-5503\"><audio controlslist=\"nodownload\" data-product=\"5503\"  volume=\"1\"  preload=\"none\" data-lazyloading=\"none\" class=\"wcmp-player track mejs-classic\" data-duration=\"0:32\" data-estimated_duration=\"4\"><source src=\"https:\/\/www.sunkaraoke.hu\/wp-content\/uploads\/2022\/08\/Like-dal-Didi-SB.-demooo.mp3\" type=\"audio\/mp3\" \/><\/audio><\/div>Didi \u00e9s Gabriella &#8211; Like dal (Original)"},"content":{"rendered":"<p><strong>03:19<\/strong> | <strong><img loading=\"lazy\" decoding=\"async\" class=\"alignnone size-full wp-image-467\" src=\"https:\/\/www.sunkaraoke.hu\/wp-content\/uploads\/2022\/07\/choir_2-copy.webp\" alt=\"\" width=\"30\" height=\"30\" \/> <\/strong><\/p>\n","protected":false},"excerpt":{"rendered":"<h6><strong>Bits\u0171r\u0171s\u00e9g: 320<\/strong>kb\/s<strong><br \/>\n<\/strong><strong>Hossz: <\/strong>03:19<strong><br \/>\n<\/strong><strong style=\"font-size: 16px;\">Vok\u00e1lt tartalmaz: <\/strong>Nem <img loading=\"lazy\" decoding=\"async\" class=\"alignnone size-full wp-image-467\" src=\"http:\/\/www.sunkaraoke.hu\/wp-content\/uploads\/2022\/07\/choir_2-copy.png\" alt=\"\" width=\"30\" height=\"30\" \/><strong style=\"font-size: 16px;\"><br \/>\n<\/strong><\/h6>\n<p>Sunkaraoke mp3 st\u00fadi\u00f3 \/ www.sunkaraoke.hu \/ Inf: Tel: 06 20 4275001<\/p>\n<p>&#8212;Intr\u00f3&#8212;<\/p>\n<p>Selfie fot\u00f3, baromi j\u00f3, r\u00f6gt\u00f6n fel is nyomom a facere,<br \/>\nj\u00f6n a sok like , hu de kir\u00e1ly, a l\u00e1nyok smilet raknak cser\u00e9be.<br \/>\nR\u00e1m\u00edr egy csaj na miz\u00fa van, \u00e9s k\u00f6zben megb\u00f6k a messengeren,<br \/>\nsok \u00fczenet, komment hegyek, sz\u00edvekt\u0151l piros a te smile szemed.<\/p>\n<p>K\u00e9rek egy likot, likot, likot, a facebookon,<br \/>\n\u00e9s sz\u00edvek repkedjenek a liveomon.<br \/>\nK\u00e9rek egy likot, likot, likot, a facebookon,<br \/>\negy linkel\u00e9st\u0151l m\u00e9g nem hal be a csajom.<\/p>\n<p>Megy is like, cs\u00e1 csumi cs\u00e1, hell\u00f3ka bek\u00f6sz\u00f6n\u00f6k est\u00e9re,<br \/>\nteszem a showt, l\u00f6k\u00f6m a sz\u00f3t, na gyere ne maradj ki bel\u0151le.<br \/>\nMost itt vagyok, \u00e9s ott vagyok, a faces haveroknak posztolok,<br \/>\nha utazok ha nyaralok, a facere minden fot\u00f3t felrakok.<\/p>\n<p>K\u00e9rek egy likot, likot, likot, a facebookon,<br \/>\n\u00e9s sz\u00edvek repkedjenek a liveomon.<br \/>\nK\u00e9rek egy likot, likot, likot, a facebookon,<br \/>\negy linkel\u00e9st\u0151l m\u00e9g nem hal be a csajom.<br \/>\n&#8212;Sz\u00f3l\u00f3&#8212;<br \/>\nSelfie fot\u00f3, baromi j\u00f3, r\u00f6gt\u00f6n fel is nyomom a facere,<br \/>\nj\u00f6n a sok like , hu de kir\u00e1ly, a l\u00e1nyok smilet raknak cser\u00e9be.<br \/>\nR\u00e1m\u00edr egy csaj, na miz\u00fa van, \u00e9s k\u00f6zben megb\u00f6k a messengeren,<br \/>\nsok \u00fczenet, komment hegyek, sz\u00edvekt\u0151l piros a te smile szemed.<\/p>\n<p>K\u00e9rek egy likot, likot, likot, a facebookon,<br \/>\n\u00e9s sz\u00edvek repkedjenek a liveomon.<br \/>\nK\u00e9rek egy likot, likot, likot, a facebookon,<br \/>\negy linkel\u00e9st\u0151l m\u00e9g nem hal be a csajom.<br \/>\nK\u00e9rek egy likot, likot, likot, a facebookon,<br \/>\n\u00e9s sz\u00edvek repkedjenek a liveomon.<br \/>\nK\u00e9rek egy likot, likot, likot, a facebookon,<br \/>\negy linkel\u00e9st\u0151l m\u00e9g nem hal be a csajom.<br \/>\n&#8212;V\u00e9ge&#8212;<\/p>\n","protected":false},"featured_media":721,"template":"","meta":{"site-sidebar-layout":"default","site-content-layout":"default","ast-site-content-layout":"default","site-content-style":"default","site-sidebar-style":"default","ast-global-header-display":"","ast-banner-title-visibility":"","ast-main-header-display":"","ast-hfb-above-header-display":"","ast-hfb-below-header-display":"","ast-hfb-mobile-header-display":"","site-post-title":"","ast-breadcrumbs-content":"","ast-featured-img":"","footer-sml-layout":"","theme-transparent-header-meta":"default","adv-header-id-meta":"","stick-header-meta":"","header-above-stick-meta":"","header-main-stick-meta":"","header-below-stick-meta":"","astra-migrate-meta-layouts":"set","ast-page-background-enabled":"default","ast-page-background-meta":{"desktop":{"background-color":"var(--ast-global-color-4)","background-image":"","background-repeat":"repeat","background-position":"center center","background-size":"auto","background-attachment":"scroll","background-type":"","background-media":"","overlay-type":"","overlay-color":"","overlay-opacity":"","overlay-gradient":""},"tablet":{"background-color":"","background-image":"","background-repeat":"repeat","background-position":"center center","background-size":"auto","background-attachment":"scroll","background-type":"","background-media":"","overlay-type":"","overlay-color":"","overlay-opacity":"","overlay-gradient":""},"mobile":{"background-color":"","background-image":"","background-repeat":"repeat","background-position":"center center","background-size":"auto","background-attachment":"scroll","background-type":"","background-media":"","overlay-type":"","overlay-color":"","overlay-opacity":"","overlay-gradient":""}},"ast-content-background-meta":{"desktop":{"background-color":"var(--ast-global-color-5)","background-image":"","background-repeat":"repeat","background-position":"center center","background-size":"auto","background-attachment":"scroll","background-type":"","background-media":"","overlay-type":"","overlay-color":"","overlay-opacity":"","overlay-gradient":""},"tablet":{"background-color":"var(--ast-global-color-5)","background-image":"","background-repeat":"repeat","background-position":"center center","background-size":"auto","background-attachment":"scroll","background-type":"","background-media":"","overlay-type":"","overlay-color":"","overlay-opacity":"","overlay-gradient":""},"mobile":{"background-color":"var(--ast-global-color-5)","background-image":"","background-repeat":"repeat","background-position":"center center","background-size":"auto","background-attachment":"scroll","background-type":"","background-media":"","overlay-type":"","overlay-color":"","overlay-opacity":"","overlay-gradient":""}}},"product_cat":[46],"product_tag":[],"class_list":["post-5503","product","type-product","status-publish","has-post-thumbnail","hentry","product_cat-eredeti-karaoke-dalok","desktop-align-left","tablet-align-left","mobile-align-left"],"_links":{"self":[{"href":"https:\/\/www.sunkaraoke.hu\/index.php\/wp-json\/wp\/v2\/product\/5503","targetHints":{"allow":["GET"]}}],"collection":[{"href":"https:\/\/www.sunkaraoke.hu\/index.php\/wp-json\/wp\/v2\/product"}],"about":[{"href":"https:\/\/www.sunkaraoke.hu\/index.php\/wp-json\/wp\/v2\/types\/product"}],"wp:featuredmedia":[{"embeddable":true,"href":"https:\/\/www.sunkaraoke.hu\/index.php\/wp-json\/wp\/v2\/media\/721"}],"wp:attachment":[{"href":"https:\/\/www.sunkaraoke.hu\/index.php\/wp-json\/wp\/v2\/media?parent=5503"}],"wp:term":[{"taxonomy":"product_cat","embeddable":true,"href":"https:\/\/www.sunkaraoke.hu\/index.php\/wp-json\/wp\/v2\/product_cat?post=5503"},{"taxonomy":"product_tag","embeddable":true,"href":"https:\/\/www.sunkaraoke.hu\/index.php\/wp-json\/wp\/v2\/product_tag?post=5503"}],"curies":[{"name":"wp","href":"https:\/\/api.w.org\/{rel}","templated":true}]}}