{"id":5501,"date":"2022-08-08T20:49:19","date_gmt":"2022-08-08T20:49:19","guid":{"rendered":"https:\/\/www.sunkaraoke.hu\/index.php\/termek\/didi-es-gabriella-zsebkendom-negy-sarka\/"},"modified":"2025-04-04T18:11:42","modified_gmt":"2025-04-04T18:11:42","slug":"didi-es-gabriella-zsebkendom-negy-sarka","status":"publish","type":"product","link":"https:\/\/www.sunkaraoke.hu\/index.php\/termek\/didi-es-gabriella-zsebkendom-negy-sarka\/","title":{"rendered":"<div class=\"wcmp-player-container product-5501\"><audio controlslist=\"nodownload\" data-product=\"5501\"  volume=\"1\"  preload=\"none\" data-lazyloading=\"none\" class=\"wcmp-player track mejs-classic\" data-duration=\"0:31\" data-estimated_duration=\"4\"><source src=\"https:\/\/www.sunkaraoke.hu\/wp-content\/uploads\/2022\/08\/Zsebkendom-negy-sarka-Didi-SB.-kdemoo.mp3\" type=\"audio\/mp3\" \/><\/audio><\/div>Didi \u00e9s Gabriella &#8211; Zsebkend\u0151m n\u00e9gy sarka (Original)"},"content":{"rendered":"<p><strong>03:34<\/strong> | <strong><img loading=\"lazy\" decoding=\"async\" class=\"alignnone size-full wp-image-467\" src=\"https:\/\/www.sunkaraoke.hu\/wp-content\/uploads\/2022\/07\/choir_2-copy.webp\" alt=\"\" width=\"30\" height=\"30\" \/> <\/strong><\/p>\n","protected":false},"excerpt":{"rendered":"<h6><strong>Bits\u0171r\u0171s\u00e9g: 320<\/strong>kb\/s<strong><br \/>\n<\/strong><strong>Hossz: <\/strong>03:34<strong><br \/>\n<\/strong><strong style=\"font-size: 16px;\">Vok\u00e1lt tartalmaz: <\/strong>Nem <img loading=\"lazy\" decoding=\"async\" class=\"alignnone size-full wp-image-467\" src=\"http:\/\/www.sunkaraoke.hu\/wp-content\/uploads\/2022\/07\/choir_2-copy.png\" alt=\"\" width=\"30\" height=\"30\" \/><strong style=\"font-size: 16px;\"><br \/>\n<\/strong><\/h6>\n<p>Sunkaraoke mp3 st\u00fadi\u00f3 \/ www.sunkaraoke.hu \/ Inf: Tel: 06 20 4275001<\/p>\n<p>&#8211;Intr\u00f3&#8212;<br \/>\nZsebkend\u0151m n\u00e9gy sarka, sim\u00e1ra van vasalva.<br \/>\nMind a n\u00e9gy sark\u00e1ba, a bab\u00e1m neve van varrva.<br \/>\nEgyik sz\u0151ke, a m\u00e1sik barna,a harmadik csuda sz\u00e9p.<br \/>\nMeg\u00e1llj te csuda sz\u00e9p, majd eszedbe jutok m\u00e9g!<br \/>\nEgyik sz\u0151ke a m\u00e1sik barna, a harmadik csuda sz\u00e9p.<br \/>\nMeg\u00e1llj te csuda sz\u00e9p, majd eszedbe jutok m\u00e9g!<\/p>\n<p>B\u00e9k\u00e1s t\u00f3, halas t\u00f3, jaj de s\u00e1ros a partja,<br \/>\narra j\u00e1r a r\u00f3zs\u00e1m selyemkend\u0151 van rajta.<br \/>\nR\u00e1k\u00f6lt\u00f6ttem az \u00f6sszes p\u00e9nzem, az\u00e9rt olyan csuda sz\u00e9p.<br \/>\nMeg\u00e1llj te csuda sz\u00e9p, majd eszedbe jutok m\u00e9g.<br \/>\nMajd eszedbe jutok bab\u00e1m, de m\u00e1r akkor k\u00e9s\u0151 lesz.<br \/>\nMajd ha az \u00e9n sz\u00edvem ,nem a ti\u00e9d m\u00e1s lesz!<br \/>\n&#8212;Sz\u00f3l\u00f3&#8212;<\/p>\n<p>Zsebkend\u0151m n\u00e9gy sarka, sim\u00e1ra van vasalva.<br \/>\nMind a n\u00e9gy sark\u00e1ba, a bab\u00e1m neve van varrva.<br \/>\nEgyik sz\u0151ke, a m\u00e1sik barna,a harmadik csuda sz\u00e9p.<br \/>\nMeg\u00e1llj te csuda sz\u00e9p, majd eszedbe jutok m\u00e9g!<br \/>\nEgyik sz\u0151ke a m\u00e1sik barna, a harmadik csuda sz\u00e9p.<br \/>\nMeg\u00e1llj te csuda sz\u00e9p, majd eszedbe jutok m\u00e9g!<\/p>\n<p>B\u00e9k\u00e1s t\u00f3, halas t\u00f3, jaj de s\u00e1ros a partja,<br \/>\narra j\u00e1r a r\u00f3zs\u00e1m selyemkend\u0151 van rajta.<br \/>\nR\u00e1k\u00f6lt\u00f6ttem az \u00f6sszes p\u00e9nzem, az\u00e9rt olyan csuda sz\u00e9p.<br \/>\nMeg\u00e1llj te csuda sz\u00e9p, majd eszedbe jutok m\u00e9g.<br \/>\nMajd eszedbe jutok bab\u00e1m, de m\u00e1r akkor k\u00e9s\u0151 lesz.<br \/>\nMajd ha az \u00e9n sz\u00edvem ,nem a ti\u00e9d m\u00e1s lesz!<br \/>\n&#8212;V\u00e9ge&#8212;<\/p>\n","protected":false},"featured_media":721,"template":"","meta":{"site-sidebar-layout":"default","site-content-layout":"default","ast-site-content-layout":"default","site-content-style":"default","site-sidebar-style":"default","ast-global-header-display":"","ast-banner-title-visibility":"","ast-main-header-display":"","ast-hfb-above-header-display":"","ast-hfb-below-header-display":"","ast-hfb-mobile-header-display":"","site-post-title":"","ast-breadcrumbs-content":"","ast-featured-img":"","footer-sml-layout":"","theme-transparent-header-meta":"default","adv-header-id-meta":"","stick-header-meta":"","header-above-stick-meta":"","header-main-stick-meta":"","header-below-stick-meta":"","astra-migrate-meta-layouts":"set","ast-page-background-enabled":"default","ast-page-background-meta":{"desktop":{"background-color":"var(--ast-global-color-4)","background-image":"","background-repeat":"repeat","background-position":"center center","background-size":"auto","background-attachment":"scroll","background-type":"","background-media":"","overlay-type":"","overlay-color":"","overlay-opacity":"","overlay-gradient":""},"tablet":{"background-color":"","background-image":"","background-repeat":"repeat","background-position":"center center","background-size":"auto","background-attachment":"scroll","background-type":"","background-media":"","overlay-type":"","overlay-color":"","overlay-opacity":"","overlay-gradient":""},"mobile":{"background-color":"","background-image":"","background-repeat":"repeat","background-position":"center center","background-size":"auto","background-attachment":"scroll","background-type":"","background-media":"","overlay-type":"","overlay-color":"","overlay-opacity":"","overlay-gradient":""}},"ast-content-background-meta":{"desktop":{"background-color":"var(--ast-global-color-5)","background-image":"","background-repeat":"repeat","background-position":"center center","background-size":"auto","background-attachment":"scroll","background-type":"","background-media":"","overlay-type":"","overlay-color":"","overlay-opacity":"","overlay-gradient":""},"tablet":{"background-color":"var(--ast-global-color-5)","background-image":"","background-repeat":"repeat","background-position":"center center","background-size":"auto","background-attachment":"scroll","background-type":"","background-media":"","overlay-type":"","overlay-color":"","overlay-opacity":"","overlay-gradient":""},"mobile":{"background-color":"var(--ast-global-color-5)","background-image":"","background-repeat":"repeat","background-position":"center center","background-size":"auto","background-attachment":"scroll","background-type":"","background-media":"","overlay-type":"","overlay-color":"","overlay-opacity":"","overlay-gradient":""}}},"product_cat":[46],"product_tag":[],"class_list":["post-5501","product","type-product","status-publish","has-post-thumbnail","hentry","product_cat-eredeti-karaoke-dalok","desktop-align-left","tablet-align-left","mobile-align-left"],"_links":{"self":[{"href":"https:\/\/www.sunkaraoke.hu\/index.php\/wp-json\/wp\/v2\/product\/5501","targetHints":{"allow":["GET"]}}],"collection":[{"href":"https:\/\/www.sunkaraoke.hu\/index.php\/wp-json\/wp\/v2\/product"}],"about":[{"href":"https:\/\/www.sunkaraoke.hu\/index.php\/wp-json\/wp\/v2\/types\/product"}],"wp:featuredmedia":[{"embeddable":true,"href":"https:\/\/www.sunkaraoke.hu\/index.php\/wp-json\/wp\/v2\/media\/721"}],"wp:attachment":[{"href":"https:\/\/www.sunkaraoke.hu\/index.php\/wp-json\/wp\/v2\/media?parent=5501"}],"wp:term":[{"taxonomy":"product_cat","embeddable":true,"href":"https:\/\/www.sunkaraoke.hu\/index.php\/wp-json\/wp\/v2\/product_cat?post=5501"},{"taxonomy":"product_tag","embeddable":true,"href":"https:\/\/www.sunkaraoke.hu\/index.php\/wp-json\/wp\/v2\/product_tag?post=5501"}],"curies":[{"name":"wp","href":"https:\/\/api.w.org\/{rel}","templated":true}]}}