{"id":5500,"date":"2022-08-08T20:49:18","date_gmt":"2022-08-08T20:49:18","guid":{"rendered":"https:\/\/www.sunkaraoke.hu\/index.php\/termek\/did-es-gabriella-meg-a-buza\/"},"modified":"2025-06-08T06:49:04","modified_gmt":"2025-06-08T04:49:04","slug":"did-es-gabriella-meg-a-buza","status":"publish","type":"product","link":"https:\/\/www.sunkaraoke.hu\/index.php\/termek\/did-es-gabriella-meg-a-buza\/","title":{"rendered":"<div class=\"wcmp-player-container product-5500\"><audio controlslist=\"nodownload\" data-product=\"5500\"  volume=\"1\"  preload=\"none\" data-lazyloading=\"none\" class=\"wcmp-player track mejs-classic\" data-duration=\"0:32\" data-estimated_duration=\"4\"><source src=\"https:\/\/www.sunkaraoke.hu\/wp-content\/uploads\/2022\/08\/Meg-a-buza-Didi-SB.demoo_.mp3\" type=\"audio\/mp3\" \/><\/audio><\/div>Did \u00e9s Gabriella &#8211; M\u00e9g a b\u00faza (Original)"},"content":{"rendered":"<p><strong>03:26<\/strong> | <strong><img loading=\"lazy\" decoding=\"async\" class=\"alignnone size-full wp-image-467\" src=\"https:\/\/www.sunkaraoke.hu\/wp-content\/uploads\/2022\/07\/choir_2-copy.webp\" alt=\"\" width=\"30\" height=\"30\" \/> <\/strong><\/p>\n","protected":false},"excerpt":{"rendered":"<h6><strong>Bits\u0171r\u0171s\u00e9g: 320<\/strong>kb\/s<strong><br \/>\n<\/strong><strong>Hossz: <\/strong>03:26<strong><br \/>\n<\/strong><strong style=\"font-size: 16px;\">Vok\u00e1lt tartalmaz: <\/strong>Nem <img loading=\"lazy\" decoding=\"async\" class=\"alignnone size-full wp-image-467\" src=\"http:\/\/www.sunkaraoke.hu\/wp-content\/uploads\/2022\/07\/choir_2-copy.png\" alt=\"\" width=\"30\" height=\"30\" \/><strong style=\"font-size: 16px;\"><br \/>\n<\/strong><\/h6>\n<p>Sunkaraoke mp3 st\u00fadi\u00f3 \/ www.sunkaraoke.hu \/ Inf: Tel: 06 20 4275001<\/p>\n<p>&#8212;Intr\u00f3&#8212;<br \/>\nM\u00e9g a b\u00faza ki sem h\u00e1nyta a fej\u00e9t,<br \/>\np\u00e1ros galamb, mind elhordta a szem\u00e9t.<br \/>\nMeg\u00e1llj galamb, p\u00e1ros galamb,<br \/>\nmajd lel\u0151lek a ny\u00e1ron,<br \/>\n\u00e9n vad\u00e1sz leszek a szentgy\u00f6rgyi hat\u00e1ron.<br \/>\nMeg\u00e1llj galamb, p\u00e1ros galamb,<br \/>\nmajd lel\u0151lek a ny\u00e1ron,<br \/>\n\u00e9n vad\u00e1sz leszek a szentgy\u00f6rgyi hat\u00e1ron.<\/p>\n<p>Nincsen csillag mind lehullott a f\u00f6ldre,<br \/>\nnincs szeret\u0151m , mind elhagyott \u00f6r\u00f6kre.<br \/>\nS\u0171r\u0171 es\u0151 z\u00e1por es\u0151, hull a magas egekb\u0151l,<br \/>\nboldogtalan csak \u00e9n vagyok egyed\u00fcl.<br \/>\nS\u0171r\u0171 es\u0151 z\u00e1por es\u0151, hull a magas egekb\u0151l,<br \/>\nboldogtalan csak \u00e9n vagyok egyed\u00fcl.<br \/>\n&#8212;Sz\u00f3l\u00f3&#8212;<br \/>\nNincsen csillag mind lehullott a f\u00f6ldre,<br \/>\nnincs szeret\u0151m , mind elhagyott \u00f6r\u00f6kre.<br \/>\nS\u0171r\u0171 es\u0151 z\u00e1por es\u0151, hull a magas egekb\u0151l,<br \/>\nboldogtalan csak \u00e9n vagyok egyed\u00fcl.<br \/>\nS\u0171r\u0171 es\u0151 z\u00e1por es\u0151, hull a magas egekb\u0151l,<br \/>\nboldogtalan csak \u00e9n vagyok egyed\u00fcl.<\/p>\n<p>M\u00e9g a b\u00faza ki sem h\u00e1nyta a fej\u00e9t,<br \/>\np\u00e1ros galamb, mind elhordta a szem\u00e9t.<br \/>\nMeg\u00e1llj galamb, p\u00e1ros galamb,<br \/>\nmajd lel\u0151lek a ny\u00e1ron,<br \/>\n\u00e9n vad\u00e1sz leszek a szentgy\u00f6rgyi hat\u00e1ron.<br \/>\nMeg\u00e1llj galamb, p\u00e1ros galamb,<br \/>\nmajd lel\u0151lek a ny\u00e1ron,<br \/>\n\u00e9n vad\u00e1sz leszek a szentgy\u00f6rgyi hat\u00e1ron.<br \/>\nMeg\u00e1llj galamb, p\u00e1ros galamb,<br \/>\nmajd lel\u0151lek a ny\u00e1ron,<br \/>\n\u00e9n vad\u00e1sz leszek a szentgy\u00f6rgyi hat\u00e1ron.<br \/>\nMeg\u00e1llj galamb, p\u00e1ros galamb,<br \/>\nmajd lel\u0151lek a ny\u00e1ron,<br \/>\n\u00e9n vad\u00e1sz leszek a szentgy\u00f6rgyi hat\u00e1ron.<br \/>\n&#8212;V\u00e9ge&#8212;<\/p>\n","protected":false},"featured_media":721,"template":"","meta":{"site-sidebar-layout":"default","site-content-layout":"default","ast-site-content-layout":"default","site-content-style":"default","site-sidebar-style":"default","ast-global-header-display":"","ast-banner-title-visibility":"","ast-main-header-display":"","ast-hfb-above-header-display":"","ast-hfb-below-header-display":"","ast-hfb-mobile-header-display":"","site-post-title":"","ast-breadcrumbs-content":"","ast-featured-img":"","footer-sml-layout":"","theme-transparent-header-meta":"default","adv-header-id-meta":"","stick-header-meta":"","header-above-stick-meta":"","header-main-stick-meta":"","header-below-stick-meta":"","astra-migrate-meta-layouts":"set","ast-page-background-enabled":"default","ast-page-background-meta":{"desktop":{"background-color":"var(--ast-global-color-4)","background-image":"","background-repeat":"repeat","background-position":"center center","background-size":"auto","background-attachment":"scroll","background-type":"","background-media":"","overlay-type":"","overlay-color":"","overlay-opacity":"","overlay-gradient":""},"tablet":{"background-color":"","background-image":"","background-repeat":"repeat","background-position":"center center","background-size":"auto","background-attachment":"scroll","background-type":"","background-media":"","overlay-type":"","overlay-color":"","overlay-opacity":"","overlay-gradient":""},"mobile":{"background-color":"","background-image":"","background-repeat":"repeat","background-position":"center center","background-size":"auto","background-attachment":"scroll","background-type":"","background-media":"","overlay-type":"","overlay-color":"","overlay-opacity":"","overlay-gradient":""}},"ast-content-background-meta":{"desktop":{"background-color":"var(--ast-global-color-5)","background-image":"","background-repeat":"repeat","background-position":"center center","background-size":"auto","background-attachment":"scroll","background-type":"","background-media":"","overlay-type":"","overlay-color":"","overlay-opacity":"","overlay-gradient":""},"tablet":{"background-color":"var(--ast-global-color-5)","background-image":"","background-repeat":"repeat","background-position":"center center","background-size":"auto","background-attachment":"scroll","background-type":"","background-media":"","overlay-type":"","overlay-color":"","overlay-opacity":"","overlay-gradient":""},"mobile":{"background-color":"var(--ast-global-color-5)","background-image":"","background-repeat":"repeat","background-position":"center center","background-size":"auto","background-attachment":"scroll","background-type":"","background-media":"","overlay-type":"","overlay-color":"","overlay-opacity":"","overlay-gradient":""}}},"product_cat":[46],"product_tag":[],"class_list":["post-5500","product","type-product","status-publish","has-post-thumbnail","hentry","product_cat-eredeti-karaoke-dalok","desktop-align-left","tablet-align-left","mobile-align-left"],"_links":{"self":[{"href":"https:\/\/www.sunkaraoke.hu\/index.php\/wp-json\/wp\/v2\/product\/5500","targetHints":{"allow":["GET"]}}],"collection":[{"href":"https:\/\/www.sunkaraoke.hu\/index.php\/wp-json\/wp\/v2\/product"}],"about":[{"href":"https:\/\/www.sunkaraoke.hu\/index.php\/wp-json\/wp\/v2\/types\/product"}],"wp:featuredmedia":[{"embeddable":true,"href":"https:\/\/www.sunkaraoke.hu\/index.php\/wp-json\/wp\/v2\/media\/721"}],"wp:attachment":[{"href":"https:\/\/www.sunkaraoke.hu\/index.php\/wp-json\/wp\/v2\/media?parent=5500"}],"wp:term":[{"taxonomy":"product_cat","embeddable":true,"href":"https:\/\/www.sunkaraoke.hu\/index.php\/wp-json\/wp\/v2\/product_cat?post=5500"},{"taxonomy":"product_tag","embeddable":true,"href":"https:\/\/www.sunkaraoke.hu\/index.php\/wp-json\/wp\/v2\/product_tag?post=5500"}],"curies":[{"name":"wp","href":"https:\/\/api.w.org\/{rel}","templated":true}]}}