{"id":5498,"date":"2022-08-08T20:49:18","date_gmt":"2022-08-08T20:49:18","guid":{"rendered":"https:\/\/www.sunkaraoke.hu\/index.php\/termek\/didi-es-gabriella-a-szeme-keklo-ocean\/"},"modified":"2025-04-27T04:38:27","modified_gmt":"2025-04-27T04:38:27","slug":"didi-es-gabriella-a-szeme-keklo-ocean","status":"publish","type":"product","link":"https:\/\/www.sunkaraoke.hu\/index.php\/termek\/didi-es-gabriella-a-szeme-keklo-ocean\/","title":{"rendered":"<div class=\"wcmp-player-container product-5498\"><audio controlslist=\"nodownload\" data-product=\"5498\"  volume=\"1\"  preload=\"none\" data-lazyloading=\"none\" class=\"wcmp-player track mejs-classic\" data-duration=\"0:34\" data-estimated_duration=\"4\"><source src=\"https:\/\/www.sunkaraoke.hu\/wp-content\/uploads\/2022\/08\/A-szeme-keklo-ocean-Didi-SB.-kdemooo.mp3\" type=\"audio\/mp3\" \/><\/audio><\/div>Didi \u00e9s Gabriella &#8211; A szeme k\u00e9kl\u0151 \u00f3ce\u00e1n (Original)"},"content":{"rendered":"<p><strong>03:06<\/strong> | <strong><img loading=\"lazy\" decoding=\"async\" class=\"alignnone size-full wp-image-467\" src=\"https:\/\/www.sunkaraoke.hu\/wp-content\/uploads\/2022\/07\/choir_2-copy.webp\" alt=\"\" width=\"30\" height=\"30\" \/> <\/strong><\/p>\n","protected":false},"excerpt":{"rendered":"<h6><strong>Bits\u0171r\u0171s\u00e9g: <\/strong>320kb\/s<strong><br \/>\n<\/strong><strong>Hossz: <\/strong>03:06<strong><br \/>\n<\/strong><strong style=\"font-size: 16px;\">Vok\u00e1lt tartalmaz: <\/strong>Nem <img loading=\"lazy\" decoding=\"async\" class=\"alignnone size-full wp-image-467\" src=\"http:\/\/www.sunkaraoke.hu\/wp-content\/uploads\/2022\/07\/choir_2-copy.png\" alt=\"\" width=\"30\" height=\"30\" \/><strong style=\"font-size: 16px;\"><br \/>\n<\/strong><\/h6>\n<p>Sunkaraoke mp3 st\u00fadi\u00f3 \/ www.sunkaraoke.hu \/ Inf: Tel: 06 20 4275001<\/p>\n<p>&nbsp;<\/p>\n<p>&#8212;Intr\u00f3&#8212;<br \/>\nEgyszer egy l\u00e1zas \u00e9jszak\u00e1n,<br \/>\nmegcs\u00f3kolt az a l\u00e1ny, a sz\u00edvem oly vid\u00e1m.<br \/>\n\u00c1lom vagy t\u00e9nyleg val\u00f3s\u00e1g,<br \/>\nmint \u00e9gi mennyorsz\u00e1g, amit akkor \u00e9ltem \u00e1t.<br \/>\nA szeme k\u00e9kl\u0151 \u00f3ce\u00e1n, amikor r\u00e1m tekint a l\u00e1ny,<br \/>\na haja \u00e9des illat\u00e1t, tudom m\u00e1r.<br \/>\nA szeme k\u00e9kl\u0151 \u00f3ce\u00e1n, amikor r\u00e1m tekint a l\u00e1ny,<br \/>\na haja \u00e9des illat\u00e1t, tudom m\u00e1r.<br \/>\n&#8212;Sz\u00f3l\u00f3&#8212;<br \/>\n\u00c9rzem a sz\u00edve meleg\u00e9t, amikor \u00e1tkarolva k\u00e9r,<br \/>\nhogy cs\u00f3kot adjak \u00e9n.<br \/>\nForr\u00f3 a v\u00e1gyam \u00e9s a l\u00e1z,t\u00fczesen izzott mint a l\u00e1ng,<br \/>\namikor hozz\u00e1 \u00e9rt a sz\u00e1m.<br \/>\nA szeme k\u00e9kl\u0151 \u00f3ce\u00e1n, amikor r\u00e1m tekint a l\u00e1ny,<br \/>\na haja \u00e9des illat\u00e1t, tudom m\u00e1r.<br \/>\nA szeme k\u00e9kl\u0151 \u00f3ce\u00e1n, amikor r\u00e1m tekint a l\u00e1ny,<br \/>\na haja \u00e9des illat\u00e1t, tudom m\u00e1r.<br \/>\n&#8212;Sz\u00f3l\u00f3&#8212;<br \/>\nA szeme k\u00e9kl\u0151 \u00f3ce\u00e1n, amikor r\u00e1m tekint a l\u00e1ny,<br \/>\na haja \u00e9des illat\u00e1t, tudom m\u00e1r.<br \/>\nA szeme k\u00e9kl\u0151 \u00f3ce\u00e1n, amikor r\u00e1m tekint a l\u00e1ny,<br \/>\na haja \u00e9des illat\u00e1t, tudom m\u00e1r.<br \/>\nA szeme k\u00e9kl\u0151 \u00f3ce\u00e1n, amikor r\u00e1m tekint a l\u00e1ny,<br \/>\na haja \u00e9des illat\u00e1t, tudom m\u00e1r.<br \/>\nA szeme k\u00e9kl\u0151 \u00f3ce\u00e1n, amikor r\u00e1m tekint a l\u00e1ny,<br \/>\na haja \u00e9des illat\u00e1t, tudom m\u00e1r.<br \/>\n&#8212;V\u00e9ge&#8212;<\/p>\n","protected":false},"featured_media":721,"template":"","meta":{"site-sidebar-layout":"default","site-content-layout":"default","ast-site-content-layout":"default","site-content-style":"default","site-sidebar-style":"default","ast-global-header-display":"","ast-banner-title-visibility":"","ast-main-header-display":"","ast-hfb-above-header-display":"","ast-hfb-below-header-display":"","ast-hfb-mobile-header-display":"","site-post-title":"","ast-breadcrumbs-content":"","ast-featured-img":"","footer-sml-layout":"","theme-transparent-header-meta":"default","adv-header-id-meta":"","stick-header-meta":"","header-above-stick-meta":"","header-main-stick-meta":"","header-below-stick-meta":"","astra-migrate-meta-layouts":"set","ast-page-background-enabled":"default","ast-page-background-meta":{"desktop":{"background-color":"var(--ast-global-color-4)","background-image":"","background-repeat":"repeat","background-position":"center center","background-size":"auto","background-attachment":"scroll","background-type":"","background-media":"","overlay-type":"","overlay-color":"","overlay-opacity":"","overlay-gradient":""},"tablet":{"background-color":"","background-image":"","background-repeat":"repeat","background-position":"center center","background-size":"auto","background-attachment":"scroll","background-type":"","background-media":"","overlay-type":"","overlay-color":"","overlay-opacity":"","overlay-gradient":""},"mobile":{"background-color":"","background-image":"","background-repeat":"repeat","background-position":"center center","background-size":"auto","background-attachment":"scroll","background-type":"","background-media":"","overlay-type":"","overlay-color":"","overlay-opacity":"","overlay-gradient":""}},"ast-content-background-meta":{"desktop":{"background-color":"var(--ast-global-color-5)","background-image":"","background-repeat":"repeat","background-position":"center center","background-size":"auto","background-attachment":"scroll","background-type":"","background-media":"","overlay-type":"","overlay-color":"","overlay-opacity":"","overlay-gradient":""},"tablet":{"background-color":"var(--ast-global-color-5)","background-image":"","background-repeat":"repeat","background-position":"center center","background-size":"auto","background-attachment":"scroll","background-type":"","background-media":"","overlay-type":"","overlay-color":"","overlay-opacity":"","overlay-gradient":""},"mobile":{"background-color":"var(--ast-global-color-5)","background-image":"","background-repeat":"repeat","background-position":"center center","background-size":"auto","background-attachment":"scroll","background-type":"","background-media":"","overlay-type":"","overlay-color":"","overlay-opacity":"","overlay-gradient":""}}},"product_cat":[46],"product_tag":[],"class_list":["post-5498","product","type-product","status-publish","has-post-thumbnail","hentry","product_cat-eredeti-karaoke-dalok","desktop-align-left","tablet-align-left","mobile-align-left"],"_links":{"self":[{"href":"https:\/\/www.sunkaraoke.hu\/index.php\/wp-json\/wp\/v2\/product\/5498","targetHints":{"allow":["GET"]}}],"collection":[{"href":"https:\/\/www.sunkaraoke.hu\/index.php\/wp-json\/wp\/v2\/product"}],"about":[{"href":"https:\/\/www.sunkaraoke.hu\/index.php\/wp-json\/wp\/v2\/types\/product"}],"wp:featuredmedia":[{"embeddable":true,"href":"https:\/\/www.sunkaraoke.hu\/index.php\/wp-json\/wp\/v2\/media\/721"}],"wp:attachment":[{"href":"https:\/\/www.sunkaraoke.hu\/index.php\/wp-json\/wp\/v2\/media?parent=5498"}],"wp:term":[{"taxonomy":"product_cat","embeddable":true,"href":"https:\/\/www.sunkaraoke.hu\/index.php\/wp-json\/wp\/v2\/product_cat?post=5498"},{"taxonomy":"product_tag","embeddable":true,"href":"https:\/\/www.sunkaraoke.hu\/index.php\/wp-json\/wp\/v2\/product_tag?post=5498"}],"curies":[{"name":"wp","href":"https:\/\/api.w.org\/{rel}","templated":true}]}}