{"id":5497,"date":"2022-08-08T20:49:18","date_gmt":"2022-08-08T20:49:18","guid":{"rendered":"https:\/\/www.sunkaraoke.hu\/index.php\/termek\/didi-es-gabriella-jaj-de-baro\/"},"modified":"2025-07-20T05:51:24","modified_gmt":"2025-07-20T03:51:24","slug":"didi-es-gabriella-jaj-de-baro","status":"publish","type":"product","link":"https:\/\/www.sunkaraoke.hu\/index.php\/termek\/didi-es-gabriella-jaj-de-baro\/","title":{"rendered":"<div class=\"wcmp-player-container product-5497\"><audio controlslist=\"nodownload\" data-product=\"5497\"  volume=\"1\"  preload=\"none\" data-lazyloading=\"none\" class=\"wcmp-player track mejs-classic\" data-duration=\"0:35\" data-estimated_duration=\"4\"><source src=\"https:\/\/www.sunkaraoke.hu\/wp-content\/uploads\/2022\/08\/Jaj-de-baro-Didi-SB.-kemooo.mp3\" type=\"audio\/mp3\" \/><\/audio><\/div>Didi \u00e9s Gabriella &#8211; Jaj de bar\u00f3 (Original)"},"content":{"rendered":"<p><strong>03:15<\/strong> | <strong><img loading=\"lazy\" decoding=\"async\" class=\"alignnone size-full wp-image-467\" src=\"https:\/\/www.sunkaraoke.hu\/wp-content\/uploads\/2022\/07\/choir_2-copy.webp\" alt=\"\" width=\"30\" height=\"30\" \/> <\/strong><\/p>\n","protected":false},"excerpt":{"rendered":"<h6><strong>Bits\u0171r\u0171s\u00e9g: 320<\/strong>kb\/s<strong><br \/>\n<\/strong><strong>Hossz: <\/strong>03:15<strong><br \/>\n<\/strong><strong style=\"font-size: 16px;\">Vok\u00e1lt tartalmaz: <\/strong>Nem <img loading=\"lazy\" decoding=\"async\" class=\"alignnone size-full wp-image-467\" src=\"http:\/\/www.sunkaraoke.hu\/wp-content\/uploads\/2022\/07\/choir_2-copy.png\" alt=\"\" width=\"30\" height=\"30\" \/><strong style=\"font-size: 16px;\"><br \/>\n<\/strong><\/h6>\n<p>Sunkaraoke mp3 st\u00fadi\u00f3 \/ www.sunkaraoke.hu \/ Inf: Tel: 06 20 4275001<\/p>\n<p>&nbsp;<\/p>\n<p>&#8212;Intr\u00f3&#8212;<br \/>\nAhogy megyek lefel\u00e9, az utc\u00e1tokba lefel\u00e9,<br \/>\na musk\u00e1tlis ablakod el\u00e9.<br \/>\nNyisd ki r\u00f3zs\u00e1m ablakod, hajolj ki ha karod,<br \/>\naz ajkadra sz\u00e1z cs\u00f3kot adok.<br \/>\nCsattan\u00f3st vagy cuppan\u00f3st vagy \u00e9rz\u00e9ki csudaj\u00f3t,<br \/>\nnem hagyunk ki semmif\u00e9le j\u00f3t,<br \/>\nmegmondom az any\u00e1dnak , hogy adjon n\u00e9kem bab\u00e1mnak,<br \/>\nhogyha nem h\u00e1t elsz\u00f6ktetlek vas\u00e1rnap!<\/p>\n<p>Jaj de bar\u00f3, ajjaj de bar\u00f3,<br \/>\njaj de bar\u00f3 ez a romal\u00e1ny,<br \/>\nelveszi az, elveszi az eszem,<br \/>\nelveszi az eszem vegye h\u00e1t!<br \/>\nJaj de bar\u00f3, ajjaj de bar\u00f3,<br \/>\njaj de bar\u00f3 ez a romal\u00e1ny,<br \/>\nelveszi az, elveszi az eszem,<br \/>\nelveszi az eszem vegye h\u00e1t!<br \/>\n&#8212;Sz\u00f3l\u00f3&#8212;<br \/>\nCig\u00e1nyband\u00e1t fogadok, n\u00f3t\u00e1t vel\u00fck huzatok,<br \/>\nlehozom n\u00e9ked a csillagot.<br \/>\nNyisd ki r\u00f3zs\u00e1m ablakod, m\u00e1ris hozz\u00e1d hajolok,<br \/>\naz ajkadra sz\u00e1z cs\u00f3kot adok.<br \/>\nCsattan\u00f3st vagy cuppan\u00f3st vagy \u00e9rz\u00e9ki csudaj\u00f3t,<br \/>\nnem hagyunk ki semmif\u00e9le j\u00f3t,<br \/>\nmegmondom az any\u00e1dnak , hogy adjon n\u00e9kem bab\u00e1mnak,<br \/>\nhogyha nem h\u00e1t elsz\u00f6ktetlek vas\u00e1rnap!<br \/>\nJaj de bar\u00f3, ajjaj de bar\u00f3,<br \/>\njaj de bar\u00f3 ez a romal\u00e1ny,<br \/>\nelveszi az, elveszi az eszem,<br \/>\nelveszi az eszem vegye h\u00e1t!<br \/>\nJaj de bar\u00f3, ajjaj de bar\u00f3,<br \/>\njaj de bar\u00f3 ez a romal\u00e1ny,<br \/>\nelveszi az, elveszi az eszem,<br \/>\nelveszi az eszem vegye h\u00e1t!<br \/>\n&#8212;Sz\u00f3l\u00f3&#8212;<br \/>\nJaj de bar\u00f3, ajjaj de bar\u00f3,<br \/>\njaj de bar\u00f3 ez a romal\u00e1ny,<br \/>\nelveszi az, elveszi az eszem,<br \/>\nelveszi az eszem vegye h\u00e1t!<br \/>\nJaj de bar\u00f3, ajjaj de bar\u00f3,<br \/>\njaj de bar\u00f3 ez a romal\u00e1ny,<br \/>\nelveszi az, elveszi az eszem,<br \/>\nelveszi az eszem vegye h\u00e1t!<br \/>\n&#8212;V\u00e9ge&#8212;<\/p>\n","protected":false},"featured_media":721,"template":"","meta":{"site-sidebar-layout":"default","site-content-layout":"default","ast-site-content-layout":"default","site-content-style":"default","site-sidebar-style":"default","ast-global-header-display":"","ast-banner-title-visibility":"","ast-main-header-display":"","ast-hfb-above-header-display":"","ast-hfb-below-header-display":"","ast-hfb-mobile-header-display":"","site-post-title":"","ast-breadcrumbs-content":"","ast-featured-img":"","footer-sml-layout":"","theme-transparent-header-meta":"default","adv-header-id-meta":"","stick-header-meta":"","header-above-stick-meta":"","header-main-stick-meta":"","header-below-stick-meta":"","astra-migrate-meta-layouts":"set","ast-page-background-enabled":"default","ast-page-background-meta":{"desktop":{"background-color":"var(--ast-global-color-4)","background-image":"","background-repeat":"repeat","background-position":"center center","background-size":"auto","background-attachment":"scroll","background-type":"","background-media":"","overlay-type":"","overlay-color":"","overlay-opacity":"","overlay-gradient":""},"tablet":{"background-color":"","background-image":"","background-repeat":"repeat","background-position":"center center","background-size":"auto","background-attachment":"scroll","background-type":"","background-media":"","overlay-type":"","overlay-color":"","overlay-opacity":"","overlay-gradient":""},"mobile":{"background-color":"","background-image":"","background-repeat":"repeat","background-position":"center center","background-size":"auto","background-attachment":"scroll","background-type":"","background-media":"","overlay-type":"","overlay-color":"","overlay-opacity":"","overlay-gradient":""}},"ast-content-background-meta":{"desktop":{"background-color":"var(--ast-global-color-5)","background-image":"","background-repeat":"repeat","background-position":"center center","background-size":"auto","background-attachment":"scroll","background-type":"","background-media":"","overlay-type":"","overlay-color":"","overlay-opacity":"","overlay-gradient":""},"tablet":{"background-color":"var(--ast-global-color-5)","background-image":"","background-repeat":"repeat","background-position":"center center","background-size":"auto","background-attachment":"scroll","background-type":"","background-media":"","overlay-type":"","overlay-color":"","overlay-opacity":"","overlay-gradient":""},"mobile":{"background-color":"var(--ast-global-color-5)","background-image":"","background-repeat":"repeat","background-position":"center center","background-size":"auto","background-attachment":"scroll","background-type":"","background-media":"","overlay-type":"","overlay-color":"","overlay-opacity":"","overlay-gradient":""}}},"product_cat":[46],"product_tag":[],"class_list":["post-5497","product","type-product","status-publish","has-post-thumbnail","hentry","product_cat-eredeti-karaoke-dalok","desktop-align-left","tablet-align-left","mobile-align-left"],"_links":{"self":[{"href":"https:\/\/www.sunkaraoke.hu\/index.php\/wp-json\/wp\/v2\/product\/5497","targetHints":{"allow":["GET"]}}],"collection":[{"href":"https:\/\/www.sunkaraoke.hu\/index.php\/wp-json\/wp\/v2\/product"}],"about":[{"href":"https:\/\/www.sunkaraoke.hu\/index.php\/wp-json\/wp\/v2\/types\/product"}],"wp:featuredmedia":[{"embeddable":true,"href":"https:\/\/www.sunkaraoke.hu\/index.php\/wp-json\/wp\/v2\/media\/721"}],"wp:attachment":[{"href":"https:\/\/www.sunkaraoke.hu\/index.php\/wp-json\/wp\/v2\/media?parent=5497"}],"wp:term":[{"taxonomy":"product_cat","embeddable":true,"href":"https:\/\/www.sunkaraoke.hu\/index.php\/wp-json\/wp\/v2\/product_cat?post=5497"},{"taxonomy":"product_tag","embeddable":true,"href":"https:\/\/www.sunkaraoke.hu\/index.php\/wp-json\/wp\/v2\/product_tag?post=5497"}],"curies":[{"name":"wp","href":"https:\/\/api.w.org\/{rel}","templated":true}]}}